{"id":40,"date":"2020-12-09T10:03:23","date_gmt":"2020-12-09T10:03:23","guid":{"rendered":"https:\/\/www.gebrvermeertransport.nl\/?page_id=40"},"modified":"2022-04-11T10:03:45","modified_gmt":"2022-04-11T10:03:45","slug":"chi-siamo","status":"publish","type":"page","link":"https:\/\/www.gebrvermeertransport.nl\/it\/chi-siamo\/","title":{"rendered":"Chi siamo"},"content":{"rendered":"<div data-vc-full-width=\"true\" data-vc-full-width-init=\"false\" class=\"vc_row wpb_row vc_row-fluid home-header-row extrapadding wpex-vc-row-stretched\"><div class=\"wpb_column vc_column_container vc_col-sm-4\"><div class=\"vc_column-inner\"><div class=\"wpb_wrapper\">\n\t<div class=\"wpb_text_column wpb_content_element  tekst-blok diapositief\" >\n\t\t<div class=\"wpb_wrapper\">\n\t\t\t<h1>Informazioni su Gebr. Vermeer <span class=\"grijs\">Movimenti industriali<\/span><\/h1>\n<p>Gebr. Vermeer Industrial Movements B.V. \u00e8 un fornitore di servizi logistici specializzato nel settore dei trasporti tecnici e del noleggio. Il trasporto tecnico comprende un'ampia gamma di servizi, quali spostamenti di macchinari, trasferimenti di aziende e trasporto di carichi fuori misura e\/o pesanti. I servizi di noleggio comprendono il noleggio di container, carrelli elevatori e pesi di prova.<\/p>\n\n\t\t<\/div>\n\t<\/div>\n<\/div><\/div><\/div><div class=\"wpb_column vc_column_container vc_col-sm-8\"><div class=\"vc_column-inner\"><div class=\"wpb_wrapper\">\n\t<div  class=\"wpb_single_image wpb_content_element vc_align_   home-header-afb\">\n\t\t\n\t\t<figure class=\"wpb_wrapper vc_figure\">\n\t\t\t<div class=\"vc_single_image-wrapper   vc_box_border_grey\"><img loading=\"lazy\" decoding=\"async\" width=\"890\" height=\"440\" src=\"https:\/\/www.gebrvermeertransport.nl\/wp-content\/uploads\/2022\/03\/Over-ons.jpg\" class=\"vc_single_image-img attachment-full\" alt=\"\" srcset=\"https:\/\/www.gebrvermeertransport.nl\/wp-content\/uploads\/2022\/03\/Over-ons.jpg 890w, https:\/\/www.gebrvermeertransport.nl\/wp-content\/uploads\/2022\/03\/Over-ons-300x148.jpg 300w, https:\/\/www.gebrvermeertransport.nl\/wp-content\/uploads\/2022\/03\/Over-ons-768x380.jpg 768w\" sizes=\"auto, (max-width: 890px) 100vw, 890px\" \/><\/div>\n\t\t<\/figure>\n\t<\/div>\n<\/div><\/div><\/div><\/div><div class=\"vc_row-full-width vc_clearfix\"><\/div><div class=\"vc_row wpb_row vc_row-fluid extrapadding voordelen-flex wpex-vc-has-custom-column-spacing wpex-vc-column-spacing-60\"><div class=\"wpb_column vc_column_container vc_col-sm-6\"><div class=\"vc_column-inner\"><div class=\"wpb_wrapper\">\n\t<div class=\"wpb_text_column wpb_content_element\" >\n\t\t<div class=\"wpb_wrapper\">\n\t\t\t<p><span style=\"font-size: 18px;\">Nel corso degli anni, Gebr. Vermeer \u00e8 diventata un'azienda professionale e all'avanguardia. Attiva dalla met\u00e0 degli anni '80 nel posizionamento di macchine, nello smantellamento industriale di macchine, impianti e strutture.<\/span><\/p>\n<h2>Visione dei movimenti industriali di Gebr. Vermeer<\/h2>\n<p>La visione di Gebr Vermeer rappresenta gli standard e i valori dell'azienda. I valori fondamentali associati sono:<\/p>\n<ul class=\"voordelen\">\n<li>Linee brevi<\/li>\n<li>Competenza<\/li>\n<li>Flessibilit\u00e0<\/li>\n<li>Sicurezza<\/li>\n<li>Qualit\u00e0<\/li>\n<li>Stabilit\u00e0<\/li>\n<\/ul>\n\n\t\t<\/div>\n\t<\/div>\n<\/div><\/div><\/div><div class=\"wpb_column vc_column_container vc_col-sm-6\"><div class=\"vc_column-inner\"><div class=\"wpb_wrapper\">\n\t<div class=\"wpb_text_column wpb_content_element\" >\n\t\t<div class=\"wpb_wrapper\">\n\t\t\t<p><span style=\"font-size: 18px;\">\"Nella nostra linea di (tran)sport, l'attenzione dovrebbe essere rivolta alle linee brevi, alla competenza, alla flessibilit\u00e0, alla qualit\u00e0 e alla stabilit\u00e0 dell'organizzazione per continuare ad avere successo come azienda\".<\/span><\/p>\n<h2>Missione di Gebr Vermeer Movimenti industriali<\/h2>\n<p>\"Utilizzando linee di comunicazione brevi e competenze interne per fornire un servizio di qualit\u00e0 in modo flessibile che garantisca la stabilit\u00e0 dell'azienda\".<\/p>\n\n\t\t<\/div>\n\t<\/div>\n<\/div><\/div><\/div><\/div><div data-vc-full-width=\"true\" data-vc-full-width-init=\"false\" class=\"vc_row wpb_row vc_row-fluid skewed-bg-row vc_custom_1611574213723 wpex-vc-row-stretched\"><div class=\"wpb_column vc_column_container vc_col-sm-12\"><div class=\"vc_column-inner\"><div class=\"wpb_wrapper\"><div class=\"vc_row wpb_row vc_inner vc_row-fluid cat-extra-tekst-row\"><div class=\"wpb_column vc_column_container vc_col-sm-12\"><div class=\"vc_column-inner\"><div class=\"wpb_wrapper\">\n\t<div class=\"wpb_text_column wpb_content_element\" >\n\t\t<div class=\"wpb_wrapper\">\n\t\t\t<h2>Potete contare su di noi per:<\/h2>\n<ul class=\"voordelen\">\n<li>Esecuzione puntuale degli ordini<\/li>\n<li>Dipendenti motivati e motivanti<\/li>\n<li>Punti di contatto fissi e linee corte<\/li>\n<li>Grande flessibilit\u00e0 nella programmazione e servizi 24\/7<\/li>\n<li>Certificato VCA<\/li>\n<li>Riconosciuto VVT<\/li>\n<li>Responsabilit\u00e0 sociale d'impresa<\/li>\n<li>Processo di riduzione della CO2 rispettoso dell'ambiente<\/li>\n<\/ul>\n<p>Forniamo anche servizi correlati, tutti consultabili sul nostro sito web <a href=\"https:\/\/www.gebrvermeertransport.nl\/it\/servizi\/\">pagina dei servizi<\/a>. Il nostro motto \u00e8: ci prendiamo cura dei vostri macchinari. Il nostro team di professionisti \u00e8 quindi lieto di trasformare questo motto in realt\u00e0.<\/p>\n<p><a class=\"button outline rood\" href=\"\/it\/contatto\/\">Contattate<\/a><\/p>\n\n\t\t<\/div>\n\t<\/div>\n<\/div><\/div><\/div><\/div><\/div><\/div><\/div><\/div><div class=\"vc_row-full-width vc_clearfix\"><\/div>","protected":false},"excerpt":{"rendered":"Gebr. Vermeer Industrial Movements Gebr. Vermeer Industrial Movements B.V. \u00e8 un fornitore di servizi logistici specializzato nel settore dei trasporti tecnici e del noleggio. Il trasporto tecnico comprende un'ampia gamma di servizi, quali spostamenti di macchinari, trasferimenti di aziende e...","protected":false},"author":1,"featured_media":0,"parent":0,"menu_order":0,"comment_status":"closed","ping_status":"closed","template":"","meta":{"inline_featured_image":false,"footnotes":""},"class_list":["post-40","page","type-page","status-publish","hentry","entry","no-media"],"yoast_head":"<!-- This site is optimized with the Yoast SEO plugin v26.4 - https:\/\/yoast.com\/wordpress\/plugins\/seo\/ -->\n<title>Alles over Gebr. Vermeer Industrial Movements<\/title>\n<meta name=\"description\" content=\"Gebr. Vermeer is sinds midden jaren \u201980 actief in de machine plaatsingen, industri\u00eble demontage van machines, installaties en constructies.\" \/>\n<meta name=\"robots\" content=\"index, follow, max-snippet:-1, max-image-preview:large, max-video-preview:-1\" \/>\n<link rel=\"canonical\" href=\"https:\/\/www.gebrvermeertransport.nl\/it\/chi-siamo\/\" \/>\n<meta property=\"og:locale\" content=\"it_IT\" \/>\n<meta property=\"og:type\" content=\"article\" \/>\n<meta property=\"og:title\" content=\"Alles over Gebr. Vermeer Industrial Movements\" \/>\n<meta property=\"og:description\" content=\"Gebr. Vermeer is sinds midden jaren \u201980 actief in de machine plaatsingen, industri\u00eble demontage van machines, installaties en constructies.\" \/>\n<meta property=\"og:url\" content=\"https:\/\/www.gebrvermeertransport.nl\/it\/chi-siamo\/\" \/>\n<meta property=\"og:site_name\" content=\"Gebr. Vermeer\" \/>\n<meta property=\"article:modified_time\" content=\"2022-04-11T10:03:45+00:00\" \/>\n<meta name=\"twitter:card\" content=\"summary_large_image\" \/>\n<meta name=\"twitter:label1\" content=\"Tempo di lettura stimato\" \/>\n\t<meta name=\"twitter:data1\" content=\"2 minuti\" \/>\n<script type=\"application\/ld+json\" class=\"yoast-schema-graph\">{\"@context\":\"https:\/\/schema.org\",\"@graph\":[{\"@type\":\"WebPage\",\"@id\":\"https:\/\/www.gebrvermeertransport.nl\/over-ons\/\",\"url\":\"https:\/\/www.gebrvermeertransport.nl\/over-ons\/\",\"name\":\"Alles over Gebr. Vermeer Industrial Movements\",\"isPartOf\":{\"@id\":\"https:\/\/www.gebrvermeertransport.nl\/#website\"},\"datePublished\":\"2020-12-09T10:03:23+00:00\",\"dateModified\":\"2022-04-11T10:03:45+00:00\",\"description\":\"Gebr. Vermeer is sinds midden jaren \u201980 actief in de machine plaatsingen, industri\u00eble demontage van machines, installaties en constructies.\",\"breadcrumb\":{\"@id\":\"https:\/\/www.gebrvermeertransport.nl\/over-ons\/#breadcrumb\"},\"inLanguage\":\"it-IT\",\"potentialAction\":[{\"@type\":\"ReadAction\",\"target\":[\"https:\/\/www.gebrvermeertransport.nl\/over-ons\/\"]}]},{\"@type\":\"BreadcrumbList\",\"@id\":\"https:\/\/www.gebrvermeertransport.nl\/over-ons\/#breadcrumb\",\"itemListElement\":[{\"@type\":\"ListItem\",\"position\":1,\"name\":\"Home\",\"item\":\"https:\/\/www.gebrvermeertransport.nl\/\"},{\"@type\":\"ListItem\",\"position\":2,\"name\":\"Over ons\"}]},{\"@type\":\"WebSite\",\"@id\":\"https:\/\/www.gebrvermeertransport.nl\/#website\",\"url\":\"https:\/\/www.gebrvermeertransport.nl\/\",\"name\":\"Gebr. Vermeer\",\"description\":\"\",\"publisher\":{\"@id\":\"https:\/\/www.gebrvermeertransport.nl\/#organization\"},\"potentialAction\":[{\"@type\":\"SearchAction\",\"target\":{\"@type\":\"EntryPoint\",\"urlTemplate\":\"https:\/\/www.gebrvermeertransport.nl\/?s={search_term_string}\"},\"query-input\":{\"@type\":\"PropertyValueSpecification\",\"valueRequired\":true,\"valueName\":\"search_term_string\"}}],\"inLanguage\":\"it-IT\"},{\"@type\":\"Organization\",\"@id\":\"https:\/\/www.gebrvermeertransport.nl\/#organization\",\"name\":\"Gebr. Vermeer\",\"url\":\"https:\/\/www.gebrvermeertransport.nl\/\",\"logo\":{\"@type\":\"ImageObject\",\"inLanguage\":\"it-IT\",\"@id\":\"https:\/\/www.gebrvermeertransport.nl\/#\/schema\/logo\/image\/\",\"url\":\"https:\/\/www.gebrvermeertransport.nl\/wp-content\/uploads\/2020\/12\/Logo-web-GV.svg\",\"contentUrl\":\"https:\/\/www.gebrvermeertransport.nl\/wp-content\/uploads\/2020\/12\/Logo-web-GV.svg\",\"caption\":\"Gebr. Vermeer\"},\"image\":{\"@id\":\"https:\/\/www.gebrvermeertransport.nl\/#\/schema\/logo\/image\/\"}}]}<\/script>\n<!-- \/ Yoast SEO plugin. -->","yoast_head_json":{"title":"Tutto sui movimenti industriali di Gebr. Vermeer","description":"Gebr. Vermeer \u00e8 attiva nella collocazione di macchine e nello smantellamento industriale di macchinari, impianti e strutture sin dalla met\u00e0 degli anni '80.","robots":{"index":"index","follow":"follow","max-snippet":"max-snippet:-1","max-image-preview":"max-image-preview:large","max-video-preview":"max-video-preview:-1"},"canonical":"https:\/\/www.gebrvermeertransport.nl\/it\/chi-siamo\/","og_locale":"it_IT","og_type":"article","og_title":"Alles over Gebr. Vermeer Industrial Movements","og_description":"Gebr. Vermeer is sinds midden jaren \u201980 actief in de machine plaatsingen, industri\u00eble demontage van machines, installaties en constructies.","og_url":"https:\/\/www.gebrvermeertransport.nl\/it\/chi-siamo\/","og_site_name":"Gebr. Vermeer","article_modified_time":"2022-04-11T10:03:45+00:00","twitter_card":"summary_large_image","twitter_misc":{"Tempo di lettura stimato":"2 minuti"},"schema":{"@context":"https:\/\/schema.org","@graph":[{"@type":"WebPage","@id":"https:\/\/www.gebrvermeertransport.nl\/over-ons\/","url":"https:\/\/www.gebrvermeertransport.nl\/over-ons\/","name":"Tutto sui movimenti industriali di Gebr. Vermeer","isPartOf":{"@id":"https:\/\/www.gebrvermeertransport.nl\/#website"},"datePublished":"2020-12-09T10:03:23+00:00","dateModified":"2022-04-11T10:03:45+00:00","description":"Gebr. Vermeer \u00e8 attiva nella collocazione di macchine e nello smantellamento industriale di macchinari, impianti e strutture sin dalla met\u00e0 degli anni '80.","breadcrumb":{"@id":"https:\/\/www.gebrvermeertransport.nl\/over-ons\/#breadcrumb"},"inLanguage":"it-IT","potentialAction":[{"@type":"ReadAction","target":["https:\/\/www.gebrvermeertransport.nl\/over-ons\/"]}]},{"@type":"BreadcrumbList","@id":"https:\/\/www.gebrvermeertransport.nl\/over-ons\/#breadcrumb","itemListElement":[{"@type":"ListItem","position":1,"name":"Home","item":"https:\/\/www.gebrvermeertransport.nl\/"},{"@type":"ListItem","position":2,"name":"Over ons"}]},{"@type":"WebSite","@id":"https:\/\/www.gebrvermeertransport.nl\/#website","url":"https:\/\/www.gebrvermeertransport.nl\/","name":"Gebr. Vermeer","description":"","publisher":{"@id":"https:\/\/www.gebrvermeertransport.nl\/#organization"},"potentialAction":[{"@type":"SearchAction","target":{"@type":"EntryPoint","urlTemplate":"https:\/\/www.gebrvermeertransport.nl\/?s={search_term_string}"},"query-input":{"@type":"PropertyValueSpecification","valueRequired":true,"valueName":"search_term_string"}}],"inLanguage":"it-IT"},{"@type":"Organization","@id":"https:\/\/www.gebrvermeertransport.nl\/#organization","name":"Gebr. Vermeer","url":"https:\/\/www.gebrvermeertransport.nl\/","logo":{"@type":"ImageObject","inLanguage":"it-IT","@id":"https:\/\/www.gebrvermeertransport.nl\/#\/schema\/logo\/image\/","url":"https:\/\/www.gebrvermeertransport.nl\/wp-content\/uploads\/2020\/12\/Logo-web-GV.svg","contentUrl":"https:\/\/www.gebrvermeertransport.nl\/wp-content\/uploads\/2020\/12\/Logo-web-GV.svg","caption":"Gebr. Vermeer"},"image":{"@id":"https:\/\/www.gebrvermeertransport.nl\/#\/schema\/logo\/image\/"}}]}},"_links":{"self":[{"href":"https:\/\/www.gebrvermeertransport.nl\/it\/wp-json\/wp\/v2\/pages\/40","targetHints":{"allow":["GET"]}}],"collection":[{"href":"https:\/\/www.gebrvermeertransport.nl\/it\/wp-json\/wp\/v2\/pages"}],"about":[{"href":"https:\/\/www.gebrvermeertransport.nl\/it\/wp-json\/wp\/v2\/types\/page"}],"author":[{"embeddable":true,"href":"https:\/\/www.gebrvermeertransport.nl\/it\/wp-json\/wp\/v2\/users\/1"}],"replies":[{"embeddable":true,"href":"https:\/\/www.gebrvermeertransport.nl\/it\/wp-json\/wp\/v2\/comments?post=40"}],"version-history":[{"count":23,"href":"https:\/\/www.gebrvermeertransport.nl\/it\/wp-json\/wp\/v2\/pages\/40\/revisions"}],"predecessor-version":[{"id":3177,"href":"https:\/\/www.gebrvermeertransport.nl\/it\/wp-json\/wp\/v2\/pages\/40\/revisions\/3177"}],"wp:attachment":[{"href":"https:\/\/www.gebrvermeertransport.nl\/it\/wp-json\/wp\/v2\/media?parent=40"}],"curies":[{"name":"wp","href":"https:\/\/api.w.org\/{rel}","templated":true}]}}