{"id":2727,"date":"2022-03-28T10:22:19","date_gmt":"2022-03-28T10:22:19","guid":{"rendered":"https:\/\/www.gebrvermeertransport.nl\/?page_id=2727"},"modified":"2022-10-18T06:32:07","modified_gmt":"2022-10-18T06:32:07","slug":"noleggio-gru-pick-carry","status":"publish","type":"page","link":"https:\/\/www.gebrvermeertransport.nl\/it\/noleggio-gru-pick-carry\/","title":{"rendered":"Pick &amp; Carry"},"content":{"rendered":"<div data-vc-full-width=\"true\" data-vc-full-width-init=\"false\" class=\"vc_row wpb_row vc_row-fluid sub-cat-intro-row wpex-vc-row-stretched\"><div class=\"wpb_column vc_column_container vc_col-sm-6\"><div class=\"vc_column-inner\"><div class=\"wpb_wrapper\">\n\t<div class=\"wpb_text_column wpb_content_element  intro-blok diapositief\" >\n\t\t<div class=\"wpb_wrapper\">\n\t\t\t<h1>Gru Pick &amp; Carry<\/h1>\n<p>Le gru Pick &amp; Carry possono essere utilizzate in ambienti interni ed esterni; queste centrali compatte non hanno stabilizzatori e possono essere utilizzate con un carico nel gancio. Le gru sono alimentate elettricamente, producono un rumore minimo e sono prive di CO2. Tutti i pick and carry sono dotati della funzione LMB (Last - Moment - Safety).<\/p>\n<p>Abbiamo gru pick &amp; carry da 1 a 60 tonnellate, ideali per le installazioni in movimento. Le macchine sono incredibilmente maneggevoli e hanno dimensioni limitate, il che le rende perfette per lavorare in luoghi dove lo spazio o l'altezza sono limitati.<\/p>\n\n\t\t<\/div>\n\t<\/div>\n<\/div><\/div><\/div><div class=\"wpb_column vc_column_container vc_col-sm-6\"><div class=\"vc_column-inner\"><div class=\"wpb_wrapper\">\n\t<div  class=\"wpb_single_image wpb_content_element vc_align_   sub-cat-header-afb\">\n\t\t\n\t\t<figure class=\"wpb_wrapper vc_figure\">\n\t\t\t<div class=\"vc_single_image-wrapper   vc_box_border_grey\"><img loading=\"lazy\" decoding=\"async\" width=\"800\" height=\"515\" src=\"https:\/\/www.gebrvermeertransport.nl\/wp-content\/uploads\/2022\/03\/Minikranen-uitgelicht.jpg\" class=\"vc_single_image-img attachment-full\" alt=\"\" srcset=\"https:\/\/www.gebrvermeertransport.nl\/wp-content\/uploads\/2022\/03\/Minikranen-uitgelicht.jpg 800w, https:\/\/www.gebrvermeertransport.nl\/wp-content\/uploads\/2022\/03\/Minikranen-uitgelicht-300x193.jpg 300w, https:\/\/www.gebrvermeertransport.nl\/wp-content\/uploads\/2022\/03\/Minikranen-uitgelicht-768x494.jpg 768w\" sizes=\"auto, (max-width: 800px) 100vw, 800px\" \/><\/div>\n\t\t<\/figure>\n\t<\/div>\n<\/div><\/div><\/div><\/div><div class=\"vc_row-full-width vc_clearfix\"><\/div><div class=\"vc_row wpb_row vc_row-fluid content-sidebar-row wpex-vc-has-custom-column-spacing wpex-vc-column-spacing-40 tablet-fullwidth-columns\"><div class=\"wpb_column tekst-kolom vc_column_container vc_col-sm-8\"><div class=\"vc_column-inner\"><div class=\"wpb_wrapper\">\n\t<div class=\"wpb_text_column wpb_content_element  first\" >\n\t\t<div class=\"wpb_wrapper\">\n\t\t\t<h2>Possibilit\u00e0 di Pick &amp; Carry<\/h2>\n<p>La gru pu\u00f2 essere dotata di un gancio fisso sul braccio o di un argano. Per ottenere una maggiore altezza di sollevamento, si pu\u00f2 anche montare un braccio ausiliario, regolabile a vari gradi.<\/p>\n<p>Le applicazioni delle nostre gru pick &amp; carry sono versatili. Qualit\u00e0. Affidabilit\u00e0. Sicurezza. Tempi di consegna rapidi e consulenza specializzata. Questo \u00e8 ci\u00f2 che potete aspettarvi dalle nostre\u00a0<strong>servizio di noleggio gru<\/strong>.<\/p>\n<p>Se si noleggia una gru, \u00e8 bene assicurarsi che siano\u00a0<strong>completamente adatto<\/strong> per il lavoro. Qualunque sia il progetto che vi aspetta, noi di Vermeer abbiamo la gru giusta pronta a partire.<\/p>\n<p>Per informazioni pi\u00f9 specifiche sui Pick &amp; Carry, consultare le pagine seguenti.<\/p>\n<p><a href=\"https:\/\/www.gebrvermeertransport.nl\/wp-content\/uploads\/2022\/10\/MC-25S-.pdf\">MC-25S <\/a><a href=\"https:\/\/www.gebrvermeertransport.nl\/wp-content\/uploads\/2022\/10\/MC45S-1.pdf\">MC45S<\/a> <a href=\"https:\/\/www.gebrvermeertransport.nl\/wp-content\/uploads\/2022\/10\/MC70S.pdf\">MC70S<\/a> <a href=\"https:\/\/www.gebrvermeertransport.nl\/wp-content\/uploads\/2022\/10\/MC180S.pdf\">MC180S <\/a><a href=\"https:\/\/www.gebrvermeertransport.nl\/wp-content\/uploads\/2022\/10\/MC300S.pdf\">MC300S <\/a><a href=\"https:\/\/www.gebrvermeertransport.nl\/wp-content\/uploads\/2022\/10\/MC350S.pdf\">MC350S<\/a> <a href=\"https:\/\/www.gebrvermeertransport.nl\/wp-content\/uploads\/2022\/10\/MC450S-.pdf\">MC450S <\/a><a href=\"https:\/\/www.gebrvermeertransport.nl\/wp-content\/uploads\/2022\/10\/MC580S.pdf\">MC580S<\/a><\/p>\n\n\t\t<\/div>\n\t<\/div>\n<div class=\"wpex-slider-preloaderimg\"><img loading=\"lazy\" decoding=\"async\" data-no-lazy=\"1\" class=\"skip-lazy\" src=\"https:\/\/www.gebrvermeertransport.nl\/wp-content\/uploads\/2022\/07\/60-ton-1.jpeg\" alt=\"\" width=\"960\" height=\"1280\" \/><\/div><div class=\"vcex-module wpex-slider slider-pro vcex-image-slider wpex-clr\" data-auto-play=\"false\" data-auto-play-delay=\"5000\" data-arrows=\"false\" data-buttons=\"false\" data-animation-speed=\"600\" data-height-animation-duration=\"500\" data-thumbnail-height=\"70\" data-thumbnail-width=\"70\"><div class=\"wpex-slider-slides sp-slides\"><div class=\"wpex-slider-slide sp-slide\"><div class=\"wpex-slider-media\"><img loading=\"lazy\" decoding=\"async\" data-no-lazy=\"1\" class=\"skip-lazy\" src=\"https:\/\/www.gebrvermeertransport.nl\/wp-content\/uploads\/2022\/07\/60-ton-1.jpeg\" alt=\"\" width=\"960\" height=\"1280\" \/><\/div><\/div><div class=\"wpex-slider-slide sp-slide\"><div class=\"wpex-slider-media\"><img loading=\"lazy\" decoding=\"async\" data-no-lazy=\"1\" class=\"skip-lazy\" src=\"https:\/\/www.gebrvermeertransport.nl\/wp-content\/uploads\/2022\/03\/Minikranen-1.jpg\" alt=\"\" width=\"980\" height=\"400\" \/><\/div><\/div><\/div><\/div>\n\t<div class=\"wpb_text_column wpb_content_element  first\" >\n\t\t<div class=\"wpb_wrapper\">\n\t\t\t<h2>Noleggio di carrelli elevatori da Gebr. Vermeer<\/h2>\n<p>Avete un lavoro per il quale vi serve un carrello elevatore? Allora avete anche la possibilit\u00e0 di noleggiare i carrelli elevatori. Oltre ai carrelli elevatori standard, Gebr. Vermeer ha a disposizione anche una serie di carrelli elevatori molto specifici. Questi carrelli elevatori speciali hanno portate che vanno da 1 a 18 tonnellate. I carrelli elevatori elettrici di Gebr. Vermeer sono sempre dotati di pneumatici antitraccia. Abbiamo anche caricatori profondi e caricatori semi-bassi disponibili a partire da 38 centimetri di altezza da terra. Naturalmente, abbiamo anche un'ampia gamma di accessori per il carrello elevatore. Tra questi, bracci di sollevamento di varie capacit\u00e0, ma anche telai di sollevamento o prolunghe di varie lunghezze. Questi possono essere combinati perfettamente con le varie versioni di carrelli elevatori, che hanno un montante a tre o quattro elementi con un'altezza di sollevamento fino a 10 metri.<\/p>\n<h3>Contatto<\/h3>\n<p>Qualunque soluzione industriale stiate cercando, da Gebr. Vermeer siete nel posto giusto. \u00c8 inoltre possibile noleggiare diversi container. Tra questi: container per magazzini, container di stoccaggio, container combinati, container per officine o container con caricatore laterale. Gebr. Vermeer \u00e8 anche l'indirizzo giusto per il noleggio di vari pesi di prova calibrati. Il peso varia da 10 kg a 5000 kg!<\/p>\n<p>Siete interessati a noleggiare uno dei nostri numerosi prodotti industriali? In tal caso, non esitate a contattare Gebr. Vermeer. Saremo lieti di illustrarvi le possibilit\u00e0 e di rispondere a tutte le vostre domande. Contattateci tramite il sito <a href=\"https:\/\/www.gebrvermeertransport.nl\/it\/contatto\/\">modulo di contatto<\/a> o inviare un'e-mail a <a href=\"mailto:info@gebrvermeertransport.nl\">info@gebrvermeertransport.nl<\/a>. Preferite contattarci per telefono? Allora potete chiamarci al numero 013-4670272.<\/p>\n\n\t\t<\/div>\n\t<\/div>\n<\/div><\/div><\/div><div class=\"wpb_column sidebar-kolom vc_column_container vc_col-sm-4\"><div class=\"vc_column-inner\"><div class=\"wpb_wrapper\"><div class=\"templatera_shortcode\"><div class=\"vc_row wpb_row vc_row-fluid\"><div class=\"wpb_column vc_column_container vc_col-sm-12\"><div class=\"vc_column-inner vc_custom_1608038486316\"><div class=\"wpb_wrapper\">\n\t<div class=\"wpb_text_column wpb_content_element  sidebar-blok-grijs diapositief\" >\n\t\t<div class=\"wpb_wrapper\">\n\t\t\t<h3>Contattate<\/h3>\n<p>Avete una domanda? In tal caso, non esitate a contattarci. Potete compilare il nostro modulo di contatto online o chiamarci direttamente al numero: 013 - 4670272. Gebr. Vermeer vi aiuter\u00e0!<\/p>\n<p><a class=\"button wit\" href=\"\/it\/contatto\/\">Contattate<\/a><\/p>\n\n\t\t<\/div>\n\t<\/div>\n<\/div><\/div><\/div><\/div><\/div><div class=\"templatera_shortcode\"><div class=\"vc_row wpb_row vc_row-fluid\"><div class=\"wpb_column vc_column_container vc_col-sm-12\"><div class=\"vc_column-inner vc_custom_1608038486316\"><div class=\"wpb_wrapper\">\n\t<div class=\"wpb_text_column wpb_content_element  sidebar-blok-offerte diapositief\" >\n\t\t<div class=\"wpb_wrapper\">\n\t\t\t<h3>Richiesta di preventivo<\/h3>\n<p>Desiderate ricevere un preventivo? Allora potete compilare un modulo di richiesta di preventivo direttamente online, in modo semplice e veloce. Vi contatteremo noi. Gebr. Vermeer Trasporti Speciali vi aiuter\u00e0!<\/p>\n<p><a class=\"button wit\" href=\"\/it\/richiedere-un-preventivo\/\">Richiesta di preventivo<\/a><\/p>\n\n\t\t<\/div>\n\t<\/div>\n<\/div><\/div><\/div><\/div><\/div><\/div><\/div><\/div><\/div><div data-vc-full-width=\"true\" data-vc-full-width-init=\"false\" class=\"vc_row wpb_row vc_row-fluid skewed-bg-row sub-cat wpex-vc-row-stretched\"><div class=\"wpb_column vc_column_container vc_col-sm-12\"><div class=\"vc_column-inner\"><div class=\"wpb_wrapper\"><\/div><\/div><\/div><div class=\"wpb_column vc_column_container vc_col-sm-12\"><div class=\"vc_column-inner\"><div class=\"wpb_wrapper\"><\/div><\/div><\/div><div class=\"wpb_column vc_column_container vc_col-sm-12\"><div class=\"vc_column-inner\"><div class=\"wpb_wrapper\"><\/div><\/div><\/div><div class=\"wpb_column vc_column_container vc_col-sm-12\"><div class=\"vc_column-inner\"><div class=\"wpb_wrapper\"><\/div><\/div><\/div><div class=\"wpb_column vc_column_container vc_col-sm-12\"><div class=\"vc_column-inner\"><div class=\"wpb_wrapper\"><\/div><\/div><\/div><div class=\"wpb_column vc_column_container vc_col-sm-12\"><div class=\"vc_column-inner\"><div class=\"wpb_wrapper\"><\/div><\/div><\/div><\/div><div class=\"vc_row-full-width vc_clearfix\"><\/div><div data-vc-full-width=\"true\" data-vc-full-width-init=\"false\" class=\"vc_row wpb_row vc_row-fluid skewed-bg-row sub-cat wpex-vc-row-stretched\"><div class=\"wpb_column vc_column_container vc_col-sm-12\"><div class=\"vc_column-inner\"><div class=\"wpb_wrapper\"><\/div><\/div><\/div><div class=\"wpb_column vc_column_container vc_col-sm-12\"><div class=\"vc_column-inner\"><div class=\"wpb_wrapper\"><\/div><\/div><\/div><div class=\"wpb_column vc_column_container vc_col-sm-12\"><div class=\"vc_column-inner\"><div class=\"wpb_wrapper\"><\/div><\/div><\/div><div class=\"wpb_column vc_column_container vc_col-sm-12\"><div class=\"vc_column-inner\"><div class=\"wpb_wrapper\"><\/div><\/div><\/div><div class=\"wpb_column vc_column_container vc_col-sm-12\"><div class=\"vc_column-inner\"><div class=\"wpb_wrapper\"><\/div><\/div><\/div><div class=\"wpb_column vc_column_container vc_col-sm-12\"><div class=\"vc_column-inner\"><div class=\"wpb_wrapper\"><\/div><\/div><\/div><\/div><div class=\"vc_row-full-width vc_clearfix\"><\/div><div class=\"vc_section\"><\/div>","protected":false},"excerpt":{"rendered":"Gru Pick &amp; Carry Le gru Pick &amp; Carry possono essere utilizzate in ambienti interni ed esterni. Queste gru compatte non hanno stabilizzatori e possono essere utilizzate con un carico nel gancio. Le gru sono alimentate elettricamente, producono un rumore minimo e...","protected":false},"author":1,"featured_media":2730,"parent":0,"menu_order":0,"comment_status":"closed","ping_status":"closed","template":"","meta":{"inline_featured_image":false,"footnotes":""},"class_list":["post-2727","page","type-page","status-publish","has-post-thumbnail","hentry","entry","has-media"],"yoast_head":"<!-- This site is optimized with the Yoast SEO plugin v26.4 - https:\/\/yoast.com\/wordpress\/plugins\/seo\/ -->\n<title>Pick &amp; Carry huren - Gebr. Vermeer<\/title>\n<meta name=\"description\" content=\"Eenvoudig en snel een Pick &amp; Carry huren dat kan bij Gebr.Vermeer, wij hebben mogelijkheden vanaf 1 tot 60 ton. 24\/7 verhuur service\" \/>\n<meta name=\"robots\" content=\"index, follow, max-snippet:-1, max-image-preview:large, max-video-preview:-1\" \/>\n<link rel=\"canonical\" href=\"https:\/\/www.gebrvermeertransport.nl\/it\/noleggio-gru-pick-carry\/\" \/>\n<meta property=\"og:locale\" content=\"it_IT\" \/>\n<meta property=\"og:type\" content=\"article\" \/>\n<meta property=\"og:title\" content=\"Pick &amp; Carry huren - Gebr. Vermeer\" \/>\n<meta property=\"og:description\" content=\"Eenvoudig en snel een Pick &amp; Carry huren dat kan bij Gebr.Vermeer, wij hebben mogelijkheden vanaf 1 tot 60 ton. 24\/7 verhuur service\" \/>\n<meta property=\"og:url\" content=\"https:\/\/www.gebrvermeertransport.nl\/it\/noleggio-gru-pick-carry\/\" \/>\n<meta property=\"og:site_name\" content=\"Gebr. Vermeer\" \/>\n<meta property=\"article:modified_time\" content=\"2022-10-18T06:32:07+00:00\" \/>\n<meta property=\"og:image\" content=\"https:\/\/www.gebrvermeertransport.nl\/wp-content\/uploads\/2022\/03\/Minikranen-uitgelicht.jpg\" \/>\n\t<meta property=\"og:image:width\" content=\"800\" \/>\n\t<meta property=\"og:image:height\" content=\"515\" \/>\n\t<meta property=\"og:image:type\" content=\"image\/jpeg\" \/>\n<meta name=\"twitter:card\" content=\"summary_large_image\" \/>\n<meta name=\"twitter:label1\" content=\"Tempo di lettura stimato\" \/>\n\t<meta name=\"twitter:data1\" content=\"3 minuti\" \/>\n<script type=\"application\/ld+json\" class=\"yoast-schema-graph\">{\"@context\":\"https:\/\/schema.org\",\"@graph\":[{\"@type\":\"WebPage\",\"@id\":\"https:\/\/www.gebrvermeertransport.nl\/pick-carry-kraan-huren\/\",\"url\":\"https:\/\/www.gebrvermeertransport.nl\/pick-carry-kraan-huren\/\",\"name\":\"Pick & Carry huren - Gebr. Vermeer\",\"isPartOf\":{\"@id\":\"https:\/\/www.gebrvermeertransport.nl\/#website\"},\"primaryImageOfPage\":{\"@id\":\"https:\/\/www.gebrvermeertransport.nl\/pick-carry-kraan-huren\/#primaryimage\"},\"image\":{\"@id\":\"https:\/\/www.gebrvermeertransport.nl\/pick-carry-kraan-huren\/#primaryimage\"},\"thumbnailUrl\":\"https:\/\/www.gebrvermeertransport.nl\/wp-content\/uploads\/2022\/03\/Minikranen-uitgelicht.jpg\",\"datePublished\":\"2022-03-28T10:22:19+00:00\",\"dateModified\":\"2022-10-18T06:32:07+00:00\",\"description\":\"Eenvoudig en snel een Pick & Carry huren dat kan bij Gebr.Vermeer, wij hebben mogelijkheden vanaf 1 tot 60 ton. 24\/7 verhuur service\",\"breadcrumb\":{\"@id\":\"https:\/\/www.gebrvermeertransport.nl\/pick-carry-kraan-huren\/#breadcrumb\"},\"inLanguage\":\"it-IT\",\"potentialAction\":[{\"@type\":\"ReadAction\",\"target\":[\"https:\/\/www.gebrvermeertransport.nl\/pick-carry-kraan-huren\/\"]}]},{\"@type\":\"ImageObject\",\"inLanguage\":\"it-IT\",\"@id\":\"https:\/\/www.gebrvermeertransport.nl\/pick-carry-kraan-huren\/#primaryimage\",\"url\":\"https:\/\/www.gebrvermeertransport.nl\/wp-content\/uploads\/2022\/03\/Minikranen-uitgelicht.jpg\",\"contentUrl\":\"https:\/\/www.gebrvermeertransport.nl\/wp-content\/uploads\/2022\/03\/Minikranen-uitgelicht.jpg\",\"width\":800,\"height\":515},{\"@type\":\"BreadcrumbList\",\"@id\":\"https:\/\/www.gebrvermeertransport.nl\/pick-carry-kraan-huren\/#breadcrumb\",\"itemListElement\":[{\"@type\":\"ListItem\",\"position\":1,\"name\":\"Home\",\"item\":\"https:\/\/www.gebrvermeertransport.nl\/\"},{\"@type\":\"ListItem\",\"position\":2,\"name\":\"Pick &#038; Carry\"}]},{\"@type\":\"WebSite\",\"@id\":\"https:\/\/www.gebrvermeertransport.nl\/#website\",\"url\":\"https:\/\/www.gebrvermeertransport.nl\/\",\"name\":\"Gebr. Vermeer\",\"description\":\"\",\"publisher\":{\"@id\":\"https:\/\/www.gebrvermeertransport.nl\/#organization\"},\"potentialAction\":[{\"@type\":\"SearchAction\",\"target\":{\"@type\":\"EntryPoint\",\"urlTemplate\":\"https:\/\/www.gebrvermeertransport.nl\/?s={search_term_string}\"},\"query-input\":{\"@type\":\"PropertyValueSpecification\",\"valueRequired\":true,\"valueName\":\"search_term_string\"}}],\"inLanguage\":\"it-IT\"},{\"@type\":\"Organization\",\"@id\":\"https:\/\/www.gebrvermeertransport.nl\/#organization\",\"name\":\"Gebr. Vermeer\",\"url\":\"https:\/\/www.gebrvermeertransport.nl\/\",\"logo\":{\"@type\":\"ImageObject\",\"inLanguage\":\"it-IT\",\"@id\":\"https:\/\/www.gebrvermeertransport.nl\/#\/schema\/logo\/image\/\",\"url\":\"https:\/\/www.gebrvermeertransport.nl\/wp-content\/uploads\/2020\/12\/Logo-web-GV.svg\",\"contentUrl\":\"https:\/\/www.gebrvermeertransport.nl\/wp-content\/uploads\/2020\/12\/Logo-web-GV.svg\",\"caption\":\"Gebr. Vermeer\"},\"image\":{\"@id\":\"https:\/\/www.gebrvermeertransport.nl\/#\/schema\/logo\/image\/\"}}]}<\/script>\n<!-- \/ Yoast SEO plugin. -->","yoast_head_json":{"title":"Noleggio Pick &amp; Carry - Gebr. Vermeer","description":"Da Gebr. Vermeer \u00e8 possibile noleggiare in modo semplice e veloce un pick &amp; carry, con opzioni da 1 a 60 tonnellate. Servizio di noleggio 24\/7","robots":{"index":"index","follow":"follow","max-snippet":"max-snippet:-1","max-image-preview":"max-image-preview:large","max-video-preview":"max-video-preview:-1"},"canonical":"https:\/\/www.gebrvermeertransport.nl\/it\/noleggio-gru-pick-carry\/","og_locale":"it_IT","og_type":"article","og_title":"Pick & Carry huren - Gebr. Vermeer","og_description":"Eenvoudig en snel een Pick & Carry huren dat kan bij Gebr.Vermeer, wij hebben mogelijkheden vanaf 1 tot 60 ton. 24\/7 verhuur service","og_url":"https:\/\/www.gebrvermeertransport.nl\/it\/noleggio-gru-pick-carry\/","og_site_name":"Gebr. Vermeer","article_modified_time":"2022-10-18T06:32:07+00:00","og_image":[{"width":800,"height":515,"url":"https:\/\/www.gebrvermeertransport.nl\/wp-content\/uploads\/2022\/03\/Minikranen-uitgelicht.jpg","type":"image\/jpeg"}],"twitter_card":"summary_large_image","twitter_misc":{"Tempo di lettura stimato":"3 minuti"},"schema":{"@context":"https:\/\/schema.org","@graph":[{"@type":"WebPage","@id":"https:\/\/www.gebrvermeertransport.nl\/pick-carry-kraan-huren\/","url":"https:\/\/www.gebrvermeertransport.nl\/pick-carry-kraan-huren\/","name":"Noleggio Pick &amp; Carry - Gebr. Vermeer","isPartOf":{"@id":"https:\/\/www.gebrvermeertransport.nl\/#website"},"primaryImageOfPage":{"@id":"https:\/\/www.gebrvermeertransport.nl\/pick-carry-kraan-huren\/#primaryimage"},"image":{"@id":"https:\/\/www.gebrvermeertransport.nl\/pick-carry-kraan-huren\/#primaryimage"},"thumbnailUrl":"https:\/\/www.gebrvermeertransport.nl\/wp-content\/uploads\/2022\/03\/Minikranen-uitgelicht.jpg","datePublished":"2022-03-28T10:22:19+00:00","dateModified":"2022-10-18T06:32:07+00:00","description":"Da Gebr. Vermeer \u00e8 possibile noleggiare in modo semplice e veloce un pick &amp; carry, con opzioni da 1 a 60 tonnellate. Servizio di noleggio 24\/7","breadcrumb":{"@id":"https:\/\/www.gebrvermeertransport.nl\/pick-carry-kraan-huren\/#breadcrumb"},"inLanguage":"it-IT","potentialAction":[{"@type":"ReadAction","target":["https:\/\/www.gebrvermeertransport.nl\/pick-carry-kraan-huren\/"]}]},{"@type":"ImageObject","inLanguage":"it-IT","@id":"https:\/\/www.gebrvermeertransport.nl\/pick-carry-kraan-huren\/#primaryimage","url":"https:\/\/www.gebrvermeertransport.nl\/wp-content\/uploads\/2022\/03\/Minikranen-uitgelicht.jpg","contentUrl":"https:\/\/www.gebrvermeertransport.nl\/wp-content\/uploads\/2022\/03\/Minikranen-uitgelicht.jpg","width":800,"height":515},{"@type":"BreadcrumbList","@id":"https:\/\/www.gebrvermeertransport.nl\/pick-carry-kraan-huren\/#breadcrumb","itemListElement":[{"@type":"ListItem","position":1,"name":"Home","item":"https:\/\/www.gebrvermeertransport.nl\/"},{"@type":"ListItem","position":2,"name":"Pick &#038; Carry"}]},{"@type":"WebSite","@id":"https:\/\/www.gebrvermeertransport.nl\/#website","url":"https:\/\/www.gebrvermeertransport.nl\/","name":"Gebr. Vermeer","description":"","publisher":{"@id":"https:\/\/www.gebrvermeertransport.nl\/#organization"},"potentialAction":[{"@type":"SearchAction","target":{"@type":"EntryPoint","urlTemplate":"https:\/\/www.gebrvermeertransport.nl\/?s={search_term_string}"},"query-input":{"@type":"PropertyValueSpecification","valueRequired":true,"valueName":"search_term_string"}}],"inLanguage":"it-IT"},{"@type":"Organization","@id":"https:\/\/www.gebrvermeertransport.nl\/#organization","name":"Gebr. Vermeer","url":"https:\/\/www.gebrvermeertransport.nl\/","logo":{"@type":"ImageObject","inLanguage":"it-IT","@id":"https:\/\/www.gebrvermeertransport.nl\/#\/schema\/logo\/image\/","url":"https:\/\/www.gebrvermeertransport.nl\/wp-content\/uploads\/2020\/12\/Logo-web-GV.svg","contentUrl":"https:\/\/www.gebrvermeertransport.nl\/wp-content\/uploads\/2020\/12\/Logo-web-GV.svg","caption":"Gebr. Vermeer"},"image":{"@id":"https:\/\/www.gebrvermeertransport.nl\/#\/schema\/logo\/image\/"}}]}},"_links":{"self":[{"href":"https:\/\/www.gebrvermeertransport.nl\/it\/wp-json\/wp\/v2\/pages\/2727","targetHints":{"allow":["GET"]}}],"collection":[{"href":"https:\/\/www.gebrvermeertransport.nl\/it\/wp-json\/wp\/v2\/pages"}],"about":[{"href":"https:\/\/www.gebrvermeertransport.nl\/it\/wp-json\/wp\/v2\/types\/page"}],"author":[{"embeddable":true,"href":"https:\/\/www.gebrvermeertransport.nl\/it\/wp-json\/wp\/v2\/users\/1"}],"replies":[{"embeddable":true,"href":"https:\/\/www.gebrvermeertransport.nl\/it\/wp-json\/wp\/v2\/comments?post=2727"}],"version-history":[{"count":19,"href":"https:\/\/www.gebrvermeertransport.nl\/it\/wp-json\/wp\/v2\/pages\/2727\/revisions"}],"predecessor-version":[{"id":3252,"href":"https:\/\/www.gebrvermeertransport.nl\/it\/wp-json\/wp\/v2\/pages\/2727\/revisions\/3252"}],"wp:featuredmedia":[{"embeddable":true,"href":"https:\/\/www.gebrvermeertransport.nl\/it\/wp-json\/wp\/v2\/media\/2730"}],"wp:attachment":[{"href":"https:\/\/www.gebrvermeertransport.nl\/it\/wp-json\/wp\/v2\/media?parent=2727"}],"curies":[{"name":"wp","href":"https:\/\/api.w.org\/{rel}","templated":true}]}}