{"id":2222,"date":"2021-03-24T14:50:09","date_gmt":"2021-03-24T14:50:09","guid":{"rendered":"https:\/\/www.gebrvermeertransport.nl\/?page_id=2222"},"modified":"2022-04-11T10:02:28","modified_gmt":"2022-04-11T10:02:28","slug":"noleggio","status":"publish","type":"page","link":"https:\/\/www.gebrvermeertransport.nl\/it\/noleggio\/","title":{"rendered":"Noleggio"},"content":{"rendered":"<div data-vc-full-width=\"true\" data-vc-full-width-init=\"false\" class=\"vc_row wpb_row vc_row-fluid cat-intro-row wpex-vc-row-stretched\"><div class=\"wpb_column vc_column_container vc_col-sm-12\"><div class=\"vc_column-inner\"><div class=\"wpb_wrapper\">\n\t<div class=\"wpb_text_column wpb_content_element  breedte-800 textcenter center\" >\n\t\t<div class=\"wpb_wrapper\">\n\t\t\t<h1>Noleggio<\/h1>\n<p>Di seguito una panoramica dei noleggi che offriamo di vari tipi di container, pesi di prova, carrelli elevatori (pesanti), mini gru e unit\u00e0 modulari.<\/p>\n\n\t\t<\/div>\n\t<\/div>\n<\/div><\/div><\/div><\/div><div class=\"vc_row-full-width vc_clearfix\"><\/div><div class=\"vc_row wpb_row vc_row-fluid cat-grid-row\"><div class=\"wpb_column vc_column_container vc_col-sm-12\"><div class=\"vc_column-inner\"><div class=\"wpb_wrapper\"><div class=\"wpex-post-cards wpex-post-cards-my-cards_grid-card\"><div class=\"wpex-post-cards-grid wpex-row wpex-clr gap-40\"><div class=\"wpex-post-cards-entry post-70 type-page col col-1 span_1_of_3\"><div class=\"wpex-card wpex-card-my-cards_grid-card\"><div class=\"wpex-card-media\"><div class=\"wpex-card-thumbnail wpex-relative\"><a href=\"https:\/\/www.gebrvermeertransport.nl\/it\/contenitori\/\"><img decoding=\"async\" width=\"800\" height=\"515\" src=\"https:\/\/www.gebrvermeertransport.nl\/wp-content\/uploads\/2020\/12\/Containers-uitgelicht.jpg\" class=\"wpex-align-middle\" alt=\"\" loading=\"lazy\" srcset=\"https:\/\/www.gebrvermeertransport.nl\/wp-content\/uploads\/2020\/12\/Containers-uitgelicht.jpg 800w, https:\/\/www.gebrvermeertransport.nl\/wp-content\/uploads\/2020\/12\/Containers-uitgelicht-300x193.jpg 300w, https:\/\/www.gebrvermeertransport.nl\/wp-content\/uploads\/2020\/12\/Containers-uitgelicht-768x494.jpg 768w\" sizes=\"auto, (max-width: 800px) 100vw, 800px\" \/><\/a><\/div><\/div><a href=\"https:\/\/www.gebrvermeertransport.nl\/it\/contenitori\/\" class=\"link-wrapper\"><div class=\"wpex-card-details wpex-last-mb-0 wpex-text-center equal-height-content\"><h3 class=\"wpex-card-title\">Contenitori<\/h3><\/div><\/a><\/div><\/div><div class=\"wpex-post-cards-entry post-72 type-page col col-2 span_1_of_3\"><div class=\"wpex-card wpex-card-my-cards_grid-card\"><div class=\"wpex-card-media\"><div class=\"wpex-card-thumbnail wpex-relative\"><a href=\"https:\/\/www.gebrvermeertransport.nl\/it\/pesi-di-prova\/\"><img decoding=\"async\" width=\"800\" height=\"515\" src=\"https:\/\/www.gebrvermeertransport.nl\/wp-content\/uploads\/2021\/03\/Testgewichten-uitgelicht-2.jpg\" class=\"wpex-align-middle\" alt=\"\" loading=\"lazy\" srcset=\"https:\/\/www.gebrvermeertransport.nl\/wp-content\/uploads\/2021\/03\/Testgewichten-uitgelicht-2.jpg 800w, https:\/\/www.gebrvermeertransport.nl\/wp-content\/uploads\/2021\/03\/Testgewichten-uitgelicht-2-300x193.jpg 300w, https:\/\/www.gebrvermeertransport.nl\/wp-content\/uploads\/2021\/03\/Testgewichten-uitgelicht-2-768x494.jpg 768w\" sizes=\"auto, (max-width: 800px) 100vw, 800px\" \/><\/a><\/div><\/div><a href=\"https:\/\/www.gebrvermeertransport.nl\/it\/pesi-di-prova\/\" class=\"link-wrapper\"><div class=\"wpex-card-details wpex-last-mb-0 wpex-text-center equal-height-content\"><h3 class=\"wpex-card-title\">Pesi di prova<\/h3><\/div><\/a><\/div><\/div><div class=\"wpex-post-cards-entry post-74 type-page col col-3 span_1_of_3\"><div class=\"wpex-card wpex-card-my-cards_grid-card\"><div class=\"wpex-card-media\"><div class=\"wpex-card-thumbnail wpex-relative\"><a href=\"https:\/\/www.gebrvermeertransport.nl\/it\/noleggio-carrelli-elevatori\/\"><img decoding=\"async\" width=\"800\" height=\"515\" src=\"https:\/\/www.gebrvermeertransport.nl\/wp-content\/uploads\/2021\/03\/Heftrucks-uitgelicht-2.jpg\" class=\"wpex-align-middle\" alt=\"\" loading=\"lazy\" srcset=\"https:\/\/www.gebrvermeertransport.nl\/wp-content\/uploads\/2021\/03\/Heftrucks-uitgelicht-2.jpg 800w, https:\/\/www.gebrvermeertransport.nl\/wp-content\/uploads\/2021\/03\/Heftrucks-uitgelicht-2-300x193.jpg 300w, https:\/\/www.gebrvermeertransport.nl\/wp-content\/uploads\/2021\/03\/Heftrucks-uitgelicht-2-768x494.jpg 768w\" sizes=\"auto, (max-width: 800px) 100vw, 800px\" \/><\/a><\/div><\/div><a href=\"https:\/\/www.gebrvermeertransport.nl\/it\/noleggio-carrelli-elevatori\/\" class=\"link-wrapper\"><div class=\"wpex-card-details wpex-last-mb-0 wpex-text-center equal-height-content\"><h3 class=\"wpex-card-title\">Carrelli elevatori<\/h3><\/div><\/a><\/div><\/div><div class=\"wpex-post-cards-entry post-2727 type-page col col-1 span_1_of_3\"><div class=\"wpex-card wpex-card-my-cards_grid-card\"><div class=\"wpex-card-media\"><div class=\"wpex-card-thumbnail wpex-relative\"><a href=\"https:\/\/www.gebrvermeertransport.nl\/it\/noleggio-gru-pick-carry\/\"><img decoding=\"async\" width=\"800\" height=\"515\" src=\"https:\/\/www.gebrvermeertransport.nl\/wp-content\/uploads\/2022\/03\/Minikranen-uitgelicht.jpg\" class=\"wpex-align-middle\" alt=\"\" loading=\"lazy\" srcset=\"https:\/\/www.gebrvermeertransport.nl\/wp-content\/uploads\/2022\/03\/Minikranen-uitgelicht.jpg 800w, https:\/\/www.gebrvermeertransport.nl\/wp-content\/uploads\/2022\/03\/Minikranen-uitgelicht-300x193.jpg 300w, https:\/\/www.gebrvermeertransport.nl\/wp-content\/uploads\/2022\/03\/Minikranen-uitgelicht-768x494.jpg 768w\" sizes=\"auto, (max-width: 800px) 100vw, 800px\" \/><\/a><\/div><\/div><a href=\"https:\/\/www.gebrvermeertransport.nl\/it\/noleggio-gru-pick-carry\/\" class=\"link-wrapper\"><div class=\"wpex-card-details wpex-last-mb-0 wpex-text-center equal-height-content\"><h3 class=\"wpex-card-title\">Pick &amp; Carry<\/h3><\/div><\/a><\/div><\/div><div class=\"wpex-post-cards-entry post-2765 type-page col col-2 span_1_of_3\"><div class=\"wpex-card wpex-card-my-cards_grid-card\"><div class=\"wpex-card-media\"><div class=\"wpex-card-thumbnail wpex-relative\"><a href=\"https:\/\/www.gebrvermeertransport.nl\/it\/unita-modulari\/\"><img decoding=\"async\" width=\"800\" height=\"515\" src=\"https:\/\/www.gebrvermeertransport.nl\/wp-content\/uploads\/2022\/04\/modulaire-units-uitgelicht2.jpg\" class=\"wpex-align-middle\" alt=\"\" loading=\"lazy\" srcset=\"https:\/\/www.gebrvermeertransport.nl\/wp-content\/uploads\/2022\/04\/modulaire-units-uitgelicht2.jpg 800w, https:\/\/www.gebrvermeertransport.nl\/wp-content\/uploads\/2022\/04\/modulaire-units-uitgelicht2-300x193.jpg 300w, https:\/\/www.gebrvermeertransport.nl\/wp-content\/uploads\/2022\/04\/modulaire-units-uitgelicht2-768x494.jpg 768w\" sizes=\"auto, (max-width: 800px) 100vw, 800px\" \/><\/a><\/div><\/div><a href=\"https:\/\/www.gebrvermeertransport.nl\/it\/unita-modulari\/\" class=\"link-wrapper\"><div class=\"wpex-card-details wpex-last-mb-0 wpex-text-center equal-height-content\"><h3 class=\"wpex-card-title\">Unit\u00e0 modulari<\/h3><\/div><\/a><\/div><\/div><\/div><\/div><\/div><\/div><\/div><\/div>","protected":false},"excerpt":{"rendered":"Unit\u00e0 modulari Siete alla ricerca di una soluzione di spazio mobile veloce, flessibile e pratica? Gebr. Vermeer noleggia e vende unit\u00e0 di alta qualit\u00e0 che possiamo consegnare con le nostre gru montate su camion. Le unit\u00e0 possono essere utilizzate in vari modi, ad esempio come container da costruzione, ufficio, spazio di vendita,...","protected":false},"author":1,"featured_media":0,"parent":0,"menu_order":0,"comment_status":"closed","ping_status":"closed","template":"","meta":{"inline_featured_image":false,"footnotes":""},"class_list":["post-2222","page","type-page","status-publish","hentry","entry","has-media"],"yoast_head":"<!-- This site is optimized with the Yoast SEO plugin v26.4 - https:\/\/yoast.com\/wordpress\/plugins\/seo\/ -->\n<title>Alle verhuurdiensten van Gebr. Vermeer Industrial Movements op een rij<\/title>\n<meta name=\"description\" content=\"Bij Gebr. Vermeer Industrial Movements kunt u terecht voor het huren van containers, testgewichten, heftrucks, minikranen en modulaire units.\" \/>\n<meta name=\"robots\" content=\"index, follow, max-snippet:-1, max-image-preview:large, max-video-preview:-1\" \/>\n<link rel=\"canonical\" href=\"https:\/\/www.gebrvermeertransport.nl\/it\/noleggio\/\" \/>\n<meta property=\"og:locale\" content=\"it_IT\" \/>\n<meta property=\"og:type\" content=\"article\" \/>\n<meta property=\"og:title\" content=\"Alle verhuurdiensten van Gebr. Vermeer Industrial Movements op een rij\" \/>\n<meta property=\"og:description\" content=\"Bij Gebr. Vermeer Industrial Movements kunt u terecht voor het huren van containers, testgewichten, heftrucks, minikranen en modulaire units.\" \/>\n<meta property=\"og:url\" content=\"https:\/\/www.gebrvermeertransport.nl\/it\/noleggio\/\" \/>\n<meta property=\"og:site_name\" content=\"Gebr. Vermeer\" \/>\n<meta property=\"article:modified_time\" content=\"2022-04-11T10:02:28+00:00\" \/>\n<meta name=\"twitter:card\" content=\"summary_large_image\" \/>\n<meta name=\"twitter:label1\" content=\"Tempo di lettura stimato\" \/>\n\t<meta name=\"twitter:data1\" content=\"1 minuto\" \/>\n<script type=\"application\/ld+json\" class=\"yoast-schema-graph\">{\"@context\":\"https:\/\/schema.org\",\"@graph\":[{\"@type\":\"WebPage\",\"@id\":\"https:\/\/www.gebrvermeertransport.nl\/verhuur\/\",\"url\":\"https:\/\/www.gebrvermeertransport.nl\/verhuur\/\",\"name\":\"Alle verhuurdiensten van Gebr. Vermeer Industrial Movements op een rij\",\"isPartOf\":{\"@id\":\"https:\/\/www.gebrvermeertransport.nl\/#website\"},\"datePublished\":\"2021-03-24T14:50:09+00:00\",\"dateModified\":\"2022-04-11T10:02:28+00:00\",\"description\":\"Bij Gebr. Vermeer Industrial Movements kunt u terecht voor het huren van containers, testgewichten, heftrucks, minikranen en modulaire units.\",\"breadcrumb\":{\"@id\":\"https:\/\/www.gebrvermeertransport.nl\/verhuur\/#breadcrumb\"},\"inLanguage\":\"it-IT\",\"potentialAction\":[{\"@type\":\"ReadAction\",\"target\":[\"https:\/\/www.gebrvermeertransport.nl\/verhuur\/\"]}]},{\"@type\":\"BreadcrumbList\",\"@id\":\"https:\/\/www.gebrvermeertransport.nl\/verhuur\/#breadcrumb\",\"itemListElement\":[{\"@type\":\"ListItem\",\"position\":1,\"name\":\"Home\",\"item\":\"https:\/\/www.gebrvermeertransport.nl\/\"},{\"@type\":\"ListItem\",\"position\":2,\"name\":\"Verhuur\"}]},{\"@type\":\"WebSite\",\"@id\":\"https:\/\/www.gebrvermeertransport.nl\/#website\",\"url\":\"https:\/\/www.gebrvermeertransport.nl\/\",\"name\":\"Gebr. Vermeer\",\"description\":\"\",\"publisher\":{\"@id\":\"https:\/\/www.gebrvermeertransport.nl\/#organization\"},\"potentialAction\":[{\"@type\":\"SearchAction\",\"target\":{\"@type\":\"EntryPoint\",\"urlTemplate\":\"https:\/\/www.gebrvermeertransport.nl\/?s={search_term_string}\"},\"query-input\":{\"@type\":\"PropertyValueSpecification\",\"valueRequired\":true,\"valueName\":\"search_term_string\"}}],\"inLanguage\":\"it-IT\"},{\"@type\":\"Organization\",\"@id\":\"https:\/\/www.gebrvermeertransport.nl\/#organization\",\"name\":\"Gebr. Vermeer\",\"url\":\"https:\/\/www.gebrvermeertransport.nl\/\",\"logo\":{\"@type\":\"ImageObject\",\"inLanguage\":\"it-IT\",\"@id\":\"https:\/\/www.gebrvermeertransport.nl\/#\/schema\/logo\/image\/\",\"url\":\"https:\/\/www.gebrvermeertransport.nl\/wp-content\/uploads\/2020\/12\/Logo-web-GV.svg\",\"contentUrl\":\"https:\/\/www.gebrvermeertransport.nl\/wp-content\/uploads\/2020\/12\/Logo-web-GV.svg\",\"caption\":\"Gebr. Vermeer\"},\"image\":{\"@id\":\"https:\/\/www.gebrvermeertransport.nl\/#\/schema\/logo\/image\/\"}}]}<\/script>\n<!-- \/ Yoast SEO plugin. -->","yoast_head_json":{"title":"Una sintesi di tutti i servizi di noleggio offerti da Gebr. Vermeer Movimenti Industriali","description":"Potete noleggiare container, pesi di prova, carrelli elevatori, mini gru e unit\u00e0 modulari da Gebr. Vermeer Industrial Movements.","robots":{"index":"index","follow":"follow","max-snippet":"max-snippet:-1","max-image-preview":"max-image-preview:large","max-video-preview":"max-video-preview:-1"},"canonical":"https:\/\/www.gebrvermeertransport.nl\/it\/noleggio\/","og_locale":"it_IT","og_type":"article","og_title":"Alle verhuurdiensten van Gebr. Vermeer Industrial Movements op een rij","og_description":"Bij Gebr. Vermeer Industrial Movements kunt u terecht voor het huren van containers, testgewichten, heftrucks, minikranen en modulaire units.","og_url":"https:\/\/www.gebrvermeertransport.nl\/it\/noleggio\/","og_site_name":"Gebr. Vermeer","article_modified_time":"2022-04-11T10:02:28+00:00","twitter_card":"summary_large_image","twitter_misc":{"Tempo di lettura stimato":"1 minuto"},"schema":{"@context":"https:\/\/schema.org","@graph":[{"@type":"WebPage","@id":"https:\/\/www.gebrvermeertransport.nl\/verhuur\/","url":"https:\/\/www.gebrvermeertransport.nl\/verhuur\/","name":"Una sintesi di tutti i servizi di noleggio offerti da Gebr. Vermeer Movimenti Industriali","isPartOf":{"@id":"https:\/\/www.gebrvermeertransport.nl\/#website"},"datePublished":"2021-03-24T14:50:09+00:00","dateModified":"2022-04-11T10:02:28+00:00","description":"Potete noleggiare container, pesi di prova, carrelli elevatori, mini gru e unit\u00e0 modulari da Gebr. Vermeer Industrial Movements.","breadcrumb":{"@id":"https:\/\/www.gebrvermeertransport.nl\/verhuur\/#breadcrumb"},"inLanguage":"it-IT","potentialAction":[{"@type":"ReadAction","target":["https:\/\/www.gebrvermeertransport.nl\/verhuur\/"]}]},{"@type":"BreadcrumbList","@id":"https:\/\/www.gebrvermeertransport.nl\/verhuur\/#breadcrumb","itemListElement":[{"@type":"ListItem","position":1,"name":"Home","item":"https:\/\/www.gebrvermeertransport.nl\/"},{"@type":"ListItem","position":2,"name":"Verhuur"}]},{"@type":"WebSite","@id":"https:\/\/www.gebrvermeertransport.nl\/#website","url":"https:\/\/www.gebrvermeertransport.nl\/","name":"Gebr. Vermeer","description":"","publisher":{"@id":"https:\/\/www.gebrvermeertransport.nl\/#organization"},"potentialAction":[{"@type":"SearchAction","target":{"@type":"EntryPoint","urlTemplate":"https:\/\/www.gebrvermeertransport.nl\/?s={search_term_string}"},"query-input":{"@type":"PropertyValueSpecification","valueRequired":true,"valueName":"search_term_string"}}],"inLanguage":"it-IT"},{"@type":"Organization","@id":"https:\/\/www.gebrvermeertransport.nl\/#organization","name":"Gebr. Vermeer","url":"https:\/\/www.gebrvermeertransport.nl\/","logo":{"@type":"ImageObject","inLanguage":"it-IT","@id":"https:\/\/www.gebrvermeertransport.nl\/#\/schema\/logo\/image\/","url":"https:\/\/www.gebrvermeertransport.nl\/wp-content\/uploads\/2020\/12\/Logo-web-GV.svg","contentUrl":"https:\/\/www.gebrvermeertransport.nl\/wp-content\/uploads\/2020\/12\/Logo-web-GV.svg","caption":"Gebr. Vermeer"},"image":{"@id":"https:\/\/www.gebrvermeertransport.nl\/#\/schema\/logo\/image\/"}}]}},"_links":{"self":[{"href":"https:\/\/www.gebrvermeertransport.nl\/it\/wp-json\/wp\/v2\/pages\/2222","targetHints":{"allow":["GET"]}}],"collection":[{"href":"https:\/\/www.gebrvermeertransport.nl\/it\/wp-json\/wp\/v2\/pages"}],"about":[{"href":"https:\/\/www.gebrvermeertransport.nl\/it\/wp-json\/wp\/v2\/types\/page"}],"author":[{"embeddable":true,"href":"https:\/\/www.gebrvermeertransport.nl\/it\/wp-json\/wp\/v2\/users\/1"}],"replies":[{"embeddable":true,"href":"https:\/\/www.gebrvermeertransport.nl\/it\/wp-json\/wp\/v2\/comments?post=2222"}],"version-history":[{"count":11,"href":"https:\/\/www.gebrvermeertransport.nl\/it\/wp-json\/wp\/v2\/pages\/2222\/revisions"}],"predecessor-version":[{"id":2987,"href":"https:\/\/www.gebrvermeertransport.nl\/it\/wp-json\/wp\/v2\/pages\/2222\/revisions\/2987"}],"wp:attachment":[{"href":"https:\/\/www.gebrvermeertransport.nl\/it\/wp-json\/wp\/v2\/media?parent=2222"}],"curies":[{"name":"wp","href":"https:\/\/api.w.org\/{rel}","templated":true}]}}