{"id":197,"date":"2020-12-15T07:43:17","date_gmt":"2020-12-15T07:43:17","guid":{"rendered":"https:\/\/www.gebrvermeertransport.nl\/?page_id=197"},"modified":"2022-04-11T10:30:48","modified_gmt":"2022-04-11T10:30:48","slug":"trasporto-su-pianale","status":"publish","type":"page","link":"https:\/\/www.gebrvermeertransport.nl\/it\/trasporto-su-pianale\/","title":{"rendered":"Trasporto semiabbassato"},"content":{"rendered":"<div data-vc-full-width=\"true\" data-vc-full-width-init=\"false\" class=\"vc_row wpb_row vc_row-fluid sub-cat-intro-row wpex-vc-row-stretched\"><div class=\"wpb_column vc_column_container vc_col-sm-6\"><div class=\"vc_column-inner\"><div class=\"wpb_wrapper\">\n\t<div class=\"wpb_text_column wpb_content_element  intro-blok diapositief\" >\n\t\t<div class=\"wpb_wrapper\">\n\t\t\t<h1>Trasporto con caricatori semi-bassi e caricatori bassi<\/h1>\n<p>Abbiamo caricatori semi-bassi estensibili a partire da 82 cm di altezza da terra e caricatori bassi a partire da 38 cm di altezza da terra. Sono disponibili sia in versione aperta che con teloni scorrevoli e portali posteriori estensibili per il trasporto di carichi di grandi dimensioni sotto telo. Potete contattarci anche per i rimorchi a pianale ribassato con colli rimovibili e per i rimorchi a pianale semi ribassato carrabili. Qui ci occupiamo dell'intero processo di trasporto (se lo desiderate), comprese le indicazioni e i permessi di trasporto. Il vostro carico arriva rapidamente in qualsiasi luogo desiderato, mentre noi riduciamo al minimo i disagi per gli altri utenti della strada e per l'ambiente residenziale.<\/p>\n\n\t\t<\/div>\n\t<\/div>\n<\/div><\/div><\/div><div class=\"wpb_column vc_column_container vc_col-sm-6\"><div class=\"vc_column-inner\"><div class=\"wpb_wrapper\">\n\t<div  class=\"wpb_single_image wpb_content_element vc_align_   sub-cat-header-afb\">\n\t\t\n\t\t<figure class=\"wpb_wrapper vc_figure\">\n\t\t\t<div class=\"vc_single_image-wrapper   vc_box_border_grey\"><img loading=\"lazy\" decoding=\"async\" width=\"800\" height=\"515\" src=\"https:\/\/www.gebrvermeertransport.nl\/wp-content\/uploads\/2020\/12\/Dieplader-transport-uitgelicht.jpg\" class=\"vc_single_image-img attachment-full\" alt=\"\" srcset=\"https:\/\/www.gebrvermeertransport.nl\/wp-content\/uploads\/2020\/12\/Dieplader-transport-uitgelicht.jpg 800w, https:\/\/www.gebrvermeertransport.nl\/wp-content\/uploads\/2020\/12\/Dieplader-transport-uitgelicht-300x193.jpg 300w, https:\/\/www.gebrvermeertransport.nl\/wp-content\/uploads\/2020\/12\/Dieplader-transport-uitgelicht-768x494.jpg 768w\" sizes=\"auto, (max-width: 800px) 100vw, 800px\" \/><\/div>\n\t\t<\/figure>\n\t<\/div>\n<\/div><\/div><\/div><\/div><div class=\"vc_row-full-width vc_clearfix\"><\/div><div class=\"vc_row wpb_row vc_row-fluid content-sidebar-row wpex-vc-has-custom-column-spacing wpex-vc-column-spacing-40 tablet-fullwidth-columns\"><div class=\"wpb_column tekst-kolom vc_column_container vc_col-sm-8\"><div class=\"vc_column-inner\"><div class=\"wpb_wrapper\">\n\t<div class=\"wpb_text_column wpb_content_element  first\" >\n\t\t<div class=\"wpb_wrapper\">\n\t\t\t<h2>Il trasporto a basso carico funziona come un orologio con Gebr. Vermeer<\/h2>\n<p>Con il nostro trasporto a basso carico, Gebr. Vermeer Movimenti Industriali \u00e8 in grado di gestire qualsiasi carico, indipendentemente dal peso o dalla forma irregolare. Lavoriamo con personale specializzato che non lascia nulla al caso. Se per questo trasporto sono necessari permessi speciali, molto probabilmente la nostra azienda ne \u00e8 gi\u00e0 in possesso. In caso contrario, sappiamo come fare per ottenerli rapidamente. Avete esigenze particolari? Ad esempio, volete far trasportare un'imbarcazione? Allora \u00e8 bene sapere che Gebr. Vermeer dispone di caricatori bassi per il trasporto di barche e yacht.<\/p>\n\n\t\t<\/div>\n\t<\/div>\n<div class=\"wpex-slider-preloaderimg\"><img loading=\"lazy\" decoding=\"async\" data-no-lazy=\"1\" class=\"skip-lazy\" src=\"https:\/\/www.gebrvermeertransport.nl\/wp-content\/uploads\/2021\/01\/Dieplader-transport-1.jpg\" alt=\"\" width=\"980\" height=\"400\" \/><\/div><div class=\"vcex-module wpex-slider slider-pro vcex-image-slider wpex-clr\" data-auto-play=\"false\" data-auto-play-delay=\"5000\" data-buttons=\"false\" data-fade-arrows=\"false\" data-animation-speed=\"600\" data-height-animation-duration=\"500\" data-thumbnail-height=\"70\" data-thumbnail-width=\"70\"><div class=\"wpex-slider-slides sp-slides\"><div class=\"wpex-slider-slide sp-slide\"><div class=\"wpex-slider-media\"><img loading=\"lazy\" decoding=\"async\" data-no-lazy=\"1\" class=\"skip-lazy\" src=\"https:\/\/www.gebrvermeertransport.nl\/wp-content\/uploads\/2021\/01\/Dieplader-transport-1.jpg\" alt=\"\" width=\"980\" height=\"400\" \/><\/div><\/div><div class=\"wpex-slider-slide sp-slide\"><div class=\"wpex-slider-media\"><img loading=\"lazy\" decoding=\"async\" data-no-lazy=\"1\" class=\"skip-lazy\" src=\"https:\/\/www.gebrvermeertransport.nl\/wp-content\/uploads\/2021\/03\/Dieplader-transport-2.jpg\" alt=\"\" width=\"980\" height=\"400\" \/><\/div><\/div><div class=\"wpex-slider-slide sp-slide\"><div class=\"wpex-slider-media\"><img loading=\"lazy\" decoding=\"async\" data-no-lazy=\"1\" class=\"skip-lazy\" src=\"https:\/\/www.gebrvermeertransport.nl\/wp-content\/uploads\/2021\/03\/Dieplader-transport-3.jpg\" alt=\"\" width=\"980\" height=\"400\" \/><\/div><\/div><div class=\"wpex-slider-slide sp-slide\"><div class=\"wpex-slider-media\"><img loading=\"lazy\" decoding=\"async\" data-no-lazy=\"1\" class=\"skip-lazy\" src=\"https:\/\/www.gebrvermeertransport.nl\/wp-content\/uploads\/2022\/03\/IMG_8133.jpg\" alt=\"\" width=\"1600\" height=\"1200\" \/><\/div><\/div><\/div><\/div>\n\t<div class=\"wpb_text_column wpb_content_element\" >\n\t\t<div class=\"wpb_wrapper\">\n\t\t\t<h3>Un sofisticato trasporto a basso carico in qualsiasi luogo<\/h3>\n<p>Grazie a una sofisticata flotta di veicoli speciali, possiamo effettuare un trasporto con un caricatore basso in modo efficiente e senza problemi. Un caricatore basso \u00e8 ideale per trasportare, ad esempio, un carico pi\u00f9 elevato. Con un rimorchio normale, potrebbero sorgere problemi quando si passa sotto viadotti e ponti. Se il carico non \u00e8 cos\u00ec elevato e non \u00e8 necessario tenere conto dell'altezza da terra (lo spazio tra il veicolo e la superficie stradale), i semirimorchi ribassati offrono una soluzione. I nostri rimorchi Euro a pianale ribassato sono utilizzati per i trasporti su larga scala, con il grande vantaggio di essere molto maneggevoli nonostante le dimensioni considerevoli.<\/p>\n<p>Compilare il nostro <a href=\"https:\/\/www.gebrvermeertransport.nl\/it\/contatto\/\">modulo di contatto<\/a> se anche voi volete beneficiare di questi vantaggi. Se avete domande sul trasporto con caricatore basso, saremo lieti di ascoltarle. Il nostro personale risponder\u00e0 con tutta la sua competenza e vi illustrer\u00e0 le ampie possibilit\u00e0 offerte da Gebr. Vermeer Industrial Movements.<\/p>\n\n\t\t<\/div>\n\t<\/div>\n<\/div><\/div><\/div><div class=\"wpb_column sidebar-kolom vc_column_container vc_col-sm-4\"><div class=\"vc_column-inner\"><div class=\"wpb_wrapper\"><div class=\"templatera_shortcode\"><div class=\"vc_row wpb_row vc_row-fluid\"><div class=\"wpb_column vc_column_container vc_col-sm-12\"><div class=\"vc_column-inner vc_custom_1608038486316\"><div class=\"wpb_wrapper\">\n\t<div class=\"wpb_text_column wpb_content_element  sidebar-blok-grijs diapositief\" >\n\t\t<div class=\"wpb_wrapper\">\n\t\t\t<h3>Contattate<\/h3>\n<p>Avete una domanda? In tal caso, non esitate a contattarci. Potete compilare il nostro modulo di contatto online o chiamarci direttamente al numero: 013 - 4670272. Gebr. Vermeer vi aiuter\u00e0!<\/p>\n<p><a class=\"button wit\" href=\"\/it\/contatto\/\">Contattate<\/a><\/p>\n\n\t\t<\/div>\n\t<\/div>\n<\/div><\/div><\/div><\/div><\/div><div class=\"templatera_shortcode\"><div class=\"vc_row wpb_row vc_row-fluid\"><div class=\"wpb_column vc_column_container vc_col-sm-12\"><div class=\"vc_column-inner vc_custom_1608038486316\"><div class=\"wpb_wrapper\">\n\t<div class=\"wpb_text_column wpb_content_element  sidebar-blok-offerte diapositief\" >\n\t\t<div class=\"wpb_wrapper\">\n\t\t\t<h3>Richiesta di preventivo<\/h3>\n<p>Desiderate ricevere un preventivo? Allora potete compilare un modulo di richiesta di preventivo direttamente online, in modo semplice e veloce. Vi contatteremo noi. Gebr. Vermeer Trasporti Speciali vi aiuter\u00e0!<\/p>\n<p><a class=\"button wit\" href=\"\/it\/richiedere-un-preventivo\/\">Richiesta di preventivo<\/a><\/p>\n\n\t\t<\/div>\n\t<\/div>\n<\/div><\/div><\/div><\/div><\/div><\/div><\/div><\/div><\/div><div data-vc-full-width=\"true\" data-vc-full-width-init=\"false\" class=\"vc_row wpb_row vc_row-fluid skewed-bg-row sub-cat wpex-vc-row-stretched\"><div class=\"wpb_column vc_column_container vc_col-sm-12\"><div class=\"vc_column-inner\"><div class=\"wpb_wrapper\"><div class=\"vc_row wpb_row vc_inner vc_row-fluid sub-cat-projecten-row\"><div class=\"wpb_column vc_column_container vc_col-sm-12\"><div class=\"vc_column-inner\"><div class=\"wpb_wrapper\">\n\t<div class=\"wpb_text_column wpb_content_element\" >\n\t\t<div class=\"wpb_wrapper\">\n\t\t\t<h3>Progetti<\/h3>\n<p><span class=\"grijs ondertitel\">Trasporto semiabbassato<\/span><\/p>\n\n\t\t<\/div>\n\t<\/div>\nPresto online.<\/div><\/div><\/div><\/div><\/div><\/div><\/div><\/div><div class=\"vc_row-full-width vc_clearfix\"><\/div>","protected":false},"excerpt":{"rendered":"Trasporto con semi-caricatori e caricatori bassi Disponiamo di semi-caricatori estensibili a partire da 82 cm di altezza da terra e di caricatori bassi a partire da 38 cm di altezza da terra. Sono entrambi in versione aperta o dotati di teloni scorrevoli e di portali posteriori allargabili per il trasporto di merci fuori misura...","protected":false},"author":1,"featured_media":203,"parent":0,"menu_order":0,"comment_status":"closed","ping_status":"closed","template":"","meta":{"inline_featured_image":false,"footnotes":""},"class_list":["post-197","page","type-page","status-publish","has-post-thumbnail","hentry","entry","has-media"],"yoast_head":"<!-- This site is optimized with the Yoast SEO plugin v26.4 - https:\/\/yoast.com\/wordpress\/plugins\/seo\/ -->\n<title>Dieplader transport verloopt op rolletjes met Gebr. Vermeer<\/title>\n<meta name=\"description\" content=\"Met ons dieplader transport zijn wij in staat om iedere lading, ongeacht het gewicht of de vorm, tot een goed einde te brengen.\" \/>\n<meta name=\"robots\" content=\"index, follow, max-snippet:-1, max-image-preview:large, max-video-preview:-1\" \/>\n<link rel=\"canonical\" href=\"https:\/\/www.gebrvermeertransport.nl\/it\/trasporto-su-pianale\/\" \/>\n<meta property=\"og:locale\" content=\"it_IT\" \/>\n<meta property=\"og:type\" content=\"article\" \/>\n<meta property=\"og:title\" content=\"Dieplader transport verloopt op rolletjes met Gebr. Vermeer\" \/>\n<meta property=\"og:description\" content=\"Met ons dieplader transport zijn wij in staat om iedere lading, ongeacht het gewicht of de vorm, tot een goed einde te brengen.\" \/>\n<meta property=\"og:url\" content=\"https:\/\/www.gebrvermeertransport.nl\/it\/trasporto-su-pianale\/\" \/>\n<meta property=\"og:site_name\" content=\"Gebr. Vermeer\" \/>\n<meta property=\"article:modified_time\" content=\"2022-04-11T10:30:48+00:00\" \/>\n<meta property=\"og:image\" content=\"https:\/\/www.gebrvermeertransport.nl\/wp-content\/uploads\/2020\/12\/Dieplader-transport-uitgelicht.jpg\" \/>\n\t<meta property=\"og:image:width\" content=\"800\" \/>\n\t<meta property=\"og:image:height\" content=\"515\" \/>\n\t<meta property=\"og:image:type\" content=\"image\/jpeg\" \/>\n<meta name=\"twitter:card\" content=\"summary_large_image\" \/>\n<meta name=\"twitter:label1\" content=\"Tempo di lettura stimato\" \/>\n\t<meta name=\"twitter:data1\" content=\"2 minuti\" \/>\n<script type=\"application\/ld+json\" class=\"yoast-schema-graph\">{\"@context\":\"https:\/\/schema.org\",\"@graph\":[{\"@type\":\"WebPage\",\"@id\":\"https:\/\/www.gebrvermeertransport.nl\/dieplader-transport\/\",\"url\":\"https:\/\/www.gebrvermeertransport.nl\/dieplader-transport\/\",\"name\":\"Dieplader transport verloopt op rolletjes met Gebr. Vermeer\",\"isPartOf\":{\"@id\":\"https:\/\/www.gebrvermeertransport.nl\/#website\"},\"primaryImageOfPage\":{\"@id\":\"https:\/\/www.gebrvermeertransport.nl\/dieplader-transport\/#primaryimage\"},\"image\":{\"@id\":\"https:\/\/www.gebrvermeertransport.nl\/dieplader-transport\/#primaryimage\"},\"thumbnailUrl\":\"https:\/\/www.gebrvermeertransport.nl\/wp-content\/uploads\/2020\/12\/Dieplader-transport-uitgelicht.jpg\",\"datePublished\":\"2020-12-15T07:43:17+00:00\",\"dateModified\":\"2022-04-11T10:30:48+00:00\",\"description\":\"Met ons dieplader transport zijn wij in staat om iedere lading, ongeacht het gewicht of de vorm, tot een goed einde te brengen.\",\"breadcrumb\":{\"@id\":\"https:\/\/www.gebrvermeertransport.nl\/dieplader-transport\/#breadcrumb\"},\"inLanguage\":\"it-IT\",\"potentialAction\":[{\"@type\":\"ReadAction\",\"target\":[\"https:\/\/www.gebrvermeertransport.nl\/dieplader-transport\/\"]}]},{\"@type\":\"ImageObject\",\"inLanguage\":\"it-IT\",\"@id\":\"https:\/\/www.gebrvermeertransport.nl\/dieplader-transport\/#primaryimage\",\"url\":\"https:\/\/www.gebrvermeertransport.nl\/wp-content\/uploads\/2020\/12\/Dieplader-transport-uitgelicht.jpg\",\"contentUrl\":\"https:\/\/www.gebrvermeertransport.nl\/wp-content\/uploads\/2020\/12\/Dieplader-transport-uitgelicht.jpg\",\"width\":800,\"height\":515},{\"@type\":\"BreadcrumbList\",\"@id\":\"https:\/\/www.gebrvermeertransport.nl\/dieplader-transport\/#breadcrumb\",\"itemListElement\":[{\"@type\":\"ListItem\",\"position\":1,\"name\":\"Home\",\"item\":\"https:\/\/www.gebrvermeertransport.nl\/\"},{\"@type\":\"ListItem\",\"position\":2,\"name\":\"Semi dieplader transport\"}]},{\"@type\":\"WebSite\",\"@id\":\"https:\/\/www.gebrvermeertransport.nl\/#website\",\"url\":\"https:\/\/www.gebrvermeertransport.nl\/\",\"name\":\"Gebr. Vermeer\",\"description\":\"\",\"publisher\":{\"@id\":\"https:\/\/www.gebrvermeertransport.nl\/#organization\"},\"potentialAction\":[{\"@type\":\"SearchAction\",\"target\":{\"@type\":\"EntryPoint\",\"urlTemplate\":\"https:\/\/www.gebrvermeertransport.nl\/?s={search_term_string}\"},\"query-input\":{\"@type\":\"PropertyValueSpecification\",\"valueRequired\":true,\"valueName\":\"search_term_string\"}}],\"inLanguage\":\"it-IT\"},{\"@type\":\"Organization\",\"@id\":\"https:\/\/www.gebrvermeertransport.nl\/#organization\",\"name\":\"Gebr. Vermeer\",\"url\":\"https:\/\/www.gebrvermeertransport.nl\/\",\"logo\":{\"@type\":\"ImageObject\",\"inLanguage\":\"it-IT\",\"@id\":\"https:\/\/www.gebrvermeertransport.nl\/#\/schema\/logo\/image\/\",\"url\":\"https:\/\/www.gebrvermeertransport.nl\/wp-content\/uploads\/2020\/12\/Logo-web-GV.svg\",\"contentUrl\":\"https:\/\/www.gebrvermeertransport.nl\/wp-content\/uploads\/2020\/12\/Logo-web-GV.svg\",\"caption\":\"Gebr. Vermeer\"},\"image\":{\"@id\":\"https:\/\/www.gebrvermeertransport.nl\/#\/schema\/logo\/image\/\"}}]}<\/script>\n<!-- \/ Yoast SEO plugin. -->","yoast_head_json":{"title":"Il trasporto a basso carico funziona come un orologio con Gebr. Vermeer","description":"Con il nostro trasporto a basso carico, siamo in grado di gestire qualsiasi carico, indipendentemente dal peso o dalla forma, fino al completamento.","robots":{"index":"index","follow":"follow","max-snippet":"max-snippet:-1","max-image-preview":"max-image-preview:large","max-video-preview":"max-video-preview:-1"},"canonical":"https:\/\/www.gebrvermeertransport.nl\/it\/trasporto-su-pianale\/","og_locale":"it_IT","og_type":"article","og_title":"Dieplader transport verloopt op rolletjes met Gebr. Vermeer","og_description":"Met ons dieplader transport zijn wij in staat om iedere lading, ongeacht het gewicht of de vorm, tot een goed einde te brengen.","og_url":"https:\/\/www.gebrvermeertransport.nl\/it\/trasporto-su-pianale\/","og_site_name":"Gebr. Vermeer","article_modified_time":"2022-04-11T10:30:48+00:00","og_image":[{"width":800,"height":515,"url":"https:\/\/www.gebrvermeertransport.nl\/wp-content\/uploads\/2020\/12\/Dieplader-transport-uitgelicht.jpg","type":"image\/jpeg"}],"twitter_card":"summary_large_image","twitter_misc":{"Tempo di lettura stimato":"2 minuti"},"schema":{"@context":"https:\/\/schema.org","@graph":[{"@type":"WebPage","@id":"https:\/\/www.gebrvermeertransport.nl\/dieplader-transport\/","url":"https:\/\/www.gebrvermeertransport.nl\/dieplader-transport\/","name":"Il trasporto a basso carico funziona come un orologio con Gebr. Vermeer","isPartOf":{"@id":"https:\/\/www.gebrvermeertransport.nl\/#website"},"primaryImageOfPage":{"@id":"https:\/\/www.gebrvermeertransport.nl\/dieplader-transport\/#primaryimage"},"image":{"@id":"https:\/\/www.gebrvermeertransport.nl\/dieplader-transport\/#primaryimage"},"thumbnailUrl":"https:\/\/www.gebrvermeertransport.nl\/wp-content\/uploads\/2020\/12\/Dieplader-transport-uitgelicht.jpg","datePublished":"2020-12-15T07:43:17+00:00","dateModified":"2022-04-11T10:30:48+00:00","description":"Con il nostro trasporto a basso carico, siamo in grado di gestire qualsiasi carico, indipendentemente dal peso o dalla forma, fino al completamento.","breadcrumb":{"@id":"https:\/\/www.gebrvermeertransport.nl\/dieplader-transport\/#breadcrumb"},"inLanguage":"it-IT","potentialAction":[{"@type":"ReadAction","target":["https:\/\/www.gebrvermeertransport.nl\/dieplader-transport\/"]}]},{"@type":"ImageObject","inLanguage":"it-IT","@id":"https:\/\/www.gebrvermeertransport.nl\/dieplader-transport\/#primaryimage","url":"https:\/\/www.gebrvermeertransport.nl\/wp-content\/uploads\/2020\/12\/Dieplader-transport-uitgelicht.jpg","contentUrl":"https:\/\/www.gebrvermeertransport.nl\/wp-content\/uploads\/2020\/12\/Dieplader-transport-uitgelicht.jpg","width":800,"height":515},{"@type":"BreadcrumbList","@id":"https:\/\/www.gebrvermeertransport.nl\/dieplader-transport\/#breadcrumb","itemListElement":[{"@type":"ListItem","position":1,"name":"Home","item":"https:\/\/www.gebrvermeertransport.nl\/"},{"@type":"ListItem","position":2,"name":"Semi dieplader transport"}]},{"@type":"WebSite","@id":"https:\/\/www.gebrvermeertransport.nl\/#website","url":"https:\/\/www.gebrvermeertransport.nl\/","name":"Gebr. Vermeer","description":"","publisher":{"@id":"https:\/\/www.gebrvermeertransport.nl\/#organization"},"potentialAction":[{"@type":"SearchAction","target":{"@type":"EntryPoint","urlTemplate":"https:\/\/www.gebrvermeertransport.nl\/?s={search_term_string}"},"query-input":{"@type":"PropertyValueSpecification","valueRequired":true,"valueName":"search_term_string"}}],"inLanguage":"it-IT"},{"@type":"Organization","@id":"https:\/\/www.gebrvermeertransport.nl\/#organization","name":"Gebr. Vermeer","url":"https:\/\/www.gebrvermeertransport.nl\/","logo":{"@type":"ImageObject","inLanguage":"it-IT","@id":"https:\/\/www.gebrvermeertransport.nl\/#\/schema\/logo\/image\/","url":"https:\/\/www.gebrvermeertransport.nl\/wp-content\/uploads\/2020\/12\/Logo-web-GV.svg","contentUrl":"https:\/\/www.gebrvermeertransport.nl\/wp-content\/uploads\/2020\/12\/Logo-web-GV.svg","caption":"Gebr. Vermeer"},"image":{"@id":"https:\/\/www.gebrvermeertransport.nl\/#\/schema\/logo\/image\/"}}]}},"_links":{"self":[{"href":"https:\/\/www.gebrvermeertransport.nl\/it\/wp-json\/wp\/v2\/pages\/197","targetHints":{"allow":["GET"]}}],"collection":[{"href":"https:\/\/www.gebrvermeertransport.nl\/it\/wp-json\/wp\/v2\/pages"}],"about":[{"href":"https:\/\/www.gebrvermeertransport.nl\/it\/wp-json\/wp\/v2\/types\/page"}],"author":[{"embeddable":true,"href":"https:\/\/www.gebrvermeertransport.nl\/it\/wp-json\/wp\/v2\/users\/1"}],"replies":[{"embeddable":true,"href":"https:\/\/www.gebrvermeertransport.nl\/it\/wp-json\/wp\/v2\/comments?post=197"}],"version-history":[{"count":13,"href":"https:\/\/www.gebrvermeertransport.nl\/it\/wp-json\/wp\/v2\/pages\/197\/revisions"}],"predecessor-version":[{"id":3181,"href":"https:\/\/www.gebrvermeertransport.nl\/it\/wp-json\/wp\/v2\/pages\/197\/revisions\/3181"}],"wp:featuredmedia":[{"embeddable":true,"href":"https:\/\/www.gebrvermeertransport.nl\/it\/wp-json\/wp\/v2\/media\/203"}],"wp:attachment":[{"href":"https:\/\/www.gebrvermeertransport.nl\/it\/wp-json\/wp\/v2\/media?parent=197"}],"curies":[{"name":"wp","href":"https:\/\/api.w.org\/{rel}","templated":true}]}}