{"id":1943,"date":"2021-01-22T14:08:06","date_gmt":"2021-01-22T14:08:06","guid":{"rendered":"https:\/\/www.gebrvermeertransport.nl\/?page_id=1943"},"modified":"2025-11-25T07:51:08","modified_gmt":"2025-11-25T07:51:08","slug":"portali-di-sollevamento","status":"publish","type":"page","link":"https:\/\/www.gebrvermeertransport.nl\/it\/portali-di-sollevamento\/","title":{"rendered":"Pali di sollevamento"},"content":{"rendered":"<div data-vc-full-width=\"true\" data-vc-full-width-init=\"false\" class=\"vc_row wpb_row vc_row-fluid sub-cat-intro-row wpex-vc-row-stretched\"><div class=\"wpb_column vc_column_container vc_col-sm-6\"><div class=\"vc_column-inner\"><div class=\"wpb_wrapper\">\n\t<div class=\"wpb_text_column wpb_content_element  intro-blok diapositief\" >\n\t\t<div class=\"wpb_wrapper\">\n\t\t\t<h1>Pali di sollevamento<\/h1>\n<p>I carriponte idraulici sono un modo sicuro ed efficiente per movimentare carichi pesanti in applicazioni in cui non \u00e8 disponibile una gru da sala o in cui una gru mobile tradizionale non \u00e8 adatta.<\/p>\n<p>Le gru normali sollevano dal cuore della gru al punto di sollevamento dell'oggetto, ma con un portale di sollevamento il sollevamento avviene tra le gambe. Ci\u00f2 rende questo metodo molto adatto al posizionamento e al sollevamento di carichi in spazi ristretti. Questo metodo pu\u00f2 essere utilizzato sia all'interno che all'esterno. Disponiamo di varie opzioni con diverse capacit\u00e0 di sollevamento, in modo da avere sempre l'attrezzatura giusta per la vostra sfida.<\/p>\n\n\t\t<\/div>\n\t<\/div>\n<\/div><\/div><\/div><div class=\"wpb_column vc_column_container vc_col-sm-6\"><div class=\"vc_column-inner\"><div class=\"wpb_wrapper\">\n\t<div  class=\"wpb_single_image wpb_content_element vc_align_   sub-cat-header-afb\">\n\t\t\n\t\t<figure class=\"wpb_wrapper vc_figure\">\n\t\t\t<div class=\"vc_single_image-wrapper   vc_box_border_grey\"><img loading=\"lazy\" decoding=\"async\" width=\"800\" height=\"515\" src=\"https:\/\/www.gebrvermeertransport.nl\/wp-content\/uploads\/2021\/01\/Hijsportalen-uitgelicht.jpg\" class=\"vc_single_image-img attachment-full\" alt=\"\" srcset=\"https:\/\/www.gebrvermeertransport.nl\/wp-content\/uploads\/2021\/01\/Hijsportalen-uitgelicht.jpg 800w, https:\/\/www.gebrvermeertransport.nl\/wp-content\/uploads\/2021\/01\/Hijsportalen-uitgelicht-300x193.jpg 300w, https:\/\/www.gebrvermeertransport.nl\/wp-content\/uploads\/2021\/01\/Hijsportalen-uitgelicht-768x494.jpg 768w\" sizes=\"auto, (max-width: 800px) 100vw, 800px\" \/><\/div>\n\t\t<\/figure>\n\t<\/div>\n<\/div><\/div><\/div><\/div><div class=\"vc_row-full-width vc_clearfix\"><\/div><div class=\"vc_row wpb_row vc_row-fluid content-sidebar-row wpex-vc-has-custom-column-spacing wpex-vc-column-spacing-40 tablet-fullwidth-columns\"><div class=\"wpb_column tekst-kolom vc_column_container vc_col-sm-8\"><div class=\"vc_column-inner\"><div class=\"wpb_wrapper\">\n\t<div class=\"wpb_text_column wpb_content_element  first\" >\n\t\t<div class=\"wpb_wrapper\">\n\t\t\t<h2>Scelta di attrezzature per affrontare qualsiasi lavoro<\/h2>\n<p>Gebr. Vermeer dispone di un'ampia gamma di attrezzature per affrontare lavori che richiedono capacit\u00e0 di sollevamento millimetriche. Abbiamo a disposizione portali di sollevamento idraulici, portali di sollevamento smontabili in alluminio fino a 5 tonnellate e portali di sollevamento idraulici per il sollevamento di carichi meno pesanti. A seconda del lavoro richiesto, abbiamo a disposizione diversi strumenti, come travi di sollevamento, attrezzature di sollevamento e travi sottocarro.<\/p>\n\n\t\t<\/div>\n\t<\/div>\n<div class=\"wpex-slider-preloaderimg\"><img loading=\"lazy\" decoding=\"async\" data-no-lazy=\"1\" class=\"skip-lazy\" src=\"https:\/\/www.gebrvermeertransport.nl\/wp-content\/uploads\/2022\/04\/Hijsportalen-2.jpg\" alt=\"\" width=\"980\" height=\"400\" \/><\/div><div class=\"vcex-module wpex-slider slider-pro vcex-image-slider wpex-clr\" data-auto-play=\"false\" data-auto-play-delay=\"5000\" data-buttons=\"false\" data-fade-arrows=\"false\" data-animation-speed=\"600\" data-height-animation-duration=\"500\" data-thumbnail-height=\"70\" data-thumbnail-width=\"70\"><div class=\"wpex-slider-slides sp-slides\"><div class=\"wpex-slider-slide sp-slide\"><div class=\"wpex-slider-media\"><img loading=\"lazy\" decoding=\"async\" data-no-lazy=\"1\" class=\"skip-lazy\" src=\"https:\/\/www.gebrvermeertransport.nl\/wp-content\/uploads\/2022\/04\/Hijsportalen-2.jpg\" alt=\"\" width=\"980\" height=\"400\" \/><\/div><\/div><div class=\"wpex-slider-slide sp-slide\"><div class=\"wpex-slider-media\"><img loading=\"lazy\" decoding=\"async\" data-no-lazy=\"1\" class=\"skip-lazy\" src=\"https:\/\/www.gebrvermeertransport.nl\/wp-content\/uploads\/2022\/04\/Hijsportalen-3.jpg\" alt=\"\" width=\"980\" height=\"400\" \/><\/div><\/div><div class=\"wpex-slider-slide sp-slide\"><div class=\"wpex-slider-media\"><img loading=\"lazy\" decoding=\"async\" data-no-lazy=\"1\" class=\"skip-lazy\" src=\"https:\/\/www.gebrvermeertransport.nl\/wp-content\/uploads\/2021\/04\/Hijsportalen-1.jpg\" alt=\"\" width=\"980\" height=\"400\" \/><\/div><\/div><\/div><\/div>\n\t<div class=\"wpb_text_column wpb_content_element\" >\n\t\t<div class=\"wpb_wrapper\">\n\t\t\t<h3>Personale qualificato che conosce a menadito il sollevamento dei carriponte<\/h3>\n<p>Inoltre, il lavoro viene svolto da trasportatori di macchine guidati e qualificati, che conoscono a menadito il sollevamento dei carriponte. Con oltre 30 anni di esperienza, Gebr. Vermeer Industrial Movements \u00e8 all'altezza di ogni compito. Grazie alla nostra flotta aggiornata e all'ampio servizio di attrezzature, siamo veloci e flessibili nella pianificazione e nei servizi 24\/7. I clienti hanno un punto di contatto fisso all'interno della nostra azienda, che garantisce linee di comunicazione brevi in ogni momento.<\/p>\n<p>Potete rivolgervi a noi anche per il posizionamento di macchinari e lo smantellamento industriale di macchine, impianti e strutture. Questo pacchetto completo di servizi fa di Gebr. Vermeer un nome noto nel campo della delocalizzazione industriale.<\/p>\n<p>Siete interessati? Fateci sapere! Forse avete ancora delle domande, ad esempio sui nostri portali di sollevamento? Non esitate a chiedere! Alla Gebr. Vermeer Industrial Movements c'\u00e8 un team pronto ad aiutarvi ad andare avanti. Contattate <a href=\"https:\/\/www.gebrvermeertransport.nl\/it\/contatto\/\">contatto<\/a> per dare un'occhiata pi\u00f9 da vicino. Non ve ne pentirete di certo.<\/p>\n\n\t\t<\/div>\n\t<\/div>\n<\/div><\/div><\/div><div class=\"wpb_column sidebar-kolom vc_column_container vc_col-sm-4\"><div class=\"vc_column-inner\"><div class=\"wpb_wrapper\"><div class=\"templatera_shortcode\"><div class=\"vc_row wpb_row vc_row-fluid\"><div class=\"wpb_column vc_column_container vc_col-sm-12\"><div class=\"vc_column-inner vc_custom_1608038486316\"><div class=\"wpb_wrapper\">\n\t<div class=\"wpb_text_column wpb_content_element  sidebar-blok-grijs diapositief\" >\n\t\t<div class=\"wpb_wrapper\">\n\t\t\t<h3>Contattate<\/h3>\n<p>Avete una domanda? In tal caso, non esitate a contattarci. Potete compilare il nostro modulo di contatto online o chiamarci direttamente al numero: 013 - 4670272. Gebr. Vermeer vi aiuter\u00e0!<\/p>\n<p><a class=\"button wit\" href=\"\/it\/contatto\/\">Contattate<\/a><\/p>\n\n\t\t<\/div>\n\t<\/div>\n<\/div><\/div><\/div><\/div><\/div><div class=\"templatera_shortcode\"><div class=\"vc_row wpb_row vc_row-fluid\"><div class=\"wpb_column vc_column_container vc_col-sm-12\"><div class=\"vc_column-inner vc_custom_1608038486316\"><div class=\"wpb_wrapper\">\n\t<div class=\"wpb_text_column wpb_content_element  sidebar-blok-offerte diapositief\" >\n\t\t<div class=\"wpb_wrapper\">\n\t\t\t<h3>Richiesta di preventivo<\/h3>\n<p>Desiderate ricevere un preventivo? Allora potete compilare un modulo di richiesta di preventivo direttamente online, in modo semplice e veloce. Vi contatteremo noi. Gebr. Vermeer Trasporti Speciali vi aiuter\u00e0!<\/p>\n<p><a class=\"button wit\" href=\"\/it\/richiedere-un-preventivo\/\">Richiesta di preventivo<\/a><\/p>\n\n\t\t<\/div>\n\t<\/div>\n<\/div><\/div><\/div><\/div><\/div><\/div><\/div><\/div><\/div><div data-vc-full-width=\"true\" data-vc-full-width-init=\"false\" class=\"vc_row wpb_row vc_row-fluid skewed-bg-row sub-cat wpex-vc-row-stretched\"><div class=\"wpb_column vc_column_container vc_col-sm-12\"><div class=\"vc_column-inner\"><div class=\"wpb_wrapper\"><div class=\"vc_row wpb_row vc_inner vc_row-fluid sub-cat-projecten-row\"><div class=\"wpb_column vc_column_container vc_col-sm-12\"><div class=\"vc_column-inner\"><div class=\"wpb_wrapper\">\n\t<div class=\"wpb_text_column wpb_content_element\" >\n\t\t<div class=\"wpb_wrapper\">\n\t\t\t<h3>Progetti<\/h3>\n<p><span class=\"grijs ondertitel\">Pali di sollevamento<\/span><\/p>\n\n\t\t<\/div>\n\t<\/div>\nPresto online.<\/div><\/div><\/div><\/div><\/div><\/div><\/div><\/div><div class=\"vc_row-full-width vc_clearfix\"><\/div>","protected":false},"excerpt":{"rendered":"Portali di sollevamento I portali idraulici sono un modo sicuro ed efficiente per spostare carichi pesanti in applicazioni in cui non \u00e8 disponibile una gru da sala o in cui una gru mobile tradizionale non \u00e8 adatta. Le gru normali sollevano dal cuore della gru a...","protected":false},"author":1,"featured_media":2005,"parent":0,"menu_order":0,"comment_status":"closed","ping_status":"closed","template":"","meta":{"inline_featured_image":false,"footnotes":""},"class_list":["post-1943","page","type-page","status-publish","has-post-thumbnail","hentry","entry","has-media"],"yoast_head":"<!-- This site is optimized with the Yoast SEO plugin v26.4 - https:\/\/yoast.com\/wordpress\/plugins\/seo\/ -->\n<title>Hijsportalen tot 160 ton, uw machine onze zorg! Gebr. Vermeer.<\/title>\n<meta name=\"description\" content=\"Wij leveren maatwerk op het gebied van hijsportalen, het veilig en effici\u00ebnt hijsen van zware objecten dat is waar we goed in zijn!\" \/>\n<meta name=\"robots\" content=\"index, follow, max-snippet:-1, max-image-preview:large, max-video-preview:-1\" \/>\n<link rel=\"canonical\" href=\"https:\/\/www.gebrvermeertransport.nl\/it\/portali-di-sollevamento\/\" \/>\n<meta property=\"og:locale\" content=\"it_IT\" \/>\n<meta property=\"og:type\" content=\"article\" \/>\n<meta property=\"og:title\" content=\"Hijsportalen tot 160 ton, uw machine onze zorg! Gebr. Vermeer.\" \/>\n<meta property=\"og:description\" content=\"Wij leveren maatwerk op het gebied van hijsportalen, het veilig en effici\u00ebnt hijsen van zware objecten dat is waar we goed in zijn!\" \/>\n<meta property=\"og:url\" content=\"https:\/\/www.gebrvermeertransport.nl\/it\/portali-di-sollevamento\/\" \/>\n<meta property=\"og:site_name\" content=\"Gebr. Vermeer\" \/>\n<meta property=\"article:modified_time\" content=\"2025-11-25T07:51:08+00:00\" \/>\n<meta property=\"og:image\" content=\"https:\/\/www.gebrvermeertransport.nl\/wp-content\/uploads\/2021\/01\/Hijsportalen-uitgelicht.jpg\" \/>\n\t<meta property=\"og:image:width\" content=\"800\" \/>\n\t<meta property=\"og:image:height\" content=\"515\" \/>\n\t<meta property=\"og:image:type\" content=\"image\/jpeg\" \/>\n<meta name=\"twitter:card\" content=\"summary_large_image\" \/>\n<meta name=\"twitter:label1\" content=\"Tempo di lettura stimato\" \/>\n\t<meta name=\"twitter:data1\" content=\"3 minuti\" \/>\n<script type=\"application\/ld+json\" class=\"yoast-schema-graph\">{\"@context\":\"https:\/\/schema.org\",\"@graph\":[{\"@type\":\"WebPage\",\"@id\":\"https:\/\/www.gebrvermeertransport.nl\/hijsportalen\/\",\"url\":\"https:\/\/www.gebrvermeertransport.nl\/hijsportalen\/\",\"name\":\"Hijsportalen tot 160 ton, uw machine onze zorg! Gebr. Vermeer.\",\"isPartOf\":{\"@id\":\"https:\/\/www.gebrvermeertransport.nl\/#website\"},\"primaryImageOfPage\":{\"@id\":\"https:\/\/www.gebrvermeertransport.nl\/hijsportalen\/#primaryimage\"},\"image\":{\"@id\":\"https:\/\/www.gebrvermeertransport.nl\/hijsportalen\/#primaryimage\"},\"thumbnailUrl\":\"https:\/\/www.gebrvermeertransport.nl\/wp-content\/uploads\/2021\/01\/Hijsportalen-uitgelicht.jpg\",\"datePublished\":\"2021-01-22T14:08:06+00:00\",\"dateModified\":\"2025-11-25T07:51:08+00:00\",\"description\":\"Wij leveren maatwerk op het gebied van hijsportalen, het veilig en effici\u00ebnt hijsen van zware objecten dat is waar we goed in zijn!\",\"breadcrumb\":{\"@id\":\"https:\/\/www.gebrvermeertransport.nl\/hijsportalen\/#breadcrumb\"},\"inLanguage\":\"it-IT\",\"potentialAction\":[{\"@type\":\"ReadAction\",\"target\":[\"https:\/\/www.gebrvermeertransport.nl\/hijsportalen\/\"]}]},{\"@type\":\"ImageObject\",\"inLanguage\":\"it-IT\",\"@id\":\"https:\/\/www.gebrvermeertransport.nl\/hijsportalen\/#primaryimage\",\"url\":\"https:\/\/www.gebrvermeertransport.nl\/wp-content\/uploads\/2021\/01\/Hijsportalen-uitgelicht.jpg\",\"contentUrl\":\"https:\/\/www.gebrvermeertransport.nl\/wp-content\/uploads\/2021\/01\/Hijsportalen-uitgelicht.jpg\",\"width\":800,\"height\":515},{\"@type\":\"BreadcrumbList\",\"@id\":\"https:\/\/www.gebrvermeertransport.nl\/hijsportalen\/#breadcrumb\",\"itemListElement\":[{\"@type\":\"ListItem\",\"position\":1,\"name\":\"Home\",\"item\":\"https:\/\/www.gebrvermeertransport.nl\/\"},{\"@type\":\"ListItem\",\"position\":2,\"name\":\"Hijsportalen\"}]},{\"@type\":\"WebSite\",\"@id\":\"https:\/\/www.gebrvermeertransport.nl\/#website\",\"url\":\"https:\/\/www.gebrvermeertransport.nl\/\",\"name\":\"Gebr. Vermeer\",\"description\":\"\",\"publisher\":{\"@id\":\"https:\/\/www.gebrvermeertransport.nl\/#organization\"},\"potentialAction\":[{\"@type\":\"SearchAction\",\"target\":{\"@type\":\"EntryPoint\",\"urlTemplate\":\"https:\/\/www.gebrvermeertransport.nl\/?s={search_term_string}\"},\"query-input\":{\"@type\":\"PropertyValueSpecification\",\"valueRequired\":true,\"valueName\":\"search_term_string\"}}],\"inLanguage\":\"it-IT\"},{\"@type\":\"Organization\",\"@id\":\"https:\/\/www.gebrvermeertransport.nl\/#organization\",\"name\":\"Gebr. Vermeer\",\"url\":\"https:\/\/www.gebrvermeertransport.nl\/\",\"logo\":{\"@type\":\"ImageObject\",\"inLanguage\":\"it-IT\",\"@id\":\"https:\/\/www.gebrvermeertransport.nl\/#\/schema\/logo\/image\/\",\"url\":\"https:\/\/www.gebrvermeertransport.nl\/wp-content\/uploads\/2020\/12\/Logo-web-GV.svg\",\"contentUrl\":\"https:\/\/www.gebrvermeertransport.nl\/wp-content\/uploads\/2020\/12\/Logo-web-GV.svg\",\"caption\":\"Gebr. Vermeer\"},\"image\":{\"@id\":\"https:\/\/www.gebrvermeertransport.nl\/#\/schema\/logo\/image\/\"}}]}<\/script>\n<!-- \/ Yoast SEO plugin. -->","yoast_head_json":{"title":"Portali di sollevamento fino a 160 tonnellate, la vostra macchina \u00e8 la nostra preoccupazione! Gebr. Vermeer.","description":"Forniamo portali di sollevamento personalizzati, sollevare oggetti pesanti in modo sicuro ed efficiente \u00e8 ci\u00f2 che sappiamo fare meglio!","robots":{"index":"index","follow":"follow","max-snippet":"max-snippet:-1","max-image-preview":"max-image-preview:large","max-video-preview":"max-video-preview:-1"},"canonical":"https:\/\/www.gebrvermeertransport.nl\/it\/portali-di-sollevamento\/","og_locale":"it_IT","og_type":"article","og_title":"Hijsportalen tot 160 ton, uw machine onze zorg! Gebr. Vermeer.","og_description":"Wij leveren maatwerk op het gebied van hijsportalen, het veilig en effici\u00ebnt hijsen van zware objecten dat is waar we goed in zijn!","og_url":"https:\/\/www.gebrvermeertransport.nl\/it\/portali-di-sollevamento\/","og_site_name":"Gebr. Vermeer","article_modified_time":"2025-11-25T07:51:08+00:00","og_image":[{"width":800,"height":515,"url":"https:\/\/www.gebrvermeertransport.nl\/wp-content\/uploads\/2021\/01\/Hijsportalen-uitgelicht.jpg","type":"image\/jpeg"}],"twitter_card":"summary_large_image","twitter_misc":{"Tempo di lettura stimato":"3 minuti"},"schema":{"@context":"https:\/\/schema.org","@graph":[{"@type":"WebPage","@id":"https:\/\/www.gebrvermeertransport.nl\/hijsportalen\/","url":"https:\/\/www.gebrvermeertransport.nl\/hijsportalen\/","name":"Portali di sollevamento fino a 160 tonnellate, la vostra macchina \u00e8 la nostra preoccupazione! Gebr. Vermeer.","isPartOf":{"@id":"https:\/\/www.gebrvermeertransport.nl\/#website"},"primaryImageOfPage":{"@id":"https:\/\/www.gebrvermeertransport.nl\/hijsportalen\/#primaryimage"},"image":{"@id":"https:\/\/www.gebrvermeertransport.nl\/hijsportalen\/#primaryimage"},"thumbnailUrl":"https:\/\/www.gebrvermeertransport.nl\/wp-content\/uploads\/2021\/01\/Hijsportalen-uitgelicht.jpg","datePublished":"2021-01-22T14:08:06+00:00","dateModified":"2025-11-25T07:51:08+00:00","description":"Forniamo portali di sollevamento personalizzati, sollevare oggetti pesanti in modo sicuro ed efficiente \u00e8 ci\u00f2 che sappiamo fare meglio!","breadcrumb":{"@id":"https:\/\/www.gebrvermeertransport.nl\/hijsportalen\/#breadcrumb"},"inLanguage":"it-IT","potentialAction":[{"@type":"ReadAction","target":["https:\/\/www.gebrvermeertransport.nl\/hijsportalen\/"]}]},{"@type":"ImageObject","inLanguage":"it-IT","@id":"https:\/\/www.gebrvermeertransport.nl\/hijsportalen\/#primaryimage","url":"https:\/\/www.gebrvermeertransport.nl\/wp-content\/uploads\/2021\/01\/Hijsportalen-uitgelicht.jpg","contentUrl":"https:\/\/www.gebrvermeertransport.nl\/wp-content\/uploads\/2021\/01\/Hijsportalen-uitgelicht.jpg","width":800,"height":515},{"@type":"BreadcrumbList","@id":"https:\/\/www.gebrvermeertransport.nl\/hijsportalen\/#breadcrumb","itemListElement":[{"@type":"ListItem","position":1,"name":"Home","item":"https:\/\/www.gebrvermeertransport.nl\/"},{"@type":"ListItem","position":2,"name":"Hijsportalen"}]},{"@type":"WebSite","@id":"https:\/\/www.gebrvermeertransport.nl\/#website","url":"https:\/\/www.gebrvermeertransport.nl\/","name":"Gebr. Vermeer","description":"","publisher":{"@id":"https:\/\/www.gebrvermeertransport.nl\/#organization"},"potentialAction":[{"@type":"SearchAction","target":{"@type":"EntryPoint","urlTemplate":"https:\/\/www.gebrvermeertransport.nl\/?s={search_term_string}"},"query-input":{"@type":"PropertyValueSpecification","valueRequired":true,"valueName":"search_term_string"}}],"inLanguage":"it-IT"},{"@type":"Organization","@id":"https:\/\/www.gebrvermeertransport.nl\/#organization","name":"Gebr. Vermeer","url":"https:\/\/www.gebrvermeertransport.nl\/","logo":{"@type":"ImageObject","inLanguage":"it-IT","@id":"https:\/\/www.gebrvermeertransport.nl\/#\/schema\/logo\/image\/","url":"https:\/\/www.gebrvermeertransport.nl\/wp-content\/uploads\/2020\/12\/Logo-web-GV.svg","contentUrl":"https:\/\/www.gebrvermeertransport.nl\/wp-content\/uploads\/2020\/12\/Logo-web-GV.svg","caption":"Gebr. Vermeer"},"image":{"@id":"https:\/\/www.gebrvermeertransport.nl\/#\/schema\/logo\/image\/"}}]}},"_links":{"self":[{"href":"https:\/\/www.gebrvermeertransport.nl\/it\/wp-json\/wp\/v2\/pages\/1943","targetHints":{"allow":["GET"]}}],"collection":[{"href":"https:\/\/www.gebrvermeertransport.nl\/it\/wp-json\/wp\/v2\/pages"}],"about":[{"href":"https:\/\/www.gebrvermeertransport.nl\/it\/wp-json\/wp\/v2\/types\/page"}],"author":[{"embeddable":true,"href":"https:\/\/www.gebrvermeertransport.nl\/it\/wp-json\/wp\/v2\/users\/1"}],"replies":[{"embeddable":true,"href":"https:\/\/www.gebrvermeertransport.nl\/it\/wp-json\/wp\/v2\/comments?post=1943"}],"version-history":[{"count":12,"href":"https:\/\/www.gebrvermeertransport.nl\/it\/wp-json\/wp\/v2\/pages\/1943\/revisions"}],"predecessor-version":[{"id":3430,"href":"https:\/\/www.gebrvermeertransport.nl\/it\/wp-json\/wp\/v2\/pages\/1943\/revisions\/3430"}],"wp:featuredmedia":[{"embeddable":true,"href":"https:\/\/www.gebrvermeertransport.nl\/it\/wp-json\/wp\/v2\/media\/2005"}],"wp:attachment":[{"href":"https:\/\/www.gebrvermeertransport.nl\/it\/wp-json\/wp\/v2\/media?parent=1943"}],"curies":[{"name":"wp","href":"https:\/\/api.w.org\/{rel}","templated":true}]}}