{"id":190,"date":"2020-12-15T07:42:18","date_gmt":"2020-12-15T07:42:18","guid":{"rendered":"https:\/\/www.gebrvermeertransport.nl\/?page_id=190"},"modified":"2022-04-11T10:39:37","modified_gmt":"2022-04-11T10:39:37","slug":"rimorchi-con-telone-scorrevole","status":"publish","type":"page","link":"https:\/\/www.gebrvermeertransport.nl\/it\/rimorchi-con-telone-scorrevole\/","title":{"rendered":"Rimorchi telonati espandibili"},"content":{"rendered":"<div data-vc-full-width=\"true\" data-vc-full-width-init=\"false\" class=\"vc_row wpb_row vc_row-fluid sub-cat-intro-row wpex-vc-row-stretched\"><div class=\"wpb_column vc_column_container vc_col-sm-6\"><div class=\"vc_column-inner\"><div class=\"wpb_wrapper\">\n\t<div class=\"wpb_text_column wpb_content_element  intro-blok diapositief\" >\n\t\t<div class=\"wpb_wrapper\">\n\t\t\t<h1>Rimorchi telonati espandibili<\/h1>\n<p>Gebr. Vermeer dispone di rimorchi dotati di teloni scorrevoli, tetti scorrevoli e portali posteriori espandibili per il trasporto a secco di carichi con profilo esterno sotto telone. Questi rimorchi proteggono in modo ottimale i vostri trasporti in larghezza e in altezza dalle intemperie.<\/p>\n\n\t\t<\/div>\n\t<\/div>\n<\/div><\/div><\/div><div class=\"wpb_column vc_column_container vc_col-sm-6\"><div class=\"vc_column-inner\"><div class=\"wpb_wrapper\">\n\t<div  class=\"wpb_single_image wpb_content_element vc_align_   sub-cat-header-afb\">\n\t\t\n\t\t<figure class=\"wpb_wrapper vc_figure\">\n\t\t\t<div class=\"vc_single_image-wrapper   vc_box_border_grey\"><img loading=\"lazy\" decoding=\"async\" width=\"2560\" height=\"1439\" src=\"https:\/\/www.gebrvermeertransport.nl\/wp-content\/uploads\/2022\/03\/IMG_1291-scaled.jpg\" class=\"vc_single_image-img attachment-full\" alt=\"\" srcset=\"https:\/\/www.gebrvermeertransport.nl\/wp-content\/uploads\/2022\/03\/IMG_1291-scaled.jpg 2560w, https:\/\/www.gebrvermeertransport.nl\/wp-content\/uploads\/2022\/03\/IMG_1291-300x169.jpg 300w, https:\/\/www.gebrvermeertransport.nl\/wp-content\/uploads\/2022\/03\/IMG_1291-1024x575.jpg 1024w, https:\/\/www.gebrvermeertransport.nl\/wp-content\/uploads\/2022\/03\/IMG_1291-768x432.jpg 768w, https:\/\/www.gebrvermeertransport.nl\/wp-content\/uploads\/2022\/03\/IMG_1291-1536x863.jpg 1536w, https:\/\/www.gebrvermeertransport.nl\/wp-content\/uploads\/2022\/03\/IMG_1291-2048x1151.jpg 2048w\" sizes=\"auto, (max-width: 2560px) 100vw, 2560px\" \/><\/div>\n\t\t<\/figure>\n\t<\/div>\n<\/div><\/div><\/div><\/div><div class=\"vc_row-full-width vc_clearfix\"><\/div><div class=\"vc_row wpb_row vc_row-fluid content-sidebar-row wpex-vc-has-custom-column-spacing wpex-vc-column-spacing-40 tablet-fullwidth-columns\"><div class=\"wpb_column tekst-kolom vc_column_container vc_col-sm-8\"><div class=\"vc_column-inner\"><div class=\"wpb_wrapper\">\n\t<div class=\"wpb_text_column wpb_content_element  first\" >\n\t\t<div class=\"wpb_wrapper\">\n\t\t\t<h2>Affidabile, flessibile e a basso costo<\/h2>\n<p>A questo scopo, abbiamo a disposizione sia rimorchi piatti che semi-ribassati. Sono ideali per il trasporto di macchinari ad alta intensit\u00e0 di capitale e di beni di valore. Questi veicoli sono costruiti internamente, sono molto facili da usare e veloci da caricare e scaricare. Ci\u00f2 consente di risparmiare tempo e costi, in quanto lo scarico non \u00e8 pi\u00f9 necessario.<\/p>\n\n\t\t<\/div>\n\t<\/div>\n<div class=\"wpex-slider-preloaderimg\"><img loading=\"lazy\" decoding=\"async\" data-no-lazy=\"1\" class=\"skip-lazy\" src=\"https:\/\/www.gebrvermeertransport.nl\/wp-content\/uploads\/2021\/01\/Schuifzeiltrailers-1.jpg\" alt=\"\" width=\"980\" height=\"400\" \/><\/div><div class=\"vcex-module wpex-slider slider-pro vcex-image-slider wpex-clr\" data-auto-play=\"false\" data-auto-play-delay=\"5000\" data-buttons=\"false\" data-fade-arrows=\"false\" data-animation-speed=\"600\" data-height-animation-duration=\"500\" data-thumbnail-height=\"70\" data-thumbnail-width=\"70\"><div class=\"wpex-slider-slides sp-slides\"><div class=\"wpex-slider-slide sp-slide\"><div class=\"wpex-slider-media\"><img loading=\"lazy\" decoding=\"async\" data-no-lazy=\"1\" class=\"skip-lazy\" src=\"https:\/\/www.gebrvermeertransport.nl\/wp-content\/uploads\/2021\/01\/Schuifzeiltrailers-1.jpg\" alt=\"\" width=\"980\" height=\"400\" \/><\/div><\/div><div class=\"wpex-slider-slide sp-slide\"><div class=\"wpex-slider-media\"><img loading=\"lazy\" decoding=\"async\" data-no-lazy=\"1\" class=\"skip-lazy\" src=\"https:\/\/www.gebrvermeertransport.nl\/wp-content\/uploads\/2021\/04\/Schuifzeiltrailers-2.jpg\" alt=\"\" width=\"980\" height=\"400\" \/><\/div><\/div><div class=\"wpex-slider-slide sp-slide\"><div class=\"wpex-slider-media\"><img loading=\"lazy\" decoding=\"async\" data-no-lazy=\"1\" class=\"skip-lazy\" src=\"https:\/\/www.gebrvermeertransport.nl\/wp-content\/uploads\/2022\/03\/Schuifzeiltrailers-scaled.jpg\" alt=\"\" width=\"2560\" height=\"1920\" \/><\/div><\/div><div class=\"wpex-slider-slide sp-slide\"><div class=\"wpex-slider-media\"><img loading=\"lazy\" decoding=\"async\" data-no-lazy=\"1\" class=\"skip-lazy\" src=\"https:\/\/www.gebrvermeertransport.nl\/wp-content\/uploads\/2022\/03\/PHOTO-2020-01-16-19-38-15.jpg\" alt=\"\" width=\"1200\" height=\"1600\" \/><\/div><\/div><\/div><\/div><\/div><\/div><\/div><div class=\"wpb_column sidebar-kolom vc_column_container vc_col-sm-4\"><div class=\"vc_column-inner\"><div class=\"wpb_wrapper\"><div class=\"templatera_shortcode\"><div class=\"vc_row wpb_row vc_row-fluid\"><div class=\"wpb_column vc_column_container vc_col-sm-12\"><div class=\"vc_column-inner vc_custom_1608038486316\"><div class=\"wpb_wrapper\">\n\t<div class=\"wpb_text_column wpb_content_element  sidebar-blok-grijs diapositief\" >\n\t\t<div class=\"wpb_wrapper\">\n\t\t\t<h3>Contattate<\/h3>\n<p>Avete una domanda? In tal caso, non esitate a contattarci. Potete compilare il nostro modulo di contatto online o chiamarci direttamente al numero: 013 - 4670272. Gebr. Vermeer vi aiuter\u00e0!<\/p>\n<p><a class=\"button wit\" href=\"\/it\/contatto\/\">Contattate<\/a><\/p>\n\n\t\t<\/div>\n\t<\/div>\n<\/div><\/div><\/div><\/div><\/div><div class=\"templatera_shortcode\"><div class=\"vc_row wpb_row vc_row-fluid\"><div class=\"wpb_column vc_column_container vc_col-sm-12\"><div class=\"vc_column-inner vc_custom_1608038486316\"><div class=\"wpb_wrapper\">\n\t<div class=\"wpb_text_column wpb_content_element  sidebar-blok-offerte diapositief\" >\n\t\t<div class=\"wpb_wrapper\">\n\t\t\t<h3>Richiesta di preventivo<\/h3>\n<p>Desiderate ricevere un preventivo? Allora potete compilare un modulo di richiesta di preventivo direttamente online, in modo semplice e veloce. Vi contatteremo noi. Gebr. Vermeer Trasporti Speciali vi aiuter\u00e0!<\/p>\n<p><a class=\"button wit\" href=\"\/it\/richiedere-un-preventivo\/\">Richiesta di preventivo<\/a><\/p>\n\n\t\t<\/div>\n\t<\/div>\n<\/div><\/div><\/div><\/div><\/div><\/div><\/div><\/div><\/div><div data-vc-full-width=\"true\" data-vc-full-width-init=\"false\" class=\"vc_row wpb_row vc_row-fluid skewed-bg-row sub-cat wpex-vc-row-stretched\"><div class=\"wpb_column vc_column_container vc_col-sm-12\"><div class=\"vc_column-inner\"><div class=\"wpb_wrapper\"><div class=\"vc_row wpb_row vc_inner vc_row-fluid sub-cat-projecten-row\"><div class=\"wpb_column vc_column_container vc_col-sm-12\"><div class=\"vc_column-inner\"><div class=\"wpb_wrapper\">\n\t<div class=\"wpb_text_column wpb_content_element\" >\n\t\t<div class=\"wpb_wrapper\">\n\t\t\t<h3>Progetti<\/h3>\n<p><span class=\"grijs ondertitel\">Rimorchi telonati espandibili<\/span><\/p>\n\n\t\t<\/div>\n\t<\/div>\nPresto online.<\/div><\/div><\/div><\/div><\/div><\/div><\/div><\/div><div class=\"vc_row-full-width vc_clearfix\"><\/div>","protected":false},"excerpt":{"rendered":"Rimorchi con telone scorrevole espandibile Alla Gebr. Vermeer abbiamo rimorchi dotati di teloni scorrevoli, tetti scorrevoli e portali posteriori espandibili per il trasporto a secco di carichi con profilo esterno sotto telone. Questi rimorchi proteggono in modo ottimale i vostri trasporti in larghezza e in altezza dalle intemperie. Affidabili,...","protected":false},"author":1,"featured_media":2805,"parent":0,"menu_order":0,"comment_status":"closed","ping_status":"closed","template":"","meta":{"inline_featured_image":false,"footnotes":""},"class_list":["post-190","page","type-page","status-publish","has-post-thumbnail","hentry","entry","has-media"],"yoast_head":"<!-- This site is optimized with the Yoast SEO plugin v26.4 - https:\/\/yoast.com\/wordpress\/plugins\/seo\/ -->\n<title>Verbreedbare schuifzeiltrailers - Gebr. Vermeer<\/title>\n<meta name=\"description\" content=\"Bij Gebr. Vermeer beschikken wij over schuifzeiltrailers die voorzien zijn van schuifzeilen, schuifdak en verbreedbare achter portalen.\" \/>\n<meta name=\"robots\" content=\"index, follow, max-snippet:-1, max-image-preview:large, max-video-preview:-1\" \/>\n<link rel=\"canonical\" href=\"https:\/\/www.gebrvermeertransport.nl\/it\/rimorchi-con-telone-scorrevole\/\" \/>\n<meta property=\"og:locale\" content=\"it_IT\" \/>\n<meta property=\"og:type\" content=\"article\" \/>\n<meta property=\"og:title\" content=\"Verbreedbare schuifzeiltrailers - Gebr. Vermeer\" \/>\n<meta property=\"og:description\" content=\"Bij Gebr. Vermeer beschikken wij over schuifzeiltrailers die voorzien zijn van schuifzeilen, schuifdak en verbreedbare achter portalen.\" \/>\n<meta property=\"og:url\" content=\"https:\/\/www.gebrvermeertransport.nl\/it\/rimorchi-con-telone-scorrevole\/\" \/>\n<meta property=\"og:site_name\" content=\"Gebr. Vermeer\" \/>\n<meta property=\"article:modified_time\" content=\"2022-04-11T10:39:37+00:00\" \/>\n<meta property=\"og:image\" content=\"https:\/\/www.gebrvermeertransport.nl\/wp-content\/uploads\/2022\/03\/IMG_1291-scaled.jpg\" \/>\n\t<meta property=\"og:image:width\" content=\"2560\" \/>\n\t<meta property=\"og:image:height\" content=\"1439\" \/>\n\t<meta property=\"og:image:type\" content=\"image\/jpeg\" \/>\n<meta name=\"twitter:card\" content=\"summary_large_image\" \/>\n<meta name=\"twitter:label1\" content=\"Tempo di lettura stimato\" \/>\n\t<meta name=\"twitter:data1\" content=\"1 minuto\" \/>\n<script type=\"application\/ld+json\" class=\"yoast-schema-graph\">{\"@context\":\"https:\/\/schema.org\",\"@graph\":[{\"@type\":\"WebPage\",\"@id\":\"https:\/\/www.gebrvermeertransport.nl\/schuifzeiltrailers\/\",\"url\":\"https:\/\/www.gebrvermeertransport.nl\/schuifzeiltrailers\/\",\"name\":\"Verbreedbare schuifzeiltrailers - Gebr. Vermeer\",\"isPartOf\":{\"@id\":\"https:\/\/www.gebrvermeertransport.nl\/#website\"},\"primaryImageOfPage\":{\"@id\":\"https:\/\/www.gebrvermeertransport.nl\/schuifzeiltrailers\/#primaryimage\"},\"image\":{\"@id\":\"https:\/\/www.gebrvermeertransport.nl\/schuifzeiltrailers\/#primaryimage\"},\"thumbnailUrl\":\"https:\/\/www.gebrvermeertransport.nl\/wp-content\/uploads\/2022\/03\/IMG_1291-scaled.jpg\",\"datePublished\":\"2020-12-15T07:42:18+00:00\",\"dateModified\":\"2022-04-11T10:39:37+00:00\",\"description\":\"Bij Gebr. Vermeer beschikken wij over schuifzeiltrailers die voorzien zijn van schuifzeilen, schuifdak en verbreedbare achter portalen.\",\"breadcrumb\":{\"@id\":\"https:\/\/www.gebrvermeertransport.nl\/schuifzeiltrailers\/#breadcrumb\"},\"inLanguage\":\"it-IT\",\"potentialAction\":[{\"@type\":\"ReadAction\",\"target\":[\"https:\/\/www.gebrvermeertransport.nl\/schuifzeiltrailers\/\"]}]},{\"@type\":\"ImageObject\",\"inLanguage\":\"it-IT\",\"@id\":\"https:\/\/www.gebrvermeertransport.nl\/schuifzeiltrailers\/#primaryimage\",\"url\":\"https:\/\/www.gebrvermeertransport.nl\/wp-content\/uploads\/2022\/03\/IMG_1291-scaled.jpg\",\"contentUrl\":\"https:\/\/www.gebrvermeertransport.nl\/wp-content\/uploads\/2022\/03\/IMG_1291-scaled.jpg\",\"width\":2560,\"height\":1439},{\"@type\":\"BreadcrumbList\",\"@id\":\"https:\/\/www.gebrvermeertransport.nl\/schuifzeiltrailers\/#breadcrumb\",\"itemListElement\":[{\"@type\":\"ListItem\",\"position\":1,\"name\":\"Home\",\"item\":\"https:\/\/www.gebrvermeertransport.nl\/\"},{\"@type\":\"ListItem\",\"position\":2,\"name\":\"Verbreedbare schuifzeilopleggers\"}]},{\"@type\":\"WebSite\",\"@id\":\"https:\/\/www.gebrvermeertransport.nl\/#website\",\"url\":\"https:\/\/www.gebrvermeertransport.nl\/\",\"name\":\"Gebr. Vermeer\",\"description\":\"\",\"publisher\":{\"@id\":\"https:\/\/www.gebrvermeertransport.nl\/#organization\"},\"potentialAction\":[{\"@type\":\"SearchAction\",\"target\":{\"@type\":\"EntryPoint\",\"urlTemplate\":\"https:\/\/www.gebrvermeertransport.nl\/?s={search_term_string}\"},\"query-input\":{\"@type\":\"PropertyValueSpecification\",\"valueRequired\":true,\"valueName\":\"search_term_string\"}}],\"inLanguage\":\"it-IT\"},{\"@type\":\"Organization\",\"@id\":\"https:\/\/www.gebrvermeertransport.nl\/#organization\",\"name\":\"Gebr. Vermeer\",\"url\":\"https:\/\/www.gebrvermeertransport.nl\/\",\"logo\":{\"@type\":\"ImageObject\",\"inLanguage\":\"it-IT\",\"@id\":\"https:\/\/www.gebrvermeertransport.nl\/#\/schema\/logo\/image\/\",\"url\":\"https:\/\/www.gebrvermeertransport.nl\/wp-content\/uploads\/2020\/12\/Logo-web-GV.svg\",\"contentUrl\":\"https:\/\/www.gebrvermeertransport.nl\/wp-content\/uploads\/2020\/12\/Logo-web-GV.svg\",\"caption\":\"Gebr. Vermeer\"},\"image\":{\"@id\":\"https:\/\/www.gebrvermeertransport.nl\/#\/schema\/logo\/image\/\"}}]}<\/script>\n<!-- \/ Yoast SEO plugin. -->","yoast_head_json":{"title":"Rimorchi per tende espandibili - Gebr. Vermeer","description":"Gebr. Vermeer dispone di rimorchi con teloni scorrevoli, tetti scorrevoli e portali posteriori allargabili.","robots":{"index":"index","follow":"follow","max-snippet":"max-snippet:-1","max-image-preview":"max-image-preview:large","max-video-preview":"max-video-preview:-1"},"canonical":"https:\/\/www.gebrvermeertransport.nl\/it\/rimorchi-con-telone-scorrevole\/","og_locale":"it_IT","og_type":"article","og_title":"Verbreedbare schuifzeiltrailers - Gebr. Vermeer","og_description":"Bij Gebr. Vermeer beschikken wij over schuifzeiltrailers die voorzien zijn van schuifzeilen, schuifdak en verbreedbare achter portalen.","og_url":"https:\/\/www.gebrvermeertransport.nl\/it\/rimorchi-con-telone-scorrevole\/","og_site_name":"Gebr. Vermeer","article_modified_time":"2022-04-11T10:39:37+00:00","og_image":[{"width":2560,"height":1439,"url":"https:\/\/www.gebrvermeertransport.nl\/wp-content\/uploads\/2022\/03\/IMG_1291-scaled.jpg","type":"image\/jpeg"}],"twitter_card":"summary_large_image","twitter_misc":{"Tempo di lettura stimato":"1 minuto"},"schema":{"@context":"https:\/\/schema.org","@graph":[{"@type":"WebPage","@id":"https:\/\/www.gebrvermeertransport.nl\/schuifzeiltrailers\/","url":"https:\/\/www.gebrvermeertransport.nl\/schuifzeiltrailers\/","name":"Rimorchi per tende espandibili - Gebr. Vermeer","isPartOf":{"@id":"https:\/\/www.gebrvermeertransport.nl\/#website"},"primaryImageOfPage":{"@id":"https:\/\/www.gebrvermeertransport.nl\/schuifzeiltrailers\/#primaryimage"},"image":{"@id":"https:\/\/www.gebrvermeertransport.nl\/schuifzeiltrailers\/#primaryimage"},"thumbnailUrl":"https:\/\/www.gebrvermeertransport.nl\/wp-content\/uploads\/2022\/03\/IMG_1291-scaled.jpg","datePublished":"2020-12-15T07:42:18+00:00","dateModified":"2022-04-11T10:39:37+00:00","description":"Gebr. Vermeer dispone di rimorchi con teloni scorrevoli, tetti scorrevoli e portali posteriori allargabili.","breadcrumb":{"@id":"https:\/\/www.gebrvermeertransport.nl\/schuifzeiltrailers\/#breadcrumb"},"inLanguage":"it-IT","potentialAction":[{"@type":"ReadAction","target":["https:\/\/www.gebrvermeertransport.nl\/schuifzeiltrailers\/"]}]},{"@type":"ImageObject","inLanguage":"it-IT","@id":"https:\/\/www.gebrvermeertransport.nl\/schuifzeiltrailers\/#primaryimage","url":"https:\/\/www.gebrvermeertransport.nl\/wp-content\/uploads\/2022\/03\/IMG_1291-scaled.jpg","contentUrl":"https:\/\/www.gebrvermeertransport.nl\/wp-content\/uploads\/2022\/03\/IMG_1291-scaled.jpg","width":2560,"height":1439},{"@type":"BreadcrumbList","@id":"https:\/\/www.gebrvermeertransport.nl\/schuifzeiltrailers\/#breadcrumb","itemListElement":[{"@type":"ListItem","position":1,"name":"Home","item":"https:\/\/www.gebrvermeertransport.nl\/"},{"@type":"ListItem","position":2,"name":"Verbreedbare schuifzeilopleggers"}]},{"@type":"WebSite","@id":"https:\/\/www.gebrvermeertransport.nl\/#website","url":"https:\/\/www.gebrvermeertransport.nl\/","name":"Gebr. Vermeer","description":"","publisher":{"@id":"https:\/\/www.gebrvermeertransport.nl\/#organization"},"potentialAction":[{"@type":"SearchAction","target":{"@type":"EntryPoint","urlTemplate":"https:\/\/www.gebrvermeertransport.nl\/?s={search_term_string}"},"query-input":{"@type":"PropertyValueSpecification","valueRequired":true,"valueName":"search_term_string"}}],"inLanguage":"it-IT"},{"@type":"Organization","@id":"https:\/\/www.gebrvermeertransport.nl\/#organization","name":"Gebr. Vermeer","url":"https:\/\/www.gebrvermeertransport.nl\/","logo":{"@type":"ImageObject","inLanguage":"it-IT","@id":"https:\/\/www.gebrvermeertransport.nl\/#\/schema\/logo\/image\/","url":"https:\/\/www.gebrvermeertransport.nl\/wp-content\/uploads\/2020\/12\/Logo-web-GV.svg","contentUrl":"https:\/\/www.gebrvermeertransport.nl\/wp-content\/uploads\/2020\/12\/Logo-web-GV.svg","caption":"Gebr. Vermeer"},"image":{"@id":"https:\/\/www.gebrvermeertransport.nl\/#\/schema\/logo\/image\/"}}]}},"_links":{"self":[{"href":"https:\/\/www.gebrvermeertransport.nl\/it\/wp-json\/wp\/v2\/pages\/190","targetHints":{"allow":["GET"]}}],"collection":[{"href":"https:\/\/www.gebrvermeertransport.nl\/it\/wp-json\/wp\/v2\/pages"}],"about":[{"href":"https:\/\/www.gebrvermeertransport.nl\/it\/wp-json\/wp\/v2\/types\/page"}],"author":[{"embeddable":true,"href":"https:\/\/www.gebrvermeertransport.nl\/it\/wp-json\/wp\/v2\/users\/1"}],"replies":[{"embeddable":true,"href":"https:\/\/www.gebrvermeertransport.nl\/it\/wp-json\/wp\/v2\/comments?post=190"}],"version-history":[{"count":12,"href":"https:\/\/www.gebrvermeertransport.nl\/it\/wp-json\/wp\/v2\/pages\/190\/revisions"}],"predecessor-version":[{"id":2809,"href":"https:\/\/www.gebrvermeertransport.nl\/it\/wp-json\/wp\/v2\/pages\/190\/revisions\/2809"}],"wp:featuredmedia":[{"embeddable":true,"href":"https:\/\/www.gebrvermeertransport.nl\/it\/wp-json\/wp\/v2\/media\/2805"}],"wp:attachment":[{"href":"https:\/\/www.gebrvermeertransport.nl\/it\/wp-json\/wp\/v2\/media?parent=190"}],"curies":[{"name":"wp","href":"https:\/\/api.w.org\/{rel}","templated":true}]}}