{"id":40,"date":"2020-12-09T10:03:23","date_gmt":"2020-12-09T10:03:23","guid":{"rendered":"https:\/\/www.gebrvermeertransport.nl\/?page_id=40"},"modified":"2022-04-11T10:03:45","modified_gmt":"2022-04-11T10:03:45","slug":"a-propos-de-nous","status":"publish","type":"page","link":"https:\/\/www.gebrvermeertransport.nl\/fr\/a-propos-de-nous\/","title":{"rendered":"A propos de nous"},"content":{"rendered":"<div data-vc-full-width=\"true\" data-vc-full-width-init=\"false\" class=\"vc_row wpb_row vc_row-fluid home-header-row extrapadding wpex-vc-row-stretched\"><div class=\"wpb_column vc_column_container vc_col-sm-4\"><div class=\"vc_column-inner\"><div class=\"wpb_wrapper\">\n\t<div class=\"wpb_text_column wpb_content_element  tekst-blok diapositief\" >\n\t\t<div class=\"wpb_wrapper\">\n\t\t\t<h1>\u00c0 propos de Gebr. Vermeer <span class=\"grijs\">Mouvements industriels<\/span><\/h1>\n<p>Gebr. Vermeer Industrial Movements B.V. est un prestataire de services logistiques sp\u00e9cialis\u00e9 dans le domaine du transport technique et de la location. Le transport technique comprend un large \u00e9ventail de services, tels que les d\u00e9placements de machines, les d\u00e9m\u00e9nagements d'entreprises et le transport de charges hors gabarit et\/ou lourdes. Les services de location comprennent la location de conteneurs, de chariots \u00e9l\u00e9vateurs et de poids de contr\u00f4le.<\/p>\n\n\t\t<\/div>\n\t<\/div>\n<\/div><\/div><\/div><div class=\"wpb_column vc_column_container vc_col-sm-8\"><div class=\"vc_column-inner\"><div class=\"wpb_wrapper\">\n\t<div  class=\"wpb_single_image wpb_content_element vc_align_   home-header-afb\">\n\t\t\n\t\t<figure class=\"wpb_wrapper vc_figure\">\n\t\t\t<div class=\"vc_single_image-wrapper   vc_box_border_grey\"><img loading=\"lazy\" decoding=\"async\" width=\"890\" height=\"440\" src=\"https:\/\/www.gebrvermeertransport.nl\/wp-content\/uploads\/2022\/03\/Over-ons.jpg\" class=\"vc_single_image-img attachment-full\" alt=\"\" srcset=\"https:\/\/www.gebrvermeertransport.nl\/wp-content\/uploads\/2022\/03\/Over-ons.jpg 890w, https:\/\/www.gebrvermeertransport.nl\/wp-content\/uploads\/2022\/03\/Over-ons-300x148.jpg 300w, https:\/\/www.gebrvermeertransport.nl\/wp-content\/uploads\/2022\/03\/Over-ons-768x380.jpg 768w\" sizes=\"auto, (max-width: 890px) 100vw, 890px\" \/><\/div>\n\t\t<\/figure>\n\t<\/div>\n<\/div><\/div><\/div><\/div><div class=\"vc_row-full-width vc_clearfix\"><\/div><div class=\"vc_row wpb_row vc_row-fluid extrapadding voordelen-flex wpex-vc-has-custom-column-spacing wpex-vc-column-spacing-60\"><div class=\"wpb_column vc_column_container vc_col-sm-6\"><div class=\"vc_column-inner\"><div class=\"wpb_wrapper\">\n\t<div class=\"wpb_text_column wpb_content_element\" >\n\t\t<div class=\"wpb_wrapper\">\n\t\t\t<p><span style=\"font-size: 18px;\">Au fil des ans, Gebr. Vermeer est devenue une entreprise professionnelle et progressiste. Depuis le milieu des ann\u00e9es 1980, elle est active dans le placement de machines, le d\u00e9mant\u00e8lement industriel de machines, d'installations et de structures.<\/span><\/p>\n<h2>Vision de Gebr. Vermeer Mouvements industriels<\/h2>\n<p>La vision de Gebr Vermeer repr\u00e9sente les normes et les valeurs de l'entreprise. Les valeurs fondamentales qui y sont associ\u00e9es sont les suivantes :<\/p>\n<ul class=\"voordelen\">\n<li>Lignes courtes<\/li>\n<li>Expertise<\/li>\n<li>Flexibilit\u00e9<\/li>\n<li>S\u00e9curit\u00e9<\/li>\n<li>Qualit\u00e9<\/li>\n<li>Stabilit\u00e9<\/li>\n<\/ul>\n\n\t\t<\/div>\n\t<\/div>\n<\/div><\/div><\/div><div class=\"wpb_column vc_column_container vc_col-sm-6\"><div class=\"vc_column-inner\"><div class=\"wpb_wrapper\">\n\t<div class=\"wpb_text_column wpb_content_element\" >\n\t\t<div class=\"wpb_wrapper\">\n\t\t\t<p><span style=\"font-size: 18px;\">\"Dans notre secteur (tran)sport, l'accent devrait \u00eatre mis sur les lignes courtes, l'expertise, la flexibilit\u00e9, la qualit\u00e9 et la stabilit\u00e9 de l'organisation afin de rester une entreprise prosp\u00e8re.<\/span><\/p>\n<h2>Mission de Gebr Vermeer Mouvements industriels<\/h2>\n<p>\"L'utilisation de lignes de communication courtes et de l'expertise interne permet de fournir un service de qualit\u00e9 d'une mani\u00e8re flexible qui garantit la stabilit\u00e9 de l'entreprise.<\/p>\n\n\t\t<\/div>\n\t<\/div>\n<\/div><\/div><\/div><\/div><div data-vc-full-width=\"true\" data-vc-full-width-init=\"false\" class=\"vc_row wpb_row vc_row-fluid skewed-bg-row vc_custom_1611574213723 wpex-vc-row-stretched\"><div class=\"wpb_column vc_column_container vc_col-sm-12\"><div class=\"vc_column-inner\"><div class=\"wpb_wrapper\"><div class=\"vc_row wpb_row vc_inner vc_row-fluid cat-extra-tekst-row\"><div class=\"wpb_column vc_column_container vc_col-sm-12\"><div class=\"vc_column-inner\"><div class=\"wpb_wrapper\">\n\t<div class=\"wpb_text_column wpb_content_element\" >\n\t\t<div class=\"wpb_wrapper\">\n\t\t\t<h2>Vous pouvez compter sur nous pour :<\/h2>\n<ul class=\"voordelen\">\n<li>Ex\u00e9cution ponctuelle de vos commandes<\/li>\n<li>Des employ\u00e9s motiv\u00e9s<\/li>\n<li>Points de contact fixes et lignes courtes<\/li>\n<li>Grande flexibilit\u00e9 dans la programmation et services 24\/7<\/li>\n<li>Certifi\u00e9 VCA<\/li>\n<li>VVT reconnu<\/li>\n<li>Responsabilit\u00e9 sociale des entreprises<\/li>\n<li>Processus de r\u00e9duction des \u00e9missions de CO2 respectueux de l'environnement<\/li>\n<\/ul>\n<p>Nous fournissons \u00e9galement des services connexes, que vous pouvez consulter sur notre site web. <a href=\"https:\/\/www.gebrvermeertransport.nl\/fr\/services\/\">page des services<\/a>. Notre devise est la suivante : nous prenons soin de vos machines. C'est pourquoi notre \u00e9quipe de professionnels est heureuse de faire de cette devise une r\u00e9alit\u00e9.<\/p>\n<p><a class=\"button outline rood\" href=\"\/fr\/contact\/\">Prendre contact<\/a><\/p>\n\n\t\t<\/div>\n\t<\/div>\n<\/div><\/div><\/div><\/div><\/div><\/div><\/div><\/div><div class=\"vc_row-full-width vc_clearfix\"><\/div>","protected":false},"excerpt":{"rendered":"A propos de Gebr. Vermeer Industrial Movements Gebr. Vermeer Industrial Movements B.V. est un prestataire de services logistiques sp\u00e9cialis\u00e9 dans le domaine du transport technique et de la location. Le transport technique comprend une grande vari\u00e9t\u00e9 de services, tels que les mouvements de machines, les d\u00e9m\u00e9nagements d'entreprises et...","protected":false},"author":1,"featured_media":0,"parent":0,"menu_order":0,"comment_status":"closed","ping_status":"closed","template":"","meta":{"inline_featured_image":false,"footnotes":""},"class_list":["post-40","page","type-page","status-publish","hentry","entry","no-media"],"yoast_head":"<!-- This site is optimized with the Yoast SEO plugin v26.4 - https:\/\/yoast.com\/wordpress\/plugins\/seo\/ -->\n<title>Alles over Gebr. Vermeer Industrial Movements<\/title>\n<meta name=\"description\" content=\"Gebr. Vermeer is sinds midden jaren \u201980 actief in de machine plaatsingen, industri\u00eble demontage van machines, installaties en constructies.\" \/>\n<meta name=\"robots\" content=\"index, follow, max-snippet:-1, max-image-preview:large, max-video-preview:-1\" \/>\n<link rel=\"canonical\" href=\"https:\/\/www.gebrvermeertransport.nl\/fr\/a-propos-de-nous\/\" \/>\n<meta property=\"og:locale\" content=\"fr_FR\" \/>\n<meta property=\"og:type\" content=\"article\" \/>\n<meta property=\"og:title\" content=\"Alles over Gebr. Vermeer Industrial Movements\" \/>\n<meta property=\"og:description\" content=\"Gebr. Vermeer is sinds midden jaren \u201980 actief in de machine plaatsingen, industri\u00eble demontage van machines, installaties en constructies.\" \/>\n<meta property=\"og:url\" content=\"https:\/\/www.gebrvermeertransport.nl\/fr\/a-propos-de-nous\/\" \/>\n<meta property=\"og:site_name\" content=\"Gebr. Vermeer\" \/>\n<meta property=\"article:modified_time\" content=\"2022-04-11T10:03:45+00:00\" \/>\n<meta name=\"twitter:card\" content=\"summary_large_image\" \/>\n<meta name=\"twitter:label1\" content=\"Dur\u00e9e de lecture estim\u00e9e\" \/>\n\t<meta name=\"twitter:data1\" content=\"2 minutes\" \/>\n<script type=\"application\/ld+json\" class=\"yoast-schema-graph\">{\"@context\":\"https:\/\/schema.org\",\"@graph\":[{\"@type\":\"WebPage\",\"@id\":\"https:\/\/www.gebrvermeertransport.nl\/over-ons\/\",\"url\":\"https:\/\/www.gebrvermeertransport.nl\/over-ons\/\",\"name\":\"Alles over Gebr. Vermeer Industrial Movements\",\"isPartOf\":{\"@id\":\"https:\/\/www.gebrvermeertransport.nl\/#website\"},\"datePublished\":\"2020-12-09T10:03:23+00:00\",\"dateModified\":\"2022-04-11T10:03:45+00:00\",\"description\":\"Gebr. Vermeer is sinds midden jaren \u201980 actief in de machine plaatsingen, industri\u00eble demontage van machines, installaties en constructies.\",\"breadcrumb\":{\"@id\":\"https:\/\/www.gebrvermeertransport.nl\/over-ons\/#breadcrumb\"},\"inLanguage\":\"fr-FR\",\"potentialAction\":[{\"@type\":\"ReadAction\",\"target\":[\"https:\/\/www.gebrvermeertransport.nl\/over-ons\/\"]}]},{\"@type\":\"BreadcrumbList\",\"@id\":\"https:\/\/www.gebrvermeertransport.nl\/over-ons\/#breadcrumb\",\"itemListElement\":[{\"@type\":\"ListItem\",\"position\":1,\"name\":\"Home\",\"item\":\"https:\/\/www.gebrvermeertransport.nl\/\"},{\"@type\":\"ListItem\",\"position\":2,\"name\":\"Over ons\"}]},{\"@type\":\"WebSite\",\"@id\":\"https:\/\/www.gebrvermeertransport.nl\/#website\",\"url\":\"https:\/\/www.gebrvermeertransport.nl\/\",\"name\":\"Gebr. Vermeer\",\"description\":\"\",\"publisher\":{\"@id\":\"https:\/\/www.gebrvermeertransport.nl\/#organization\"},\"potentialAction\":[{\"@type\":\"SearchAction\",\"target\":{\"@type\":\"EntryPoint\",\"urlTemplate\":\"https:\/\/www.gebrvermeertransport.nl\/?s={search_term_string}\"},\"query-input\":{\"@type\":\"PropertyValueSpecification\",\"valueRequired\":true,\"valueName\":\"search_term_string\"}}],\"inLanguage\":\"fr-FR\"},{\"@type\":\"Organization\",\"@id\":\"https:\/\/www.gebrvermeertransport.nl\/#organization\",\"name\":\"Gebr. Vermeer\",\"url\":\"https:\/\/www.gebrvermeertransport.nl\/\",\"logo\":{\"@type\":\"ImageObject\",\"inLanguage\":\"fr-FR\",\"@id\":\"https:\/\/www.gebrvermeertransport.nl\/#\/schema\/logo\/image\/\",\"url\":\"https:\/\/www.gebrvermeertransport.nl\/wp-content\/uploads\/2020\/12\/Logo-web-GV.svg\",\"contentUrl\":\"https:\/\/www.gebrvermeertransport.nl\/wp-content\/uploads\/2020\/12\/Logo-web-GV.svg\",\"caption\":\"Gebr. Vermeer\"},\"image\":{\"@id\":\"https:\/\/www.gebrvermeertransport.nl\/#\/schema\/logo\/image\/\"}}]}<\/script>\n<!-- \/ Yoast SEO plugin. -->","yoast_head_json":{"title":"Tout sur les mouvements industriels Gebr. Vermeer","description":"Depuis le milieu des ann\u00e9es 1980, Gebr. Vermeer est actif dans le placement de machines et le d\u00e9mant\u00e8lement industriel de machines, d'installations et de structures.","robots":{"index":"index","follow":"follow","max-snippet":"max-snippet:-1","max-image-preview":"max-image-preview:large","max-video-preview":"max-video-preview:-1"},"canonical":"https:\/\/www.gebrvermeertransport.nl\/fr\/a-propos-de-nous\/","og_locale":"fr_FR","og_type":"article","og_title":"Alles over Gebr. Vermeer Industrial Movements","og_description":"Gebr. Vermeer is sinds midden jaren \u201980 actief in de machine plaatsingen, industri\u00eble demontage van machines, installaties en constructies.","og_url":"https:\/\/www.gebrvermeertransport.nl\/fr\/a-propos-de-nous\/","og_site_name":"Gebr. Vermeer","article_modified_time":"2022-04-11T10:03:45+00:00","twitter_card":"summary_large_image","twitter_misc":{"Dur\u00e9e de lecture estim\u00e9e":"2 minutes"},"schema":{"@context":"https:\/\/schema.org","@graph":[{"@type":"WebPage","@id":"https:\/\/www.gebrvermeertransport.nl\/over-ons\/","url":"https:\/\/www.gebrvermeertransport.nl\/over-ons\/","name":"Tout sur les mouvements industriels Gebr. Vermeer","isPartOf":{"@id":"https:\/\/www.gebrvermeertransport.nl\/#website"},"datePublished":"2020-12-09T10:03:23+00:00","dateModified":"2022-04-11T10:03:45+00:00","description":"Depuis le milieu des ann\u00e9es 1980, Gebr. Vermeer est actif dans le placement de machines et le d\u00e9mant\u00e8lement industriel de machines, d'installations et de structures.","breadcrumb":{"@id":"https:\/\/www.gebrvermeertransport.nl\/over-ons\/#breadcrumb"},"inLanguage":"fr-FR","potentialAction":[{"@type":"ReadAction","target":["https:\/\/www.gebrvermeertransport.nl\/over-ons\/"]}]},{"@type":"BreadcrumbList","@id":"https:\/\/www.gebrvermeertransport.nl\/over-ons\/#breadcrumb","itemListElement":[{"@type":"ListItem","position":1,"name":"Home","item":"https:\/\/www.gebrvermeertransport.nl\/"},{"@type":"ListItem","position":2,"name":"Over ons"}]},{"@type":"WebSite","@id":"https:\/\/www.gebrvermeertransport.nl\/#website","url":"https:\/\/www.gebrvermeertransport.nl\/","name":"Gebr. Vermeer","description":"","publisher":{"@id":"https:\/\/www.gebrvermeertransport.nl\/#organization"},"potentialAction":[{"@type":"SearchAction","target":{"@type":"EntryPoint","urlTemplate":"https:\/\/www.gebrvermeertransport.nl\/?s={search_term_string}"},"query-input":{"@type":"PropertyValueSpecification","valueRequired":true,"valueName":"search_term_string"}}],"inLanguage":"fr-FR"},{"@type":"Organization","@id":"https:\/\/www.gebrvermeertransport.nl\/#organization","name":"Gebr. Vermeer","url":"https:\/\/www.gebrvermeertransport.nl\/","logo":{"@type":"ImageObject","inLanguage":"fr-FR","@id":"https:\/\/www.gebrvermeertransport.nl\/#\/schema\/logo\/image\/","url":"https:\/\/www.gebrvermeertransport.nl\/wp-content\/uploads\/2020\/12\/Logo-web-GV.svg","contentUrl":"https:\/\/www.gebrvermeertransport.nl\/wp-content\/uploads\/2020\/12\/Logo-web-GV.svg","caption":"Gebr. Vermeer"},"image":{"@id":"https:\/\/www.gebrvermeertransport.nl\/#\/schema\/logo\/image\/"}}]}},"_links":{"self":[{"href":"https:\/\/www.gebrvermeertransport.nl\/fr\/wp-json\/wp\/v2\/pages\/40","targetHints":{"allow":["GET"]}}],"collection":[{"href":"https:\/\/www.gebrvermeertransport.nl\/fr\/wp-json\/wp\/v2\/pages"}],"about":[{"href":"https:\/\/www.gebrvermeertransport.nl\/fr\/wp-json\/wp\/v2\/types\/page"}],"author":[{"embeddable":true,"href":"https:\/\/www.gebrvermeertransport.nl\/fr\/wp-json\/wp\/v2\/users\/1"}],"replies":[{"embeddable":true,"href":"https:\/\/www.gebrvermeertransport.nl\/fr\/wp-json\/wp\/v2\/comments?post=40"}],"version-history":[{"count":23,"href":"https:\/\/www.gebrvermeertransport.nl\/fr\/wp-json\/wp\/v2\/pages\/40\/revisions"}],"predecessor-version":[{"id":3177,"href":"https:\/\/www.gebrvermeertransport.nl\/fr\/wp-json\/wp\/v2\/pages\/40\/revisions\/3177"}],"wp:attachment":[{"href":"https:\/\/www.gebrvermeertransport.nl\/fr\/wp-json\/wp\/v2\/media?parent=40"}],"curies":[{"name":"wp","href":"https:\/\/api.w.org\/{rel}","templated":true}]}}