{"id":2727,"date":"2022-03-28T10:22:19","date_gmt":"2022-03-28T10:22:19","guid":{"rendered":"https:\/\/www.gebrvermeertransport.nl\/?page_id=2727"},"modified":"2022-10-18T06:32:07","modified_gmt":"2022-10-18T06:32:07","slug":"location-de-grues","status":"publish","type":"page","link":"https:\/\/www.gebrvermeertransport.nl\/fr\/location-de-grues\/","title":{"rendered":"Pick &amp; Carry"},"content":{"rendered":"<div data-vc-full-width=\"true\" data-vc-full-width-init=\"false\" class=\"vc_row wpb_row vc_row-fluid sub-cat-intro-row wpex-vc-row-stretched\"><div class=\"wpb_column vc_column_container vc_col-sm-6\"><div class=\"vc_column-inner\"><div class=\"wpb_wrapper\">\n\t<div class=\"wpb_text_column wpb_content_element  intro-blok diapositief\" >\n\t\t<div class=\"wpb_wrapper\">\n\t\t\t<h1>Grues Pick &amp; Carry<\/h1>\n<p>La grue Pick &amp; Carry peut \u00eatre utilis\u00e9e \u00e0 l'int\u00e9rieur et \u00e0 l'ext\u00e9rieur. Ces grues compactes n'ont pas de stabilisateurs et peuvent rouler avec une charge dans le crochet. Les grues sont aliment\u00e9es \u00e9lectriquement, elles font peu de bruit et n'\u00e9mettent pas de CO2. Toutes les grues Pick &amp; Carry sont dot\u00e9es d'une fonction LMB (Last - Moment - Safety).<\/p>\n<p>Nous disposons de grues pick &amp; carry de 1 \u00e0 60 tonnes. Les grues pick &amp; carry sont id\u00e9ales pour les installations mobiles (lointaines). Les machines sont incroyablement maniables et ont des dimensions limit\u00e9es, ce qui les rend parfaites pour travailler dans des endroits o\u00f9 l'espace ou la hauteur sont limit\u00e9s.<\/p>\n\n\t\t<\/div>\n\t<\/div>\n<\/div><\/div><\/div><div class=\"wpb_column vc_column_container vc_col-sm-6\"><div class=\"vc_column-inner\"><div class=\"wpb_wrapper\">\n\t<div  class=\"wpb_single_image wpb_content_element vc_align_   sub-cat-header-afb\">\n\t\t\n\t\t<figure class=\"wpb_wrapper vc_figure\">\n\t\t\t<div class=\"vc_single_image-wrapper   vc_box_border_grey\"><img loading=\"lazy\" decoding=\"async\" width=\"800\" height=\"515\" src=\"https:\/\/www.gebrvermeertransport.nl\/wp-content\/uploads\/2022\/03\/Minikranen-uitgelicht.jpg\" class=\"vc_single_image-img attachment-full\" alt=\"\" srcset=\"https:\/\/www.gebrvermeertransport.nl\/wp-content\/uploads\/2022\/03\/Minikranen-uitgelicht.jpg 800w, https:\/\/www.gebrvermeertransport.nl\/wp-content\/uploads\/2022\/03\/Minikranen-uitgelicht-300x193.jpg 300w, https:\/\/www.gebrvermeertransport.nl\/wp-content\/uploads\/2022\/03\/Minikranen-uitgelicht-768x494.jpg 768w\" sizes=\"auto, (max-width: 800px) 100vw, 800px\" \/><\/div>\n\t\t<\/figure>\n\t<\/div>\n<\/div><\/div><\/div><\/div><div class=\"vc_row-full-width vc_clearfix\"><\/div><div class=\"vc_row wpb_row vc_row-fluid content-sidebar-row wpex-vc-has-custom-column-spacing wpex-vc-column-spacing-40 tablet-fullwidth-columns\"><div class=\"wpb_column tekst-kolom vc_column_container vc_col-sm-8\"><div class=\"vc_column-inner\"><div class=\"wpb_wrapper\">\n\t<div class=\"wpb_text_column wpb_content_element  first\" >\n\t\t<div class=\"wpb_wrapper\">\n\t\t\t<h2>Possibilit\u00e9s de Pick &amp; Carry<\/h2>\n<p>La grue peut \u00eatre \u00e9quip\u00e9e d'un crochet fixe sur la fl\u00e8che ou d'un treuil. Pour obtenir une plus grande hauteur de levage, vous pouvez \u00e9galement installer une fl\u00e8che auxiliaire, qui est r\u00e9glable \u00e0 diff\u00e9rents degr\u00e9s.<\/p>\n<p>Les applications de nos grues pick &amp; carry sont polyvalentes. Qualit\u00e9. Fiabilit\u00e9. S\u00e9curit\u00e9. D\u00e9lais de livraison courts et conseils sp\u00e9cialis\u00e9s. Voil\u00e0 ce que vous pouvez attendre de nos\u00a0<strong>service de location de grues<\/strong>.<\/p>\n<p>Si vous louez une grue, vous devez vous assurer qu'elle est\u00a0<strong>tout \u00e0 fait adapt\u00e9<\/strong> pour le travail. Quel que soit le projet qui vous attend, Vermeer a la grue qu'il vous faut, pr\u00eate \u00e0 l'emploi.<\/p>\n<p>Vous trouverez ci-dessous des informations plus sp\u00e9cifiques sur les Pick &amp; Carry.<\/p>\n<p><a href=\"https:\/\/www.gebrvermeertransport.nl\/wp-content\/uploads\/2022\/10\/MC-25S-.pdf\">MC-25S <\/a><a href=\"https:\/\/www.gebrvermeertransport.nl\/wp-content\/uploads\/2022\/10\/MC45S-1.pdf\">MC45S<\/a> <a href=\"https:\/\/www.gebrvermeertransport.nl\/wp-content\/uploads\/2022\/10\/MC70S.pdf\">MC70S<\/a> <a href=\"https:\/\/www.gebrvermeertransport.nl\/wp-content\/uploads\/2022\/10\/MC180S.pdf\">MC180S <\/a><a href=\"https:\/\/www.gebrvermeertransport.nl\/wp-content\/uploads\/2022\/10\/MC300S.pdf\">MC300S <\/a><a href=\"https:\/\/www.gebrvermeertransport.nl\/wp-content\/uploads\/2022\/10\/MC350S.pdf\">MC350S<\/a> <a href=\"https:\/\/www.gebrvermeertransport.nl\/wp-content\/uploads\/2022\/10\/MC450S-.pdf\">MC450S <\/a><a href=\"https:\/\/www.gebrvermeertransport.nl\/wp-content\/uploads\/2022\/10\/MC580S.pdf\">MC580S<\/a><\/p>\n\n\t\t<\/div>\n\t<\/div>\n<div class=\"wpex-slider-preloaderimg\"><img loading=\"lazy\" decoding=\"async\" data-no-lazy=\"1\" class=\"skip-lazy\" src=\"https:\/\/www.gebrvermeertransport.nl\/wp-content\/uploads\/2022\/07\/60-ton-1.jpeg\" alt=\"\" width=\"960\" height=\"1280\" \/><\/div><div class=\"vcex-module wpex-slider slider-pro vcex-image-slider wpex-clr\" data-auto-play=\"false\" data-auto-play-delay=\"5000\" data-arrows=\"false\" data-buttons=\"false\" data-animation-speed=\"600\" data-height-animation-duration=\"500\" data-thumbnail-height=\"70\" data-thumbnail-width=\"70\"><div class=\"wpex-slider-slides sp-slides\"><div class=\"wpex-slider-slide sp-slide\"><div class=\"wpex-slider-media\"><img loading=\"lazy\" decoding=\"async\" data-no-lazy=\"1\" class=\"skip-lazy\" src=\"https:\/\/www.gebrvermeertransport.nl\/wp-content\/uploads\/2022\/07\/60-ton-1.jpeg\" alt=\"\" width=\"960\" height=\"1280\" \/><\/div><\/div><div class=\"wpex-slider-slide sp-slide\"><div class=\"wpex-slider-media\"><img loading=\"lazy\" decoding=\"async\" data-no-lazy=\"1\" class=\"skip-lazy\" src=\"https:\/\/www.gebrvermeertransport.nl\/wp-content\/uploads\/2022\/03\/Minikranen-1.jpg\" alt=\"\" width=\"980\" height=\"400\" \/><\/div><\/div><\/div><\/div>\n\t<div class=\"wpb_text_column wpb_content_element  first\" >\n\t\t<div class=\"wpb_wrapper\">\n\t\t\t<h2>Louer un chariot \u00e9l\u00e9vateur de Gebr. Vermeer<\/h2>\n<p>Vous avez un travail pour lequel vous avez besoin d'un chariot \u00e9l\u00e9vateur ? Dans ce cas, vous avez \u00e9galement la possibilit\u00e9 de louer des chariots \u00e9l\u00e9vateurs. Outre les chariots \u00e9l\u00e9vateurs standard, Gebr. Vermeer dispose \u00e9galement d'un certain nombre de chariots \u00e9l\u00e9vateurs tr\u00e8s sp\u00e9cifiques. Ces chariots \u00e9l\u00e9vateurs sp\u00e9ciaux ont une capacit\u00e9 de 1 \u00e0 18 tonnes. Les chariots \u00e9l\u00e9vateurs \u00e9lectriques de Gebr. Vermeer sont toujours \u00e9quip\u00e9s de pneus non marquants. Nous avons \u00e9galement des chargeurs profonds et des chargeurs semi-abaiss\u00e9s disponibles \u00e0 partir d'une hauteur de plancher de 38 centim\u00e8tres. Naturellement, nous disposons \u00e9galement d'un large \u00e9ventail d'accessoires pour le chariot \u00e9l\u00e9vateur \u00e0 fourche. Il s'agit notamment de bras de levage de diff\u00e9rentes capacit\u00e9s, mais aussi de cadres de levage ou de fourches d'extension de diff\u00e9rentes longueurs. Ceux-ci se combinent parfaitement avec les diff\u00e9rentes versions de chariots \u00e9l\u00e9vateurs, qui disposent d'un m\u00e2t en trois ou quatre parties avec une hauteur de levage allant jusqu'\u00e0 10 m\u00e8tres.<\/p>\n<h3>Contact<\/h3>\n<p>Quelle que soit la solution industrielle que vous recherchez, vous \u00eates au bon endroit chez Gebr. Vermeer. Vous pouvez \u00e9galement louer diff\u00e9rents conteneurs. Il s'agit notamment de conteneurs d'entrep\u00f4t, de conteneurs de stockage, de conteneurs combi, de conteneurs d'atelier ou de conteneurs \u00e0 chargement lat\u00e9ral. Gebr. Vermeer est \u00e9galement l'adresse id\u00e9ale pour la location de divers poids de contr\u00f4le calibr\u00e9s. Leur poids varie de 10 kg \u00e0 5000 kg !<\/p>\n<p>Vous \u00eates int\u00e9ress\u00e9 par la location d'un de nos nombreux produits industriels ? N'h\u00e9sitez pas \u00e0 prendre contact avec Gebr. Vermeer. Nous nous ferons un plaisir de vous renseigner sur les possibilit\u00e9s et de r\u00e9pondre \u00e0 toutes vos questions. Veuillez nous contacter via le site <a href=\"https:\/\/www.gebrvermeertransport.nl\/fr\/contact\/\">formulaire de contact<\/a> ou envoyer un courriel \u00e0 <a href=\"mailto:info@gebrvermeertransport.nl\">info@gebrvermeertransport.nl<\/a>. Vous pr\u00e9f\u00e9rez nous contacter par t\u00e9l\u00e9phone ? Vous pouvez nous appeler au 013-4670272.<\/p>\n\n\t\t<\/div>\n\t<\/div>\n<\/div><\/div><\/div><div class=\"wpb_column sidebar-kolom vc_column_container vc_col-sm-4\"><div class=\"vc_column-inner\"><div class=\"wpb_wrapper\"><div class=\"templatera_shortcode\"><div class=\"vc_row wpb_row vc_row-fluid\"><div class=\"wpb_column vc_column_container vc_col-sm-12\"><div class=\"vc_column-inner vc_custom_1608038486316\"><div class=\"wpb_wrapper\">\n\t<div class=\"wpb_text_column wpb_content_element  sidebar-blok-grijs diapositief\" >\n\t\t<div class=\"wpb_wrapper\">\n\t\t\t<h3>Prendre contact<\/h3>\n<p>Vous avez une question ? N'h\u00e9sitez pas \u00e0 nous contacter. Vous pouvez remplir notre formulaire de contact en ligne ou nous appeler directement au 013 - 4670272. Gebr. Vermeer vous aidera !<\/p>\n<p><a class=\"button wit\" href=\"\/fr\/contact\/\">Prendre contact<\/a><\/p>\n\n\t\t<\/div>\n\t<\/div>\n<\/div><\/div><\/div><\/div><\/div><div class=\"templatera_shortcode\"><div class=\"vc_row wpb_row vc_row-fluid\"><div class=\"wpb_column vc_column_container vc_col-sm-12\"><div class=\"vc_column-inner vc_custom_1608038486316\"><div class=\"wpb_wrapper\">\n\t<div class=\"wpb_text_column wpb_content_element  sidebar-blok-offerte diapositief\" >\n\t\t<div class=\"wpb_wrapper\">\n\t\t\t<h3>Demande de devis<\/h3>\n<p>Vous souhaitez recevoir un devis ? Vous pouvez remplir un formulaire de demande de devis directement en ligne, de mani\u00e8re simple et rapide. Nous prendrons ensuite contact avec vous. Gebr. Vermeer Special Transport vous aidera !<\/p>\n<p><a class=\"button wit\" href=\"\/fr\/demander-un-devis\/\">Demande de devis<\/a><\/p>\n\n\t\t<\/div>\n\t<\/div>\n<\/div><\/div><\/div><\/div><\/div><\/div><\/div><\/div><\/div><div data-vc-full-width=\"true\" data-vc-full-width-init=\"false\" class=\"vc_row wpb_row vc_row-fluid skewed-bg-row sub-cat wpex-vc-row-stretched\"><div class=\"wpb_column vc_column_container vc_col-sm-12\"><div class=\"vc_column-inner\"><div class=\"wpb_wrapper\"><\/div><\/div><\/div><div class=\"wpb_column vc_column_container vc_col-sm-12\"><div class=\"vc_column-inner\"><div class=\"wpb_wrapper\"><\/div><\/div><\/div><div class=\"wpb_column vc_column_container vc_col-sm-12\"><div class=\"vc_column-inner\"><div class=\"wpb_wrapper\"><\/div><\/div><\/div><div class=\"wpb_column vc_column_container vc_col-sm-12\"><div class=\"vc_column-inner\"><div class=\"wpb_wrapper\"><\/div><\/div><\/div><div class=\"wpb_column vc_column_container vc_col-sm-12\"><div class=\"vc_column-inner\"><div class=\"wpb_wrapper\"><\/div><\/div><\/div><div class=\"wpb_column vc_column_container vc_col-sm-12\"><div class=\"vc_column-inner\"><div class=\"wpb_wrapper\"><\/div><\/div><\/div><\/div><div class=\"vc_row-full-width vc_clearfix\"><\/div><div data-vc-full-width=\"true\" data-vc-full-width-init=\"false\" class=\"vc_row wpb_row vc_row-fluid skewed-bg-row sub-cat wpex-vc-row-stretched\"><div class=\"wpb_column vc_column_container vc_col-sm-12\"><div class=\"vc_column-inner\"><div class=\"wpb_wrapper\"><\/div><\/div><\/div><div class=\"wpb_column vc_column_container vc_col-sm-12\"><div class=\"vc_column-inner\"><div class=\"wpb_wrapper\"><\/div><\/div><\/div><div class=\"wpb_column vc_column_container vc_col-sm-12\"><div class=\"vc_column-inner\"><div class=\"wpb_wrapper\"><\/div><\/div><\/div><div class=\"wpb_column vc_column_container vc_col-sm-12\"><div class=\"vc_column-inner\"><div class=\"wpb_wrapper\"><\/div><\/div><\/div><div class=\"wpb_column vc_column_container vc_col-sm-12\"><div class=\"vc_column-inner\"><div class=\"wpb_wrapper\"><\/div><\/div><\/div><div class=\"wpb_column vc_column_container vc_col-sm-12\"><div class=\"vc_column-inner\"><div class=\"wpb_wrapper\"><\/div><\/div><\/div><\/div><div class=\"vc_row-full-width vc_clearfix\"><\/div><div class=\"vc_section\"><\/div>","protected":false},"excerpt":{"rendered":"Grues Pick &amp; Carry Les grues Pick &amp; Carry peuvent \u00eatre utilis\u00e9es \u00e0 l'int\u00e9rieur et \u00e0 l'ext\u00e9rieur. Ces grues compactes n'ont pas de stabilisateurs et peuvent rouler avec une charge dans le crochet. Les grues sont aliment\u00e9es \u00e9lectriquement, elles font peu de bruit et...","protected":false},"author":1,"featured_media":2730,"parent":0,"menu_order":0,"comment_status":"closed","ping_status":"closed","template":"","meta":{"inline_featured_image":false,"footnotes":""},"class_list":["post-2727","page","type-page","status-publish","has-post-thumbnail","hentry","entry","has-media"],"yoast_head":"<!-- This site is optimized with the Yoast SEO plugin v26.4 - https:\/\/yoast.com\/wordpress\/plugins\/seo\/ -->\n<title>Pick &amp; Carry huren - Gebr. Vermeer<\/title>\n<meta name=\"description\" content=\"Eenvoudig en snel een Pick &amp; Carry huren dat kan bij Gebr.Vermeer, wij hebben mogelijkheden vanaf 1 tot 60 ton. 24\/7 verhuur service\" \/>\n<meta name=\"robots\" content=\"index, follow, max-snippet:-1, max-image-preview:large, max-video-preview:-1\" \/>\n<link rel=\"canonical\" href=\"https:\/\/www.gebrvermeertransport.nl\/fr\/location-de-grues\/\" \/>\n<meta property=\"og:locale\" content=\"fr_FR\" \/>\n<meta property=\"og:type\" content=\"article\" \/>\n<meta property=\"og:title\" content=\"Pick &amp; Carry huren - Gebr. Vermeer\" \/>\n<meta property=\"og:description\" content=\"Eenvoudig en snel een Pick &amp; Carry huren dat kan bij Gebr.Vermeer, wij hebben mogelijkheden vanaf 1 tot 60 ton. 24\/7 verhuur service\" \/>\n<meta property=\"og:url\" content=\"https:\/\/www.gebrvermeertransport.nl\/fr\/location-de-grues\/\" \/>\n<meta property=\"og:site_name\" content=\"Gebr. Vermeer\" \/>\n<meta property=\"article:modified_time\" content=\"2022-10-18T06:32:07+00:00\" \/>\n<meta property=\"og:image\" content=\"https:\/\/www.gebrvermeertransport.nl\/wp-content\/uploads\/2022\/03\/Minikranen-uitgelicht.jpg\" \/>\n\t<meta property=\"og:image:width\" content=\"800\" \/>\n\t<meta property=\"og:image:height\" content=\"515\" \/>\n\t<meta property=\"og:image:type\" content=\"image\/jpeg\" \/>\n<meta name=\"twitter:card\" content=\"summary_large_image\" \/>\n<meta name=\"twitter:label1\" content=\"Dur\u00e9e de lecture estim\u00e9e\" \/>\n\t<meta name=\"twitter:data1\" content=\"3 minutes\" \/>\n<script type=\"application\/ld+json\" class=\"yoast-schema-graph\">{\"@context\":\"https:\/\/schema.org\",\"@graph\":[{\"@type\":\"WebPage\",\"@id\":\"https:\/\/www.gebrvermeertransport.nl\/pick-carry-kraan-huren\/\",\"url\":\"https:\/\/www.gebrvermeertransport.nl\/pick-carry-kraan-huren\/\",\"name\":\"Pick & Carry huren - Gebr. Vermeer\",\"isPartOf\":{\"@id\":\"https:\/\/www.gebrvermeertransport.nl\/#website\"},\"primaryImageOfPage\":{\"@id\":\"https:\/\/www.gebrvermeertransport.nl\/pick-carry-kraan-huren\/#primaryimage\"},\"image\":{\"@id\":\"https:\/\/www.gebrvermeertransport.nl\/pick-carry-kraan-huren\/#primaryimage\"},\"thumbnailUrl\":\"https:\/\/www.gebrvermeertransport.nl\/wp-content\/uploads\/2022\/03\/Minikranen-uitgelicht.jpg\",\"datePublished\":\"2022-03-28T10:22:19+00:00\",\"dateModified\":\"2022-10-18T06:32:07+00:00\",\"description\":\"Eenvoudig en snel een Pick & Carry huren dat kan bij Gebr.Vermeer, wij hebben mogelijkheden vanaf 1 tot 60 ton. 24\/7 verhuur service\",\"breadcrumb\":{\"@id\":\"https:\/\/www.gebrvermeertransport.nl\/pick-carry-kraan-huren\/#breadcrumb\"},\"inLanguage\":\"fr-FR\",\"potentialAction\":[{\"@type\":\"ReadAction\",\"target\":[\"https:\/\/www.gebrvermeertransport.nl\/pick-carry-kraan-huren\/\"]}]},{\"@type\":\"ImageObject\",\"inLanguage\":\"fr-FR\",\"@id\":\"https:\/\/www.gebrvermeertransport.nl\/pick-carry-kraan-huren\/#primaryimage\",\"url\":\"https:\/\/www.gebrvermeertransport.nl\/wp-content\/uploads\/2022\/03\/Minikranen-uitgelicht.jpg\",\"contentUrl\":\"https:\/\/www.gebrvermeertransport.nl\/wp-content\/uploads\/2022\/03\/Minikranen-uitgelicht.jpg\",\"width\":800,\"height\":515},{\"@type\":\"BreadcrumbList\",\"@id\":\"https:\/\/www.gebrvermeertransport.nl\/pick-carry-kraan-huren\/#breadcrumb\",\"itemListElement\":[{\"@type\":\"ListItem\",\"position\":1,\"name\":\"Home\",\"item\":\"https:\/\/www.gebrvermeertransport.nl\/\"},{\"@type\":\"ListItem\",\"position\":2,\"name\":\"Pick &#038; Carry\"}]},{\"@type\":\"WebSite\",\"@id\":\"https:\/\/www.gebrvermeertransport.nl\/#website\",\"url\":\"https:\/\/www.gebrvermeertransport.nl\/\",\"name\":\"Gebr. Vermeer\",\"description\":\"\",\"publisher\":{\"@id\":\"https:\/\/www.gebrvermeertransport.nl\/#organization\"},\"potentialAction\":[{\"@type\":\"SearchAction\",\"target\":{\"@type\":\"EntryPoint\",\"urlTemplate\":\"https:\/\/www.gebrvermeertransport.nl\/?s={search_term_string}\"},\"query-input\":{\"@type\":\"PropertyValueSpecification\",\"valueRequired\":true,\"valueName\":\"search_term_string\"}}],\"inLanguage\":\"fr-FR\"},{\"@type\":\"Organization\",\"@id\":\"https:\/\/www.gebrvermeertransport.nl\/#organization\",\"name\":\"Gebr. Vermeer\",\"url\":\"https:\/\/www.gebrvermeertransport.nl\/\",\"logo\":{\"@type\":\"ImageObject\",\"inLanguage\":\"fr-FR\",\"@id\":\"https:\/\/www.gebrvermeertransport.nl\/#\/schema\/logo\/image\/\",\"url\":\"https:\/\/www.gebrvermeertransport.nl\/wp-content\/uploads\/2020\/12\/Logo-web-GV.svg\",\"contentUrl\":\"https:\/\/www.gebrvermeertransport.nl\/wp-content\/uploads\/2020\/12\/Logo-web-GV.svg\",\"caption\":\"Gebr. Vermeer\"},\"image\":{\"@id\":\"https:\/\/www.gebrvermeertransport.nl\/#\/schema\/logo\/image\/\"}}]}<\/script>\n<!-- \/ Yoast SEO plugin. -->","yoast_head_json":{"title":"Location Pick &amp; Carry - Gebr. Vermeer","description":"Chez Gebr. Vermeer, la location pick &amp; carry est facile et rapide. Nous avons des options de 1 \u00e0 60 tonnes. Service de location 24\/7","robots":{"index":"index","follow":"follow","max-snippet":"max-snippet:-1","max-image-preview":"max-image-preview:large","max-video-preview":"max-video-preview:-1"},"canonical":"https:\/\/www.gebrvermeertransport.nl\/fr\/location-de-grues\/","og_locale":"fr_FR","og_type":"article","og_title":"Pick & Carry huren - Gebr. Vermeer","og_description":"Eenvoudig en snel een Pick & Carry huren dat kan bij Gebr.Vermeer, wij hebben mogelijkheden vanaf 1 tot 60 ton. 24\/7 verhuur service","og_url":"https:\/\/www.gebrvermeertransport.nl\/fr\/location-de-grues\/","og_site_name":"Gebr. Vermeer","article_modified_time":"2022-10-18T06:32:07+00:00","og_image":[{"width":800,"height":515,"url":"https:\/\/www.gebrvermeertransport.nl\/wp-content\/uploads\/2022\/03\/Minikranen-uitgelicht.jpg","type":"image\/jpeg"}],"twitter_card":"summary_large_image","twitter_misc":{"Dur\u00e9e de lecture estim\u00e9e":"3 minutes"},"schema":{"@context":"https:\/\/schema.org","@graph":[{"@type":"WebPage","@id":"https:\/\/www.gebrvermeertransport.nl\/pick-carry-kraan-huren\/","url":"https:\/\/www.gebrvermeertransport.nl\/pick-carry-kraan-huren\/","name":"Location Pick &amp; Carry - Gebr. Vermeer","isPartOf":{"@id":"https:\/\/www.gebrvermeertransport.nl\/#website"},"primaryImageOfPage":{"@id":"https:\/\/www.gebrvermeertransport.nl\/pick-carry-kraan-huren\/#primaryimage"},"image":{"@id":"https:\/\/www.gebrvermeertransport.nl\/pick-carry-kraan-huren\/#primaryimage"},"thumbnailUrl":"https:\/\/www.gebrvermeertransport.nl\/wp-content\/uploads\/2022\/03\/Minikranen-uitgelicht.jpg","datePublished":"2022-03-28T10:22:19+00:00","dateModified":"2022-10-18T06:32:07+00:00","description":"Chez Gebr. Vermeer, la location pick &amp; carry est facile et rapide. Nous avons des options de 1 \u00e0 60 tonnes. Service de location 24\/7","breadcrumb":{"@id":"https:\/\/www.gebrvermeertransport.nl\/pick-carry-kraan-huren\/#breadcrumb"},"inLanguage":"fr-FR","potentialAction":[{"@type":"ReadAction","target":["https:\/\/www.gebrvermeertransport.nl\/pick-carry-kraan-huren\/"]}]},{"@type":"ImageObject","inLanguage":"fr-FR","@id":"https:\/\/www.gebrvermeertransport.nl\/pick-carry-kraan-huren\/#primaryimage","url":"https:\/\/www.gebrvermeertransport.nl\/wp-content\/uploads\/2022\/03\/Minikranen-uitgelicht.jpg","contentUrl":"https:\/\/www.gebrvermeertransport.nl\/wp-content\/uploads\/2022\/03\/Minikranen-uitgelicht.jpg","width":800,"height":515},{"@type":"BreadcrumbList","@id":"https:\/\/www.gebrvermeertransport.nl\/pick-carry-kraan-huren\/#breadcrumb","itemListElement":[{"@type":"ListItem","position":1,"name":"Home","item":"https:\/\/www.gebrvermeertransport.nl\/"},{"@type":"ListItem","position":2,"name":"Pick &#038; Carry"}]},{"@type":"WebSite","@id":"https:\/\/www.gebrvermeertransport.nl\/#website","url":"https:\/\/www.gebrvermeertransport.nl\/","name":"Gebr. Vermeer","description":"","publisher":{"@id":"https:\/\/www.gebrvermeertransport.nl\/#organization"},"potentialAction":[{"@type":"SearchAction","target":{"@type":"EntryPoint","urlTemplate":"https:\/\/www.gebrvermeertransport.nl\/?s={search_term_string}"},"query-input":{"@type":"PropertyValueSpecification","valueRequired":true,"valueName":"search_term_string"}}],"inLanguage":"fr-FR"},{"@type":"Organization","@id":"https:\/\/www.gebrvermeertransport.nl\/#organization","name":"Gebr. Vermeer","url":"https:\/\/www.gebrvermeertransport.nl\/","logo":{"@type":"ImageObject","inLanguage":"fr-FR","@id":"https:\/\/www.gebrvermeertransport.nl\/#\/schema\/logo\/image\/","url":"https:\/\/www.gebrvermeertransport.nl\/wp-content\/uploads\/2020\/12\/Logo-web-GV.svg","contentUrl":"https:\/\/www.gebrvermeertransport.nl\/wp-content\/uploads\/2020\/12\/Logo-web-GV.svg","caption":"Gebr. Vermeer"},"image":{"@id":"https:\/\/www.gebrvermeertransport.nl\/#\/schema\/logo\/image\/"}}]}},"_links":{"self":[{"href":"https:\/\/www.gebrvermeertransport.nl\/fr\/wp-json\/wp\/v2\/pages\/2727","targetHints":{"allow":["GET"]}}],"collection":[{"href":"https:\/\/www.gebrvermeertransport.nl\/fr\/wp-json\/wp\/v2\/pages"}],"about":[{"href":"https:\/\/www.gebrvermeertransport.nl\/fr\/wp-json\/wp\/v2\/types\/page"}],"author":[{"embeddable":true,"href":"https:\/\/www.gebrvermeertransport.nl\/fr\/wp-json\/wp\/v2\/users\/1"}],"replies":[{"embeddable":true,"href":"https:\/\/www.gebrvermeertransport.nl\/fr\/wp-json\/wp\/v2\/comments?post=2727"}],"version-history":[{"count":19,"href":"https:\/\/www.gebrvermeertransport.nl\/fr\/wp-json\/wp\/v2\/pages\/2727\/revisions"}],"predecessor-version":[{"id":3252,"href":"https:\/\/www.gebrvermeertransport.nl\/fr\/wp-json\/wp\/v2\/pages\/2727\/revisions\/3252"}],"wp:featuredmedia":[{"embeddable":true,"href":"https:\/\/www.gebrvermeertransport.nl\/fr\/wp-json\/wp\/v2\/media\/2730"}],"wp:attachment":[{"href":"https:\/\/www.gebrvermeertransport.nl\/fr\/wp-json\/wp\/v2\/media?parent=2727"}],"curies":[{"name":"wp","href":"https:\/\/api.w.org\/{rel}","templated":true}]}}