{"id":1971,"date":"2021-01-22T14:26:16","date_gmt":"2021-01-22T14:26:16","guid":{"rendered":"https:\/\/www.gebrvermeertransport.nl\/?page_id=1971"},"modified":"2022-06-07T07:18:39","modified_gmt":"2022-06-07T07:18:39","slug":"conteneurs-de-stockage","status":"publish","type":"page","link":"https:\/\/www.gebrvermeertransport.nl\/fr\/conteneurs-de-stockage\/","title":{"rendered":"Conteneurs de stockage"},"content":{"rendered":"<div data-vc-full-width=\"true\" data-vc-full-width-init=\"false\" class=\"vc_row wpb_row vc_row-fluid sub-cat-intro-row wpex-vc-row-stretched\"><div class=\"wpb_column vc_column_container vc_col-sm-6\"><div class=\"vc_column-inner\"><div class=\"wpb_wrapper\">\n\t<div class=\"wpb_text_column wpb_content_element  intro-blok diapositief\" >\n\t\t<div class=\"wpb_wrapper\">\n\t\t\t<h1>Conteneurs de stockage<\/h1>\n<p>Chez Gebr. Vermeer Containers, vous pouvez \u00e9galement louer et acheter des conteneurs de stockage de 8ft, 10ft, 20ft et 40ft. Tous les objets pour lesquels vous n'avez (temporairement) pas de place dans vos locaux peuvent \u00eatre stock\u00e9s en toute s\u00e9curit\u00e9. La location de d\u00e9pendances compl\u00e8tes ou de box (de garage) ne co\u00fbte rien. Si vous pouvez placer le conteneur de stockage sur votre terrain, vous aurez toujours le mat\u00e9riel stock\u00e9 \u00e0 port\u00e9e de main.<\/p>\n\n\t\t<\/div>\n\t<\/div>\n<\/div><\/div><\/div><div class=\"wpb_column vc_column_container vc_col-sm-6\"><div class=\"vc_column-inner\"><div class=\"wpb_wrapper\">\n\t<div  class=\"wpb_single_image wpb_content_element vc_align_   sub-cat-header-afb\">\n\t\t\n\t\t<figure class=\"wpb_wrapper vc_figure\">\n\t\t\t<div class=\"vc_single_image-wrapper   vc_box_border_grey\"><img loading=\"lazy\" decoding=\"async\" width=\"800\" height=\"515\" src=\"https:\/\/www.gebrvermeertransport.nl\/wp-content\/uploads\/2021\/01\/Opslagcontainers-uitgelicht.jpg\" class=\"vc_single_image-img attachment-full\" alt=\"\" srcset=\"https:\/\/www.gebrvermeertransport.nl\/wp-content\/uploads\/2021\/01\/Opslagcontainers-uitgelicht.jpg 800w, https:\/\/www.gebrvermeertransport.nl\/wp-content\/uploads\/2021\/01\/Opslagcontainers-uitgelicht-300x193.jpg 300w, https:\/\/www.gebrvermeertransport.nl\/wp-content\/uploads\/2021\/01\/Opslagcontainers-uitgelicht-768x494.jpg 768w\" sizes=\"auto, (max-width: 800px) 100vw, 800px\" \/><\/div>\n\t\t<\/figure>\n\t<\/div>\n<\/div><\/div><\/div><\/div><div class=\"vc_row-full-width vc_clearfix\"><\/div><div class=\"vc_row wpb_row vc_row-fluid content-sidebar-row wpex-vc-has-custom-column-spacing wpex-vc-column-spacing-40 tablet-fullwidth-columns\"><div class=\"wpb_column tekst-kolom vc_column_container vc_col-sm-8\"><div class=\"vc_column-inner\"><div class=\"wpb_wrapper\">\n\t<div class=\"wpb_text_column wpb_content_element  first\" >\n\t\t<div class=\"wpb_wrapper\">\n\t\t\t<h2>Conteneurs de stockage (re)construits et meubl\u00e9s selon les besoins<\/h2>\n<p>Chez Gebr. Vermeer Containers, vous trouverez des conteneurs de stockage et des conteneurs d'entrep\u00f4t de 8 pieds, 10 pieds, 20 pieds et 40 pieds. Outre le stockage, vous pouvez \u00e9galement les utiliser pour la gestion des stocks ou comme atelier. Nous vous offrons \u00e9galement la possibilit\u00e9 de reconstruire et d'\u00e9quiper un conteneur selon vos souhaits, vos go\u00fbts et vos besoins. Cela comprend le chauffage, l'\u00e9clairage, les \u00e9tag\u00e8res et les serrures faciles \u00e0 utiliser et incassables. L'installation de mobilier de bureau fait \u00e9galement partie des nombreuses possibilit\u00e9s.<\/p>\n<p>Nous pouvons changer les conteneurs d'atelier. Cela permet de cr\u00e9er un espace de travail suppl\u00e9mentaire de 30 m2, avec \u00e9lectricit\u00e9 et \u00e9clairage. Tr\u00e8s pratique est la possibilit\u00e9 de nous faire fabriquer un conteneur fumeur pour le personnel fumeur ; celui-ci est \u00e9quip\u00e9 d'un c\u00f4t\u00e9 ouvert et d'une table fixe. Parmi les autres \"sp\u00e9cialit\u00e9s\" de Gebr. Vermeer Industrial Movements, citons les conteneurs de stockage isol\u00e9s, les rayonnages plats ouverts et les conteneurs \u00e0 toit ouvert. Celui que vous recherchez se trouve certainement parmi eux.<\/p>\n\n\t\t<\/div>\n\t<\/div>\n<div class=\"wpex-slider-preloaderimg\"><img loading=\"lazy\" decoding=\"async\" data-no-lazy=\"1\" class=\"skip-lazy\" src=\"https:\/\/www.gebrvermeertransport.nl\/wp-content\/uploads\/2021\/03\/Opslagcontainers-1.jpg\" alt=\"\" width=\"980\" height=\"400\" \/><\/div><div class=\"vcex-module wpex-slider slider-pro vcex-image-slider wpex-clr\" data-auto-play=\"false\" data-auto-play-delay=\"5000\" data-buttons=\"false\" data-fade-arrows=\"false\" data-animation-speed=\"600\" data-height-animation-duration=\"500\" data-thumbnail-height=\"70\" data-thumbnail-width=\"70\"><div class=\"wpex-slider-slides sp-slides\"><div class=\"wpex-slider-slide sp-slide\"><div class=\"wpex-slider-media\"><img loading=\"lazy\" decoding=\"async\" data-no-lazy=\"1\" class=\"skip-lazy\" src=\"https:\/\/www.gebrvermeertransport.nl\/wp-content\/uploads\/2021\/03\/Opslagcontainers-1.jpg\" alt=\"\" width=\"980\" height=\"400\" \/><\/div><\/div><\/div><\/div>\n\t<div class=\"wpb_text_column wpb_content_element\" >\n\t\t<div class=\"wpb_wrapper\">\n\t\t\t<h2>Divers conteneurs<\/h2>\n<p>Gebr. Vermeer Containers loue et vend une large gamme de conteneurs \/ conteneurs d'exp\u00e9dition. Tous les souhaits sont possibles lorsqu'il s'agit de nos clients. Nos possibilit\u00e9s sont infinies.<\/p>\n<p>Outre les conteneurs de stockage, Gebr. Vermeer Industrial Movements peut \u00e9galement fournir divers autres conteneurs. Comme les conteneurs combi. Ces conteneurs sont disponibles en 20 pieds et sont divis\u00e9s en deux espaces distincts. Dans un conteneur combi, un espace est am\u00e9nag\u00e9 en tant que conteneur de bureau\/partage et l'autre en tant que conteneur d'entrep\u00f4t\/stockage. Ces conteneurs disposent d'une cantine et d'une zone d'entreposage, d'un ou deux rayonnages et de mat\u00e9riel long, d'un \u00e9clairage, d'une ventilation, d'une cuisini\u00e8re et d'une alimentation \u00e9lectrique. Ces conteneurs combin\u00e9s peuvent \u00eatre empil\u00e9s et \u00e9quip\u00e9s d'une passerelle avec des escaliers.<\/p>\n<p>Vous cherchez un conteneur pour votre atelier ? Dans ce cas, vous pouvez \u00e9galement louer un conteneur d'atelier aupr\u00e8s de Gevr. Vermeer. Ces conteneurs sont disponibles en standard de 6 x 2,5 m\u00e8tres \u00e0 6 x 10 m\u00e8tres. Si vous le souhaitez, nous pouvons \u00e9galement vous proposer des dimensions plus importantes. Ces conteneurs sont principalement utilis\u00e9s comme atelier mobile, par exemple sur un chantier de construction. Tous nos conteneurs sont \u00e9quip\u00e9s de fermetures conviviales et d'une serrure anti-effraction.<\/p>\n<p>Outre ces conteneurs, vous pouvez acheter ou louer de nombreux autres conteneurs chez Gebr. Vermeer. Vous trouverez ici un aper\u00e7u des conteneurs propos\u00e9s <a href=\"https:\/\/www.gebrvermeertransport.nl\/fr\/conteneurs\/\">ici<\/a>.<\/p>\n<h3>Contact<\/h3>\n<p>Vous souhaitez louer l'un de nos nombreux conteneurs ? N'h\u00e9sitez pas \u00e0 prendre contact avec Gebr. Vermeer Industrial Movements. Nous nous ferons un plaisir de vous informer sur les possibilit\u00e9s et de r\u00e9pondre \u00e0 toutes vos questions. Vous pouvez nous contacter via le site <a href=\"https:\/\/www.gebrvermeertransport.nl\/fr\/contact\/\">formulaire de contact<\/a> ou envoyer un courriel \u00e0 <a href=\"mailto:info@gebrvermeertransport.nl\">info@gebrvermeertransport.nl<\/a>. Vous pr\u00e9f\u00e9rez nous contacter par t\u00e9l\u00e9phone ? Vous pouvez nous appeler au 013-4670272.<\/p>\n\n\t\t<\/div>\n\t<\/div>\n<\/div><\/div><\/div><div class=\"wpb_column sidebar-kolom vc_column_container vc_col-sm-4\"><div class=\"vc_column-inner\"><div class=\"wpb_wrapper\"><div class=\"templatera_shortcode\"><div class=\"vc_row wpb_row vc_row-fluid\"><div class=\"wpb_column vc_column_container vc_col-sm-12\"><div class=\"vc_column-inner vc_custom_1608038486316\"><div class=\"wpb_wrapper\">\n\t<div class=\"wpb_text_column wpb_content_element  sidebar-blok-grijs diapositief\" >\n\t\t<div class=\"wpb_wrapper\">\n\t\t\t<h3>Prendre contact<\/h3>\n<p>Vous avez une question ? N'h\u00e9sitez pas \u00e0 nous contacter. Vous pouvez remplir notre formulaire de contact en ligne ou nous appeler directement au 013 - 4670272. Gebr. Vermeer vous aidera !<\/p>\n<p><a class=\"button wit\" href=\"\/fr\/contact\/\">Prendre contact<\/a><\/p>\n\n\t\t<\/div>\n\t<\/div>\n<\/div><\/div><\/div><\/div><\/div><div class=\"templatera_shortcode\"><div class=\"vc_row wpb_row vc_row-fluid\"><div class=\"wpb_column vc_column_container vc_col-sm-12\"><div class=\"vc_column-inner vc_custom_1608038486316\"><div class=\"wpb_wrapper\">\n\t<div class=\"wpb_text_column wpb_content_element  sidebar-blok-offerte diapositief\" >\n\t\t<div class=\"wpb_wrapper\">\n\t\t\t<h3>Demande de devis<\/h3>\n<p>Vous souhaitez recevoir un devis ? Vous pouvez remplir un formulaire de demande de devis directement en ligne, de mani\u00e8re simple et rapide. Nous prendrons ensuite contact avec vous. Gebr. Vermeer Special Transport vous aidera !<\/p>\n<p><a class=\"button wit\" href=\"\/fr\/demander-un-devis\/\">Demande de devis<\/a><\/p>\n\n\t\t<\/div>\n\t<\/div>\n<\/div><\/div><\/div><\/div><\/div><\/div><\/div><\/div><\/div><div data-vc-full-width=\"true\" data-vc-full-width-init=\"false\" class=\"vc_row wpb_row vc_row-fluid skewed-bg-row sub-cat wpex-vc-row-stretched\"><div class=\"wpb_column vc_column_container vc_col-sm-12\"><div class=\"vc_column-inner\"><div class=\"wpb_wrapper\"><div class=\"vc_row wpb_row vc_inner vc_row-fluid sub-cat-projecten-row\"><div class=\"wpb_column vc_column_container vc_col-sm-12\"><div class=\"vc_column-inner\"><div class=\"wpb_wrapper\">\n\t<div class=\"wpb_text_column wpb_content_element\" >\n\t\t<div class=\"wpb_wrapper\">\n\t\t\t<h3>Projets<\/h3>\n<p><span class=\"grijs ondertitel\">Conteneurs de stockage<\/span><\/p>\n\n\t\t<\/div>\n\t<\/div>\n<div class=\"vcex-module vcex-portfolio-grid-wrap wpex-clr\"><div class=\"wpex-row vcex-portfolio-grid wpex-clr entries gap-40\" data-show_title=\"false\"><div class=\"portfolio-entry vcex-grid-item span_1_of_3 col col-1 post-2858 entry type-portfolio has-media cat-34\"><div class=\"portfolio-entry-inner entry-inner wpex-first-mt-0 wpex-last-mb-0 wpex-clr\"><div class=\"portfolio-entry-media entry-media overlay-parent overlay-parent-title-center wpex-overflow-hidden\"><a href=\"https:\/\/www.gebrvermeertransport.nl\/wp-content\/uploads\/2022\/04\/PHOTO-2020-06-12-13-29-34.jpg\" title=\"Conteneur de stockage avec structure int\u00e9gr\u00e9e pour l&#039;inspection des chargements\" class=\"portfolio-entry-media-link wpex-lightbox-gallery\" data-gallery=\"[{&quot;src&quot;:&quot;https:\\\/\\\/www.gebrvermeertransport.nl\\\/wp-content\\\/uploads\\\/2022\\\/04\\\/PHOTO-2020-06-12-13-29-34.jpg&quot;},{&quot;src&quot;:&quot;https:\\\/\\\/www.gebrvermeertransport.nl\\\/wp-content\\\/uploads\\\/2022\\\/04\\\/PHOTO-2020-06-12-13-29-351.jpg&quot;},{&quot;src&quot;:&quot;https:\\\/\\\/www.gebrvermeertransport.nl\\\/wp-content\\\/uploads\\\/2022\\\/04\\\/PHOTO-2020-06-12-13-29-35.jpg&quot;}]\"><img decoding=\"async\" loading=\"lazy\" class=\"portfolio-entry-img wpex-align-middle\" src=\"https:\/\/www.gebrvermeertransport.nl\/wp-content\/uploads\/2022\/04\/PHOTO-2020-06-12-13-29-34.jpg\" alt=\"\" width=\"1600\" height=\"1200\" \/>\n<div class=\"overlay-title-center theme-overlay wpex-absolute wpex-inset-0 wpex-transition-all wpex-duration-300 wpex-flex wpex-justify-center wpex-items-center wpex-text-center\">\n\t<span class=\"overlay-bg wpex-bg-black wpex-block wpex-absolute wpex-inset-0 wpex-opacity-50\"><\/span>\n\t<div class=\"overlay-content wpex-relative wpex-text-white wpex-uppercase wpex-font-semibold wpex-p-15 wpex-tracking-widest\">\n\t\t<span class=\"title\">Conteneur de stockage avec structure int\u00e9gr\u00e9e pour l'inspection des chargements<\/span>\t<\/div>\n<\/div><\/a><\/div><\/div><\/div><\/div><\/div><\/div><\/div><\/div><\/div><\/div><\/div><\/div><\/div><div class=\"vc_row-full-width vc_clearfix\"><\/div>","protected":false},"excerpt":{"rendered":"","protected":false},"author":1,"featured_media":2015,"parent":0,"menu_order":0,"comment_status":"closed","ping_status":"closed","template":"","meta":{"inline_featured_image":false,"footnotes":""},"class_list":["post-1971","page","type-page","status-publish","has-post-thumbnail","hentry","entry","has-media"],"yoast_head":"<!-- This site is optimized with the Yoast SEO plugin v26.4 - https:\/\/yoast.com\/wordpress\/plugins\/seo\/ -->\n<title>Opslagcontainers - Gebr. Vermeer<\/title>\n<meta name=\"description\" content=\"Bij Gebr. Vermeer Containers kunt u kwalitatief hoogwaardige opslagcontainers van 8ft, 10ft, 20ft en 40ft huren of kopen.\" \/>\n<meta name=\"robots\" content=\"index, follow, max-snippet:-1, max-image-preview:large, max-video-preview:-1\" \/>\n<link rel=\"canonical\" href=\"https:\/\/www.gebrvermeertransport.nl\/fr\/conteneurs-de-stockage\/\" \/>\n<meta property=\"og:locale\" content=\"fr_FR\" \/>\n<meta property=\"og:type\" content=\"article\" \/>\n<meta property=\"og:title\" content=\"Opslagcontainers - Gebr. Vermeer\" \/>\n<meta property=\"og:description\" content=\"Bij Gebr. Vermeer Containers kunt u kwalitatief hoogwaardige opslagcontainers van 8ft, 10ft, 20ft en 40ft huren of kopen.\" \/>\n<meta property=\"og:url\" content=\"https:\/\/www.gebrvermeertransport.nl\/fr\/conteneurs-de-stockage\/\" \/>\n<meta property=\"og:site_name\" content=\"Gebr. Vermeer\" \/>\n<meta property=\"article:modified_time\" content=\"2022-06-07T07:18:39+00:00\" \/>\n<meta property=\"og:image\" content=\"https:\/\/www.gebrvermeertransport.nl\/wp-content\/uploads\/2021\/01\/Opslagcontainers-uitgelicht.jpg\" \/>\n\t<meta property=\"og:image:width\" content=\"800\" \/>\n\t<meta property=\"og:image:height\" content=\"515\" \/>\n\t<meta property=\"og:image:type\" content=\"image\/jpeg\" \/>\n<meta name=\"twitter:card\" content=\"summary_large_image\" \/>\n<meta name=\"twitter:label1\" content=\"Dur\u00e9e de lecture estim\u00e9e\" \/>\n\t<meta name=\"twitter:data1\" content=\"3 minutes\" \/>\n<script type=\"application\/ld+json\" class=\"yoast-schema-graph\">{\"@context\":\"https:\/\/schema.org\",\"@graph\":[{\"@type\":\"WebPage\",\"@id\":\"https:\/\/www.gebrvermeertransport.nl\/opslagcontainers\/\",\"url\":\"https:\/\/www.gebrvermeertransport.nl\/opslagcontainers\/\",\"name\":\"Opslagcontainers - Gebr. Vermeer\",\"isPartOf\":{\"@id\":\"https:\/\/www.gebrvermeertransport.nl\/#website\"},\"primaryImageOfPage\":{\"@id\":\"https:\/\/www.gebrvermeertransport.nl\/opslagcontainers\/#primaryimage\"},\"image\":{\"@id\":\"https:\/\/www.gebrvermeertransport.nl\/opslagcontainers\/#primaryimage\"},\"thumbnailUrl\":\"https:\/\/www.gebrvermeertransport.nl\/wp-content\/uploads\/2021\/01\/Opslagcontainers-uitgelicht.jpg\",\"datePublished\":\"2021-01-22T14:26:16+00:00\",\"dateModified\":\"2022-06-07T07:18:39+00:00\",\"description\":\"Bij Gebr. Vermeer Containers kunt u kwalitatief hoogwaardige opslagcontainers van 8ft, 10ft, 20ft en 40ft huren of kopen.\",\"breadcrumb\":{\"@id\":\"https:\/\/www.gebrvermeertransport.nl\/opslagcontainers\/#breadcrumb\"},\"inLanguage\":\"fr-FR\",\"potentialAction\":[{\"@type\":\"ReadAction\",\"target\":[\"https:\/\/www.gebrvermeertransport.nl\/opslagcontainers\/\"]}]},{\"@type\":\"ImageObject\",\"inLanguage\":\"fr-FR\",\"@id\":\"https:\/\/www.gebrvermeertransport.nl\/opslagcontainers\/#primaryimage\",\"url\":\"https:\/\/www.gebrvermeertransport.nl\/wp-content\/uploads\/2021\/01\/Opslagcontainers-uitgelicht.jpg\",\"contentUrl\":\"https:\/\/www.gebrvermeertransport.nl\/wp-content\/uploads\/2021\/01\/Opslagcontainers-uitgelicht.jpg\",\"width\":800,\"height\":515},{\"@type\":\"BreadcrumbList\",\"@id\":\"https:\/\/www.gebrvermeertransport.nl\/opslagcontainers\/#breadcrumb\",\"itemListElement\":[{\"@type\":\"ListItem\",\"position\":1,\"name\":\"Home\",\"item\":\"https:\/\/www.gebrvermeertransport.nl\/\"},{\"@type\":\"ListItem\",\"position\":2,\"name\":\"Opslagcontainers\"}]},{\"@type\":\"WebSite\",\"@id\":\"https:\/\/www.gebrvermeertransport.nl\/#website\",\"url\":\"https:\/\/www.gebrvermeertransport.nl\/\",\"name\":\"Gebr. Vermeer\",\"description\":\"\",\"publisher\":{\"@id\":\"https:\/\/www.gebrvermeertransport.nl\/#organization\"},\"potentialAction\":[{\"@type\":\"SearchAction\",\"target\":{\"@type\":\"EntryPoint\",\"urlTemplate\":\"https:\/\/www.gebrvermeertransport.nl\/?s={search_term_string}\"},\"query-input\":{\"@type\":\"PropertyValueSpecification\",\"valueRequired\":true,\"valueName\":\"search_term_string\"}}],\"inLanguage\":\"fr-FR\"},{\"@type\":\"Organization\",\"@id\":\"https:\/\/www.gebrvermeertransport.nl\/#organization\",\"name\":\"Gebr. Vermeer\",\"url\":\"https:\/\/www.gebrvermeertransport.nl\/\",\"logo\":{\"@type\":\"ImageObject\",\"inLanguage\":\"fr-FR\",\"@id\":\"https:\/\/www.gebrvermeertransport.nl\/#\/schema\/logo\/image\/\",\"url\":\"https:\/\/www.gebrvermeertransport.nl\/wp-content\/uploads\/2020\/12\/Logo-web-GV.svg\",\"contentUrl\":\"https:\/\/www.gebrvermeertransport.nl\/wp-content\/uploads\/2020\/12\/Logo-web-GV.svg\",\"caption\":\"Gebr. Vermeer\"},\"image\":{\"@id\":\"https:\/\/www.gebrvermeertransport.nl\/#\/schema\/logo\/image\/\"}}]}<\/script>\n<!-- \/ Yoast SEO plugin. -->","yoast_head_json":{"title":"Conteneurs de stockage - Gebr. Vermeer","description":"Chez Gebr. Vermeer Containers, vous pouvez louer ou acheter des conteneurs de stockage de haute qualit\u00e9 de 8ft, 10ft, 20ft et 40ft.","robots":{"index":"index","follow":"follow","max-snippet":"max-snippet:-1","max-image-preview":"max-image-preview:large","max-video-preview":"max-video-preview:-1"},"canonical":"https:\/\/www.gebrvermeertransport.nl\/fr\/conteneurs-de-stockage\/","og_locale":"fr_FR","og_type":"article","og_title":"Opslagcontainers - Gebr. Vermeer","og_description":"Bij Gebr. Vermeer Containers kunt u kwalitatief hoogwaardige opslagcontainers van 8ft, 10ft, 20ft en 40ft huren of kopen.","og_url":"https:\/\/www.gebrvermeertransport.nl\/fr\/conteneurs-de-stockage\/","og_site_name":"Gebr. Vermeer","article_modified_time":"2022-06-07T07:18:39+00:00","og_image":[{"width":800,"height":515,"url":"https:\/\/www.gebrvermeertransport.nl\/wp-content\/uploads\/2021\/01\/Opslagcontainers-uitgelicht.jpg","type":"image\/jpeg"}],"twitter_card":"summary_large_image","twitter_misc":{"Dur\u00e9e de lecture estim\u00e9e":"3 minutes"},"schema":{"@context":"https:\/\/schema.org","@graph":[{"@type":"WebPage","@id":"https:\/\/www.gebrvermeertransport.nl\/opslagcontainers\/","url":"https:\/\/www.gebrvermeertransport.nl\/opslagcontainers\/","name":"Conteneurs de stockage - Gebr. Vermeer","isPartOf":{"@id":"https:\/\/www.gebrvermeertransport.nl\/#website"},"primaryImageOfPage":{"@id":"https:\/\/www.gebrvermeertransport.nl\/opslagcontainers\/#primaryimage"},"image":{"@id":"https:\/\/www.gebrvermeertransport.nl\/opslagcontainers\/#primaryimage"},"thumbnailUrl":"https:\/\/www.gebrvermeertransport.nl\/wp-content\/uploads\/2021\/01\/Opslagcontainers-uitgelicht.jpg","datePublished":"2021-01-22T14:26:16+00:00","dateModified":"2022-06-07T07:18:39+00:00","description":"Chez Gebr. Vermeer Containers, vous pouvez louer ou acheter des conteneurs de stockage de haute qualit\u00e9 de 8ft, 10ft, 20ft et 40ft.","breadcrumb":{"@id":"https:\/\/www.gebrvermeertransport.nl\/opslagcontainers\/#breadcrumb"},"inLanguage":"fr-FR","potentialAction":[{"@type":"ReadAction","target":["https:\/\/www.gebrvermeertransport.nl\/opslagcontainers\/"]}]},{"@type":"ImageObject","inLanguage":"fr-FR","@id":"https:\/\/www.gebrvermeertransport.nl\/opslagcontainers\/#primaryimage","url":"https:\/\/www.gebrvermeertransport.nl\/wp-content\/uploads\/2021\/01\/Opslagcontainers-uitgelicht.jpg","contentUrl":"https:\/\/www.gebrvermeertransport.nl\/wp-content\/uploads\/2021\/01\/Opslagcontainers-uitgelicht.jpg","width":800,"height":515},{"@type":"BreadcrumbList","@id":"https:\/\/www.gebrvermeertransport.nl\/opslagcontainers\/#breadcrumb","itemListElement":[{"@type":"ListItem","position":1,"name":"Home","item":"https:\/\/www.gebrvermeertransport.nl\/"},{"@type":"ListItem","position":2,"name":"Opslagcontainers"}]},{"@type":"WebSite","@id":"https:\/\/www.gebrvermeertransport.nl\/#website","url":"https:\/\/www.gebrvermeertransport.nl\/","name":"Gebr. Vermeer","description":"","publisher":{"@id":"https:\/\/www.gebrvermeertransport.nl\/#organization"},"potentialAction":[{"@type":"SearchAction","target":{"@type":"EntryPoint","urlTemplate":"https:\/\/www.gebrvermeertransport.nl\/?s={search_term_string}"},"query-input":{"@type":"PropertyValueSpecification","valueRequired":true,"valueName":"search_term_string"}}],"inLanguage":"fr-FR"},{"@type":"Organization","@id":"https:\/\/www.gebrvermeertransport.nl\/#organization","name":"Gebr. Vermeer","url":"https:\/\/www.gebrvermeertransport.nl\/","logo":{"@type":"ImageObject","inLanguage":"fr-FR","@id":"https:\/\/www.gebrvermeertransport.nl\/#\/schema\/logo\/image\/","url":"https:\/\/www.gebrvermeertransport.nl\/wp-content\/uploads\/2020\/12\/Logo-web-GV.svg","contentUrl":"https:\/\/www.gebrvermeertransport.nl\/wp-content\/uploads\/2020\/12\/Logo-web-GV.svg","caption":"Gebr. Vermeer"},"image":{"@id":"https:\/\/www.gebrvermeertransport.nl\/#\/schema\/logo\/image\/"}}]}},"_links":{"self":[{"href":"https:\/\/www.gebrvermeertransport.nl\/fr\/wp-json\/wp\/v2\/pages\/1971","targetHints":{"allow":["GET"]}}],"collection":[{"href":"https:\/\/www.gebrvermeertransport.nl\/fr\/wp-json\/wp\/v2\/pages"}],"about":[{"href":"https:\/\/www.gebrvermeertransport.nl\/fr\/wp-json\/wp\/v2\/types\/page"}],"author":[{"embeddable":true,"href":"https:\/\/www.gebrvermeertransport.nl\/fr\/wp-json\/wp\/v2\/users\/1"}],"replies":[{"embeddable":true,"href":"https:\/\/www.gebrvermeertransport.nl\/fr\/wp-json\/wp\/v2\/comments?post=1971"}],"version-history":[{"count":12,"href":"https:\/\/www.gebrvermeertransport.nl\/fr\/wp-json\/wp\/v2\/pages\/1971\/revisions"}],"predecessor-version":[{"id":3212,"href":"https:\/\/www.gebrvermeertransport.nl\/fr\/wp-json\/wp\/v2\/pages\/1971\/revisions\/3212"}],"wp:featuredmedia":[{"embeddable":true,"href":"https:\/\/www.gebrvermeertransport.nl\/fr\/wp-json\/wp\/v2\/media\/2015"}],"wp:attachment":[{"href":"https:\/\/www.gebrvermeertransport.nl\/fr\/wp-json\/wp\/v2\/media?parent=1971"}],"curies":[{"name":"wp","href":"https:\/\/api.w.org\/{rel}","templated":true}]}}