{"id":1943,"date":"2021-01-22T14:08:06","date_gmt":"2021-01-22T14:08:06","guid":{"rendered":"https:\/\/www.gebrvermeertransport.nl\/?page_id=1943"},"modified":"2025-11-25T07:51:08","modified_gmt":"2025-11-25T07:51:08","slug":"portails-de-levage","status":"publish","type":"page","link":"https:\/\/www.gebrvermeertransport.nl\/fr\/portails-de-levage\/","title":{"rendered":"Poteaux de levage"},"content":{"rendered":"<div data-vc-full-width=\"true\" data-vc-full-width-init=\"false\" class=\"vc_row wpb_row vc_row-fluid sub-cat-intro-row wpex-vc-row-stretched\"><div class=\"wpb_column vc_column_container vc_col-sm-6\"><div class=\"vc_column-inner\"><div class=\"wpb_wrapper\">\n\t<div class=\"wpb_text_column wpb_content_element  intro-blok diapositief\" >\n\t\t<div class=\"wpb_wrapper\">\n\t\t\t<h1>Poteaux de levage<\/h1>\n<p>Les portiques hydrauliques sont un moyen s\u00fbr et efficace de d\u00e9placer des charges lourdes dans des applications o\u00f9 il n'y a pas de grue de hall disponible ou lorsqu'une grue mobile traditionnelle n'est tout simplement pas adapt\u00e9e.<\/p>\n<p>Les grues normales soul\u00e8vent depuis le c\u0153ur de la grue jusqu'au point de levage de l'objet, mais avec un portique de levage, le levage s'effectue entre les jambes. Cette m\u00e9thode convient donc parfaitement au positionnement et au levage de charges dans des espaces restreints. Cette m\u00e9thode peut \u00eatre utilis\u00e9e aussi bien \u00e0 l'int\u00e9rieur qu'\u00e0 l'ext\u00e9rieur. Nous disposons de plusieurs options avec diff\u00e9rentes capacit\u00e9s de levage, de sorte que nous avons toujours l'\u00e9quipement ad\u00e9quat pour relever le d\u00e9fi qui se pr\u00e9sente \u00e0 vous<\/p>\n\n\t\t<\/div>\n\t<\/div>\n<\/div><\/div><\/div><div class=\"wpb_column vc_column_container vc_col-sm-6\"><div class=\"vc_column-inner\"><div class=\"wpb_wrapper\">\n\t<div  class=\"wpb_single_image wpb_content_element vc_align_   sub-cat-header-afb\">\n\t\t\n\t\t<figure class=\"wpb_wrapper vc_figure\">\n\t\t\t<div class=\"vc_single_image-wrapper   vc_box_border_grey\"><img loading=\"lazy\" decoding=\"async\" width=\"800\" height=\"515\" src=\"https:\/\/www.gebrvermeertransport.nl\/wp-content\/uploads\/2021\/01\/Hijsportalen-uitgelicht.jpg\" class=\"vc_single_image-img attachment-full\" alt=\"\" srcset=\"https:\/\/www.gebrvermeertransport.nl\/wp-content\/uploads\/2021\/01\/Hijsportalen-uitgelicht.jpg 800w, https:\/\/www.gebrvermeertransport.nl\/wp-content\/uploads\/2021\/01\/Hijsportalen-uitgelicht-300x193.jpg 300w, https:\/\/www.gebrvermeertransport.nl\/wp-content\/uploads\/2021\/01\/Hijsportalen-uitgelicht-768x494.jpg 768w\" sizes=\"auto, (max-width: 800px) 100vw, 800px\" \/><\/div>\n\t\t<\/figure>\n\t<\/div>\n<\/div><\/div><\/div><\/div><div class=\"vc_row-full-width vc_clearfix\"><\/div><div class=\"vc_row wpb_row vc_row-fluid content-sidebar-row wpex-vc-has-custom-column-spacing wpex-vc-column-spacing-40 tablet-fullwidth-columns\"><div class=\"wpb_column tekst-kolom vc_column_container vc_col-sm-8\"><div class=\"vc_column-inner\"><div class=\"wpb_wrapper\">\n\t<div class=\"wpb_text_column wpb_content_element  first\" >\n\t\t<div class=\"wpb_wrapper\">\n\t\t\t<h2>Choix d'\u00e9quipements pour faire face \u00e0 tous les travaux<\/h2>\n<p>Pour r\u00e9aliser des travaux qui exigent une pr\u00e9cision millim\u00e9trique, mais qui n\u00e9cessitent n\u00e9anmoins une capacit\u00e9 de levage maximale, Gebr. Vermeer dispose d'une large gamme d'\u00e9quipements. Nous disposons de portiques de levage hydrauliques, mais nous pouvons \u00e9galement utiliser des portiques de levage d\u00e9montables en aluminium pouvant supporter jusqu'\u00e0 5 tonnes et des portiques de levage hydrauliques pour soulever des charges moins lourdes. En fonction des travaux \u00e0 effectuer, nous disposons de divers outils tels que des traverses de levage, du mat\u00e9riel de levage et des poutres de support.<\/p>\n\n\t\t<\/div>\n\t<\/div>\n<div class=\"wpex-slider-preloaderimg\"><img loading=\"lazy\" decoding=\"async\" data-no-lazy=\"1\" class=\"skip-lazy\" src=\"https:\/\/www.gebrvermeertransport.nl\/wp-content\/uploads\/2022\/04\/Hijsportalen-2.jpg\" alt=\"\" width=\"980\" height=\"400\" \/><\/div><div class=\"vcex-module wpex-slider slider-pro vcex-image-slider wpex-clr\" data-auto-play=\"false\" data-auto-play-delay=\"5000\" data-buttons=\"false\" data-fade-arrows=\"false\" data-animation-speed=\"600\" data-height-animation-duration=\"500\" data-thumbnail-height=\"70\" data-thumbnail-width=\"70\"><div class=\"wpex-slider-slides sp-slides\"><div class=\"wpex-slider-slide sp-slide\"><div class=\"wpex-slider-media\"><img loading=\"lazy\" decoding=\"async\" data-no-lazy=\"1\" class=\"skip-lazy\" src=\"https:\/\/www.gebrvermeertransport.nl\/wp-content\/uploads\/2022\/04\/Hijsportalen-2.jpg\" alt=\"\" width=\"980\" height=\"400\" \/><\/div><\/div><div class=\"wpex-slider-slide sp-slide\"><div class=\"wpex-slider-media\"><img loading=\"lazy\" decoding=\"async\" data-no-lazy=\"1\" class=\"skip-lazy\" src=\"https:\/\/www.gebrvermeertransport.nl\/wp-content\/uploads\/2022\/04\/Hijsportalen-3.jpg\" alt=\"\" width=\"980\" height=\"400\" \/><\/div><\/div><div class=\"wpex-slider-slide sp-slide\"><div class=\"wpex-slider-media\"><img loading=\"lazy\" decoding=\"async\" data-no-lazy=\"1\" class=\"skip-lazy\" src=\"https:\/\/www.gebrvermeertransport.nl\/wp-content\/uploads\/2021\/04\/Hijsportalen-1.jpg\" alt=\"\" width=\"980\" height=\"400\" \/><\/div><\/div><\/div><\/div>\n\t<div class=\"wpb_text_column wpb_content_element\" >\n\t\t<div class=\"wpb_wrapper\">\n\t\t\t<h3>Personnel qualifi\u00e9 connaissant parfaitement les portiques de levage<\/h3>\n<p>En outre, le travail est effectu\u00e9 par des transporteurs de machines motiv\u00e9s et comp\u00e9tents, qui connaissent parfaitement le levage et le hissage de portiques. Avec plus de 30 ans d'exp\u00e9rience, Gebr. Vermeer Industrial Movements est \u00e0 la hauteur de toutes les t\u00e2ches. Gr\u00e2ce \u00e0 notre flotte moderne et \u00e0 notre vaste service d'\u00e9quipement, nous sommes rapides et flexibles dans notre planification et nos services 24 heures sur 24, 7 jours sur 7. Les clients disposent d'un point de contact fixe au sein de notre entreprise, ce qui garantit des lignes de communication courtes \u00e0 tout moment.<\/p>\n<p>Vous pouvez \u00e9galement vous adresser \u00e0 nous pour le placement de machines et le d\u00e9montage industriel de machines, d'installations et de structures. Cet ensemble complet de services fait de Gebr. Vermeer un nom connu dans le domaine de la relocalisation industrielle.<\/p>\n<p>Int\u00e9ress\u00e9(e) ? N'h\u00e9sitez pas \u00e0 nous le faire savoir ! Peut-\u00eatre avez-vous encore des questions, par exemple sur nos portails de levage ? N'h\u00e9sitez pas \u00e0 les poser ! Chez Gebr. Vermeer Industrial Movements, une \u00e9quipe est pr\u00eate \u00e0 vous aider \u00e0 aller de l'avant. N'h\u00e9sitez pas \u00e0 nous contacter <a href=\"https:\/\/www.gebrvermeertransport.nl\/fr\/contact\/\">contact<\/a> pour y jeter un coup d'\u0153il. Vous ne le regretterez pas.<\/p>\n\n\t\t<\/div>\n\t<\/div>\n<\/div><\/div><\/div><div class=\"wpb_column sidebar-kolom vc_column_container vc_col-sm-4\"><div class=\"vc_column-inner\"><div class=\"wpb_wrapper\"><div class=\"templatera_shortcode\"><div class=\"vc_row wpb_row vc_row-fluid\"><div class=\"wpb_column vc_column_container vc_col-sm-12\"><div class=\"vc_column-inner vc_custom_1608038486316\"><div class=\"wpb_wrapper\">\n\t<div class=\"wpb_text_column wpb_content_element  sidebar-blok-grijs diapositief\" >\n\t\t<div class=\"wpb_wrapper\">\n\t\t\t<h3>Prendre contact<\/h3>\n<p>Vous avez une question ? N'h\u00e9sitez pas \u00e0 nous contacter. Vous pouvez remplir notre formulaire de contact en ligne ou nous appeler directement au 013 - 4670272. Gebr. Vermeer vous aidera !<\/p>\n<p><a class=\"button wit\" href=\"\/fr\/contact\/\">Prendre contact<\/a><\/p>\n\n\t\t<\/div>\n\t<\/div>\n<\/div><\/div><\/div><\/div><\/div><div class=\"templatera_shortcode\"><div class=\"vc_row wpb_row vc_row-fluid\"><div class=\"wpb_column vc_column_container vc_col-sm-12\"><div class=\"vc_column-inner vc_custom_1608038486316\"><div class=\"wpb_wrapper\">\n\t<div class=\"wpb_text_column wpb_content_element  sidebar-blok-offerte diapositief\" >\n\t\t<div class=\"wpb_wrapper\">\n\t\t\t<h3>Demande de devis<\/h3>\n<p>Vous souhaitez recevoir un devis ? Vous pouvez remplir un formulaire de demande de devis directement en ligne, de mani\u00e8re simple et rapide. Nous prendrons ensuite contact avec vous. Gebr. Vermeer Special Transport vous aidera !<\/p>\n<p><a class=\"button wit\" href=\"\/fr\/demander-un-devis\/\">Demande de devis<\/a><\/p>\n\n\t\t<\/div>\n\t<\/div>\n<\/div><\/div><\/div><\/div><\/div><\/div><\/div><\/div><\/div><div data-vc-full-width=\"true\" data-vc-full-width-init=\"false\" class=\"vc_row wpb_row vc_row-fluid skewed-bg-row sub-cat wpex-vc-row-stretched\"><div class=\"wpb_column vc_column_container vc_col-sm-12\"><div class=\"vc_column-inner\"><div class=\"wpb_wrapper\"><div class=\"vc_row wpb_row vc_inner vc_row-fluid sub-cat-projecten-row\"><div class=\"wpb_column vc_column_container vc_col-sm-12\"><div class=\"vc_column-inner\"><div class=\"wpb_wrapper\">\n\t<div class=\"wpb_text_column wpb_content_element\" >\n\t\t<div class=\"wpb_wrapper\">\n\t\t\t<h3>Projets<\/h3>\n<p><span class=\"grijs ondertitel\">Poteaux de levage<\/span><\/p>\n\n\t\t<\/div>\n\t<\/div>\nBient\u00f4t en ligne.<\/div><\/div><\/div><\/div><\/div><\/div><\/div><\/div><div class=\"vc_row-full-width vc_clearfix\"><\/div>","protected":false},"excerpt":{"rendered":"Portiques de levage Les portiques hydrauliques constituent un moyen s\u00fbr et efficace de d\u00e9placer des charges lourdes dans des applications o\u00f9 il n'y a pas de grue de hall disponible ou lorsqu'une grue mobile traditionnelle n'est tout simplement pas adapt\u00e9e. Les grues normales soul\u00e8vent depuis le c\u0153ur de la grue jusqu'\u00e0...","protected":false},"author":1,"featured_media":2005,"parent":0,"menu_order":0,"comment_status":"closed","ping_status":"closed","template":"","meta":{"inline_featured_image":false,"footnotes":""},"class_list":["post-1943","page","type-page","status-publish","has-post-thumbnail","hentry","entry","has-media"],"yoast_head":"<!-- This site is optimized with the Yoast SEO plugin v26.4 - https:\/\/yoast.com\/wordpress\/plugins\/seo\/ -->\n<title>Hijsportalen tot 160 ton, uw machine onze zorg! Gebr. Vermeer.<\/title>\n<meta name=\"description\" content=\"Wij leveren maatwerk op het gebied van hijsportalen, het veilig en effici\u00ebnt hijsen van zware objecten dat is waar we goed in zijn!\" \/>\n<meta name=\"robots\" content=\"index, follow, max-snippet:-1, max-image-preview:large, max-video-preview:-1\" \/>\n<link rel=\"canonical\" href=\"https:\/\/www.gebrvermeertransport.nl\/fr\/portails-de-levage\/\" \/>\n<meta property=\"og:locale\" content=\"fr_FR\" \/>\n<meta property=\"og:type\" content=\"article\" \/>\n<meta property=\"og:title\" content=\"Hijsportalen tot 160 ton, uw machine onze zorg! Gebr. Vermeer.\" \/>\n<meta property=\"og:description\" content=\"Wij leveren maatwerk op het gebied van hijsportalen, het veilig en effici\u00ebnt hijsen van zware objecten dat is waar we goed in zijn!\" \/>\n<meta property=\"og:url\" content=\"https:\/\/www.gebrvermeertransport.nl\/fr\/portails-de-levage\/\" \/>\n<meta property=\"og:site_name\" content=\"Gebr. Vermeer\" \/>\n<meta property=\"article:modified_time\" content=\"2025-11-25T07:51:08+00:00\" \/>\n<meta property=\"og:image\" content=\"https:\/\/www.gebrvermeertransport.nl\/wp-content\/uploads\/2021\/01\/Hijsportalen-uitgelicht.jpg\" \/>\n\t<meta property=\"og:image:width\" content=\"800\" \/>\n\t<meta property=\"og:image:height\" content=\"515\" \/>\n\t<meta property=\"og:image:type\" content=\"image\/jpeg\" \/>\n<meta name=\"twitter:card\" content=\"summary_large_image\" \/>\n<meta name=\"twitter:label1\" content=\"Dur\u00e9e de lecture estim\u00e9e\" \/>\n\t<meta name=\"twitter:data1\" content=\"3 minutes\" \/>\n<script type=\"application\/ld+json\" class=\"yoast-schema-graph\">{\"@context\":\"https:\/\/schema.org\",\"@graph\":[{\"@type\":\"WebPage\",\"@id\":\"https:\/\/www.gebrvermeertransport.nl\/hijsportalen\/\",\"url\":\"https:\/\/www.gebrvermeertransport.nl\/hijsportalen\/\",\"name\":\"Hijsportalen tot 160 ton, uw machine onze zorg! Gebr. Vermeer.\",\"isPartOf\":{\"@id\":\"https:\/\/www.gebrvermeertransport.nl\/#website\"},\"primaryImageOfPage\":{\"@id\":\"https:\/\/www.gebrvermeertransport.nl\/hijsportalen\/#primaryimage\"},\"image\":{\"@id\":\"https:\/\/www.gebrvermeertransport.nl\/hijsportalen\/#primaryimage\"},\"thumbnailUrl\":\"https:\/\/www.gebrvermeertransport.nl\/wp-content\/uploads\/2021\/01\/Hijsportalen-uitgelicht.jpg\",\"datePublished\":\"2021-01-22T14:08:06+00:00\",\"dateModified\":\"2025-11-25T07:51:08+00:00\",\"description\":\"Wij leveren maatwerk op het gebied van hijsportalen, het veilig en effici\u00ebnt hijsen van zware objecten dat is waar we goed in zijn!\",\"breadcrumb\":{\"@id\":\"https:\/\/www.gebrvermeertransport.nl\/hijsportalen\/#breadcrumb\"},\"inLanguage\":\"fr-FR\",\"potentialAction\":[{\"@type\":\"ReadAction\",\"target\":[\"https:\/\/www.gebrvermeertransport.nl\/hijsportalen\/\"]}]},{\"@type\":\"ImageObject\",\"inLanguage\":\"fr-FR\",\"@id\":\"https:\/\/www.gebrvermeertransport.nl\/hijsportalen\/#primaryimage\",\"url\":\"https:\/\/www.gebrvermeertransport.nl\/wp-content\/uploads\/2021\/01\/Hijsportalen-uitgelicht.jpg\",\"contentUrl\":\"https:\/\/www.gebrvermeertransport.nl\/wp-content\/uploads\/2021\/01\/Hijsportalen-uitgelicht.jpg\",\"width\":800,\"height\":515},{\"@type\":\"BreadcrumbList\",\"@id\":\"https:\/\/www.gebrvermeertransport.nl\/hijsportalen\/#breadcrumb\",\"itemListElement\":[{\"@type\":\"ListItem\",\"position\":1,\"name\":\"Home\",\"item\":\"https:\/\/www.gebrvermeertransport.nl\/\"},{\"@type\":\"ListItem\",\"position\":2,\"name\":\"Hijsportalen\"}]},{\"@type\":\"WebSite\",\"@id\":\"https:\/\/www.gebrvermeertransport.nl\/#website\",\"url\":\"https:\/\/www.gebrvermeertransport.nl\/\",\"name\":\"Gebr. Vermeer\",\"description\":\"\",\"publisher\":{\"@id\":\"https:\/\/www.gebrvermeertransport.nl\/#organization\"},\"potentialAction\":[{\"@type\":\"SearchAction\",\"target\":{\"@type\":\"EntryPoint\",\"urlTemplate\":\"https:\/\/www.gebrvermeertransport.nl\/?s={search_term_string}\"},\"query-input\":{\"@type\":\"PropertyValueSpecification\",\"valueRequired\":true,\"valueName\":\"search_term_string\"}}],\"inLanguage\":\"fr-FR\"},{\"@type\":\"Organization\",\"@id\":\"https:\/\/www.gebrvermeertransport.nl\/#organization\",\"name\":\"Gebr. Vermeer\",\"url\":\"https:\/\/www.gebrvermeertransport.nl\/\",\"logo\":{\"@type\":\"ImageObject\",\"inLanguage\":\"fr-FR\",\"@id\":\"https:\/\/www.gebrvermeertransport.nl\/#\/schema\/logo\/image\/\",\"url\":\"https:\/\/www.gebrvermeertransport.nl\/wp-content\/uploads\/2020\/12\/Logo-web-GV.svg\",\"contentUrl\":\"https:\/\/www.gebrvermeertransport.nl\/wp-content\/uploads\/2020\/12\/Logo-web-GV.svg\",\"caption\":\"Gebr. Vermeer\"},\"image\":{\"@id\":\"https:\/\/www.gebrvermeertransport.nl\/#\/schema\/logo\/image\/\"}}]}<\/script>\n<!-- \/ Yoast SEO plugin. -->","yoast_head_json":{"title":"Portiques de levage jusqu'\u00e0 160 tonnes, votre machine est notre pr\u00e9occupation ! Gebr. Vermeer.","description":"Nous fournissons des portiques de levage sur mesure, soulever des objets lourds de mani\u00e8re s\u00fbre et efficace est ce que nous faisons de mieux !","robots":{"index":"index","follow":"follow","max-snippet":"max-snippet:-1","max-image-preview":"max-image-preview:large","max-video-preview":"max-video-preview:-1"},"canonical":"https:\/\/www.gebrvermeertransport.nl\/fr\/portails-de-levage\/","og_locale":"fr_FR","og_type":"article","og_title":"Hijsportalen tot 160 ton, uw machine onze zorg! Gebr. Vermeer.","og_description":"Wij leveren maatwerk op het gebied van hijsportalen, het veilig en effici\u00ebnt hijsen van zware objecten dat is waar we goed in zijn!","og_url":"https:\/\/www.gebrvermeertransport.nl\/fr\/portails-de-levage\/","og_site_name":"Gebr. Vermeer","article_modified_time":"2025-11-25T07:51:08+00:00","og_image":[{"width":800,"height":515,"url":"https:\/\/www.gebrvermeertransport.nl\/wp-content\/uploads\/2021\/01\/Hijsportalen-uitgelicht.jpg","type":"image\/jpeg"}],"twitter_card":"summary_large_image","twitter_misc":{"Dur\u00e9e de lecture estim\u00e9e":"3 minutes"},"schema":{"@context":"https:\/\/schema.org","@graph":[{"@type":"WebPage","@id":"https:\/\/www.gebrvermeertransport.nl\/hijsportalen\/","url":"https:\/\/www.gebrvermeertransport.nl\/hijsportalen\/","name":"Portiques de levage jusqu'\u00e0 160 tonnes, votre machine est notre pr\u00e9occupation ! Gebr. Vermeer.","isPartOf":{"@id":"https:\/\/www.gebrvermeertransport.nl\/#website"},"primaryImageOfPage":{"@id":"https:\/\/www.gebrvermeertransport.nl\/hijsportalen\/#primaryimage"},"image":{"@id":"https:\/\/www.gebrvermeertransport.nl\/hijsportalen\/#primaryimage"},"thumbnailUrl":"https:\/\/www.gebrvermeertransport.nl\/wp-content\/uploads\/2021\/01\/Hijsportalen-uitgelicht.jpg","datePublished":"2021-01-22T14:08:06+00:00","dateModified":"2025-11-25T07:51:08+00:00","description":"Nous fournissons des portiques de levage sur mesure, soulever des objets lourds de mani\u00e8re s\u00fbre et efficace est ce que nous faisons de mieux !","breadcrumb":{"@id":"https:\/\/www.gebrvermeertransport.nl\/hijsportalen\/#breadcrumb"},"inLanguage":"fr-FR","potentialAction":[{"@type":"ReadAction","target":["https:\/\/www.gebrvermeertransport.nl\/hijsportalen\/"]}]},{"@type":"ImageObject","inLanguage":"fr-FR","@id":"https:\/\/www.gebrvermeertransport.nl\/hijsportalen\/#primaryimage","url":"https:\/\/www.gebrvermeertransport.nl\/wp-content\/uploads\/2021\/01\/Hijsportalen-uitgelicht.jpg","contentUrl":"https:\/\/www.gebrvermeertransport.nl\/wp-content\/uploads\/2021\/01\/Hijsportalen-uitgelicht.jpg","width":800,"height":515},{"@type":"BreadcrumbList","@id":"https:\/\/www.gebrvermeertransport.nl\/hijsportalen\/#breadcrumb","itemListElement":[{"@type":"ListItem","position":1,"name":"Home","item":"https:\/\/www.gebrvermeertransport.nl\/"},{"@type":"ListItem","position":2,"name":"Hijsportalen"}]},{"@type":"WebSite","@id":"https:\/\/www.gebrvermeertransport.nl\/#website","url":"https:\/\/www.gebrvermeertransport.nl\/","name":"Gebr. Vermeer","description":"","publisher":{"@id":"https:\/\/www.gebrvermeertransport.nl\/#organization"},"potentialAction":[{"@type":"SearchAction","target":{"@type":"EntryPoint","urlTemplate":"https:\/\/www.gebrvermeertransport.nl\/?s={search_term_string}"},"query-input":{"@type":"PropertyValueSpecification","valueRequired":true,"valueName":"search_term_string"}}],"inLanguage":"fr-FR"},{"@type":"Organization","@id":"https:\/\/www.gebrvermeertransport.nl\/#organization","name":"Gebr. Vermeer","url":"https:\/\/www.gebrvermeertransport.nl\/","logo":{"@type":"ImageObject","inLanguage":"fr-FR","@id":"https:\/\/www.gebrvermeertransport.nl\/#\/schema\/logo\/image\/","url":"https:\/\/www.gebrvermeertransport.nl\/wp-content\/uploads\/2020\/12\/Logo-web-GV.svg","contentUrl":"https:\/\/www.gebrvermeertransport.nl\/wp-content\/uploads\/2020\/12\/Logo-web-GV.svg","caption":"Gebr. Vermeer"},"image":{"@id":"https:\/\/www.gebrvermeertransport.nl\/#\/schema\/logo\/image\/"}}]}},"_links":{"self":[{"href":"https:\/\/www.gebrvermeertransport.nl\/fr\/wp-json\/wp\/v2\/pages\/1943","targetHints":{"allow":["GET"]}}],"collection":[{"href":"https:\/\/www.gebrvermeertransport.nl\/fr\/wp-json\/wp\/v2\/pages"}],"about":[{"href":"https:\/\/www.gebrvermeertransport.nl\/fr\/wp-json\/wp\/v2\/types\/page"}],"author":[{"embeddable":true,"href":"https:\/\/www.gebrvermeertransport.nl\/fr\/wp-json\/wp\/v2\/users\/1"}],"replies":[{"embeddable":true,"href":"https:\/\/www.gebrvermeertransport.nl\/fr\/wp-json\/wp\/v2\/comments?post=1943"}],"version-history":[{"count":12,"href":"https:\/\/www.gebrvermeertransport.nl\/fr\/wp-json\/wp\/v2\/pages\/1943\/revisions"}],"predecessor-version":[{"id":3430,"href":"https:\/\/www.gebrvermeertransport.nl\/fr\/wp-json\/wp\/v2\/pages\/1943\/revisions\/3430"}],"wp:featuredmedia":[{"embeddable":true,"href":"https:\/\/www.gebrvermeertransport.nl\/fr\/wp-json\/wp\/v2\/media\/2005"}],"wp:attachment":[{"href":"https:\/\/www.gebrvermeertransport.nl\/fr\/wp-json\/wp\/v2\/media?parent=1943"}],"curies":[{"name":"wp","href":"https:\/\/api.w.org\/{rel}","templated":true}]}}