{"id":194,"date":"2020-12-15T07:42:56","date_gmt":"2020-12-15T07:42:56","guid":{"rendered":"https:\/\/www.gebrvermeertransport.nl\/?page_id=194"},"modified":"2022-04-11T10:40:56","modified_gmt":"2022-04-11T10:40:56","slug":"transport-de-bateaux","status":"publish","type":"page","link":"https:\/\/www.gebrvermeertransport.nl\/fr\/transport-de-bateaux\/","title":{"rendered":"Transport de bateaux"},"content":{"rendered":"<div data-vc-full-width=\"true\" data-vc-full-width-init=\"false\" class=\"vc_row wpb_row vc_row-fluid sub-cat-intro-row wpex-vc-row-stretched\"><div class=\"wpb_column vc_column_container vc_col-sm-6\"><div class=\"vc_column-inner\"><div class=\"wpb_wrapper\">\n\t<div class=\"wpb_text_column wpb_content_element  intro-blok diapositief\" >\n\t\t<div class=\"wpb_wrapper\">\n\t\t\t<h1>Transport de bateaux<\/h1>\n<p>Vous avez un bateau ou un yacht qui doit \u00eatre transport\u00e9 vers un port de plaisance, un chantier naval ou un entrep\u00f4t d'hiver ? Les sp\u00e9cialistes de Gebr. Vermeer peuvent se charger enti\u00e8rement du transport de votre bateau ou de votre yacht. Gr\u00e2ce \u00e0 notre longue exp\u00e9rience, nous connaissons les itin\u00e9raires et les obstacles que nous pouvons rencontrer. Si n\u00e9cessaire, Gebr. Vermeer s'occupe des documents, des autorisations et de la supervision du transport.<\/p>\n\n\t\t<\/div>\n\t<\/div>\n<\/div><\/div><\/div><div class=\"wpb_column vc_column_container vc_col-sm-6\"><div class=\"vc_column-inner\"><div class=\"wpb_wrapper\">\n\t<div  class=\"wpb_single_image wpb_content_element vc_align_   sub-cat-header-afb\">\n\t\t\n\t\t<figure class=\"wpb_wrapper vc_figure\">\n\t\t\t<div class=\"vc_single_image-wrapper   vc_box_border_grey\"><img loading=\"lazy\" decoding=\"async\" width=\"800\" height=\"515\" src=\"https:\/\/www.gebrvermeertransport.nl\/wp-content\/uploads\/2022\/03\/Boottranspor-uitgelicht2t.jpg\" class=\"vc_single_image-img attachment-full\" alt=\"\" srcset=\"https:\/\/www.gebrvermeertransport.nl\/wp-content\/uploads\/2022\/03\/Boottranspor-uitgelicht2t.jpg 800w, https:\/\/www.gebrvermeertransport.nl\/wp-content\/uploads\/2022\/03\/Boottranspor-uitgelicht2t-300x193.jpg 300w, https:\/\/www.gebrvermeertransport.nl\/wp-content\/uploads\/2022\/03\/Boottranspor-uitgelicht2t-768x494.jpg 768w\" sizes=\"auto, (max-width: 800px) 100vw, 800px\" \/><\/div>\n\t\t<\/figure>\n\t<\/div>\n<\/div><\/div><\/div><\/div><div class=\"vc_row-full-width vc_clearfix\"><\/div><div class=\"vc_row wpb_row vc_row-fluid content-sidebar-row wpex-vc-has-custom-column-spacing wpex-vc-column-spacing-40 tablet-fullwidth-columns\"><div class=\"wpb_column tekst-kolom vc_column_container vc_col-sm-8\"><div class=\"vc_column-inner\"><div class=\"wpb_wrapper\">\n\t<div class=\"wpb_text_column wpb_content_element  first\" >\n\t\t<div class=\"wpb_wrapper\">\n\t\t\t<h2>Transport de bateaux<\/h2>\n<p>Pour le transport de bateaux et de yachts, nous disposons d'une vaste flotte de v\u00e9hicules, de sorte qu'aucun travail n'est trop difficile pour nous. Nous sommes ainsi en mesure de garantir que votre bien pr\u00e9cieux atteindra sa destination finale sans encombre, m\u00eame \u00e0 l'\u00e9tranger. Nous disposons d'un choix de remorques \u00e0 plateau pour le transport de bateaux et de yachts. Nos remorques sont sp\u00e9cialement construites \u00e0 cet effet et \u00e9quip\u00e9es de supports de bateaux extensibles et r\u00e9glables. En combinaison avec un camion \u00e9quip\u00e9 d'une grue, nos chauffeurs exp\u00e9riment\u00e9s peuvent, en fonction du poids, charger et d\u00e9charger les bateaux eux-m\u00eames ou les hisser hors de l'eau.<\/p>\n\n\t\t<\/div>\n\t<\/div>\n<div class=\"wpex-slider-preloaderimg\"><img loading=\"lazy\" decoding=\"async\" data-no-lazy=\"1\" class=\"skip-lazy\" src=\"https:\/\/www.gebrvermeertransport.nl\/wp-content\/uploads\/2021\/01\/Boottransport-1.jpg\" alt=\"\" width=\"980\" height=\"400\" \/><\/div><div class=\"vcex-module wpex-slider slider-pro vcex-image-slider wpex-clr\" data-auto-play=\"false\" data-auto-play-delay=\"5000\" data-buttons=\"false\" data-fade-arrows=\"false\" data-animation-speed=\"600\" data-height-animation-duration=\"500\" data-thumbnail-height=\"70\" data-thumbnail-width=\"70\"><div class=\"wpex-slider-slides sp-slides\"><div class=\"wpex-slider-slide sp-slide\"><div class=\"wpex-slider-media\"><img loading=\"lazy\" decoding=\"async\" data-no-lazy=\"1\" class=\"skip-lazy\" src=\"https:\/\/www.gebrvermeertransport.nl\/wp-content\/uploads\/2021\/01\/Boottransport-1.jpg\" alt=\"\" width=\"980\" height=\"400\" \/><\/div><\/div><div class=\"wpex-slider-slide sp-slide\"><div class=\"wpex-slider-media\"><img loading=\"lazy\" decoding=\"async\" data-no-lazy=\"1\" class=\"skip-lazy\" src=\"https:\/\/www.gebrvermeertransport.nl\/wp-content\/uploads\/2022\/03\/Boottransport-2.jpg\" alt=\"\" width=\"980\" height=\"400\" \/><\/div><\/div><\/div><\/div>\n\t<div class=\"wpb_text_column wpb_content_element\" >\n\t\t<div class=\"wpb_wrapper\">\n\t\t\t<h3>Souplesse, certification et r\u00e9duction des co\u00fbts<\/h3>\n<p>Nous honorons les commandes dans les d\u00e9lais et, en cas de changement, nous faisons preuve de flexibilit\u00e9. En ce qui concerne la qualit\u00e9, sachez que nous sommes certifi\u00e9s VCA et agr\u00e9\u00e9s VVT. Vous constaterez que vous \u00e9conomisez de l'argent en faisant appel \u00e0 nos services. Nous sommes donc le partenaire id\u00e9al pour les particuliers, les chantiers navals, les courtiers en bateaux et les compagnies d'assurance. Prendre <a href=\"https:\/\/www.gebrvermeertransport.nl\/fr\/contact\/\">contact<\/a> sur les possibilit\u00e9s qui s'offrent \u00e0 vous.<\/p>\n<h3>Transport technique<\/h3>\n<p>Gebr. Vermeer Industrial Movements est un prestataire de services international dans le domaine du transport et des services techniques. Outre le transport de bateaux, nous assurons \u00e9galement le d\u00e9m\u00e9nagement d'entreprises, le transport de machines et le (d\u00e9)montage industriel. Les clients peuvent \u00e9galement s'adresser \u00e0 nous pour la location de conteneurs, de chariots \u00e9l\u00e9vateurs \u00e0 fourche et de poids de contr\u00f4le. S'il s'agit d'exp\u00e9ditions \u00e0 l'exportation, nous pouvons les emballer correctement, les mettre en caisse dans des bo\u00eetes sur mesure et les arrimer en toute s\u00e9curit\u00e9 dans des conteneurs.<\/p>\n\n\t\t<\/div>\n\t<\/div>\n<\/div><\/div><\/div><div class=\"wpb_column sidebar-kolom vc_column_container vc_col-sm-4\"><div class=\"vc_column-inner\"><div class=\"wpb_wrapper\"><div class=\"templatera_shortcode\"><div class=\"vc_row wpb_row vc_row-fluid\"><div class=\"wpb_column vc_column_container vc_col-sm-12\"><div class=\"vc_column-inner vc_custom_1608038486316\"><div class=\"wpb_wrapper\">\n\t<div class=\"wpb_text_column wpb_content_element  sidebar-blok-grijs diapositief\" >\n\t\t<div class=\"wpb_wrapper\">\n\t\t\t<h3>Prendre contact<\/h3>\n<p>Vous avez une question ? N'h\u00e9sitez pas \u00e0 nous contacter. Vous pouvez remplir notre formulaire de contact en ligne ou nous appeler directement au 013 - 4670272. Gebr. Vermeer vous aidera !<\/p>\n<p><a class=\"button wit\" href=\"\/fr\/contact\/\">Prendre contact<\/a><\/p>\n\n\t\t<\/div>\n\t<\/div>\n<\/div><\/div><\/div><\/div><\/div><div class=\"templatera_shortcode\"><div class=\"vc_row wpb_row vc_row-fluid\"><div class=\"wpb_column vc_column_container vc_col-sm-12\"><div class=\"vc_column-inner vc_custom_1608038486316\"><div class=\"wpb_wrapper\">\n\t<div class=\"wpb_text_column wpb_content_element  sidebar-blok-offerte diapositief\" >\n\t\t<div class=\"wpb_wrapper\">\n\t\t\t<h3>Demande de devis<\/h3>\n<p>Vous souhaitez recevoir un devis ? Vous pouvez remplir un formulaire de demande de devis directement en ligne, de mani\u00e8re simple et rapide. Nous prendrons ensuite contact avec vous. Gebr. Vermeer Special Transport vous aidera !<\/p>\n<p><a class=\"button wit\" href=\"\/fr\/demander-un-devis\/\">Demande de devis<\/a><\/p>\n\n\t\t<\/div>\n\t<\/div>\n<\/div><\/div><\/div><\/div><\/div><\/div><\/div><\/div><\/div><div data-vc-full-width=\"true\" data-vc-full-width-init=\"false\" class=\"vc_row wpb_row vc_row-fluid skewed-bg-row sub-cat wpex-vc-row-stretched\"><div class=\"wpb_column vc_column_container vc_col-sm-12\"><div class=\"vc_column-inner\"><div class=\"wpb_wrapper\"><div class=\"vc_row wpb_row vc_inner vc_row-fluid sub-cat-projecten-row\"><div class=\"wpb_column vc_column_container vc_col-sm-12\"><div class=\"vc_column-inner\"><div class=\"wpb_wrapper\">\n\t<div class=\"wpb_text_column wpb_content_element\" >\n\t\t<div class=\"wpb_wrapper\">\n\t\t\t<h3>Projets<\/h3>\n<p><span class=\"grijs ondertitel\">Transport de bateaux<\/span><\/p>\n\n\t\t<\/div>\n\t<\/div>\n<div class=\"vcex-module vcex-portfolio-grid-wrap wpex-clr\"><div class=\"wpex-row vcex-portfolio-grid wpex-clr entries gap-40\" data-show_title=\"false\"><div class=\"portfolio-entry vcex-grid-item span_1_of_3 col col-1 post-788 entry type-portfolio has-media cat-5\"><div class=\"portfolio-entry-inner entry-inner wpex-first-mt-0 wpex-last-mb-0 wpex-clr\"><div class=\"portfolio-entry-media entry-media overlay-parent overlay-parent-title-center wpex-overflow-hidden\"><a href=\"https:\/\/www.gebrvermeertransport.nl\/wp-content\/uploads\/2017\/04\/Laden-en-speciaal-transport-Boot.jpg\" title=\"Chargement et transport sp\u00e9cial Bateau\" class=\"portfolio-entry-media-link wpex-lightbox-gallery\" data-gallery=\"[{&quot;src&quot;:&quot;https:\\\/\\\/www.gebrvermeertransport.nl\\\/wp-content\\\/uploads\\\/2017\\\/04\\\/Laden-en-speciaal-transport-Boot-2.jpg&quot;},{&quot;src&quot;:&quot;https:\\\/\\\/www.gebrvermeertransport.nl\\\/wp-content\\\/uploads\\\/2017\\\/04\\\/Laden-en-speciaal-transport-Boot-3.jpg&quot;},{&quot;src&quot;:&quot;https:\\\/\\\/www.gebrvermeertransport.nl\\\/wp-content\\\/uploads\\\/2017\\\/04\\\/Laden-en-speciaal-transport-Boot.jpg&quot;}]\"><img decoding=\"async\" loading=\"lazy\" class=\"portfolio-entry-img wpex-align-middle\" src=\"https:\/\/www.gebrvermeertransport.nl\/wp-content\/uploads\/2017\/04\/Laden-en-speciaal-transport-Boot.jpg\" alt=\"\" width=\"421\" height=\"315\" \/>\n<div class=\"overlay-title-center theme-overlay wpex-absolute wpex-inset-0 wpex-transition-all wpex-duration-300 wpex-flex wpex-justify-center wpex-items-center wpex-text-center\">\n\t<span class=\"overlay-bg wpex-bg-black wpex-block wpex-absolute wpex-inset-0 wpex-opacity-50\"><\/span>\n\t<div class=\"overlay-content wpex-relative wpex-text-white wpex-uppercase wpex-font-semibold wpex-p-15 wpex-tracking-widest\">\n\t\t<span class=\"title\">Chargement et transport sp\u00e9cial Bateau<\/span>\t<\/div>\n<\/div><\/a><\/div><\/div><\/div><\/div><\/div><\/div><\/div><\/div><\/div><\/div><\/div><\/div><\/div><div class=\"vc_row-full-width vc_clearfix\"><\/div>","protected":false},"excerpt":{"rendered":"","protected":false},"author":1,"featured_media":2752,"parent":0,"menu_order":0,"comment_status":"closed","ping_status":"closed","template":"","meta":{"inline_featured_image":false,"footnotes":""},"class_list":["post-194","page","type-page","status-publish","has-post-thumbnail","hentry","entry","has-media"],"yoast_head":"<!-- This site is optimized with the Yoast SEO plugin v26.4 - https:\/\/yoast.com\/wordpress\/plugins\/seo\/ -->\n<title>Boottransport door Gebr. Vermeer Industrial Movements<\/title>\n<meta name=\"description\" content=\"Laat uw boottransport compleet verzorgen door de specialisten van Gebr. Vermeer. Wij hebben hierin jarenlange ervaring.\" \/>\n<meta name=\"robots\" content=\"index, follow, max-snippet:-1, max-image-preview:large, max-video-preview:-1\" \/>\n<link rel=\"canonical\" href=\"https:\/\/www.gebrvermeertransport.nl\/fr\/transport-de-bateaux\/\" \/>\n<meta property=\"og:locale\" content=\"fr_FR\" \/>\n<meta property=\"og:type\" content=\"article\" \/>\n<meta property=\"og:title\" content=\"Boottransport door Gebr. Vermeer Industrial Movements\" \/>\n<meta property=\"og:description\" content=\"Laat uw boottransport compleet verzorgen door de specialisten van Gebr. Vermeer. Wij hebben hierin jarenlange ervaring.\" \/>\n<meta property=\"og:url\" content=\"https:\/\/www.gebrvermeertransport.nl\/fr\/transport-de-bateaux\/\" \/>\n<meta property=\"og:site_name\" content=\"Gebr. Vermeer\" \/>\n<meta property=\"article:modified_time\" content=\"2022-04-11T10:40:56+00:00\" \/>\n<meta property=\"og:image\" content=\"https:\/\/www.gebrvermeertransport.nl\/wp-content\/uploads\/2022\/03\/Boottranspor-uitgelicht2t.jpg\" \/>\n\t<meta property=\"og:image:width\" content=\"800\" \/>\n\t<meta property=\"og:image:height\" content=\"515\" \/>\n\t<meta property=\"og:image:type\" content=\"image\/jpeg\" \/>\n<meta name=\"twitter:card\" content=\"summary_large_image\" \/>\n<meta name=\"twitter:label1\" content=\"Dur\u00e9e de lecture estim\u00e9e\" \/>\n\t<meta name=\"twitter:data1\" content=\"2 minutes\" \/>\n<script type=\"application\/ld+json\" class=\"yoast-schema-graph\">{\"@context\":\"https:\/\/schema.org\",\"@graph\":[{\"@type\":\"WebPage\",\"@id\":\"https:\/\/www.gebrvermeertransport.nl\/boottransport\/\",\"url\":\"https:\/\/www.gebrvermeertransport.nl\/boottransport\/\",\"name\":\"Boottransport door Gebr. Vermeer Industrial Movements\",\"isPartOf\":{\"@id\":\"https:\/\/www.gebrvermeertransport.nl\/#website\"},\"primaryImageOfPage\":{\"@id\":\"https:\/\/www.gebrvermeertransport.nl\/boottransport\/#primaryimage\"},\"image\":{\"@id\":\"https:\/\/www.gebrvermeertransport.nl\/boottransport\/#primaryimage\"},\"thumbnailUrl\":\"https:\/\/www.gebrvermeertransport.nl\/wp-content\/uploads\/2022\/03\/Boottranspor-uitgelicht2t.jpg\",\"datePublished\":\"2020-12-15T07:42:56+00:00\",\"dateModified\":\"2022-04-11T10:40:56+00:00\",\"description\":\"Laat uw boottransport compleet verzorgen door de specialisten van Gebr. Vermeer. Wij hebben hierin jarenlange ervaring.\",\"breadcrumb\":{\"@id\":\"https:\/\/www.gebrvermeertransport.nl\/boottransport\/#breadcrumb\"},\"inLanguage\":\"fr-FR\",\"potentialAction\":[{\"@type\":\"ReadAction\",\"target\":[\"https:\/\/www.gebrvermeertransport.nl\/boottransport\/\"]}]},{\"@type\":\"ImageObject\",\"inLanguage\":\"fr-FR\",\"@id\":\"https:\/\/www.gebrvermeertransport.nl\/boottransport\/#primaryimage\",\"url\":\"https:\/\/www.gebrvermeertransport.nl\/wp-content\/uploads\/2022\/03\/Boottranspor-uitgelicht2t.jpg\",\"contentUrl\":\"https:\/\/www.gebrvermeertransport.nl\/wp-content\/uploads\/2022\/03\/Boottranspor-uitgelicht2t.jpg\",\"width\":800,\"height\":515},{\"@type\":\"BreadcrumbList\",\"@id\":\"https:\/\/www.gebrvermeertransport.nl\/boottransport\/#breadcrumb\",\"itemListElement\":[{\"@type\":\"ListItem\",\"position\":1,\"name\":\"Home\",\"item\":\"https:\/\/www.gebrvermeertransport.nl\/\"},{\"@type\":\"ListItem\",\"position\":2,\"name\":\"Boottransport\"}]},{\"@type\":\"WebSite\",\"@id\":\"https:\/\/www.gebrvermeertransport.nl\/#website\",\"url\":\"https:\/\/www.gebrvermeertransport.nl\/\",\"name\":\"Gebr. Vermeer\",\"description\":\"\",\"publisher\":{\"@id\":\"https:\/\/www.gebrvermeertransport.nl\/#organization\"},\"potentialAction\":[{\"@type\":\"SearchAction\",\"target\":{\"@type\":\"EntryPoint\",\"urlTemplate\":\"https:\/\/www.gebrvermeertransport.nl\/?s={search_term_string}\"},\"query-input\":{\"@type\":\"PropertyValueSpecification\",\"valueRequired\":true,\"valueName\":\"search_term_string\"}}],\"inLanguage\":\"fr-FR\"},{\"@type\":\"Organization\",\"@id\":\"https:\/\/www.gebrvermeertransport.nl\/#organization\",\"name\":\"Gebr. Vermeer\",\"url\":\"https:\/\/www.gebrvermeertransport.nl\/\",\"logo\":{\"@type\":\"ImageObject\",\"inLanguage\":\"fr-FR\",\"@id\":\"https:\/\/www.gebrvermeertransport.nl\/#\/schema\/logo\/image\/\",\"url\":\"https:\/\/www.gebrvermeertransport.nl\/wp-content\/uploads\/2020\/12\/Logo-web-GV.svg\",\"contentUrl\":\"https:\/\/www.gebrvermeertransport.nl\/wp-content\/uploads\/2020\/12\/Logo-web-GV.svg\",\"caption\":\"Gebr. Vermeer\"},\"image\":{\"@id\":\"https:\/\/www.gebrvermeertransport.nl\/#\/schema\/logo\/image\/\"}}]}<\/script>\n<!-- \/ Yoast SEO plugin. -->","yoast_head_json":{"title":"Transport de bateaux par Gebr. Vermeer Mouvements industriels","description":"Les sp\u00e9cialistes de Gebr. Vermeer s'occupent enti\u00e8rement du transport de votre bateau. Nous avons des ann\u00e9es d'exp\u00e9rience dans ce domaine.","robots":{"index":"index","follow":"follow","max-snippet":"max-snippet:-1","max-image-preview":"max-image-preview:large","max-video-preview":"max-video-preview:-1"},"canonical":"https:\/\/www.gebrvermeertransport.nl\/fr\/transport-de-bateaux\/","og_locale":"fr_FR","og_type":"article","og_title":"Boottransport door Gebr. Vermeer Industrial Movements","og_description":"Laat uw boottransport compleet verzorgen door de specialisten van Gebr. Vermeer. Wij hebben hierin jarenlange ervaring.","og_url":"https:\/\/www.gebrvermeertransport.nl\/fr\/transport-de-bateaux\/","og_site_name":"Gebr. Vermeer","article_modified_time":"2022-04-11T10:40:56+00:00","og_image":[{"width":800,"height":515,"url":"https:\/\/www.gebrvermeertransport.nl\/wp-content\/uploads\/2022\/03\/Boottranspor-uitgelicht2t.jpg","type":"image\/jpeg"}],"twitter_card":"summary_large_image","twitter_misc":{"Dur\u00e9e de lecture estim\u00e9e":"2 minutes"},"schema":{"@context":"https:\/\/schema.org","@graph":[{"@type":"WebPage","@id":"https:\/\/www.gebrvermeertransport.nl\/boottransport\/","url":"https:\/\/www.gebrvermeertransport.nl\/boottransport\/","name":"Transport de bateaux par Gebr. Vermeer Mouvements industriels","isPartOf":{"@id":"https:\/\/www.gebrvermeertransport.nl\/#website"},"primaryImageOfPage":{"@id":"https:\/\/www.gebrvermeertransport.nl\/boottransport\/#primaryimage"},"image":{"@id":"https:\/\/www.gebrvermeertransport.nl\/boottransport\/#primaryimage"},"thumbnailUrl":"https:\/\/www.gebrvermeertransport.nl\/wp-content\/uploads\/2022\/03\/Boottranspor-uitgelicht2t.jpg","datePublished":"2020-12-15T07:42:56+00:00","dateModified":"2022-04-11T10:40:56+00:00","description":"Les sp\u00e9cialistes de Gebr. Vermeer s'occupent enti\u00e8rement du transport de votre bateau. Nous avons des ann\u00e9es d'exp\u00e9rience dans ce domaine.","breadcrumb":{"@id":"https:\/\/www.gebrvermeertransport.nl\/boottransport\/#breadcrumb"},"inLanguage":"fr-FR","potentialAction":[{"@type":"ReadAction","target":["https:\/\/www.gebrvermeertransport.nl\/boottransport\/"]}]},{"@type":"ImageObject","inLanguage":"fr-FR","@id":"https:\/\/www.gebrvermeertransport.nl\/boottransport\/#primaryimage","url":"https:\/\/www.gebrvermeertransport.nl\/wp-content\/uploads\/2022\/03\/Boottranspor-uitgelicht2t.jpg","contentUrl":"https:\/\/www.gebrvermeertransport.nl\/wp-content\/uploads\/2022\/03\/Boottranspor-uitgelicht2t.jpg","width":800,"height":515},{"@type":"BreadcrumbList","@id":"https:\/\/www.gebrvermeertransport.nl\/boottransport\/#breadcrumb","itemListElement":[{"@type":"ListItem","position":1,"name":"Home","item":"https:\/\/www.gebrvermeertransport.nl\/"},{"@type":"ListItem","position":2,"name":"Boottransport"}]},{"@type":"WebSite","@id":"https:\/\/www.gebrvermeertransport.nl\/#website","url":"https:\/\/www.gebrvermeertransport.nl\/","name":"Gebr. Vermeer","description":"","publisher":{"@id":"https:\/\/www.gebrvermeertransport.nl\/#organization"},"potentialAction":[{"@type":"SearchAction","target":{"@type":"EntryPoint","urlTemplate":"https:\/\/www.gebrvermeertransport.nl\/?s={search_term_string}"},"query-input":{"@type":"PropertyValueSpecification","valueRequired":true,"valueName":"search_term_string"}}],"inLanguage":"fr-FR"},{"@type":"Organization","@id":"https:\/\/www.gebrvermeertransport.nl\/#organization","name":"Gebr. Vermeer","url":"https:\/\/www.gebrvermeertransport.nl\/","logo":{"@type":"ImageObject","inLanguage":"fr-FR","@id":"https:\/\/www.gebrvermeertransport.nl\/#\/schema\/logo\/image\/","url":"https:\/\/www.gebrvermeertransport.nl\/wp-content\/uploads\/2020\/12\/Logo-web-GV.svg","contentUrl":"https:\/\/www.gebrvermeertransport.nl\/wp-content\/uploads\/2020\/12\/Logo-web-GV.svg","caption":"Gebr. Vermeer"},"image":{"@id":"https:\/\/www.gebrvermeertransport.nl\/#\/schema\/logo\/image\/"}}]}},"_links":{"self":[{"href":"https:\/\/www.gebrvermeertransport.nl\/fr\/wp-json\/wp\/v2\/pages\/194","targetHints":{"allow":["GET"]}}],"collection":[{"href":"https:\/\/www.gebrvermeertransport.nl\/fr\/wp-json\/wp\/v2\/pages"}],"about":[{"href":"https:\/\/www.gebrvermeertransport.nl\/fr\/wp-json\/wp\/v2\/types\/page"}],"author":[{"embeddable":true,"href":"https:\/\/www.gebrvermeertransport.nl\/fr\/wp-json\/wp\/v2\/users\/1"}],"replies":[{"embeddable":true,"href":"https:\/\/www.gebrvermeertransport.nl\/fr\/wp-json\/wp\/v2\/comments?post=194"}],"version-history":[{"count":14,"href":"https:\/\/www.gebrvermeertransport.nl\/fr\/wp-json\/wp\/v2\/pages\/194\/revisions"}],"predecessor-version":[{"id":3183,"href":"https:\/\/www.gebrvermeertransport.nl\/fr\/wp-json\/wp\/v2\/pages\/194\/revisions\/3183"}],"wp:featuredmedia":[{"embeddable":true,"href":"https:\/\/www.gebrvermeertransport.nl\/fr\/wp-json\/wp\/v2\/media\/2752"}],"wp:attachment":[{"href":"https:\/\/www.gebrvermeertransport.nl\/fr\/wp-json\/wp\/v2\/media?parent=194"}],"curies":[{"name":"wp","href":"https:\/\/api.w.org\/{rel}","templated":true}]}}