{"id":190,"date":"2020-12-15T07:42:18","date_gmt":"2020-12-15T07:42:18","guid":{"rendered":"https:\/\/www.gebrvermeertransport.nl\/?page_id=190"},"modified":"2022-04-11T10:39:37","modified_gmt":"2022-04-11T10:39:37","slug":"remorques-a-baches-coulissantes","status":"publish","type":"page","link":"https:\/\/www.gebrvermeertransport.nl\/fr\/remorques-a-baches-coulissantes\/","title":{"rendered":"Remorques \u00e0 rideaux extensibles"},"content":{"rendered":"<div data-vc-full-width=\"true\" data-vc-full-width-init=\"false\" class=\"vc_row wpb_row vc_row-fluid sub-cat-intro-row wpex-vc-row-stretched\"><div class=\"wpb_column vc_column_container vc_col-sm-6\"><div class=\"vc_column-inner\"><div class=\"wpb_wrapper\">\n\t<div class=\"wpb_text_column wpb_content_element  intro-blok diapositief\" >\n\t\t<div class=\"wpb_wrapper\">\n\t\t\t<h1>Remorques \u00e0 rideaux extensibles<\/h1>\n<p>Chez Gebr. Vermeer, nous disposons de remorques \u00e9quip\u00e9es de b\u00e2ches coulissantes, de toits coulissants et de portails arri\u00e8re extensibles pour le transport \u00e0 sec de charges \u00e0 profil ext\u00e9rieur sous b\u00e2che. Ces remorques prot\u00e8gent de mani\u00e8re optimale vos transports en largeur et en hauteur contre les intemp\u00e9ries.<\/p>\n\n\t\t<\/div>\n\t<\/div>\n<\/div><\/div><\/div><div class=\"wpb_column vc_column_container vc_col-sm-6\"><div class=\"vc_column-inner\"><div class=\"wpb_wrapper\">\n\t<div  class=\"wpb_single_image wpb_content_element vc_align_   sub-cat-header-afb\">\n\t\t\n\t\t<figure class=\"wpb_wrapper vc_figure\">\n\t\t\t<div class=\"vc_single_image-wrapper   vc_box_border_grey\"><img loading=\"lazy\" decoding=\"async\" width=\"2560\" height=\"1439\" src=\"https:\/\/www.gebrvermeertransport.nl\/wp-content\/uploads\/2022\/03\/IMG_1291-scaled.jpg\" class=\"vc_single_image-img attachment-full\" alt=\"\" srcset=\"https:\/\/www.gebrvermeertransport.nl\/wp-content\/uploads\/2022\/03\/IMG_1291-scaled.jpg 2560w, https:\/\/www.gebrvermeertransport.nl\/wp-content\/uploads\/2022\/03\/IMG_1291-300x169.jpg 300w, https:\/\/www.gebrvermeertransport.nl\/wp-content\/uploads\/2022\/03\/IMG_1291-1024x575.jpg 1024w, https:\/\/www.gebrvermeertransport.nl\/wp-content\/uploads\/2022\/03\/IMG_1291-768x432.jpg 768w, https:\/\/www.gebrvermeertransport.nl\/wp-content\/uploads\/2022\/03\/IMG_1291-1536x863.jpg 1536w, https:\/\/www.gebrvermeertransport.nl\/wp-content\/uploads\/2022\/03\/IMG_1291-2048x1151.jpg 2048w\" sizes=\"auto, (max-width: 2560px) 100vw, 2560px\" \/><\/div>\n\t\t<\/figure>\n\t<\/div>\n<\/div><\/div><\/div><\/div><div class=\"vc_row-full-width vc_clearfix\"><\/div><div class=\"vc_row wpb_row vc_row-fluid content-sidebar-row wpex-vc-has-custom-column-spacing wpex-vc-column-spacing-40 tablet-fullwidth-columns\"><div class=\"wpb_column tekst-kolom vc_column_container vc_col-sm-8\"><div class=\"vc_column-inner\"><div class=\"wpb_wrapper\">\n\t<div class=\"wpb_text_column wpb_content_element  first\" >\n\t\t<div class=\"wpb_wrapper\">\n\t\t\t<h2>Fiable, flexible et \u00e9conomique<\/h2>\n<p>Nous disposons \u00e0 cet effet de remorques plates et de semi-remorques surbaiss\u00e9es. Ces v\u00e9hicules conviennent parfaitement au transport de vos machines \u00e0 forte intensit\u00e9 de capital et de vos biens de valeur. Ces v\u00e9hicules sont construits en interne, sont tr\u00e8s conviviaux et rapides \u00e0 charger et \u00e0 d\u00e9charger. Cela permet \u00e9galement d'\u00e9conomiser du temps et de l'argent, car le d\u00e9chargement n'est plus n\u00e9cessaire.<\/p>\n\n\t\t<\/div>\n\t<\/div>\n<div class=\"wpex-slider-preloaderimg\"><img loading=\"lazy\" decoding=\"async\" data-no-lazy=\"1\" class=\"skip-lazy\" src=\"https:\/\/www.gebrvermeertransport.nl\/wp-content\/uploads\/2021\/01\/Schuifzeiltrailers-1.jpg\" alt=\"\" width=\"980\" height=\"400\" \/><\/div><div class=\"vcex-module wpex-slider slider-pro vcex-image-slider wpex-clr\" data-auto-play=\"false\" data-auto-play-delay=\"5000\" data-buttons=\"false\" data-fade-arrows=\"false\" data-animation-speed=\"600\" data-height-animation-duration=\"500\" data-thumbnail-height=\"70\" data-thumbnail-width=\"70\"><div class=\"wpex-slider-slides sp-slides\"><div class=\"wpex-slider-slide sp-slide\"><div class=\"wpex-slider-media\"><img loading=\"lazy\" decoding=\"async\" data-no-lazy=\"1\" class=\"skip-lazy\" src=\"https:\/\/www.gebrvermeertransport.nl\/wp-content\/uploads\/2021\/01\/Schuifzeiltrailers-1.jpg\" alt=\"\" width=\"980\" height=\"400\" \/><\/div><\/div><div class=\"wpex-slider-slide sp-slide\"><div class=\"wpex-slider-media\"><img loading=\"lazy\" decoding=\"async\" data-no-lazy=\"1\" class=\"skip-lazy\" src=\"https:\/\/www.gebrvermeertransport.nl\/wp-content\/uploads\/2021\/04\/Schuifzeiltrailers-2.jpg\" alt=\"\" width=\"980\" height=\"400\" \/><\/div><\/div><div class=\"wpex-slider-slide sp-slide\"><div class=\"wpex-slider-media\"><img loading=\"lazy\" decoding=\"async\" data-no-lazy=\"1\" class=\"skip-lazy\" src=\"https:\/\/www.gebrvermeertransport.nl\/wp-content\/uploads\/2022\/03\/Schuifzeiltrailers-scaled.jpg\" alt=\"\" width=\"2560\" height=\"1920\" \/><\/div><\/div><div class=\"wpex-slider-slide sp-slide\"><div class=\"wpex-slider-media\"><img loading=\"lazy\" decoding=\"async\" data-no-lazy=\"1\" class=\"skip-lazy\" src=\"https:\/\/www.gebrvermeertransport.nl\/wp-content\/uploads\/2022\/03\/PHOTO-2020-01-16-19-38-15.jpg\" alt=\"\" width=\"1200\" height=\"1600\" \/><\/div><\/div><\/div><\/div><\/div><\/div><\/div><div class=\"wpb_column sidebar-kolom vc_column_container vc_col-sm-4\"><div class=\"vc_column-inner\"><div class=\"wpb_wrapper\"><div class=\"templatera_shortcode\"><div class=\"vc_row wpb_row vc_row-fluid\"><div class=\"wpb_column vc_column_container vc_col-sm-12\"><div class=\"vc_column-inner vc_custom_1608038486316\"><div class=\"wpb_wrapper\">\n\t<div class=\"wpb_text_column wpb_content_element  sidebar-blok-grijs diapositief\" >\n\t\t<div class=\"wpb_wrapper\">\n\t\t\t<h3>Prendre contact<\/h3>\n<p>Vous avez une question ? N'h\u00e9sitez pas \u00e0 nous contacter. Vous pouvez remplir notre formulaire de contact en ligne ou nous appeler directement au 013 - 4670272. Gebr. Vermeer vous aidera !<\/p>\n<p><a class=\"button wit\" href=\"\/fr\/contact\/\">Prendre contact<\/a><\/p>\n\n\t\t<\/div>\n\t<\/div>\n<\/div><\/div><\/div><\/div><\/div><div class=\"templatera_shortcode\"><div class=\"vc_row wpb_row vc_row-fluid\"><div class=\"wpb_column vc_column_container vc_col-sm-12\"><div class=\"vc_column-inner vc_custom_1608038486316\"><div class=\"wpb_wrapper\">\n\t<div class=\"wpb_text_column wpb_content_element  sidebar-blok-offerte diapositief\" >\n\t\t<div class=\"wpb_wrapper\">\n\t\t\t<h3>Demande de devis<\/h3>\n<p>Vous souhaitez recevoir un devis ? Vous pouvez remplir un formulaire de demande de devis directement en ligne, de mani\u00e8re simple et rapide. Nous prendrons ensuite contact avec vous. Gebr. Vermeer Special Transport vous aidera !<\/p>\n<p><a class=\"button wit\" href=\"\/fr\/demander-un-devis\/\">Demande de devis<\/a><\/p>\n\n\t\t<\/div>\n\t<\/div>\n<\/div><\/div><\/div><\/div><\/div><\/div><\/div><\/div><\/div><div data-vc-full-width=\"true\" data-vc-full-width-init=\"false\" class=\"vc_row wpb_row vc_row-fluid skewed-bg-row sub-cat wpex-vc-row-stretched\"><div class=\"wpb_column vc_column_container vc_col-sm-12\"><div class=\"vc_column-inner\"><div class=\"wpb_wrapper\"><div class=\"vc_row wpb_row vc_inner vc_row-fluid sub-cat-projecten-row\"><div class=\"wpb_column vc_column_container vc_col-sm-12\"><div class=\"vc_column-inner\"><div class=\"wpb_wrapper\">\n\t<div class=\"wpb_text_column wpb_content_element\" >\n\t\t<div class=\"wpb_wrapper\">\n\t\t\t<h3>Projets<\/h3>\n<p><span class=\"grijs ondertitel\">Remorques \u00e0 rideaux extensibles<\/span><\/p>\n\n\t\t<\/div>\n\t<\/div>\nBient\u00f4t en ligne.<\/div><\/div><\/div><\/div><\/div><\/div><\/div><\/div><div class=\"vc_row-full-width vc_clearfix\"><\/div>","protected":false},"excerpt":{"rendered":"Remorques \u00e0 b\u00e2ches coulissantes extensibles Chez Gebr. Vermeer, nous disposons de remorques \u00e9quip\u00e9es de b\u00e2ches coulissantes, de toits coulissants et de portiques arri\u00e8re extensibles pour le transport \u00e0 sec de charges \u00e0 profil ext\u00e9rieur sous b\u00e2che. Ces remorques prot\u00e8gent de mani\u00e8re optimale vos transports en largeur et en hauteur contre les intemp\u00e9ries. Fiables,...","protected":false},"author":1,"featured_media":2805,"parent":0,"menu_order":0,"comment_status":"closed","ping_status":"closed","template":"","meta":{"inline_featured_image":false,"footnotes":""},"class_list":["post-190","page","type-page","status-publish","has-post-thumbnail","hentry","entry","has-media"],"yoast_head":"<!-- This site is optimized with the Yoast SEO plugin v26.4 - https:\/\/yoast.com\/wordpress\/plugins\/seo\/ -->\n<title>Verbreedbare schuifzeiltrailers - Gebr. Vermeer<\/title>\n<meta name=\"description\" content=\"Bij Gebr. Vermeer beschikken wij over schuifzeiltrailers die voorzien zijn van schuifzeilen, schuifdak en verbreedbare achter portalen.\" \/>\n<meta name=\"robots\" content=\"index, follow, max-snippet:-1, max-image-preview:large, max-video-preview:-1\" \/>\n<link rel=\"canonical\" href=\"https:\/\/www.gebrvermeertransport.nl\/fr\/remorques-a-baches-coulissantes\/\" \/>\n<meta property=\"og:locale\" content=\"fr_FR\" \/>\n<meta property=\"og:type\" content=\"article\" \/>\n<meta property=\"og:title\" content=\"Verbreedbare schuifzeiltrailers - Gebr. Vermeer\" \/>\n<meta property=\"og:description\" content=\"Bij Gebr. Vermeer beschikken wij over schuifzeiltrailers die voorzien zijn van schuifzeilen, schuifdak en verbreedbare achter portalen.\" \/>\n<meta property=\"og:url\" content=\"https:\/\/www.gebrvermeertransport.nl\/fr\/remorques-a-baches-coulissantes\/\" \/>\n<meta property=\"og:site_name\" content=\"Gebr. Vermeer\" \/>\n<meta property=\"article:modified_time\" content=\"2022-04-11T10:39:37+00:00\" \/>\n<meta property=\"og:image\" content=\"https:\/\/www.gebrvermeertransport.nl\/wp-content\/uploads\/2022\/03\/IMG_1291-scaled.jpg\" \/>\n\t<meta property=\"og:image:width\" content=\"2560\" \/>\n\t<meta property=\"og:image:height\" content=\"1439\" \/>\n\t<meta property=\"og:image:type\" content=\"image\/jpeg\" \/>\n<meta name=\"twitter:card\" content=\"summary_large_image\" \/>\n<meta name=\"twitter:label1\" content=\"Dur\u00e9e de lecture estim\u00e9e\" \/>\n\t<meta name=\"twitter:data1\" content=\"1 minute\" \/>\n<script type=\"application\/ld+json\" class=\"yoast-schema-graph\">{\"@context\":\"https:\/\/schema.org\",\"@graph\":[{\"@type\":\"WebPage\",\"@id\":\"https:\/\/www.gebrvermeertransport.nl\/schuifzeiltrailers\/\",\"url\":\"https:\/\/www.gebrvermeertransport.nl\/schuifzeiltrailers\/\",\"name\":\"Verbreedbare schuifzeiltrailers - Gebr. Vermeer\",\"isPartOf\":{\"@id\":\"https:\/\/www.gebrvermeertransport.nl\/#website\"},\"primaryImageOfPage\":{\"@id\":\"https:\/\/www.gebrvermeertransport.nl\/schuifzeiltrailers\/#primaryimage\"},\"image\":{\"@id\":\"https:\/\/www.gebrvermeertransport.nl\/schuifzeiltrailers\/#primaryimage\"},\"thumbnailUrl\":\"https:\/\/www.gebrvermeertransport.nl\/wp-content\/uploads\/2022\/03\/IMG_1291-scaled.jpg\",\"datePublished\":\"2020-12-15T07:42:18+00:00\",\"dateModified\":\"2022-04-11T10:39:37+00:00\",\"description\":\"Bij Gebr. Vermeer beschikken wij over schuifzeiltrailers die voorzien zijn van schuifzeilen, schuifdak en verbreedbare achter portalen.\",\"breadcrumb\":{\"@id\":\"https:\/\/www.gebrvermeertransport.nl\/schuifzeiltrailers\/#breadcrumb\"},\"inLanguage\":\"fr-FR\",\"potentialAction\":[{\"@type\":\"ReadAction\",\"target\":[\"https:\/\/www.gebrvermeertransport.nl\/schuifzeiltrailers\/\"]}]},{\"@type\":\"ImageObject\",\"inLanguage\":\"fr-FR\",\"@id\":\"https:\/\/www.gebrvermeertransport.nl\/schuifzeiltrailers\/#primaryimage\",\"url\":\"https:\/\/www.gebrvermeertransport.nl\/wp-content\/uploads\/2022\/03\/IMG_1291-scaled.jpg\",\"contentUrl\":\"https:\/\/www.gebrvermeertransport.nl\/wp-content\/uploads\/2022\/03\/IMG_1291-scaled.jpg\",\"width\":2560,\"height\":1439},{\"@type\":\"BreadcrumbList\",\"@id\":\"https:\/\/www.gebrvermeertransport.nl\/schuifzeiltrailers\/#breadcrumb\",\"itemListElement\":[{\"@type\":\"ListItem\",\"position\":1,\"name\":\"Home\",\"item\":\"https:\/\/www.gebrvermeertransport.nl\/\"},{\"@type\":\"ListItem\",\"position\":2,\"name\":\"Verbreedbare schuifzeilopleggers\"}]},{\"@type\":\"WebSite\",\"@id\":\"https:\/\/www.gebrvermeertransport.nl\/#website\",\"url\":\"https:\/\/www.gebrvermeertransport.nl\/\",\"name\":\"Gebr. Vermeer\",\"description\":\"\",\"publisher\":{\"@id\":\"https:\/\/www.gebrvermeertransport.nl\/#organization\"},\"potentialAction\":[{\"@type\":\"SearchAction\",\"target\":{\"@type\":\"EntryPoint\",\"urlTemplate\":\"https:\/\/www.gebrvermeertransport.nl\/?s={search_term_string}\"},\"query-input\":{\"@type\":\"PropertyValueSpecification\",\"valueRequired\":true,\"valueName\":\"search_term_string\"}}],\"inLanguage\":\"fr-FR\"},{\"@type\":\"Organization\",\"@id\":\"https:\/\/www.gebrvermeertransport.nl\/#organization\",\"name\":\"Gebr. Vermeer\",\"url\":\"https:\/\/www.gebrvermeertransport.nl\/\",\"logo\":{\"@type\":\"ImageObject\",\"inLanguage\":\"fr-FR\",\"@id\":\"https:\/\/www.gebrvermeertransport.nl\/#\/schema\/logo\/image\/\",\"url\":\"https:\/\/www.gebrvermeertransport.nl\/wp-content\/uploads\/2020\/12\/Logo-web-GV.svg\",\"contentUrl\":\"https:\/\/www.gebrvermeertransport.nl\/wp-content\/uploads\/2020\/12\/Logo-web-GV.svg\",\"caption\":\"Gebr. Vermeer\"},\"image\":{\"@id\":\"https:\/\/www.gebrvermeertransport.nl\/#\/schema\/logo\/image\/\"}}]}<\/script>\n<!-- \/ Yoast SEO plugin. -->","yoast_head_json":{"title":"Remorques extensibles \u00e0 rideaux coulissants - Gebr. Vermeer","description":"Chez Gebr. Vermeer, nous disposons de remorques \u00e0 b\u00e2ches coulissantes \u00e9quip\u00e9es de b\u00e2ches coulissantes, de toits coulissants et de portails arri\u00e8re \u00e9largissables.","robots":{"index":"index","follow":"follow","max-snippet":"max-snippet:-1","max-image-preview":"max-image-preview:large","max-video-preview":"max-video-preview:-1"},"canonical":"https:\/\/www.gebrvermeertransport.nl\/fr\/remorques-a-baches-coulissantes\/","og_locale":"fr_FR","og_type":"article","og_title":"Verbreedbare schuifzeiltrailers - Gebr. Vermeer","og_description":"Bij Gebr. Vermeer beschikken wij over schuifzeiltrailers die voorzien zijn van schuifzeilen, schuifdak en verbreedbare achter portalen.","og_url":"https:\/\/www.gebrvermeertransport.nl\/fr\/remorques-a-baches-coulissantes\/","og_site_name":"Gebr. Vermeer","article_modified_time":"2022-04-11T10:39:37+00:00","og_image":[{"width":2560,"height":1439,"url":"https:\/\/www.gebrvermeertransport.nl\/wp-content\/uploads\/2022\/03\/IMG_1291-scaled.jpg","type":"image\/jpeg"}],"twitter_card":"summary_large_image","twitter_misc":{"Dur\u00e9e de lecture estim\u00e9e":"1 minute"},"schema":{"@context":"https:\/\/schema.org","@graph":[{"@type":"WebPage","@id":"https:\/\/www.gebrvermeertransport.nl\/schuifzeiltrailers\/","url":"https:\/\/www.gebrvermeertransport.nl\/schuifzeiltrailers\/","name":"Remorques extensibles \u00e0 rideaux coulissants - Gebr. Vermeer","isPartOf":{"@id":"https:\/\/www.gebrvermeertransport.nl\/#website"},"primaryImageOfPage":{"@id":"https:\/\/www.gebrvermeertransport.nl\/schuifzeiltrailers\/#primaryimage"},"image":{"@id":"https:\/\/www.gebrvermeertransport.nl\/schuifzeiltrailers\/#primaryimage"},"thumbnailUrl":"https:\/\/www.gebrvermeertransport.nl\/wp-content\/uploads\/2022\/03\/IMG_1291-scaled.jpg","datePublished":"2020-12-15T07:42:18+00:00","dateModified":"2022-04-11T10:39:37+00:00","description":"Chez Gebr. Vermeer, nous disposons de remorques \u00e0 b\u00e2ches coulissantes \u00e9quip\u00e9es de b\u00e2ches coulissantes, de toits coulissants et de portails arri\u00e8re \u00e9largissables.","breadcrumb":{"@id":"https:\/\/www.gebrvermeertransport.nl\/schuifzeiltrailers\/#breadcrumb"},"inLanguage":"fr-FR","potentialAction":[{"@type":"ReadAction","target":["https:\/\/www.gebrvermeertransport.nl\/schuifzeiltrailers\/"]}]},{"@type":"ImageObject","inLanguage":"fr-FR","@id":"https:\/\/www.gebrvermeertransport.nl\/schuifzeiltrailers\/#primaryimage","url":"https:\/\/www.gebrvermeertransport.nl\/wp-content\/uploads\/2022\/03\/IMG_1291-scaled.jpg","contentUrl":"https:\/\/www.gebrvermeertransport.nl\/wp-content\/uploads\/2022\/03\/IMG_1291-scaled.jpg","width":2560,"height":1439},{"@type":"BreadcrumbList","@id":"https:\/\/www.gebrvermeertransport.nl\/schuifzeiltrailers\/#breadcrumb","itemListElement":[{"@type":"ListItem","position":1,"name":"Home","item":"https:\/\/www.gebrvermeertransport.nl\/"},{"@type":"ListItem","position":2,"name":"Verbreedbare schuifzeilopleggers"}]},{"@type":"WebSite","@id":"https:\/\/www.gebrvermeertransport.nl\/#website","url":"https:\/\/www.gebrvermeertransport.nl\/","name":"Gebr. Vermeer","description":"","publisher":{"@id":"https:\/\/www.gebrvermeertransport.nl\/#organization"},"potentialAction":[{"@type":"SearchAction","target":{"@type":"EntryPoint","urlTemplate":"https:\/\/www.gebrvermeertransport.nl\/?s={search_term_string}"},"query-input":{"@type":"PropertyValueSpecification","valueRequired":true,"valueName":"search_term_string"}}],"inLanguage":"fr-FR"},{"@type":"Organization","@id":"https:\/\/www.gebrvermeertransport.nl\/#organization","name":"Gebr. Vermeer","url":"https:\/\/www.gebrvermeertransport.nl\/","logo":{"@type":"ImageObject","inLanguage":"fr-FR","@id":"https:\/\/www.gebrvermeertransport.nl\/#\/schema\/logo\/image\/","url":"https:\/\/www.gebrvermeertransport.nl\/wp-content\/uploads\/2020\/12\/Logo-web-GV.svg","contentUrl":"https:\/\/www.gebrvermeertransport.nl\/wp-content\/uploads\/2020\/12\/Logo-web-GV.svg","caption":"Gebr. Vermeer"},"image":{"@id":"https:\/\/www.gebrvermeertransport.nl\/#\/schema\/logo\/image\/"}}]}},"_links":{"self":[{"href":"https:\/\/www.gebrvermeertransport.nl\/fr\/wp-json\/wp\/v2\/pages\/190","targetHints":{"allow":["GET"]}}],"collection":[{"href":"https:\/\/www.gebrvermeertransport.nl\/fr\/wp-json\/wp\/v2\/pages"}],"about":[{"href":"https:\/\/www.gebrvermeertransport.nl\/fr\/wp-json\/wp\/v2\/types\/page"}],"author":[{"embeddable":true,"href":"https:\/\/www.gebrvermeertransport.nl\/fr\/wp-json\/wp\/v2\/users\/1"}],"replies":[{"embeddable":true,"href":"https:\/\/www.gebrvermeertransport.nl\/fr\/wp-json\/wp\/v2\/comments?post=190"}],"version-history":[{"count":12,"href":"https:\/\/www.gebrvermeertransport.nl\/fr\/wp-json\/wp\/v2\/pages\/190\/revisions"}],"predecessor-version":[{"id":2809,"href":"https:\/\/www.gebrvermeertransport.nl\/fr\/wp-json\/wp\/v2\/pages\/190\/revisions\/2809"}],"wp:featuredmedia":[{"embeddable":true,"href":"https:\/\/www.gebrvermeertransport.nl\/fr\/wp-json\/wp\/v2\/media\/2805"}],"wp:attachment":[{"href":"https:\/\/www.gebrvermeertransport.nl\/fr\/wp-json\/wp\/v2\/media?parent=190"}],"curies":[{"name":"wp","href":"https:\/\/api.w.org\/{rel}","templated":true}]}}