{"id":40,"date":"2020-12-09T10:03:23","date_gmt":"2020-12-09T10:03:23","guid":{"rendered":"https:\/\/www.gebrvermeertransport.nl\/?page_id=40"},"modified":"2022-04-11T10:03:45","modified_gmt":"2022-04-11T10:03:45","slug":"acerca-de-nosotros","status":"publish","type":"page","link":"https:\/\/www.gebrvermeertransport.nl\/es\/acerca-de-nosotros\/","title":{"rendered":"Qui\u00e9nes somos"},"content":{"rendered":"<div data-vc-full-width=\"true\" data-vc-full-width-init=\"false\" class=\"vc_row wpb_row vc_row-fluid home-header-row extrapadding wpex-vc-row-stretched\"><div class=\"wpb_column vc_column_container vc_col-sm-4\"><div class=\"vc_column-inner\"><div class=\"wpb_wrapper\">\n\t<div class=\"wpb_text_column wpb_content_element  tekst-blok diapositief\" >\n\t\t<div class=\"wpb_wrapper\">\n\t\t\t<h1>Acerca de Gebr. Vermeer <span class=\"grijs\">Movimientos industriales<\/span><\/h1>\n<p>Gebr. Vermeer Industrial Movements B.V. es un proveedor de servicios log\u00edsticos especializado en el campo del transporte t\u00e9cnico y el alquiler. El transporte t\u00e9cnico incluye una amplia variedad de servicios, como movimientos de maquinaria, traslados de empresas y transporte de cargas pesadas o de gran tama\u00f1o. Los servicios de alquiler incluyen el alquiler de contenedores, carretillas elevadoras y pesos de prueba.<\/p>\n\n\t\t<\/div>\n\t<\/div>\n<\/div><\/div><\/div><div class=\"wpb_column vc_column_container vc_col-sm-8\"><div class=\"vc_column-inner\"><div class=\"wpb_wrapper\">\n\t<div  class=\"wpb_single_image wpb_content_element vc_align_   home-header-afb\">\n\t\t\n\t\t<figure class=\"wpb_wrapper vc_figure\">\n\t\t\t<div class=\"vc_single_image-wrapper   vc_box_border_grey\"><img loading=\"lazy\" decoding=\"async\" width=\"890\" height=\"440\" src=\"https:\/\/www.gebrvermeertransport.nl\/wp-content\/uploads\/2022\/03\/Over-ons.jpg\" class=\"vc_single_image-img attachment-full\" alt=\"\" srcset=\"https:\/\/www.gebrvermeertransport.nl\/wp-content\/uploads\/2022\/03\/Over-ons.jpg 890w, https:\/\/www.gebrvermeertransport.nl\/wp-content\/uploads\/2022\/03\/Over-ons-300x148.jpg 300w, https:\/\/www.gebrvermeertransport.nl\/wp-content\/uploads\/2022\/03\/Over-ons-768x380.jpg 768w\" sizes=\"auto, (max-width: 890px) 100vw, 890px\" \/><\/div>\n\t\t<\/figure>\n\t<\/div>\n<\/div><\/div><\/div><\/div><div class=\"vc_row-full-width vc_clearfix\"><\/div><div class=\"vc_row wpb_row vc_row-fluid extrapadding voordelen-flex wpex-vc-has-custom-column-spacing wpex-vc-column-spacing-60\"><div class=\"wpb_column vc_column_container vc_col-sm-6\"><div class=\"vc_column-inner\"><div class=\"wpb_wrapper\">\n\t<div class=\"wpb_text_column wpb_content_element\" >\n\t\t<div class=\"wpb_wrapper\">\n\t\t\t<p><span style=\"font-size: 18px;\">A lo largo de los a\u00f1os, Gebr. Vermeer se ha convertido en una empresa profesional y progresista. Activa desde mediados de la d\u00e9cada de 1980 en la colocaci\u00f3n de m\u00e1quinas, el desmantelamiento industrial de m\u00e1quinas, instalaciones y estructuras.<\/span><\/p>\n<h2>Visi\u00f3n de Gebr. Vermeer Movimientos industriales<\/h2>\n<p>La visi\u00f3n de Gebr Vermeer representa las normas y valores de la empresa. Los valores fundamentales asociados son:<\/p>\n<ul class=\"voordelen\">\n<li>L\u00edneas cortas<\/li>\n<li>Experiencia<\/li>\n<li>Flexibilidad<\/li>\n<li>Seguridad<\/li>\n<li>Calidad<\/li>\n<li>Estabilidad<\/li>\n<\/ul>\n\n\t\t<\/div>\n\t<\/div>\n<\/div><\/div><\/div><div class=\"wpb_column vc_column_container vc_col-sm-6\"><div class=\"vc_column-inner\"><div class=\"wpb_wrapper\">\n\t<div class=\"wpb_text_column wpb_content_element\" >\n\t\t<div class=\"wpb_wrapper\">\n\t\t\t<p><span style=\"font-size: 18px;\">\"En nuestra l\u00ednea de (tran)deporte, hay que centrarse en las l\u00edneas cortas, la experiencia, la flexibilidad, la calidad y la estabilidad de la organizaci\u00f3n para seguir teniendo \u00e9xito como empresa\".<\/span><\/p>\n<h2>Misi\u00f3n de Gebr Vermeer Movimientos industriales<\/h2>\n<p>\"Utilizando l\u00edneas cortas de comunicaci\u00f3n y experiencia interna para ofrecer un servicio de calidad de forma flexible que garantice la estabilidad del negocio\".<\/p>\n\n\t\t<\/div>\n\t<\/div>\n<\/div><\/div><\/div><\/div><div data-vc-full-width=\"true\" data-vc-full-width-init=\"false\" class=\"vc_row wpb_row vc_row-fluid skewed-bg-row vc_custom_1611574213723 wpex-vc-row-stretched\"><div class=\"wpb_column vc_column_container vc_col-sm-12\"><div class=\"vc_column-inner\"><div class=\"wpb_wrapper\"><div class=\"vc_row wpb_row vc_inner vc_row-fluid cat-extra-tekst-row\"><div class=\"wpb_column vc_column_container vc_col-sm-12\"><div class=\"vc_column-inner\"><div class=\"wpb_wrapper\">\n\t<div class=\"wpb_text_column wpb_content_element\" >\n\t\t<div class=\"wpb_wrapper\">\n\t\t\t<h2>Puede contar con nosotros para:<\/h2>\n<ul class=\"voordelen\">\n<li>Cumplimiento puntual de sus pedidos<\/li>\n<li>Empleados motivados y motivados<\/li>\n<li>Puntos de contacto fijos y l\u00edneas cortas<\/li>\n<li>Gran flexibilidad de horarios y servicios 24 horas al d\u00eda, 7 d\u00edas a la semana<\/li>\n<li>Certificado VCA<\/li>\n<li>VVT Reconocido<\/li>\n<li>Responsabilidad social de las empresas<\/li>\n<li>Proceso de reducci\u00f3n de CO2 respetuoso con el medio ambiente<\/li>\n<\/ul>\n<p>Tambi\u00e9n ofrecemos servicios relacionados, que puede consultar en nuestra p\u00e1gina web. <a href=\"https:\/\/www.gebrvermeertransport.nl\/es\/servicios\/\">p\u00e1gina de servicios<\/a>. Nuestro lema es: Cuidamos de su maquinaria. Por ello, nuestro equipo de profesionales se complace en hacerlo realidad.<\/p>\n<p><a class=\"button outline rood\" href=\"\/es\/pongase-en-contacto-con\/\">P\u00f3ngase en contacto<\/a><\/p>\n\n\t\t<\/div>\n\t<\/div>\n<\/div><\/div><\/div><\/div><\/div><\/div><\/div><\/div><div class=\"vc_row-full-width vc_clearfix\"><\/div>","protected":false},"excerpt":{"rendered":"Acerca de Gebr. Vermeer Industrial Movements Gebr. Vermeer Industrial Movements B.V. es un proveedor de servicios log\u00edsticos especializado en el campo del transporte t\u00e9cnico y el alquiler. El transporte t\u00e9cnico incluye una amplia variedad de servicios, como movimientos de maquinaria, traslados de empresas y...","protected":false},"author":1,"featured_media":0,"parent":0,"menu_order":0,"comment_status":"closed","ping_status":"closed","template":"","meta":{"inline_featured_image":false,"footnotes":""},"class_list":["post-40","page","type-page","status-publish","hentry","entry","no-media"],"yoast_head":"<!-- This site is optimized with the Yoast SEO plugin v26.4 - https:\/\/yoast.com\/wordpress\/plugins\/seo\/ -->\n<title>Alles over Gebr. Vermeer Industrial Movements<\/title>\n<meta name=\"description\" content=\"Gebr. Vermeer is sinds midden jaren \u201980 actief in de machine plaatsingen, industri\u00eble demontage van machines, installaties en constructies.\" \/>\n<meta name=\"robots\" content=\"index, follow, max-snippet:-1, max-image-preview:large, max-video-preview:-1\" \/>\n<link rel=\"canonical\" href=\"https:\/\/www.gebrvermeertransport.nl\/es\/acerca-de-nosotros\/\" \/>\n<meta property=\"og:locale\" content=\"es_ES\" \/>\n<meta property=\"og:type\" content=\"article\" \/>\n<meta property=\"og:title\" content=\"Alles over Gebr. Vermeer Industrial Movements\" \/>\n<meta property=\"og:description\" content=\"Gebr. Vermeer is sinds midden jaren \u201980 actief in de machine plaatsingen, industri\u00eble demontage van machines, installaties en constructies.\" \/>\n<meta property=\"og:url\" content=\"https:\/\/www.gebrvermeertransport.nl\/es\/acerca-de-nosotros\/\" \/>\n<meta property=\"og:site_name\" content=\"Gebr. Vermeer\" \/>\n<meta property=\"article:modified_time\" content=\"2022-04-11T10:03:45+00:00\" \/>\n<meta name=\"twitter:card\" content=\"summary_large_image\" \/>\n<meta name=\"twitter:label1\" content=\"Tiempo de lectura\" \/>\n\t<meta name=\"twitter:data1\" content=\"2 minutos\" \/>\n<script type=\"application\/ld+json\" class=\"yoast-schema-graph\">{\"@context\":\"https:\/\/schema.org\",\"@graph\":[{\"@type\":\"WebPage\",\"@id\":\"https:\/\/www.gebrvermeertransport.nl\/over-ons\/\",\"url\":\"https:\/\/www.gebrvermeertransport.nl\/over-ons\/\",\"name\":\"Alles over Gebr. Vermeer Industrial Movements\",\"isPartOf\":{\"@id\":\"https:\/\/www.gebrvermeertransport.nl\/#website\"},\"datePublished\":\"2020-12-09T10:03:23+00:00\",\"dateModified\":\"2022-04-11T10:03:45+00:00\",\"description\":\"Gebr. Vermeer is sinds midden jaren \u201980 actief in de machine plaatsingen, industri\u00eble demontage van machines, installaties en constructies.\",\"breadcrumb\":{\"@id\":\"https:\/\/www.gebrvermeertransport.nl\/over-ons\/#breadcrumb\"},\"inLanguage\":\"es\",\"potentialAction\":[{\"@type\":\"ReadAction\",\"target\":[\"https:\/\/www.gebrvermeertransport.nl\/over-ons\/\"]}]},{\"@type\":\"BreadcrumbList\",\"@id\":\"https:\/\/www.gebrvermeertransport.nl\/over-ons\/#breadcrumb\",\"itemListElement\":[{\"@type\":\"ListItem\",\"position\":1,\"name\":\"Home\",\"item\":\"https:\/\/www.gebrvermeertransport.nl\/\"},{\"@type\":\"ListItem\",\"position\":2,\"name\":\"Over ons\"}]},{\"@type\":\"WebSite\",\"@id\":\"https:\/\/www.gebrvermeertransport.nl\/#website\",\"url\":\"https:\/\/www.gebrvermeertransport.nl\/\",\"name\":\"Gebr. Vermeer\",\"description\":\"\",\"publisher\":{\"@id\":\"https:\/\/www.gebrvermeertransport.nl\/#organization\"},\"potentialAction\":[{\"@type\":\"SearchAction\",\"target\":{\"@type\":\"EntryPoint\",\"urlTemplate\":\"https:\/\/www.gebrvermeertransport.nl\/?s={search_term_string}\"},\"query-input\":{\"@type\":\"PropertyValueSpecification\",\"valueRequired\":true,\"valueName\":\"search_term_string\"}}],\"inLanguage\":\"es\"},{\"@type\":\"Organization\",\"@id\":\"https:\/\/www.gebrvermeertransport.nl\/#organization\",\"name\":\"Gebr. Vermeer\",\"url\":\"https:\/\/www.gebrvermeertransport.nl\/\",\"logo\":{\"@type\":\"ImageObject\",\"inLanguage\":\"es\",\"@id\":\"https:\/\/www.gebrvermeertransport.nl\/#\/schema\/logo\/image\/\",\"url\":\"https:\/\/www.gebrvermeertransport.nl\/wp-content\/uploads\/2020\/12\/Logo-web-GV.svg\",\"contentUrl\":\"https:\/\/www.gebrvermeertransport.nl\/wp-content\/uploads\/2020\/12\/Logo-web-GV.svg\",\"caption\":\"Gebr. Vermeer\"},\"image\":{\"@id\":\"https:\/\/www.gebrvermeertransport.nl\/#\/schema\/logo\/image\/\"}}]}<\/script>\n<!-- \/ Yoast SEO plugin. -->","yoast_head_json":{"title":"Todo sobre Gebr. Vermeer Industrial Movements","description":"Gebr. Vermeer se dedica a la colocaci\u00f3n de maquinaria y al desmantelamiento industrial de maquinaria, instalaciones y estructuras desde mediados de la d\u00e9cada de 1980.","robots":{"index":"index","follow":"follow","max-snippet":"max-snippet:-1","max-image-preview":"max-image-preview:large","max-video-preview":"max-video-preview:-1"},"canonical":"https:\/\/www.gebrvermeertransport.nl\/es\/acerca-de-nosotros\/","og_locale":"es_ES","og_type":"article","og_title":"Alles over Gebr. Vermeer Industrial Movements","og_description":"Gebr. Vermeer is sinds midden jaren \u201980 actief in de machine plaatsingen, industri\u00eble demontage van machines, installaties en constructies.","og_url":"https:\/\/www.gebrvermeertransport.nl\/es\/acerca-de-nosotros\/","og_site_name":"Gebr. Vermeer","article_modified_time":"2022-04-11T10:03:45+00:00","twitter_card":"summary_large_image","twitter_misc":{"Tiempo de lectura":"2 minutos"},"schema":{"@context":"https:\/\/schema.org","@graph":[{"@type":"WebPage","@id":"https:\/\/www.gebrvermeertransport.nl\/over-ons\/","url":"https:\/\/www.gebrvermeertransport.nl\/over-ons\/","name":"Todo sobre Gebr. Vermeer Industrial Movements","isPartOf":{"@id":"https:\/\/www.gebrvermeertransport.nl\/#website"},"datePublished":"2020-12-09T10:03:23+00:00","dateModified":"2022-04-11T10:03:45+00:00","description":"Gebr. Vermeer se dedica a la colocaci\u00f3n de maquinaria y al desmantelamiento industrial de maquinaria, instalaciones y estructuras desde mediados de la d\u00e9cada de 1980.","breadcrumb":{"@id":"https:\/\/www.gebrvermeertransport.nl\/over-ons\/#breadcrumb"},"inLanguage":"es","potentialAction":[{"@type":"ReadAction","target":["https:\/\/www.gebrvermeertransport.nl\/over-ons\/"]}]},{"@type":"BreadcrumbList","@id":"https:\/\/www.gebrvermeertransport.nl\/over-ons\/#breadcrumb","itemListElement":[{"@type":"ListItem","position":1,"name":"Home","item":"https:\/\/www.gebrvermeertransport.nl\/"},{"@type":"ListItem","position":2,"name":"Over ons"}]},{"@type":"WebSite","@id":"https:\/\/www.gebrvermeertransport.nl\/#website","url":"https:\/\/www.gebrvermeertransport.nl\/","name":"Gebr. Vermeer","description":"","publisher":{"@id":"https:\/\/www.gebrvermeertransport.nl\/#organization"},"potentialAction":[{"@type":"SearchAction","target":{"@type":"EntryPoint","urlTemplate":"https:\/\/www.gebrvermeertransport.nl\/?s={search_term_string}"},"query-input":{"@type":"PropertyValueSpecification","valueRequired":true,"valueName":"search_term_string"}}],"inLanguage":"es"},{"@type":"Organization","@id":"https:\/\/www.gebrvermeertransport.nl\/#organization","name":"Gebr. Vermeer","url":"https:\/\/www.gebrvermeertransport.nl\/","logo":{"@type":"ImageObject","inLanguage":"es","@id":"https:\/\/www.gebrvermeertransport.nl\/#\/schema\/logo\/image\/","url":"https:\/\/www.gebrvermeertransport.nl\/wp-content\/uploads\/2020\/12\/Logo-web-GV.svg","contentUrl":"https:\/\/www.gebrvermeertransport.nl\/wp-content\/uploads\/2020\/12\/Logo-web-GV.svg","caption":"Gebr. Vermeer"},"image":{"@id":"https:\/\/www.gebrvermeertransport.nl\/#\/schema\/logo\/image\/"}}]}},"_links":{"self":[{"href":"https:\/\/www.gebrvermeertransport.nl\/es\/wp-json\/wp\/v2\/pages\/40","targetHints":{"allow":["GET"]}}],"collection":[{"href":"https:\/\/www.gebrvermeertransport.nl\/es\/wp-json\/wp\/v2\/pages"}],"about":[{"href":"https:\/\/www.gebrvermeertransport.nl\/es\/wp-json\/wp\/v2\/types\/page"}],"author":[{"embeddable":true,"href":"https:\/\/www.gebrvermeertransport.nl\/es\/wp-json\/wp\/v2\/users\/1"}],"replies":[{"embeddable":true,"href":"https:\/\/www.gebrvermeertransport.nl\/es\/wp-json\/wp\/v2\/comments?post=40"}],"version-history":[{"count":23,"href":"https:\/\/www.gebrvermeertransport.nl\/es\/wp-json\/wp\/v2\/pages\/40\/revisions"}],"predecessor-version":[{"id":3177,"href":"https:\/\/www.gebrvermeertransport.nl\/es\/wp-json\/wp\/v2\/pages\/40\/revisions\/3177"}],"wp:attachment":[{"href":"https:\/\/www.gebrvermeertransport.nl\/es\/wp-json\/wp\/v2\/media?parent=40"}],"curies":[{"name":"wp","href":"https:\/\/api.w.org\/{rel}","templated":true}]}}