{"id":2727,"date":"2022-03-28T10:22:19","date_gmt":"2022-03-28T10:22:19","guid":{"rendered":"https:\/\/www.gebrvermeertransport.nl\/?page_id=2727"},"modified":"2022-10-18T06:32:07","modified_gmt":"2022-10-18T06:32:07","slug":"alquiler-de-gruas-pick-carry","status":"publish","type":"page","link":"https:\/\/www.gebrvermeertransport.nl\/es\/alquiler-de-gruas-pick-carry\/","title":{"rendered":"Recoger y llevar"},"content":{"rendered":"<div data-vc-full-width=\"true\" data-vc-full-width-init=\"false\" class=\"vc_row wpb_row vc_row-fluid sub-cat-intro-row wpex-vc-row-stretched\"><div class=\"wpb_column vc_column_container vc_col-sm-6\"><div class=\"vc_column-inner\"><div class=\"wpb_wrapper\">\n\t<div class=\"wpb_text_column wpb_content_element  intro-blok diapositief\" >\n\t\t<div class=\"wpb_wrapper\">\n\t\t\t<h1>Gr\u00faas Pick &amp; Carry<\/h1>\n<p>La gr\u00faa Pick &amp; Carry puede utilizarse tanto en interiores como en exteriores. Estas potentes gr\u00faas compactas no tienen estabilizadores y pueden desplazarse con una carga en el gancho. Las gr\u00faas son el\u00e9ctricas, hacen poco ruido y no emiten CO2. Todas las gr\u00faas Pick &amp; Carry disponen de la funci\u00f3n LMB (Last - Moment - Safety).<\/p>\n<p>Disponemos de pick &amp; carry de 1 a 60 toneladas, las gr\u00faas pick &amp; carry son ideales para instalaciones (lejanas) en movimiento. Las m\u00e1quinas son incre\u00edblemente maniobrables y tienen unas dimensiones limitadas, por lo que son perfectas para trabajar en lugares donde el espacio o la altura son limitados.<\/p>\n\n\t\t<\/div>\n\t<\/div>\n<\/div><\/div><\/div><div class=\"wpb_column vc_column_container vc_col-sm-6\"><div class=\"vc_column-inner\"><div class=\"wpb_wrapper\">\n\t<div  class=\"wpb_single_image wpb_content_element vc_align_   sub-cat-header-afb\">\n\t\t\n\t\t<figure class=\"wpb_wrapper vc_figure\">\n\t\t\t<div class=\"vc_single_image-wrapper   vc_box_border_grey\"><img loading=\"lazy\" decoding=\"async\" width=\"800\" height=\"515\" src=\"https:\/\/www.gebrvermeertransport.nl\/wp-content\/uploads\/2022\/03\/Minikranen-uitgelicht.jpg\" class=\"vc_single_image-img attachment-full\" alt=\"\" srcset=\"https:\/\/www.gebrvermeertransport.nl\/wp-content\/uploads\/2022\/03\/Minikranen-uitgelicht.jpg 800w, https:\/\/www.gebrvermeertransport.nl\/wp-content\/uploads\/2022\/03\/Minikranen-uitgelicht-300x193.jpg 300w, https:\/\/www.gebrvermeertransport.nl\/wp-content\/uploads\/2022\/03\/Minikranen-uitgelicht-768x494.jpg 768w\" sizes=\"auto, (max-width: 800px) 100vw, 800px\" \/><\/div>\n\t\t<\/figure>\n\t<\/div>\n<\/div><\/div><\/div><\/div><div class=\"vc_row-full-width vc_clearfix\"><\/div><div class=\"vc_row wpb_row vc_row-fluid content-sidebar-row wpex-vc-has-custom-column-spacing wpex-vc-column-spacing-40 tablet-fullwidth-columns\"><div class=\"wpb_column tekst-kolom vc_column_container vc_col-sm-8\"><div class=\"vc_column-inner\"><div class=\"wpb_wrapper\">\n\t<div class=\"wpb_text_column wpb_content_element  first\" >\n\t\t<div class=\"wpb_wrapper\">\n\t\t\t<h2>Posibilidades de Pick &amp; Carry<\/h2>\n<p>La gr\u00faa puede equiparse con un gancho fijo en la pluma o con un cabrestante. Para obtener m\u00e1s altura de elevaci\u00f3n, tambi\u00e9n puede montar una pluma auxiliar ajustable en varios grados.<\/p>\n<p>Las aplicaciones de nuestras gr\u00faas pick &amp; carry son vers\u00e1tiles. Calidad. Fiabilidad. Seguridad. Plazos de entrega fluidos y asesoramiento especializado. Eso es lo que puede esperar de nuestras\u00a0<strong>servicio de alquiler de gr\u00faas<\/strong>.<\/p>\n<p>Si alquila una gr\u00faa, debe estar seguro de que son\u00a0<strong>totalmente adecuado<\/strong> para el trabajo. Sea cual sea el proyecto que tenga por delante, en Vermeer tenemos la gr\u00faa adecuada lista para funcionar.<\/p>\n<p>Consulte a continuaci\u00f3n m\u00e1s informaci\u00f3n espec\u00edfica sobre Pick &amp; Carry's.<\/p>\n<p><a href=\"https:\/\/www.gebrvermeertransport.nl\/wp-content\/uploads\/2022\/10\/MC-25S-.pdf\">MC-25S <\/a><a href=\"https:\/\/www.gebrvermeertransport.nl\/wp-content\/uploads\/2022\/10\/MC45S-1.pdf\">MC45S<\/a> <a href=\"https:\/\/www.gebrvermeertransport.nl\/wp-content\/uploads\/2022\/10\/MC70S.pdf\">MC70S<\/a> <a href=\"https:\/\/www.gebrvermeertransport.nl\/wp-content\/uploads\/2022\/10\/MC180S.pdf\">MC180S <\/a><a href=\"https:\/\/www.gebrvermeertransport.nl\/wp-content\/uploads\/2022\/10\/MC300S.pdf\">MC300S <\/a><a href=\"https:\/\/www.gebrvermeertransport.nl\/wp-content\/uploads\/2022\/10\/MC350S.pdf\">MC350S<\/a> <a href=\"https:\/\/www.gebrvermeertransport.nl\/wp-content\/uploads\/2022\/10\/MC450S-.pdf\">MC450S <\/a><a href=\"https:\/\/www.gebrvermeertransport.nl\/wp-content\/uploads\/2022\/10\/MC580S.pdf\">MC580S<\/a><\/p>\n\n\t\t<\/div>\n\t<\/div>\n<div class=\"wpex-slider-preloaderimg\"><img loading=\"lazy\" decoding=\"async\" data-no-lazy=\"1\" class=\"skip-lazy\" src=\"https:\/\/www.gebrvermeertransport.nl\/wp-content\/uploads\/2022\/07\/60-ton-1.jpeg\" alt=\"\" width=\"960\" height=\"1280\" \/><\/div><div class=\"vcex-module wpex-slider slider-pro vcex-image-slider wpex-clr\" data-auto-play=\"false\" data-auto-play-delay=\"5000\" data-arrows=\"false\" data-buttons=\"false\" data-animation-speed=\"600\" data-height-animation-duration=\"500\" data-thumbnail-height=\"70\" data-thumbnail-width=\"70\"><div class=\"wpex-slider-slides sp-slides\"><div class=\"wpex-slider-slide sp-slide\"><div class=\"wpex-slider-media\"><img loading=\"lazy\" decoding=\"async\" data-no-lazy=\"1\" class=\"skip-lazy\" src=\"https:\/\/www.gebrvermeertransport.nl\/wp-content\/uploads\/2022\/07\/60-ton-1.jpeg\" alt=\"\" width=\"960\" height=\"1280\" \/><\/div><\/div><div class=\"wpex-slider-slide sp-slide\"><div class=\"wpex-slider-media\"><img loading=\"lazy\" decoding=\"async\" data-no-lazy=\"1\" class=\"skip-lazy\" src=\"https:\/\/www.gebrvermeertransport.nl\/wp-content\/uploads\/2022\/03\/Minikranen-1.jpg\" alt=\"\" width=\"980\" height=\"400\" \/><\/div><\/div><\/div><\/div>\n\t<div class=\"wpb_text_column wpb_content_element  first\" >\n\t\t<div class=\"wpb_wrapper\">\n\t\t\t<h2>Alquile una carretilla elevadora de Gebr. Vermeer<\/h2>\n<p>\u00bfTiene un trabajo para el que necesita una carretilla elevadora? Entonces tambi\u00e9n tiene la opci\u00f3n de alquilar carretillas elevadoras. Adem\u00e1s de las carretillas elevadoras est\u00e1ndar, Gebr. Vermeer tambi\u00e9n tiene disponibles varias carretillas elevadoras muy espec\u00edficas. Estas carretillas elevadoras especiales tienen capacidades que van de 1 a 18 toneladas. Las carretillas elevadoras el\u00e9ctricas de Gebr. Vermeer siempre est\u00e1n equipadas con neum\u00e1ticos que no dejan marcas. Tambi\u00e9n disponemos de palas cargadoras y palas semirrebajadas disponibles a partir de 38 cent\u00edmetros de altura de suelo. Naturalmente, tambi\u00e9n disponemos de una amplia gama de accesorios para la carretilla elevadora. Esto incluye brazos elevadores de varias capacidades, pero tambi\u00e9n puede acudir a nosotros para obtener bastidores elevadores u horquillas de extensi\u00f3n de varias longitudes. \u00c9stos pueden combinarse perfectamente con las diversas versiones de carretillas elevadoras, que tienen un m\u00e1stil de tres o cuatro piezas con una altura de elevaci\u00f3n de hasta 10 metros.<\/p>\n<h3>P\u00f3ngase en contacto con<\/h3>\n<p>Sea cual sea la soluci\u00f3n industrial que est\u00e1 buscando, ha venido al lugar adecuado en Gebr. Vermeer. Tambi\u00e9n puede alquilar diversos contenedores. Estos incluyen: contenedores de almac\u00e9n, contenedores de almacenamiento, contenedores combi, contenedores de taller o contenedores de carga lateral. Gebr. Vermeer tambi\u00e9n es la direcci\u00f3n adecuada para el alquiler de diversos pesos de prueba calibrados. Su peso var\u00eda entre 10 kg y 5000 kg.<\/p>\n<p>\u00bfEst\u00e1 interesado en alquilar uno de nuestros muchos productos industriales? Si es as\u00ed, no dude en ponerse en contacto con Gebr. Vermeer. Estaremos encantados de informarle sobre las posibilidades y responder a todas sus preguntas. P\u00f3ngase en contacto con nosotros a trav\u00e9s del <a href=\"https:\/\/www.gebrvermeertransport.nl\/es\/pongase-en-contacto-con\/\">formulario de contacto<\/a> o env\u00ede un correo electr\u00f3nico a <a href=\"mailto:info@gebrvermeertransport.nl\">info@gebrvermeertransport.nl<\/a>. \u00bfPrefiere ponerse en contacto con nosotros por tel\u00e9fono? Entonces puede llamarnos al 013-4670272.<\/p>\n\n\t\t<\/div>\n\t<\/div>\n<\/div><\/div><\/div><div class=\"wpb_column sidebar-kolom vc_column_container vc_col-sm-4\"><div class=\"vc_column-inner\"><div class=\"wpb_wrapper\"><div class=\"templatera_shortcode\"><div class=\"vc_row wpb_row vc_row-fluid\"><div class=\"wpb_column vc_column_container vc_col-sm-12\"><div class=\"vc_column-inner vc_custom_1608038486316\"><div class=\"wpb_wrapper\">\n\t<div class=\"wpb_text_column wpb_content_element  sidebar-blok-grijs diapositief\" >\n\t\t<div class=\"wpb_wrapper\">\n\t\t\t<h3>P\u00f3ngase en contacto<\/h3>\n<p>\u00bfTiene alguna pregunta? Si es as\u00ed, no dude en ponerse en contacto con nosotros. Puede rellenar nuestro formulario de contacto en l\u00ednea o llamarnos directamente al: 013 - 4670272. \u00a1Gebr. Vermeer le ayudar\u00e1!<\/p>\n<p><a class=\"button wit\" href=\"\/es\/pongase-en-contacto-con\/\">P\u00f3ngase en contacto<\/a><\/p>\n\n\t\t<\/div>\n\t<\/div>\n<\/div><\/div><\/div><\/div><\/div><div class=\"templatera_shortcode\"><div class=\"vc_row wpb_row vc_row-fluid\"><div class=\"wpb_column vc_column_container vc_col-sm-12\"><div class=\"vc_column-inner vc_custom_1608038486316\"><div class=\"wpb_wrapper\">\n\t<div class=\"wpb_text_column wpb_content_element  sidebar-blok-offerte diapositief\" >\n\t\t<div class=\"wpb_wrapper\">\n\t\t\t<h3>Solicitar un presupuesto<\/h3>\n<p>\u00bfDesea recibir un presupuesto? Entonces puede rellenar un formulario de solicitud de presupuesto directamente en l\u00ednea, de forma f\u00e1cil y r\u00e1pida. Nos pondremos en contacto con usted. Gebr. Vermeer Special Transport le ayudar\u00e1.<\/p>\n<p><a class=\"button wit\" href=\"\/es\/solicitar-presupuesto\/\">Solicitar un presupuesto<\/a><\/p>\n\n\t\t<\/div>\n\t<\/div>\n<\/div><\/div><\/div><\/div><\/div><\/div><\/div><\/div><\/div><div data-vc-full-width=\"true\" data-vc-full-width-init=\"false\" class=\"vc_row wpb_row vc_row-fluid skewed-bg-row sub-cat wpex-vc-row-stretched\"><div class=\"wpb_column vc_column_container vc_col-sm-12\"><div class=\"vc_column-inner\"><div class=\"wpb_wrapper\"><\/div><\/div><\/div><div class=\"wpb_column vc_column_container vc_col-sm-12\"><div class=\"vc_column-inner\"><div class=\"wpb_wrapper\"><\/div><\/div><\/div><div class=\"wpb_column vc_column_container vc_col-sm-12\"><div class=\"vc_column-inner\"><div class=\"wpb_wrapper\"><\/div><\/div><\/div><div class=\"wpb_column vc_column_container vc_col-sm-12\"><div class=\"vc_column-inner\"><div class=\"wpb_wrapper\"><\/div><\/div><\/div><div class=\"wpb_column vc_column_container vc_col-sm-12\"><div class=\"vc_column-inner\"><div class=\"wpb_wrapper\"><\/div><\/div><\/div><div class=\"wpb_column vc_column_container vc_col-sm-12\"><div class=\"vc_column-inner\"><div class=\"wpb_wrapper\"><\/div><\/div><\/div><\/div><div class=\"vc_row-full-width vc_clearfix\"><\/div><div data-vc-full-width=\"true\" data-vc-full-width-init=\"false\" class=\"vc_row wpb_row vc_row-fluid skewed-bg-row sub-cat wpex-vc-row-stretched\"><div class=\"wpb_column vc_column_container vc_col-sm-12\"><div class=\"vc_column-inner\"><div class=\"wpb_wrapper\"><\/div><\/div><\/div><div class=\"wpb_column vc_column_container vc_col-sm-12\"><div class=\"vc_column-inner\"><div class=\"wpb_wrapper\"><\/div><\/div><\/div><div class=\"wpb_column vc_column_container vc_col-sm-12\"><div class=\"vc_column-inner\"><div class=\"wpb_wrapper\"><\/div><\/div><\/div><div class=\"wpb_column vc_column_container vc_col-sm-12\"><div class=\"vc_column-inner\"><div class=\"wpb_wrapper\"><\/div><\/div><\/div><div class=\"wpb_column vc_column_container vc_col-sm-12\"><div class=\"vc_column-inner\"><div class=\"wpb_wrapper\"><\/div><\/div><\/div><div class=\"wpb_column vc_column_container vc_col-sm-12\"><div class=\"vc_column-inner\"><div class=\"wpb_wrapper\"><\/div><\/div><\/div><\/div><div class=\"vc_row-full-width vc_clearfix\"><\/div><div class=\"vc_section\"><\/div>","protected":false},"excerpt":{"rendered":"Gr\u00faas Pick &amp; Carry La gr\u00faa Pick &amp; Carry se puede utilizar en interiores y exteriores. Estas potentes gr\u00faas compactas no tienen estabilizadores y pueden desplazarse con una carga en el gancho. Las gr\u00faas son el\u00e9ctricas, hacen un ruido m\u00ednimo y...","protected":false},"author":1,"featured_media":2730,"parent":0,"menu_order":0,"comment_status":"closed","ping_status":"closed","template":"","meta":{"inline_featured_image":false,"footnotes":""},"class_list":["post-2727","page","type-page","status-publish","has-post-thumbnail","hentry","entry","has-media"],"yoast_head":"<!-- This site is optimized with the Yoast SEO plugin v26.4 - https:\/\/yoast.com\/wordpress\/plugins\/seo\/ -->\n<title>Pick &amp; Carry huren - Gebr. Vermeer<\/title>\n<meta name=\"description\" content=\"Eenvoudig en snel een Pick &amp; Carry huren dat kan bij Gebr.Vermeer, wij hebben mogelijkheden vanaf 1 tot 60 ton. 24\/7 verhuur service\" \/>\n<meta name=\"robots\" content=\"index, follow, max-snippet:-1, max-image-preview:large, max-video-preview:-1\" \/>\n<link rel=\"canonical\" href=\"https:\/\/www.gebrvermeertransport.nl\/es\/alquiler-de-gruas-pick-carry\/\" \/>\n<meta property=\"og:locale\" content=\"es_ES\" \/>\n<meta property=\"og:type\" content=\"article\" \/>\n<meta property=\"og:title\" content=\"Pick &amp; Carry huren - Gebr. Vermeer\" \/>\n<meta property=\"og:description\" content=\"Eenvoudig en snel een Pick &amp; Carry huren dat kan bij Gebr.Vermeer, wij hebben mogelijkheden vanaf 1 tot 60 ton. 24\/7 verhuur service\" \/>\n<meta property=\"og:url\" content=\"https:\/\/www.gebrvermeertransport.nl\/es\/alquiler-de-gruas-pick-carry\/\" \/>\n<meta property=\"og:site_name\" content=\"Gebr. Vermeer\" \/>\n<meta property=\"article:modified_time\" content=\"2022-10-18T06:32:07+00:00\" \/>\n<meta property=\"og:image\" content=\"https:\/\/www.gebrvermeertransport.nl\/wp-content\/uploads\/2022\/03\/Minikranen-uitgelicht.jpg\" \/>\n\t<meta property=\"og:image:width\" content=\"800\" \/>\n\t<meta property=\"og:image:height\" content=\"515\" \/>\n\t<meta property=\"og:image:type\" content=\"image\/jpeg\" \/>\n<meta name=\"twitter:card\" content=\"summary_large_image\" \/>\n<meta name=\"twitter:label1\" content=\"Tiempo de lectura\" \/>\n\t<meta name=\"twitter:data1\" content=\"3 minutos\" \/>\n<script type=\"application\/ld+json\" class=\"yoast-schema-graph\">{\"@context\":\"https:\/\/schema.org\",\"@graph\":[{\"@type\":\"WebPage\",\"@id\":\"https:\/\/www.gebrvermeertransport.nl\/pick-carry-kraan-huren\/\",\"url\":\"https:\/\/www.gebrvermeertransport.nl\/pick-carry-kraan-huren\/\",\"name\":\"Pick & Carry huren - Gebr. Vermeer\",\"isPartOf\":{\"@id\":\"https:\/\/www.gebrvermeertransport.nl\/#website\"},\"primaryImageOfPage\":{\"@id\":\"https:\/\/www.gebrvermeertransport.nl\/pick-carry-kraan-huren\/#primaryimage\"},\"image\":{\"@id\":\"https:\/\/www.gebrvermeertransport.nl\/pick-carry-kraan-huren\/#primaryimage\"},\"thumbnailUrl\":\"https:\/\/www.gebrvermeertransport.nl\/wp-content\/uploads\/2022\/03\/Minikranen-uitgelicht.jpg\",\"datePublished\":\"2022-03-28T10:22:19+00:00\",\"dateModified\":\"2022-10-18T06:32:07+00:00\",\"description\":\"Eenvoudig en snel een Pick & Carry huren dat kan bij Gebr.Vermeer, wij hebben mogelijkheden vanaf 1 tot 60 ton. 24\/7 verhuur service\",\"breadcrumb\":{\"@id\":\"https:\/\/www.gebrvermeertransport.nl\/pick-carry-kraan-huren\/#breadcrumb\"},\"inLanguage\":\"es\",\"potentialAction\":[{\"@type\":\"ReadAction\",\"target\":[\"https:\/\/www.gebrvermeertransport.nl\/pick-carry-kraan-huren\/\"]}]},{\"@type\":\"ImageObject\",\"inLanguage\":\"es\",\"@id\":\"https:\/\/www.gebrvermeertransport.nl\/pick-carry-kraan-huren\/#primaryimage\",\"url\":\"https:\/\/www.gebrvermeertransport.nl\/wp-content\/uploads\/2022\/03\/Minikranen-uitgelicht.jpg\",\"contentUrl\":\"https:\/\/www.gebrvermeertransport.nl\/wp-content\/uploads\/2022\/03\/Minikranen-uitgelicht.jpg\",\"width\":800,\"height\":515},{\"@type\":\"BreadcrumbList\",\"@id\":\"https:\/\/www.gebrvermeertransport.nl\/pick-carry-kraan-huren\/#breadcrumb\",\"itemListElement\":[{\"@type\":\"ListItem\",\"position\":1,\"name\":\"Home\",\"item\":\"https:\/\/www.gebrvermeertransport.nl\/\"},{\"@type\":\"ListItem\",\"position\":2,\"name\":\"Pick &#038; Carry\"}]},{\"@type\":\"WebSite\",\"@id\":\"https:\/\/www.gebrvermeertransport.nl\/#website\",\"url\":\"https:\/\/www.gebrvermeertransport.nl\/\",\"name\":\"Gebr. Vermeer\",\"description\":\"\",\"publisher\":{\"@id\":\"https:\/\/www.gebrvermeertransport.nl\/#organization\"},\"potentialAction\":[{\"@type\":\"SearchAction\",\"target\":{\"@type\":\"EntryPoint\",\"urlTemplate\":\"https:\/\/www.gebrvermeertransport.nl\/?s={search_term_string}\"},\"query-input\":{\"@type\":\"PropertyValueSpecification\",\"valueRequired\":true,\"valueName\":\"search_term_string\"}}],\"inLanguage\":\"es\"},{\"@type\":\"Organization\",\"@id\":\"https:\/\/www.gebrvermeertransport.nl\/#organization\",\"name\":\"Gebr. Vermeer\",\"url\":\"https:\/\/www.gebrvermeertransport.nl\/\",\"logo\":{\"@type\":\"ImageObject\",\"inLanguage\":\"es\",\"@id\":\"https:\/\/www.gebrvermeertransport.nl\/#\/schema\/logo\/image\/\",\"url\":\"https:\/\/www.gebrvermeertransport.nl\/wp-content\/uploads\/2020\/12\/Logo-web-GV.svg\",\"contentUrl\":\"https:\/\/www.gebrvermeertransport.nl\/wp-content\/uploads\/2020\/12\/Logo-web-GV.svg\",\"caption\":\"Gebr. Vermeer\"},\"image\":{\"@id\":\"https:\/\/www.gebrvermeertransport.nl\/#\/schema\/logo\/image\/\"}}]}<\/script>\n<!-- \/ Yoast SEO plugin. -->","yoast_head_json":{"title":"Alquiler Pick &amp; Carry - Gebr. Vermeer","description":"El alquiler simple y r\u00e1pido de pick &amp; carry es posible en Gebr. Vermeer, tenemos opciones de 1 a 60 toneladas. Servicio de alquiler 24\/7","robots":{"index":"index","follow":"follow","max-snippet":"max-snippet:-1","max-image-preview":"max-image-preview:large","max-video-preview":"max-video-preview:-1"},"canonical":"https:\/\/www.gebrvermeertransport.nl\/es\/alquiler-de-gruas-pick-carry\/","og_locale":"es_ES","og_type":"article","og_title":"Pick & Carry huren - Gebr. Vermeer","og_description":"Eenvoudig en snel een Pick & Carry huren dat kan bij Gebr.Vermeer, wij hebben mogelijkheden vanaf 1 tot 60 ton. 24\/7 verhuur service","og_url":"https:\/\/www.gebrvermeertransport.nl\/es\/alquiler-de-gruas-pick-carry\/","og_site_name":"Gebr. Vermeer","article_modified_time":"2022-10-18T06:32:07+00:00","og_image":[{"width":800,"height":515,"url":"https:\/\/www.gebrvermeertransport.nl\/wp-content\/uploads\/2022\/03\/Minikranen-uitgelicht.jpg","type":"image\/jpeg"}],"twitter_card":"summary_large_image","twitter_misc":{"Tiempo de lectura":"3 minutos"},"schema":{"@context":"https:\/\/schema.org","@graph":[{"@type":"WebPage","@id":"https:\/\/www.gebrvermeertransport.nl\/pick-carry-kraan-huren\/","url":"https:\/\/www.gebrvermeertransport.nl\/pick-carry-kraan-huren\/","name":"Alquiler Pick &amp; Carry - Gebr. Vermeer","isPartOf":{"@id":"https:\/\/www.gebrvermeertransport.nl\/#website"},"primaryImageOfPage":{"@id":"https:\/\/www.gebrvermeertransport.nl\/pick-carry-kraan-huren\/#primaryimage"},"image":{"@id":"https:\/\/www.gebrvermeertransport.nl\/pick-carry-kraan-huren\/#primaryimage"},"thumbnailUrl":"https:\/\/www.gebrvermeertransport.nl\/wp-content\/uploads\/2022\/03\/Minikranen-uitgelicht.jpg","datePublished":"2022-03-28T10:22:19+00:00","dateModified":"2022-10-18T06:32:07+00:00","description":"El alquiler simple y r\u00e1pido de pick &amp; carry es posible en Gebr. Vermeer, tenemos opciones de 1 a 60 toneladas. Servicio de alquiler 24\/7","breadcrumb":{"@id":"https:\/\/www.gebrvermeertransport.nl\/pick-carry-kraan-huren\/#breadcrumb"},"inLanguage":"es","potentialAction":[{"@type":"ReadAction","target":["https:\/\/www.gebrvermeertransport.nl\/pick-carry-kraan-huren\/"]}]},{"@type":"ImageObject","inLanguage":"es","@id":"https:\/\/www.gebrvermeertransport.nl\/pick-carry-kraan-huren\/#primaryimage","url":"https:\/\/www.gebrvermeertransport.nl\/wp-content\/uploads\/2022\/03\/Minikranen-uitgelicht.jpg","contentUrl":"https:\/\/www.gebrvermeertransport.nl\/wp-content\/uploads\/2022\/03\/Minikranen-uitgelicht.jpg","width":800,"height":515},{"@type":"BreadcrumbList","@id":"https:\/\/www.gebrvermeertransport.nl\/pick-carry-kraan-huren\/#breadcrumb","itemListElement":[{"@type":"ListItem","position":1,"name":"Home","item":"https:\/\/www.gebrvermeertransport.nl\/"},{"@type":"ListItem","position":2,"name":"Pick &#038; Carry"}]},{"@type":"WebSite","@id":"https:\/\/www.gebrvermeertransport.nl\/#website","url":"https:\/\/www.gebrvermeertransport.nl\/","name":"Gebr. Vermeer","description":"","publisher":{"@id":"https:\/\/www.gebrvermeertransport.nl\/#organization"},"potentialAction":[{"@type":"SearchAction","target":{"@type":"EntryPoint","urlTemplate":"https:\/\/www.gebrvermeertransport.nl\/?s={search_term_string}"},"query-input":{"@type":"PropertyValueSpecification","valueRequired":true,"valueName":"search_term_string"}}],"inLanguage":"es"},{"@type":"Organization","@id":"https:\/\/www.gebrvermeertransport.nl\/#organization","name":"Gebr. Vermeer","url":"https:\/\/www.gebrvermeertransport.nl\/","logo":{"@type":"ImageObject","inLanguage":"es","@id":"https:\/\/www.gebrvermeertransport.nl\/#\/schema\/logo\/image\/","url":"https:\/\/www.gebrvermeertransport.nl\/wp-content\/uploads\/2020\/12\/Logo-web-GV.svg","contentUrl":"https:\/\/www.gebrvermeertransport.nl\/wp-content\/uploads\/2020\/12\/Logo-web-GV.svg","caption":"Gebr. Vermeer"},"image":{"@id":"https:\/\/www.gebrvermeertransport.nl\/#\/schema\/logo\/image\/"}}]}},"_links":{"self":[{"href":"https:\/\/www.gebrvermeertransport.nl\/es\/wp-json\/wp\/v2\/pages\/2727","targetHints":{"allow":["GET"]}}],"collection":[{"href":"https:\/\/www.gebrvermeertransport.nl\/es\/wp-json\/wp\/v2\/pages"}],"about":[{"href":"https:\/\/www.gebrvermeertransport.nl\/es\/wp-json\/wp\/v2\/types\/page"}],"author":[{"embeddable":true,"href":"https:\/\/www.gebrvermeertransport.nl\/es\/wp-json\/wp\/v2\/users\/1"}],"replies":[{"embeddable":true,"href":"https:\/\/www.gebrvermeertransport.nl\/es\/wp-json\/wp\/v2\/comments?post=2727"}],"version-history":[{"count":19,"href":"https:\/\/www.gebrvermeertransport.nl\/es\/wp-json\/wp\/v2\/pages\/2727\/revisions"}],"predecessor-version":[{"id":3252,"href":"https:\/\/www.gebrvermeertransport.nl\/es\/wp-json\/wp\/v2\/pages\/2727\/revisions\/3252"}],"wp:featuredmedia":[{"embeddable":true,"href":"https:\/\/www.gebrvermeertransport.nl\/es\/wp-json\/wp\/v2\/media\/2730"}],"wp:attachment":[{"href":"https:\/\/www.gebrvermeertransport.nl\/es\/wp-json\/wp\/v2\/media?parent=2727"}],"curies":[{"name":"wp","href":"https:\/\/api.w.org\/{rel}","templated":true}]}}