{"id":199,"date":"2020-12-15T07:43:30","date_gmt":"2020-12-15T07:43:30","guid":{"rendered":"https:\/\/www.gebrvermeertransport.nl\/?page_id=199"},"modified":"2022-04-11T10:38:37","modified_gmt":"2022-04-11T10:38:37","slug":"inclinado","status":"publish","type":"page","link":"https:\/\/www.gebrvermeertransport.nl\/es\/inclinado\/","title":{"rendered":"Transporte deslizante"},"content":{"rendered":"<div data-vc-full-width=\"true\" data-vc-full-width-init=\"false\" class=\"vc_row wpb_row vc_row-fluid sub-cat-intro-row wpex-vc-row-stretched\"><div class=\"wpb_column vc_column_container vc_col-sm-6\"><div class=\"vc_column-inner\"><div class=\"wpb_wrapper\">\n\t<div class=\"wpb_text_column wpb_content_element  intro-blok diapositief\" >\n\t\t<div class=\"wpb_wrapper\">\n\t\t\t<h1>Transporte inclinado y suelos de carga hundidos<\/h1>\n<p>Disponemos de semirremolques con ajustes hidr\u00e1ulicos de inclinaci\u00f3n para el transporte de mercanc\u00edas sobredimensionadas. Estos ajustes de inclinaci\u00f3n se pueden bajar y subir hidr\u00e1ulicamente. Tambi\u00e9n son ajustables en funci\u00f3n de las dimensiones de las cargas de perfil exterior. Nuestros veh\u00edculos de transporte disponen de permisos especiales para el transporte nacional e internacional.<\/p>\n\n\t\t<\/div>\n\t<\/div>\n<\/div><\/div><\/div><div class=\"wpb_column vc_column_container vc_col-sm-6\"><div class=\"vc_column-inner\"><div class=\"wpb_wrapper\">\n\t<div  class=\"wpb_single_image wpb_content_element vc_align_   sub-cat-header-afb\">\n\t\t\n\t\t<figure class=\"wpb_wrapper vc_figure\">\n\t\t\t<div class=\"vc_single_image-wrapper   vc_box_border_grey\"><img loading=\"lazy\" decoding=\"async\" width=\"800\" height=\"515\" src=\"https:\/\/www.gebrvermeertransport.nl\/wp-content\/uploads\/2020\/12\/Schuinstelling-uitgelicht.jpg\" class=\"vc_single_image-img attachment-full\" alt=\"\" srcset=\"https:\/\/www.gebrvermeertransport.nl\/wp-content\/uploads\/2020\/12\/Schuinstelling-uitgelicht.jpg 800w, https:\/\/www.gebrvermeertransport.nl\/wp-content\/uploads\/2020\/12\/Schuinstelling-uitgelicht-300x193.jpg 300w, https:\/\/www.gebrvermeertransport.nl\/wp-content\/uploads\/2020\/12\/Schuinstelling-uitgelicht-768x494.jpg 768w\" sizes=\"auto, (max-width: 800px) 100vw, 800px\" \/><\/div>\n\t\t<\/figure>\n\t<\/div>\n<\/div><\/div><\/div><\/div><div class=\"vc_row-full-width vc_clearfix\"><\/div><div class=\"vc_row wpb_row vc_row-fluid content-sidebar-row wpex-vc-has-custom-column-spacing wpex-vc-column-spacing-40 tablet-fullwidth-columns\"><div class=\"wpb_column tekst-kolom vc_column_container vc_col-sm-8\"><div class=\"vc_column-inner\"><div class=\"wpb_wrapper\">\n\t<div class=\"wpb_text_column wpb_content_element  first\" >\n\t\t<div class=\"wpb_wrapper\">\n\t\t\t<h2>Certificado VCA<\/h2>\n<p>Un pensamiento agradable: Gebr. Vermeer cuenta desde hace muchos a\u00f1os con la certificaci\u00f3n VCA seg\u00fan las normas VCA* 2017\/6.0 en el \u00e1mbito del transporte de contenedores, m\u00e1quinas e instalaciones. Esto significa que nuestros empleados garantizan una manipulaci\u00f3n \u00f3ptima y segura de sus pedidos, transportes y mudanzas. Si tiene preguntas y\/o necesita ayuda, dir\u00edjase a <a href=\"https:\/\/www.gebrvermeertransport.nl\/es\/pongase-en-contacto-con\/\">aqu\u00ed<\/a> p\u00f3ngase en contacto con nosotros<\/p>\n\n\t\t<\/div>\n\t<\/div>\n<div class=\"wpex-slider-preloaderimg\"><img loading=\"lazy\" decoding=\"async\" data-no-lazy=\"1\" class=\"skip-lazy\" src=\"https:\/\/www.gebrvermeertransport.nl\/wp-content\/uploads\/2021\/01\/Schuinstelling-2.jpg\" alt=\"\" width=\"980\" height=\"400\" \/><\/div><div class=\"vcex-module wpex-slider slider-pro vcex-image-slider wpex-clr\" data-auto-play=\"false\" data-auto-play-delay=\"5000\" data-buttons=\"false\" data-fade-arrows=\"false\" data-animation-speed=\"600\" data-height-animation-duration=\"500\" data-thumbnail-height=\"70\" data-thumbnail-width=\"70\"><div class=\"wpex-slider-slides sp-slides\"><div class=\"wpex-slider-slide sp-slide\"><div class=\"wpex-slider-media\"><img loading=\"lazy\" decoding=\"async\" data-no-lazy=\"1\" class=\"skip-lazy\" src=\"https:\/\/www.gebrvermeertransport.nl\/wp-content\/uploads\/2021\/01\/Schuinstelling-2.jpg\" alt=\"\" width=\"980\" height=\"400\" \/><\/div><\/div><div class=\"wpex-slider-slide sp-slide\"><div class=\"wpex-slider-media\"><img loading=\"lazy\" decoding=\"async\" data-no-lazy=\"1\" class=\"skip-lazy\" src=\"https:\/\/www.gebrvermeertransport.nl\/wp-content\/uploads\/2021\/01\/Schuinstelling-1.jpg\" alt=\"\" width=\"980\" height=\"400\" \/><\/div><\/div><div class=\"wpex-slider-slide sp-slide\"><div class=\"wpex-slider-media\"><img loading=\"lazy\" decoding=\"async\" data-no-lazy=\"1\" class=\"skip-lazy\" src=\"https:\/\/www.gebrvermeertransport.nl\/wp-content\/uploads\/2021\/03\/Schuinstelling-3.jpg\" alt=\"\" width=\"980\" height=\"400\" \/><\/div><\/div><\/div><\/div><\/div><\/div><\/div><div class=\"wpb_column sidebar-kolom vc_column_container vc_col-sm-4\"><div class=\"vc_column-inner\"><div class=\"wpb_wrapper\"><div class=\"templatera_shortcode\"><div class=\"vc_row wpb_row vc_row-fluid\"><div class=\"wpb_column vc_column_container vc_col-sm-12\"><div class=\"vc_column-inner vc_custom_1608038486316\"><div class=\"wpb_wrapper\">\n\t<div class=\"wpb_text_column wpb_content_element  sidebar-blok-grijs diapositief\" >\n\t\t<div class=\"wpb_wrapper\">\n\t\t\t<h3>P\u00f3ngase en contacto<\/h3>\n<p>\u00bfTiene alguna pregunta? Si es as\u00ed, no dude en ponerse en contacto con nosotros. Puede rellenar nuestro formulario de contacto en l\u00ednea o llamarnos directamente al: 013 - 4670272. \u00a1Gebr. Vermeer le ayudar\u00e1!<\/p>\n<p><a class=\"button wit\" href=\"\/es\/pongase-en-contacto-con\/\">P\u00f3ngase en contacto<\/a><\/p>\n\n\t\t<\/div>\n\t<\/div>\n<\/div><\/div><\/div><\/div><\/div><div class=\"templatera_shortcode\"><div class=\"vc_row wpb_row vc_row-fluid\"><div class=\"wpb_column vc_column_container vc_col-sm-12\"><div class=\"vc_column-inner vc_custom_1608038486316\"><div class=\"wpb_wrapper\">\n\t<div class=\"wpb_text_column wpb_content_element  sidebar-blok-offerte diapositief\" >\n\t\t<div class=\"wpb_wrapper\">\n\t\t\t<h3>Solicitar un presupuesto<\/h3>\n<p>\u00bfDesea recibir un presupuesto? Entonces puede rellenar un formulario de solicitud de presupuesto directamente en l\u00ednea, de forma f\u00e1cil y r\u00e1pida. Nos pondremos en contacto con usted. Gebr. Vermeer Special Transport le ayudar\u00e1.<\/p>\n<p><a class=\"button wit\" href=\"\/es\/solicitar-presupuesto\/\">Solicitar un presupuesto<\/a><\/p>\n\n\t\t<\/div>\n\t<\/div>\n<\/div><\/div><\/div><\/div><\/div><\/div><\/div><\/div><\/div><div data-vc-full-width=\"true\" data-vc-full-width-init=\"false\" class=\"vc_row wpb_row vc_row-fluid skewed-bg-row sub-cat wpex-vc-row-stretched\"><div class=\"wpb_column vc_column_container vc_col-sm-12\"><div class=\"vc_column-inner\"><div class=\"wpb_wrapper\"><div class=\"vc_row wpb_row vc_inner vc_row-fluid sub-cat-projecten-row\"><div class=\"wpb_column vc_column_container vc_col-sm-12\"><div class=\"vc_column-inner\"><div class=\"wpb_wrapper\">\n\t<div class=\"wpb_text_column wpb_content_element\" >\n\t\t<div class=\"wpb_wrapper\">\n\t\t\t<h3>Proyectos<\/h3>\n<p><span class=\"grijs ondertitel\">Transporte deslizante<\/span><\/p>\n\n\t\t<\/div>\n\t<\/div>\nPronto en l\u00ednea.<\/div><\/div><\/div><\/div><\/div><\/div><\/div><\/div><div class=\"vc_row-full-width vc_clearfix\"><\/div>","protected":false},"excerpt":{"rendered":"Transporte con ajuste de inclinaci\u00f3n y suelos de carga hundidos Disponemos de remolques con ajuste hidr\u00e1ulico de inclinaci\u00f3n para el transporte de mercanc\u00edas sobredimensionadas. Estos ajustes de inclinaci\u00f3n se pueden bajar y subir hidr\u00e1ulicamente. Tambi\u00e9n son ajustables para dimensiones de cargas de perfil exterior. Nuestros veh\u00edculos de transporte...","protected":false},"author":1,"featured_media":207,"parent":0,"menu_order":0,"comment_status":"closed","ping_status":"closed","template":"","meta":{"inline_featured_image":false,"footnotes":""},"class_list":["post-199","page","type-page","status-publish","has-post-thumbnail","hentry","entry","has-media"],"yoast_head":"<!-- This site is optimized with the Yoast SEO plugin v26.4 - https:\/\/yoast.com\/wordpress\/plugins\/seo\/ -->\n<title>Schuinstelling transport - Gebr. Vermeer<\/title>\n<meta name=\"description\" content=\"Wij beschikken over opleggers met een hydraulische schuinstelling voor het transport van overmaatse goederen. Neem contact op!\" \/>\n<meta name=\"robots\" content=\"index, follow, max-snippet:-1, max-image-preview:large, max-video-preview:-1\" \/>\n<link rel=\"canonical\" href=\"https:\/\/www.gebrvermeertransport.nl\/es\/inclinado\/\" \/>\n<meta property=\"og:locale\" content=\"es_ES\" \/>\n<meta property=\"og:type\" content=\"article\" \/>\n<meta property=\"og:title\" content=\"Schuinstelling transport - Gebr. Vermeer\" \/>\n<meta property=\"og:description\" content=\"Wij beschikken over opleggers met een hydraulische schuinstelling voor het transport van overmaatse goederen. Neem contact op!\" \/>\n<meta property=\"og:url\" content=\"https:\/\/www.gebrvermeertransport.nl\/es\/inclinado\/\" \/>\n<meta property=\"og:site_name\" content=\"Gebr. Vermeer\" \/>\n<meta property=\"article:modified_time\" content=\"2022-04-11T10:38:37+00:00\" \/>\n<meta property=\"og:image\" content=\"https:\/\/www.gebrvermeertransport.nl\/wp-content\/uploads\/2020\/12\/Schuinstelling-uitgelicht.jpg\" \/>\n\t<meta property=\"og:image:width\" content=\"800\" \/>\n\t<meta property=\"og:image:height\" content=\"515\" \/>\n\t<meta property=\"og:image:type\" content=\"image\/jpeg\" \/>\n<meta name=\"twitter:card\" content=\"summary_large_image\" \/>\n<meta name=\"twitter:label1\" content=\"Tiempo de lectura\" \/>\n\t<meta name=\"twitter:data1\" content=\"1 minuto\" \/>\n<script type=\"application\/ld+json\" class=\"yoast-schema-graph\">{\"@context\":\"https:\/\/schema.org\",\"@graph\":[{\"@type\":\"WebPage\",\"@id\":\"https:\/\/www.gebrvermeertransport.nl\/schuinstelling\/\",\"url\":\"https:\/\/www.gebrvermeertransport.nl\/schuinstelling\/\",\"name\":\"Schuinstelling transport - Gebr. Vermeer\",\"isPartOf\":{\"@id\":\"https:\/\/www.gebrvermeertransport.nl\/#website\"},\"primaryImageOfPage\":{\"@id\":\"https:\/\/www.gebrvermeertransport.nl\/schuinstelling\/#primaryimage\"},\"image\":{\"@id\":\"https:\/\/www.gebrvermeertransport.nl\/schuinstelling\/#primaryimage\"},\"thumbnailUrl\":\"https:\/\/www.gebrvermeertransport.nl\/wp-content\/uploads\/2020\/12\/Schuinstelling-uitgelicht.jpg\",\"datePublished\":\"2020-12-15T07:43:30+00:00\",\"dateModified\":\"2022-04-11T10:38:37+00:00\",\"description\":\"Wij beschikken over opleggers met een hydraulische schuinstelling voor het transport van overmaatse goederen. Neem contact op!\",\"breadcrumb\":{\"@id\":\"https:\/\/www.gebrvermeertransport.nl\/schuinstelling\/#breadcrumb\"},\"inLanguage\":\"es\",\"potentialAction\":[{\"@type\":\"ReadAction\",\"target\":[\"https:\/\/www.gebrvermeertransport.nl\/schuinstelling\/\"]}]},{\"@type\":\"ImageObject\",\"inLanguage\":\"es\",\"@id\":\"https:\/\/www.gebrvermeertransport.nl\/schuinstelling\/#primaryimage\",\"url\":\"https:\/\/www.gebrvermeertransport.nl\/wp-content\/uploads\/2020\/12\/Schuinstelling-uitgelicht.jpg\",\"contentUrl\":\"https:\/\/www.gebrvermeertransport.nl\/wp-content\/uploads\/2020\/12\/Schuinstelling-uitgelicht.jpg\",\"width\":800,\"height\":515},{\"@type\":\"BreadcrumbList\",\"@id\":\"https:\/\/www.gebrvermeertransport.nl\/schuinstelling\/#breadcrumb\",\"itemListElement\":[{\"@type\":\"ListItem\",\"position\":1,\"name\":\"Home\",\"item\":\"https:\/\/www.gebrvermeertransport.nl\/\"},{\"@type\":\"ListItem\",\"position\":2,\"name\":\"Schuinstelling transport\"}]},{\"@type\":\"WebSite\",\"@id\":\"https:\/\/www.gebrvermeertransport.nl\/#website\",\"url\":\"https:\/\/www.gebrvermeertransport.nl\/\",\"name\":\"Gebr. Vermeer\",\"description\":\"\",\"publisher\":{\"@id\":\"https:\/\/www.gebrvermeertransport.nl\/#organization\"},\"potentialAction\":[{\"@type\":\"SearchAction\",\"target\":{\"@type\":\"EntryPoint\",\"urlTemplate\":\"https:\/\/www.gebrvermeertransport.nl\/?s={search_term_string}\"},\"query-input\":{\"@type\":\"PropertyValueSpecification\",\"valueRequired\":true,\"valueName\":\"search_term_string\"}}],\"inLanguage\":\"es\"},{\"@type\":\"Organization\",\"@id\":\"https:\/\/www.gebrvermeertransport.nl\/#organization\",\"name\":\"Gebr. Vermeer\",\"url\":\"https:\/\/www.gebrvermeertransport.nl\/\",\"logo\":{\"@type\":\"ImageObject\",\"inLanguage\":\"es\",\"@id\":\"https:\/\/www.gebrvermeertransport.nl\/#\/schema\/logo\/image\/\",\"url\":\"https:\/\/www.gebrvermeertransport.nl\/wp-content\/uploads\/2020\/12\/Logo-web-GV.svg\",\"contentUrl\":\"https:\/\/www.gebrvermeertransport.nl\/wp-content\/uploads\/2020\/12\/Logo-web-GV.svg\",\"caption\":\"Gebr. Vermeer\"},\"image\":{\"@id\":\"https:\/\/www.gebrvermeertransport.nl\/#\/schema\/logo\/image\/\"}}]}<\/script>\n<!-- \/ Yoast SEO plugin. -->","yoast_head_json":{"title":"Transporte inclinado - Gebr. Vermeer","description":"Disponemos de remolques con ajuste hidr\u00e1ulico de la inclinaci\u00f3n para transportar mercanc\u00edas de gran tama\u00f1o. P\u00f3ngase en contacto con nosotros.","robots":{"index":"index","follow":"follow","max-snippet":"max-snippet:-1","max-image-preview":"max-image-preview:large","max-video-preview":"max-video-preview:-1"},"canonical":"https:\/\/www.gebrvermeertransport.nl\/es\/inclinado\/","og_locale":"es_ES","og_type":"article","og_title":"Schuinstelling transport - Gebr. Vermeer","og_description":"Wij beschikken over opleggers met een hydraulische schuinstelling voor het transport van overmaatse goederen. Neem contact op!","og_url":"https:\/\/www.gebrvermeertransport.nl\/es\/inclinado\/","og_site_name":"Gebr. Vermeer","article_modified_time":"2022-04-11T10:38:37+00:00","og_image":[{"width":800,"height":515,"url":"https:\/\/www.gebrvermeertransport.nl\/wp-content\/uploads\/2020\/12\/Schuinstelling-uitgelicht.jpg","type":"image\/jpeg"}],"twitter_card":"summary_large_image","twitter_misc":{"Tiempo de lectura":"1 minuto"},"schema":{"@context":"https:\/\/schema.org","@graph":[{"@type":"WebPage","@id":"https:\/\/www.gebrvermeertransport.nl\/schuinstelling\/","url":"https:\/\/www.gebrvermeertransport.nl\/schuinstelling\/","name":"Transporte inclinado - Gebr. Vermeer","isPartOf":{"@id":"https:\/\/www.gebrvermeertransport.nl\/#website"},"primaryImageOfPage":{"@id":"https:\/\/www.gebrvermeertransport.nl\/schuinstelling\/#primaryimage"},"image":{"@id":"https:\/\/www.gebrvermeertransport.nl\/schuinstelling\/#primaryimage"},"thumbnailUrl":"https:\/\/www.gebrvermeertransport.nl\/wp-content\/uploads\/2020\/12\/Schuinstelling-uitgelicht.jpg","datePublished":"2020-12-15T07:43:30+00:00","dateModified":"2022-04-11T10:38:37+00:00","description":"Disponemos de remolques con ajuste hidr\u00e1ulico de la inclinaci\u00f3n para transportar mercanc\u00edas de gran tama\u00f1o. P\u00f3ngase en contacto con nosotros.","breadcrumb":{"@id":"https:\/\/www.gebrvermeertransport.nl\/schuinstelling\/#breadcrumb"},"inLanguage":"es","potentialAction":[{"@type":"ReadAction","target":["https:\/\/www.gebrvermeertransport.nl\/schuinstelling\/"]}]},{"@type":"ImageObject","inLanguage":"es","@id":"https:\/\/www.gebrvermeertransport.nl\/schuinstelling\/#primaryimage","url":"https:\/\/www.gebrvermeertransport.nl\/wp-content\/uploads\/2020\/12\/Schuinstelling-uitgelicht.jpg","contentUrl":"https:\/\/www.gebrvermeertransport.nl\/wp-content\/uploads\/2020\/12\/Schuinstelling-uitgelicht.jpg","width":800,"height":515},{"@type":"BreadcrumbList","@id":"https:\/\/www.gebrvermeertransport.nl\/schuinstelling\/#breadcrumb","itemListElement":[{"@type":"ListItem","position":1,"name":"Home","item":"https:\/\/www.gebrvermeertransport.nl\/"},{"@type":"ListItem","position":2,"name":"Schuinstelling transport"}]},{"@type":"WebSite","@id":"https:\/\/www.gebrvermeertransport.nl\/#website","url":"https:\/\/www.gebrvermeertransport.nl\/","name":"Gebr. Vermeer","description":"","publisher":{"@id":"https:\/\/www.gebrvermeertransport.nl\/#organization"},"potentialAction":[{"@type":"SearchAction","target":{"@type":"EntryPoint","urlTemplate":"https:\/\/www.gebrvermeertransport.nl\/?s={search_term_string}"},"query-input":{"@type":"PropertyValueSpecification","valueRequired":true,"valueName":"search_term_string"}}],"inLanguage":"es"},{"@type":"Organization","@id":"https:\/\/www.gebrvermeertransport.nl\/#organization","name":"Gebr. Vermeer","url":"https:\/\/www.gebrvermeertransport.nl\/","logo":{"@type":"ImageObject","inLanguage":"es","@id":"https:\/\/www.gebrvermeertransport.nl\/#\/schema\/logo\/image\/","url":"https:\/\/www.gebrvermeertransport.nl\/wp-content\/uploads\/2020\/12\/Logo-web-GV.svg","contentUrl":"https:\/\/www.gebrvermeertransport.nl\/wp-content\/uploads\/2020\/12\/Logo-web-GV.svg","caption":"Gebr. Vermeer"},"image":{"@id":"https:\/\/www.gebrvermeertransport.nl\/#\/schema\/logo\/image\/"}}]}},"_links":{"self":[{"href":"https:\/\/www.gebrvermeertransport.nl\/es\/wp-json\/wp\/v2\/pages\/199","targetHints":{"allow":["GET"]}}],"collection":[{"href":"https:\/\/www.gebrvermeertransport.nl\/es\/wp-json\/wp\/v2\/pages"}],"about":[{"href":"https:\/\/www.gebrvermeertransport.nl\/es\/wp-json\/wp\/v2\/types\/page"}],"author":[{"embeddable":true,"href":"https:\/\/www.gebrvermeertransport.nl\/es\/wp-json\/wp\/v2\/users\/1"}],"replies":[{"embeddable":true,"href":"https:\/\/www.gebrvermeertransport.nl\/es\/wp-json\/wp\/v2\/comments?post=199"}],"version-history":[{"count":10,"href":"https:\/\/www.gebrvermeertransport.nl\/es\/wp-json\/wp\/v2\/pages\/199\/revisions"}],"predecessor-version":[{"id":1926,"href":"https:\/\/www.gebrvermeertransport.nl\/es\/wp-json\/wp\/v2\/pages\/199\/revisions\/1926"}],"wp:featuredmedia":[{"embeddable":true,"href":"https:\/\/www.gebrvermeertransport.nl\/es\/wp-json\/wp\/v2\/media\/207"}],"wp:attachment":[{"href":"https:\/\/www.gebrvermeertransport.nl\/es\/wp-json\/wp\/v2\/media?parent=199"}],"curies":[{"name":"wp","href":"https:\/\/api.w.org\/{rel}","templated":true}]}}