{"id":1983,"date":"2021-01-22T14:28:03","date_gmt":"2021-01-22T14:28:03","guid":{"rendered":"https:\/\/www.gebrvermeertransport.nl\/?page_id=1983"},"modified":"2022-04-11T10:33:46","modified_gmt":"2022-04-11T10:33:46","slug":"contenedor-de-carga-lateral","status":"publish","type":"page","link":"https:\/\/www.gebrvermeertransport.nl\/es\/contenedor-de-carga-lateral\/","title":{"rendered":"Cargador lateral de contenedores"},"content":{"rendered":"<div data-vc-full-width=\"true\" data-vc-full-width-init=\"false\" class=\"vc_row wpb_row vc_row-fluid sub-cat-intro-row wpex-vc-row-stretched\"><div class=\"wpb_column vc_column_container vc_col-sm-6\"><div class=\"vc_column-inner\"><div class=\"wpb_wrapper\">\n\t<div class=\"wpb_text_column wpb_content_element  intro-blok diapositief\" >\n\t\t<div class=\"wpb_wrapper\">\n\t\t\t<h1>Cargador lateral de contenedores<\/h1>\n<p>Cargue y\/o descargue contenedores de forma rentable, sin ayuda externa, en cualquier lugar que desee. Con nuestro cargador lateral de contenedores, podemos cargar y descargar contenedores de 8, 10, 20, 30, 40 y 45 pies con un peso aproximado de hasta 28 toneladas de forma aut\u00f3noma. Por supuesto, de forma segura y eficaz. Un cargador lateral de contenedores tambi\u00e9n es adecuado para contenedores de cubo alto. El remolque, de construcci\u00f3n especial, est\u00e1 equipado con dos gr\u00faas de carga y descarga, dotadas de ganchos especiales de bloqueo por torsi\u00f3n para izar los contenedores de forma segura. Tambi\u00e9n es posible apilar contenedores a dos alturas. Para cargar y descargar los contenedores, disponemos de rampas, carretillas elevadoras especialmente rebajadas con m\u00e1stil freelift y equipos de rodadura y elevaci\u00f3n.<\/p>\n\n\t\t<\/div>\n\t<\/div>\n<\/div><\/div><\/div><div class=\"wpb_column vc_column_container vc_col-sm-6\"><div class=\"vc_column-inner\"><div class=\"wpb_wrapper\">\n\t<div  class=\"wpb_single_image wpb_content_element vc_align_   sub-cat-header-afb\">\n\t\t\n\t\t<figure class=\"wpb_wrapper vc_figure\">\n\t\t\t<div class=\"vc_single_image-wrapper   vc_box_border_grey\"><img loading=\"lazy\" decoding=\"async\" width=\"1080\" height=\"720\" src=\"https:\/\/www.gebrvermeertransport.nl\/wp-content\/uploads\/2022\/03\/foto-jan.jpg\" class=\"vc_single_image-img attachment-full\" alt=\"\" srcset=\"https:\/\/www.gebrvermeertransport.nl\/wp-content\/uploads\/2022\/03\/foto-jan.jpg 1080w, https:\/\/www.gebrvermeertransport.nl\/wp-content\/uploads\/2022\/03\/foto-jan-300x200.jpg 300w, https:\/\/www.gebrvermeertransport.nl\/wp-content\/uploads\/2022\/03\/foto-jan-1024x683.jpg 1024w, https:\/\/www.gebrvermeertransport.nl\/wp-content\/uploads\/2022\/03\/foto-jan-768x512.jpg 768w\" sizes=\"auto, (max-width: 1080px) 100vw, 1080px\" \/><\/div>\n\t\t<\/figure>\n\t<\/div>\n<\/div><\/div><\/div><\/div><div class=\"vc_row-full-width vc_clearfix\"><\/div><div class=\"vc_row wpb_row vc_row-fluid content-sidebar-row wpex-vc-has-custom-column-spacing wpex-vc-column-spacing-40 tablet-fullwidth-columns\"><div class=\"wpb_column tekst-kolom vc_column_container vc_col-sm-8\"><div class=\"vc_column-inner\"><div class=\"wpb_wrapper\">\n\t<div class=\"wpb_text_column wpb_content_element  first\" >\n\t\t<div class=\"wpb_wrapper\">\n\t\t\t<h2>Colocaci\u00f3n de contenedores con nuestro cargador lateral de contenedores<\/h2>\n<p>El remolque, de construcci\u00f3n especial, est\u00e1 equipado con dos gr\u00faas de carga y descarga, dotadas de ganchos especiales de cierre por torsi\u00f3n para izar los contenedores con seguridad. Tambi\u00e9n es posible apilar contenedores a dos alturas. Para cargar y descargar los contenedores, disponemos de rampas, carretillas elevadoras especialmente rebajadas con m\u00e1stil freelift y equipos de rodadura y elevaci\u00f3n.<\/p>\n<p>Tambi\u00e9n podemos utilizar camiones equipados con una gr\u00faa montada en cami\u00f3n para este tipo de transporte. Esto incluye tanto veh\u00edculos de motor con remolque como cabezas tractoras con semirremolque de direcci\u00f3n. Si desea mover un contenedor m\u00e1s lejos que directamente junto al cami\u00f3n, disponemos de gr\u00faas montadas en cami\u00f3n m\u00e1s pesadas y con mayor alcance.<\/p>\n\n\t\t<\/div>\n\t<\/div>\n<div class=\"wpex-slider-preloaderimg\"><img loading=\"lazy\" decoding=\"async\" data-no-lazy=\"1\" class=\"skip-lazy\" src=\"https:\/\/www.gebrvermeertransport.nl\/wp-content\/uploads\/2022\/03\/20160922_141954-scaled.jpg\" alt=\"\" width=\"2560\" height=\"1920\" \/><\/div><div class=\"vcex-module wpex-slider slider-pro vcex-image-slider wpex-clr\" data-auto-play=\"false\" data-auto-play-delay=\"5000\" data-buttons=\"false\" data-fade-arrows=\"false\" data-animation-speed=\"600\" data-height-animation-duration=\"500\" data-thumbnail-height=\"70\" data-thumbnail-width=\"70\"><div class=\"wpex-slider-slides sp-slides\"><div class=\"wpex-slider-slide sp-slide\"><div class=\"wpex-slider-media\"><img loading=\"lazy\" decoding=\"async\" data-no-lazy=\"1\" class=\"skip-lazy\" src=\"https:\/\/www.gebrvermeertransport.nl\/wp-content\/uploads\/2022\/03\/20160922_141954-scaled.jpg\" alt=\"\" width=\"2560\" height=\"1920\" \/><\/div><\/div><\/div><\/div>\n\t<div class=\"wpb_text_column wpb_content_element\" >\n\t\t<div class=\"wpb_wrapper\">\n\t\t\t<h3>Tambi\u00e9n puede alquilarnos o comprarnos contenedores<\/h3>\n<p>Est\u00e1 claro que podemos ofrecerle el mejor servicio posible cuando se trata del transporte de contenedores utilizando un cargador lateral de contenedores o una gr\u00faa montada en cami\u00f3n. No s\u00f3lo transportamos contenedores y unidades, sino que tambi\u00e9n alquilamos y vendemos una amplia gama de contenedores (mar\u00edtimos). Todo ello a precios muy competitivos.<\/p>\n<p>Un pensamiento agradable: Gebr. Vermeer cuenta desde hace muchos a\u00f1os con la certificaci\u00f3n VCA seg\u00fan las normas VCA* 2017\/6.0 en el \u00e1mbito del transporte de contenedores, m\u00e1quinas e instalaciones. Esto significa que nuestros empleados garantizan una manipulaci\u00f3n \u00f3ptima y segura de sus pedidos, transportes y mudanzas.<\/p>\n<h3>\u00bfNecesita un cargador lateral de contenedores? P\u00f3ngase en contacto con Gebr. Vermeer<\/h3>\n<p>\u00bfLe interesan nuestros servicios? No dude en preguntarnos por las amplias posibilidades. Puede <a href=\"https:\/\/www.gebrvermeertransport.nl\/es\/pongase-en-contacto-con\/\">aqu\u00ed<\/a> p\u00f3ngase en contacto con nosotros. <\/p>\n\n\t\t<\/div>\n\t<\/div>\n<\/div><\/div><\/div><div class=\"wpb_column sidebar-kolom vc_column_container vc_col-sm-4\"><div class=\"vc_column-inner\"><div class=\"wpb_wrapper\"><div class=\"templatera_shortcode\"><div class=\"vc_row wpb_row vc_row-fluid\"><div class=\"wpb_column vc_column_container vc_col-sm-12\"><div class=\"vc_column-inner vc_custom_1608038486316\"><div class=\"wpb_wrapper\">\n\t<div class=\"wpb_text_column wpb_content_element  sidebar-blok-grijs diapositief\" >\n\t\t<div class=\"wpb_wrapper\">\n\t\t\t<h3>P\u00f3ngase en contacto<\/h3>\n<p>\u00bfTiene alguna pregunta? Si es as\u00ed, no dude en ponerse en contacto con nosotros. Puede rellenar nuestro formulario de contacto en l\u00ednea o llamarnos directamente al: 013 - 4670272. \u00a1Gebr. Vermeer le ayudar\u00e1!<\/p>\n<p><a class=\"button wit\" href=\"\/es\/pongase-en-contacto-con\/\">P\u00f3ngase en contacto<\/a><\/p>\n\n\t\t<\/div>\n\t<\/div>\n<\/div><\/div><\/div><\/div><\/div><div class=\"templatera_shortcode\"><div class=\"vc_row wpb_row vc_row-fluid\"><div class=\"wpb_column vc_column_container vc_col-sm-12\"><div class=\"vc_column-inner vc_custom_1608038486316\"><div class=\"wpb_wrapper\">\n\t<div class=\"wpb_text_column wpb_content_element  sidebar-blok-offerte diapositief\" >\n\t\t<div class=\"wpb_wrapper\">\n\t\t\t<h3>Solicitar un presupuesto<\/h3>\n<p>\u00bfDesea recibir un presupuesto? Entonces puede rellenar un formulario de solicitud de presupuesto directamente en l\u00ednea, de forma f\u00e1cil y r\u00e1pida. Nos pondremos en contacto con usted. Gebr. Vermeer Special Transport le ayudar\u00e1.<\/p>\n<p><a class=\"button wit\" href=\"\/es\/solicitar-presupuesto\/\">Solicitar un presupuesto<\/a><\/p>\n\n\t\t<\/div>\n\t<\/div>\n<\/div><\/div><\/div><\/div><\/div><\/div><\/div><\/div><\/div><div data-vc-full-width=\"true\" data-vc-full-width-init=\"false\" class=\"vc_row wpb_row vc_row-fluid skewed-bg-row sub-cat wpex-vc-row-stretched\"><div class=\"wpb_column vc_column_container vc_col-sm-12\"><div class=\"vc_column-inner\"><div class=\"wpb_wrapper\"><div class=\"vc_row wpb_row vc_inner vc_row-fluid sub-cat-projecten-row\"><div class=\"wpb_column vc_column_container vc_col-sm-12\"><div class=\"vc_column-inner\"><div class=\"wpb_wrapper\">\n\t<div style=\"text-align:right;\" class=\"wpb_text_column wpb_content_element\" >\n\t\t<div class=\"wpb_wrapper\">\n\t\t\t<h3>Proyectos<\/h3>\n<p>&nbsp;<\/p>\n<p>&nbsp;<\/p>\n<p>&nbsp;<\/p>\n<p><span class=\"grijs ondertitel\">\u00a0\u00a0<\/span><\/p>\n\n\t\t<\/div>\n\t<\/div>\n<div class=\"vcex-module vcex-portfolio-grid-wrap wpex-clr\"><div class=\"wpex-row vcex-portfolio-grid wpex-clr entries gap-40\" data-show_title=\"false\"><div class=\"portfolio-entry vcex-grid-item span_1_of_3 col col-1 post-2833 entry type-portfolio has-media cat-29\"><div class=\"portfolio-entry-inner entry-inner wpex-first-mt-0 wpex-last-mb-0 wpex-clr\"><div class=\"portfolio-entry-media entry-media overlay-parent overlay-parent-title-center wpex-overflow-hidden\"><a href=\"https:\/\/www.gebrvermeertransport.nl\/wp-content\/uploads\/2022\/04\/plaatsen-van-18-tons-container.jpg\" title=\"Carga de un contenedor de 18 toneladas\" class=\"portfolio-entry-media-link wpex-lightbox\"><img decoding=\"async\" loading=\"lazy\" class=\"portfolio-entry-img wpex-align-middle\" src=\"https:\/\/www.gebrvermeertransport.nl\/wp-content\/uploads\/2022\/04\/plaatsen-van-18-tons-container.jpg\" alt=\"\" width=\"1600\" height=\"1200\" \/>\n<div class=\"overlay-title-center theme-overlay wpex-absolute wpex-inset-0 wpex-transition-all wpex-duration-300 wpex-flex wpex-justify-center wpex-items-center wpex-text-center\">\n\t<span class=\"overlay-bg wpex-bg-black wpex-block wpex-absolute wpex-inset-0 wpex-opacity-50\"><\/span>\n\t<div class=\"overlay-content wpex-relative wpex-text-white wpex-uppercase wpex-font-semibold wpex-p-15 wpex-tracking-widest\">\n\t\t<span class=\"title\">Carga de un contenedor de 18 toneladas<\/span>\t<\/div>\n<\/div><\/a><\/div><\/div><\/div><div class=\"portfolio-entry vcex-grid-item span_1_of_3 col col-2 post-2831 entry type-portfolio has-media cat-29\"><div class=\"portfolio-entry-inner entry-inner wpex-first-mt-0 wpex-last-mb-0 wpex-clr\"><div class=\"portfolio-entry-media entry-media overlay-parent overlay-parent-title-center wpex-overflow-hidden\"><a href=\"https:\/\/www.gebrvermeertransport.nl\/wp-content\/uploads\/2022\/03\/PHOTO-2021-03-16-11-17-39.jpg\" title=\"Colocaci\u00f3n de dos contenedores en un espacio reducido\" class=\"portfolio-entry-media-link wpex-lightbox\"><img decoding=\"async\" loading=\"lazy\" class=\"portfolio-entry-img wpex-align-middle\" src=\"https:\/\/www.gebrvermeertransport.nl\/wp-content\/uploads\/2022\/03\/PHOTO-2021-03-16-11-17-39.jpg\" alt=\"\" width=\"1200\" height=\"1599\" \/>\n<div class=\"overlay-title-center theme-overlay wpex-absolute wpex-inset-0 wpex-transition-all wpex-duration-300 wpex-flex wpex-justify-center wpex-items-center wpex-text-center\">\n\t<span class=\"overlay-bg wpex-bg-black wpex-block wpex-absolute wpex-inset-0 wpex-opacity-50\"><\/span>\n\t<div class=\"overlay-content wpex-relative wpex-text-white wpex-uppercase wpex-font-semibold wpex-p-15 wpex-tracking-widest\">\n\t\t<span class=\"title\">Colocaci\u00f3n de dos contenedores en un espacio reducido<\/span>\t<\/div>\n<\/div><\/a><\/div><\/div><\/div><div class=\"portfolio-entry vcex-grid-item span_1_of_3 col col-3 post-2829 entry type-portfolio has-media cat-29\"><div class=\"portfolio-entry-inner entry-inner wpex-first-mt-0 wpex-last-mb-0 wpex-clr\"><div class=\"portfolio-entry-media entry-media overlay-parent overlay-parent-title-center wpex-overflow-hidden\"><a href=\"https:\/\/www.gebrvermeertransport.nl\/wp-content\/uploads\/2022\/03\/20181024_100159-scaled.jpg\" title=\"Instalaci\u00f3n de dos contenedores de 40 pies\" class=\"portfolio-entry-media-link wpex-lightbox-gallery\" data-gallery=\"[{&quot;src&quot;:&quot;https:\\\/\\\/www.gebrvermeertransport.nl\\\/wp-content\\\/uploads\\\/2022\\\/03\\\/20181024_100159-scaled.jpg&quot;},{&quot;src&quot;:&quot;https:\\\/\\\/www.gebrvermeertransport.nl\\\/wp-content\\\/uploads\\\/2022\\\/03\\\/20181024_100214-scaled.jpg&quot;}]\"><img decoding=\"async\" loading=\"lazy\" class=\"portfolio-entry-img wpex-align-middle\" src=\"https:\/\/www.gebrvermeertransport.nl\/wp-content\/uploads\/2022\/03\/20181024_100159-scaled.jpg\" alt=\"\" width=\"2560\" height=\"1920\" \/>\n<div class=\"overlay-title-center theme-overlay wpex-absolute wpex-inset-0 wpex-transition-all wpex-duration-300 wpex-flex wpex-justify-center wpex-items-center wpex-text-center\">\n\t<span class=\"overlay-bg wpex-bg-black wpex-block wpex-absolute wpex-inset-0 wpex-opacity-50\"><\/span>\n\t<div class=\"overlay-content wpex-relative wpex-text-white wpex-uppercase wpex-font-semibold wpex-p-15 wpex-tracking-widest\">\n\t\t<span class=\"title\">Instalaci\u00f3n de dos contenedores de 40 pies<\/span>\t<\/div>\n<\/div><\/a><\/div><\/div><\/div><\/div><\/div><\/div><\/div><\/div><\/div><\/div><\/div><\/div><\/div><div class=\"vc_row-full-width vc_clearfix\"><\/div>","protected":false},"excerpt":{"rendered":"","protected":false},"author":1,"featured_media":2801,"parent":0,"menu_order":0,"comment_status":"closed","ping_status":"closed","template":"","meta":{"inline_featured_image":false,"footnotes":""},"class_list":["post-1983","page","type-page","status-publish","has-post-thumbnail","hentry","entry","has-media"],"yoast_head":"<!-- This site is optimized with the Yoast SEO plugin v26.4 - https:\/\/yoast.com\/wordpress\/plugins\/seo\/ -->\n<title>Container zijlader nodig? Neemt contact op met Gebr. Vermeer!<\/title>\n<meta name=\"description\" content=\"Met onze container zijlader zijn wij in staat om 8ft tot 45ft containers met een gewicht tot ca. 28 ton selfsupporting te laden en lossen.\" \/>\n<meta name=\"robots\" content=\"index, follow, max-snippet:-1, max-image-preview:large, max-video-preview:-1\" \/>\n<link rel=\"canonical\" href=\"https:\/\/www.gebrvermeertransport.nl\/es\/contenedor-de-carga-lateral\/\" \/>\n<meta property=\"og:locale\" content=\"es_ES\" \/>\n<meta property=\"og:type\" content=\"article\" \/>\n<meta property=\"og:title\" content=\"Container zijlader nodig? Neemt contact op met Gebr. Vermeer!\" \/>\n<meta property=\"og:description\" content=\"Met onze container zijlader zijn wij in staat om 8ft tot 45ft containers met een gewicht tot ca. 28 ton selfsupporting te laden en lossen.\" \/>\n<meta property=\"og:url\" content=\"https:\/\/www.gebrvermeertransport.nl\/es\/contenedor-de-carga-lateral\/\" \/>\n<meta property=\"og:site_name\" content=\"Gebr. Vermeer\" \/>\n<meta property=\"article:modified_time\" content=\"2022-04-11T10:33:46+00:00\" \/>\n<meta property=\"og:image\" content=\"https:\/\/www.gebrvermeertransport.nl\/wp-content\/uploads\/2022\/03\/foto-jan.jpg\" \/>\n\t<meta property=\"og:image:width\" content=\"1080\" \/>\n\t<meta property=\"og:image:height\" content=\"720\" \/>\n\t<meta property=\"og:image:type\" content=\"image\/jpeg\" \/>\n<meta name=\"twitter:card\" content=\"summary_large_image\" \/>\n<meta name=\"twitter:label1\" content=\"Tiempo de lectura\" \/>\n\t<meta name=\"twitter:data1\" content=\"3 minutos\" \/>\n<script type=\"application\/ld+json\" class=\"yoast-schema-graph\">{\"@context\":\"https:\/\/schema.org\",\"@graph\":[{\"@type\":\"WebPage\",\"@id\":\"https:\/\/www.gebrvermeertransport.nl\/container-zijlader\/\",\"url\":\"https:\/\/www.gebrvermeertransport.nl\/container-zijlader\/\",\"name\":\"Container zijlader nodig? Neemt contact op met Gebr. Vermeer!\",\"isPartOf\":{\"@id\":\"https:\/\/www.gebrvermeertransport.nl\/#website\"},\"primaryImageOfPage\":{\"@id\":\"https:\/\/www.gebrvermeertransport.nl\/container-zijlader\/#primaryimage\"},\"image\":{\"@id\":\"https:\/\/www.gebrvermeertransport.nl\/container-zijlader\/#primaryimage\"},\"thumbnailUrl\":\"https:\/\/www.gebrvermeertransport.nl\/wp-content\/uploads\/2022\/03\/foto-jan.jpg\",\"datePublished\":\"2021-01-22T14:28:03+00:00\",\"dateModified\":\"2022-04-11T10:33:46+00:00\",\"description\":\"Met onze container zijlader zijn wij in staat om 8ft tot 45ft containers met een gewicht tot ca. 28 ton selfsupporting te laden en lossen.\",\"breadcrumb\":{\"@id\":\"https:\/\/www.gebrvermeertransport.nl\/container-zijlader\/#breadcrumb\"},\"inLanguage\":\"es\",\"potentialAction\":[{\"@type\":\"ReadAction\",\"target\":[\"https:\/\/www.gebrvermeertransport.nl\/container-zijlader\/\"]}]},{\"@type\":\"ImageObject\",\"inLanguage\":\"es\",\"@id\":\"https:\/\/www.gebrvermeertransport.nl\/container-zijlader\/#primaryimage\",\"url\":\"https:\/\/www.gebrvermeertransport.nl\/wp-content\/uploads\/2022\/03\/foto-jan.jpg\",\"contentUrl\":\"https:\/\/www.gebrvermeertransport.nl\/wp-content\/uploads\/2022\/03\/foto-jan.jpg\",\"width\":1080,\"height\":720},{\"@type\":\"BreadcrumbList\",\"@id\":\"https:\/\/www.gebrvermeertransport.nl\/container-zijlader\/#breadcrumb\",\"itemListElement\":[{\"@type\":\"ListItem\",\"position\":1,\"name\":\"Home\",\"item\":\"https:\/\/www.gebrvermeertransport.nl\/\"},{\"@type\":\"ListItem\",\"position\":2,\"name\":\"Container zijlader\"}]},{\"@type\":\"WebSite\",\"@id\":\"https:\/\/www.gebrvermeertransport.nl\/#website\",\"url\":\"https:\/\/www.gebrvermeertransport.nl\/\",\"name\":\"Gebr. Vermeer\",\"description\":\"\",\"publisher\":{\"@id\":\"https:\/\/www.gebrvermeertransport.nl\/#organization\"},\"potentialAction\":[{\"@type\":\"SearchAction\",\"target\":{\"@type\":\"EntryPoint\",\"urlTemplate\":\"https:\/\/www.gebrvermeertransport.nl\/?s={search_term_string}\"},\"query-input\":{\"@type\":\"PropertyValueSpecification\",\"valueRequired\":true,\"valueName\":\"search_term_string\"}}],\"inLanguage\":\"es\"},{\"@type\":\"Organization\",\"@id\":\"https:\/\/www.gebrvermeertransport.nl\/#organization\",\"name\":\"Gebr. Vermeer\",\"url\":\"https:\/\/www.gebrvermeertransport.nl\/\",\"logo\":{\"@type\":\"ImageObject\",\"inLanguage\":\"es\",\"@id\":\"https:\/\/www.gebrvermeertransport.nl\/#\/schema\/logo\/image\/\",\"url\":\"https:\/\/www.gebrvermeertransport.nl\/wp-content\/uploads\/2020\/12\/Logo-web-GV.svg\",\"contentUrl\":\"https:\/\/www.gebrvermeertransport.nl\/wp-content\/uploads\/2020\/12\/Logo-web-GV.svg\",\"caption\":\"Gebr. Vermeer\"},\"image\":{\"@id\":\"https:\/\/www.gebrvermeertransport.nl\/#\/schema\/logo\/image\/\"}}]}<\/script>\n<!-- \/ Yoast SEO plugin. -->","yoast_head_json":{"title":"\u00bfNecesita un cargador lateral de contenedores? P\u00f3ngase en contacto con Gebr. Vermeer","description":"Con nuestro cargador lateral de contenedores, podemos cargar y descargar contenedores de 8 a 45 pies con un peso de hasta 28 toneladas de forma aut\u00f3noma.","robots":{"index":"index","follow":"follow","max-snippet":"max-snippet:-1","max-image-preview":"max-image-preview:large","max-video-preview":"max-video-preview:-1"},"canonical":"https:\/\/www.gebrvermeertransport.nl\/es\/contenedor-de-carga-lateral\/","og_locale":"es_ES","og_type":"article","og_title":"Container zijlader nodig? Neemt contact op met Gebr. Vermeer!","og_description":"Met onze container zijlader zijn wij in staat om 8ft tot 45ft containers met een gewicht tot ca. 28 ton selfsupporting te laden en lossen.","og_url":"https:\/\/www.gebrvermeertransport.nl\/es\/contenedor-de-carga-lateral\/","og_site_name":"Gebr. Vermeer","article_modified_time":"2022-04-11T10:33:46+00:00","og_image":[{"width":1080,"height":720,"url":"https:\/\/www.gebrvermeertransport.nl\/wp-content\/uploads\/2022\/03\/foto-jan.jpg","type":"image\/jpeg"}],"twitter_card":"summary_large_image","twitter_misc":{"Tiempo de lectura":"3 minutos"},"schema":{"@context":"https:\/\/schema.org","@graph":[{"@type":"WebPage","@id":"https:\/\/www.gebrvermeertransport.nl\/container-zijlader\/","url":"https:\/\/www.gebrvermeertransport.nl\/container-zijlader\/","name":"\u00bfNecesita un cargador lateral de contenedores? P\u00f3ngase en contacto con Gebr. Vermeer","isPartOf":{"@id":"https:\/\/www.gebrvermeertransport.nl\/#website"},"primaryImageOfPage":{"@id":"https:\/\/www.gebrvermeertransport.nl\/container-zijlader\/#primaryimage"},"image":{"@id":"https:\/\/www.gebrvermeertransport.nl\/container-zijlader\/#primaryimage"},"thumbnailUrl":"https:\/\/www.gebrvermeertransport.nl\/wp-content\/uploads\/2022\/03\/foto-jan.jpg","datePublished":"2021-01-22T14:28:03+00:00","dateModified":"2022-04-11T10:33:46+00:00","description":"Con nuestro cargador lateral de contenedores, podemos cargar y descargar contenedores de 8 a 45 pies con un peso de hasta 28 toneladas de forma aut\u00f3noma.","breadcrumb":{"@id":"https:\/\/www.gebrvermeertransport.nl\/container-zijlader\/#breadcrumb"},"inLanguage":"es","potentialAction":[{"@type":"ReadAction","target":["https:\/\/www.gebrvermeertransport.nl\/container-zijlader\/"]}]},{"@type":"ImageObject","inLanguage":"es","@id":"https:\/\/www.gebrvermeertransport.nl\/container-zijlader\/#primaryimage","url":"https:\/\/www.gebrvermeertransport.nl\/wp-content\/uploads\/2022\/03\/foto-jan.jpg","contentUrl":"https:\/\/www.gebrvermeertransport.nl\/wp-content\/uploads\/2022\/03\/foto-jan.jpg","width":1080,"height":720},{"@type":"BreadcrumbList","@id":"https:\/\/www.gebrvermeertransport.nl\/container-zijlader\/#breadcrumb","itemListElement":[{"@type":"ListItem","position":1,"name":"Home","item":"https:\/\/www.gebrvermeertransport.nl\/"},{"@type":"ListItem","position":2,"name":"Container zijlader"}]},{"@type":"WebSite","@id":"https:\/\/www.gebrvermeertransport.nl\/#website","url":"https:\/\/www.gebrvermeertransport.nl\/","name":"Gebr. Vermeer","description":"","publisher":{"@id":"https:\/\/www.gebrvermeertransport.nl\/#organization"},"potentialAction":[{"@type":"SearchAction","target":{"@type":"EntryPoint","urlTemplate":"https:\/\/www.gebrvermeertransport.nl\/?s={search_term_string}"},"query-input":{"@type":"PropertyValueSpecification","valueRequired":true,"valueName":"search_term_string"}}],"inLanguage":"es"},{"@type":"Organization","@id":"https:\/\/www.gebrvermeertransport.nl\/#organization","name":"Gebr. Vermeer","url":"https:\/\/www.gebrvermeertransport.nl\/","logo":{"@type":"ImageObject","inLanguage":"es","@id":"https:\/\/www.gebrvermeertransport.nl\/#\/schema\/logo\/image\/","url":"https:\/\/www.gebrvermeertransport.nl\/wp-content\/uploads\/2020\/12\/Logo-web-GV.svg","contentUrl":"https:\/\/www.gebrvermeertransport.nl\/wp-content\/uploads\/2020\/12\/Logo-web-GV.svg","caption":"Gebr. Vermeer"},"image":{"@id":"https:\/\/www.gebrvermeertransport.nl\/#\/schema\/logo\/image\/"}}]}},"_links":{"self":[{"href":"https:\/\/www.gebrvermeertransport.nl\/es\/wp-json\/wp\/v2\/pages\/1983","targetHints":{"allow":["GET"]}}],"collection":[{"href":"https:\/\/www.gebrvermeertransport.nl\/es\/wp-json\/wp\/v2\/pages"}],"about":[{"href":"https:\/\/www.gebrvermeertransport.nl\/es\/wp-json\/wp\/v2\/types\/page"}],"author":[{"embeddable":true,"href":"https:\/\/www.gebrvermeertransport.nl\/es\/wp-json\/wp\/v2\/users\/1"}],"replies":[{"embeddable":true,"href":"https:\/\/www.gebrvermeertransport.nl\/es\/wp-json\/wp\/v2\/comments?post=1983"}],"version-history":[{"count":18,"href":"https:\/\/www.gebrvermeertransport.nl\/es\/wp-json\/wp\/v2\/pages\/1983\/revisions"}],"predecessor-version":[{"id":2390,"href":"https:\/\/www.gebrvermeertransport.nl\/es\/wp-json\/wp\/v2\/pages\/1983\/revisions\/2390"}],"wp:featuredmedia":[{"embeddable":true,"href":"https:\/\/www.gebrvermeertransport.nl\/es\/wp-json\/wp\/v2\/media\/2801"}],"wp:attachment":[{"href":"https:\/\/www.gebrvermeertransport.nl\/es\/wp-json\/wp\/v2\/media?parent=1983"}],"curies":[{"name":"wp","href":"https:\/\/api.w.org\/{rel}","templated":true}]}}