{"id":1971,"date":"2021-01-22T14:26:16","date_gmt":"2021-01-22T14:26:16","guid":{"rendered":"https:\/\/www.gebrvermeertransport.nl\/?page_id=1971"},"modified":"2022-06-07T07:18:39","modified_gmt":"2022-06-07T07:18:39","slug":"contenedores-de-almacenamiento","status":"publish","type":"page","link":"https:\/\/www.gebrvermeertransport.nl\/es\/contenedores-de-almacenamiento\/","title":{"rendered":"Contenedores de almacenamiento"},"content":{"rendered":"<div data-vc-full-width=\"true\" data-vc-full-width-init=\"false\" class=\"vc_row wpb_row vc_row-fluid sub-cat-intro-row wpex-vc-row-stretched\"><div class=\"wpb_column vc_column_container vc_col-sm-6\"><div class=\"vc_column-inner\"><div class=\"wpb_wrapper\">\n\t<div class=\"wpb_text_column wpb_content_element  intro-blok diapositief\" >\n\t\t<div class=\"wpb_wrapper\">\n\t\t\t<h1>Contenedores de almacenamiento<\/h1>\n<p>En Gebr. Vermeer Containers tambi\u00e9n puede alquilar y comprar contenedores de almacenamiento de 8, 10, 20 y 40 pies. Todos los art\u00edculos para los que (temporalmente) no tiene espacio en sus propias instalaciones se pueden almacenar de forma segura. No hay costes de alquiler de dependencias completas o cajas (de garaje). Si puede colocar el contenedor de almacenamiento en sus propias instalaciones, siempre tendr\u00e1 cerca los materiales almacenados.<\/p>\n\n\t\t<\/div>\n\t<\/div>\n<\/div><\/div><\/div><div class=\"wpb_column vc_column_container vc_col-sm-6\"><div class=\"vc_column-inner\"><div class=\"wpb_wrapper\">\n\t<div  class=\"wpb_single_image wpb_content_element vc_align_   sub-cat-header-afb\">\n\t\t\n\t\t<figure class=\"wpb_wrapper vc_figure\">\n\t\t\t<div class=\"vc_single_image-wrapper   vc_box_border_grey\"><img loading=\"lazy\" decoding=\"async\" width=\"800\" height=\"515\" src=\"https:\/\/www.gebrvermeertransport.nl\/wp-content\/uploads\/2021\/01\/Opslagcontainers-uitgelicht.jpg\" class=\"vc_single_image-img attachment-full\" alt=\"\" srcset=\"https:\/\/www.gebrvermeertransport.nl\/wp-content\/uploads\/2021\/01\/Opslagcontainers-uitgelicht.jpg 800w, https:\/\/www.gebrvermeertransport.nl\/wp-content\/uploads\/2021\/01\/Opslagcontainers-uitgelicht-300x193.jpg 300w, https:\/\/www.gebrvermeertransport.nl\/wp-content\/uploads\/2021\/01\/Opslagcontainers-uitgelicht-768x494.jpg 768w\" sizes=\"auto, (max-width: 800px) 100vw, 800px\" \/><\/div>\n\t\t<\/figure>\n\t<\/div>\n<\/div><\/div><\/div><\/div><div class=\"vc_row-full-width vc_clearfix\"><\/div><div class=\"vc_row wpb_row vc_row-fluid content-sidebar-row wpex-vc-has-custom-column-spacing wpex-vc-column-spacing-40 tablet-fullwidth-columns\"><div class=\"wpb_column tekst-kolom vc_column_container vc_col-sm-8\"><div class=\"vc_column-inner\"><div class=\"wpb_wrapper\">\n\t<div class=\"wpb_text_column wpb_content_element  first\" >\n\t\t<div class=\"wpb_wrapper\">\n\t\t\t<h2>Contenedores de almacenamiento (re)construidos y amueblados seg\u00fan las necesidades<\/h2>\n<p>En Gebr. Vermeer Containers encontrar\u00e1 contenedores de almacenamiento y contenedores de almac\u00e9n de 8 pies, 10 pies, 20 pies y 40 pies. Adem\u00e1s de como almac\u00e9n, tambi\u00e9n puede utilizarlos, por ejemplo, para la gesti\u00f3n de existencias o como taller. Tambi\u00e9n le ofrecemos la posibilidad de reconstruir y equipar un contenedor seg\u00fan sus propios deseos, gustos y necesidades. Esto incluye calefacci\u00f3n, iluminaci\u00f3n, estanter\u00edas y cerraduras f\u00e1ciles de usar y a prueba de rotura. La colocaci\u00f3n de mobiliario de oficina tambi\u00e9n es una de las muchas opciones.<\/p>\n<p>Podemos cambiar los contenedores de taller. As\u00ed se crea una zona de trabajo adicional a partir de 30 m2, con electricidad e iluminaci\u00f3n. Muy pr\u00e1ctica es la posibilidad de que hagamos un contenedor para personal fumador; \u00e9ste est\u00e1 equipado con un lado abierto m\u00e1s una mesa fija. Otros \"especiales\" de Gebr. Vermeer Industrial Movements incluyen contenedores de almacenamiento aislados, estanter\u00edas planas abiertas y contenedores de techo abierto. Seguro que el que busca se encuentra entre ellos.<\/p>\n\n\t\t<\/div>\n\t<\/div>\n<div class=\"wpex-slider-preloaderimg\"><img loading=\"lazy\" decoding=\"async\" data-no-lazy=\"1\" class=\"skip-lazy\" src=\"https:\/\/www.gebrvermeertransport.nl\/wp-content\/uploads\/2021\/03\/Opslagcontainers-1.jpg\" alt=\"\" width=\"980\" height=\"400\" \/><\/div><div class=\"vcex-module wpex-slider slider-pro vcex-image-slider wpex-clr\" data-auto-play=\"false\" data-auto-play-delay=\"5000\" data-buttons=\"false\" data-fade-arrows=\"false\" data-animation-speed=\"600\" data-height-animation-duration=\"500\" data-thumbnail-height=\"70\" data-thumbnail-width=\"70\"><div class=\"wpex-slider-slides sp-slides\"><div class=\"wpex-slider-slide sp-slide\"><div class=\"wpex-slider-media\"><img loading=\"lazy\" decoding=\"async\" data-no-lazy=\"1\" class=\"skip-lazy\" src=\"https:\/\/www.gebrvermeertransport.nl\/wp-content\/uploads\/2021\/03\/Opslagcontainers-1.jpg\" alt=\"\" width=\"980\" height=\"400\" \/><\/div><\/div><\/div><\/div>\n\t<div class=\"wpb_text_column wpb_content_element\" >\n\t\t<div class=\"wpb_wrapper\">\n\t\t\t<h2>Varios contenedores<\/h2>\n<p>Gebr. Vermeer Containers alquila y vende una amplia gama de contenedores \/ contenedores mar\u00edtimos. Todos los deseos son posibles cuando se trata de nuestros clientes. Nuestras posibilidades son infinitas.<\/p>\n<p>Adem\u00e1s de contenedores de almacenamiento, Gebr. Vermeer Industrial Movements tambi\u00e9n puede suministrar otros contenedores. Como los contenedores combinados. Estos contenedores est\u00e1n disponibles en 20 pies y se dividen en dos espacios separados. Con un contenedor combi, un espacio se configura como un contenedor de oficina\/edificio compartido y el otro espacio se configura como un contenedor de almac\u00e9n\/almacenamiento. Estos contenedores disponen de una zona de comedor y almac\u00e9n, 1 \u00f3 2 estanter\u00edas y suministro de \"material largo\", iluminaci\u00f3n, ventilaci\u00f3n, estufa y suministro el\u00e9ctrico. Estos contenedores combinados pueden apilarse y est\u00e1n equipados con una pasarela con escaleras.<\/p>\n<p>\u00bfBusca un contenedor para su taller? Entonces tambi\u00e9n puede alquilar un contenedor de taller de Gevr. Vermeer. Est\u00e1n disponibles desde 6 x 2,5 metros hasta 6 x 10 metros. Si lo desea, disponemos de tama\u00f1os a\u00fan mayores. Estos contenedores se utilizan principalmente como taller m\u00f3vil en, por ejemplo, una obra de construcci\u00f3n. Todos nuestros contenedores est\u00e1n equipados con cierres de f\u00e1cil manejo y una cerradura antirrobo.<\/p>\n<p>Adem\u00e1s de estos contenedores, puede comprar o alquilar muchos m\u00e1s contenedores diferentes de Gebr. Vermeer. Encontrar\u00e1 un resumen de los contenedores que se ofrecen <a href=\"https:\/\/www.gebrvermeertransport.nl\/es\/contenedores\/\">aqu\u00ed<\/a>.<\/p>\n<h3>P\u00f3ngase en contacto con<\/h3>\n<p>\u00bfEst\u00e1 interesado en alquilar uno de nuestros numerosos contenedores? Si es as\u00ed, p\u00f3ngase en contacto con Gebr. Vermeer Industrial Movements. Estaremos encantados de informarle sobre las posibilidades y responder a todas sus preguntas. P\u00f3ngase en contacto con nosotros a trav\u00e9s del <a href=\"https:\/\/www.gebrvermeertransport.nl\/es\/pongase-en-contacto-con\/\">formulario de contacto<\/a> o env\u00ede un correo electr\u00f3nico a <a href=\"mailto:info@gebrvermeertransport.nl\">info@gebrvermeertransport.nl<\/a>. \u00bfPrefiere ponerse en contacto con nosotros por tel\u00e9fono? Entonces puede llamarnos al 013-4670272.<\/p>\n\n\t\t<\/div>\n\t<\/div>\n<\/div><\/div><\/div><div class=\"wpb_column sidebar-kolom vc_column_container vc_col-sm-4\"><div class=\"vc_column-inner\"><div class=\"wpb_wrapper\"><div class=\"templatera_shortcode\"><div class=\"vc_row wpb_row vc_row-fluid\"><div class=\"wpb_column vc_column_container vc_col-sm-12\"><div class=\"vc_column-inner vc_custom_1608038486316\"><div class=\"wpb_wrapper\">\n\t<div class=\"wpb_text_column wpb_content_element  sidebar-blok-grijs diapositief\" >\n\t\t<div class=\"wpb_wrapper\">\n\t\t\t<h3>P\u00f3ngase en contacto<\/h3>\n<p>\u00bfTiene alguna pregunta? Si es as\u00ed, no dude en ponerse en contacto con nosotros. Puede rellenar nuestro formulario de contacto en l\u00ednea o llamarnos directamente al: 013 - 4670272. \u00a1Gebr. Vermeer le ayudar\u00e1!<\/p>\n<p><a class=\"button wit\" href=\"\/es\/pongase-en-contacto-con\/\">P\u00f3ngase en contacto<\/a><\/p>\n\n\t\t<\/div>\n\t<\/div>\n<\/div><\/div><\/div><\/div><\/div><div class=\"templatera_shortcode\"><div class=\"vc_row wpb_row vc_row-fluid\"><div class=\"wpb_column vc_column_container vc_col-sm-12\"><div class=\"vc_column-inner vc_custom_1608038486316\"><div class=\"wpb_wrapper\">\n\t<div class=\"wpb_text_column wpb_content_element  sidebar-blok-offerte diapositief\" >\n\t\t<div class=\"wpb_wrapper\">\n\t\t\t<h3>Solicitar un presupuesto<\/h3>\n<p>\u00bfDesea recibir un presupuesto? Entonces puede rellenar un formulario de solicitud de presupuesto directamente en l\u00ednea, de forma f\u00e1cil y r\u00e1pida. Nos pondremos en contacto con usted. Gebr. Vermeer Special Transport le ayudar\u00e1.<\/p>\n<p><a class=\"button wit\" href=\"\/es\/solicitar-presupuesto\/\">Solicitar un presupuesto<\/a><\/p>\n\n\t\t<\/div>\n\t<\/div>\n<\/div><\/div><\/div><\/div><\/div><\/div><\/div><\/div><\/div><div data-vc-full-width=\"true\" data-vc-full-width-init=\"false\" class=\"vc_row wpb_row vc_row-fluid skewed-bg-row sub-cat wpex-vc-row-stretched\"><div class=\"wpb_column vc_column_container vc_col-sm-12\"><div class=\"vc_column-inner\"><div class=\"wpb_wrapper\"><div class=\"vc_row wpb_row vc_inner vc_row-fluid sub-cat-projecten-row\"><div class=\"wpb_column vc_column_container vc_col-sm-12\"><div class=\"vc_column-inner\"><div class=\"wpb_wrapper\">\n\t<div class=\"wpb_text_column wpb_content_element\" >\n\t\t<div class=\"wpb_wrapper\">\n\t\t\t<h3>Proyectos<\/h3>\n<p><span class=\"grijs ondertitel\">Contenedores de almacenamiento<\/span><\/p>\n\n\t\t<\/div>\n\t<\/div>\n<div class=\"vcex-module vcex-portfolio-grid-wrap wpex-clr\"><div class=\"wpex-row vcex-portfolio-grid wpex-clr entries gap-40\" data-show_title=\"false\"><div class=\"portfolio-entry vcex-grid-item span_1_of_3 col col-1 post-2858 entry type-portfolio has-media cat-34\"><div class=\"portfolio-entry-inner entry-inner wpex-first-mt-0 wpex-last-mb-0 wpex-clr\"><div class=\"portfolio-entry-media entry-media overlay-parent overlay-parent-title-center wpex-overflow-hidden\"><a href=\"https:\/\/www.gebrvermeertransport.nl\/wp-content\/uploads\/2022\/04\/PHOTO-2020-06-12-13-29-34.jpg\" title=\"Contenedor de almacenamiento con estructura para inspeccionar cargas\" class=\"portfolio-entry-media-link wpex-lightbox-gallery\" data-gallery=\"[{&quot;src&quot;:&quot;https:\\\/\\\/www.gebrvermeertransport.nl\\\/wp-content\\\/uploads\\\/2022\\\/04\\\/PHOTO-2020-06-12-13-29-34.jpg&quot;},{&quot;src&quot;:&quot;https:\\\/\\\/www.gebrvermeertransport.nl\\\/wp-content\\\/uploads\\\/2022\\\/04\\\/PHOTO-2020-06-12-13-29-351.jpg&quot;},{&quot;src&quot;:&quot;https:\\\/\\\/www.gebrvermeertransport.nl\\\/wp-content\\\/uploads\\\/2022\\\/04\\\/PHOTO-2020-06-12-13-29-35.jpg&quot;}]\"><img decoding=\"async\" loading=\"lazy\" class=\"portfolio-entry-img wpex-align-middle\" src=\"https:\/\/www.gebrvermeertransport.nl\/wp-content\/uploads\/2022\/04\/PHOTO-2020-06-12-13-29-34.jpg\" alt=\"\" width=\"1600\" height=\"1200\" \/>\n<div class=\"overlay-title-center theme-overlay wpex-absolute wpex-inset-0 wpex-transition-all wpex-duration-300 wpex-flex wpex-justify-center wpex-items-center wpex-text-center\">\n\t<span class=\"overlay-bg wpex-bg-black wpex-block wpex-absolute wpex-inset-0 wpex-opacity-50\"><\/span>\n\t<div class=\"overlay-content wpex-relative wpex-text-white wpex-uppercase wpex-font-semibold wpex-p-15 wpex-tracking-widest\">\n\t\t<span class=\"title\">Contenedor de almacenamiento con estructura para inspeccionar cargas<\/span>\t<\/div>\n<\/div><\/a><\/div><\/div><\/div><\/div><\/div><\/div><\/div><\/div><\/div><\/div><\/div><\/div><\/div><div class=\"vc_row-full-width vc_clearfix\"><\/div>","protected":false},"excerpt":{"rendered":"","protected":false},"author":1,"featured_media":2015,"parent":0,"menu_order":0,"comment_status":"closed","ping_status":"closed","template":"","meta":{"inline_featured_image":false,"footnotes":""},"class_list":["post-1971","page","type-page","status-publish","has-post-thumbnail","hentry","entry","has-media"],"yoast_head":"<!-- This site is optimized with the Yoast SEO plugin v26.4 - https:\/\/yoast.com\/wordpress\/plugins\/seo\/ -->\n<title>Opslagcontainers - Gebr. Vermeer<\/title>\n<meta name=\"description\" content=\"Bij Gebr. Vermeer Containers kunt u kwalitatief hoogwaardige opslagcontainers van 8ft, 10ft, 20ft en 40ft huren of kopen.\" \/>\n<meta name=\"robots\" content=\"index, follow, max-snippet:-1, max-image-preview:large, max-video-preview:-1\" \/>\n<link rel=\"canonical\" href=\"https:\/\/www.gebrvermeertransport.nl\/es\/contenedores-de-almacenamiento\/\" \/>\n<meta property=\"og:locale\" content=\"es_ES\" \/>\n<meta property=\"og:type\" content=\"article\" \/>\n<meta property=\"og:title\" content=\"Opslagcontainers - Gebr. Vermeer\" \/>\n<meta property=\"og:description\" content=\"Bij Gebr. Vermeer Containers kunt u kwalitatief hoogwaardige opslagcontainers van 8ft, 10ft, 20ft en 40ft huren of kopen.\" \/>\n<meta property=\"og:url\" content=\"https:\/\/www.gebrvermeertransport.nl\/es\/contenedores-de-almacenamiento\/\" \/>\n<meta property=\"og:site_name\" content=\"Gebr. Vermeer\" \/>\n<meta property=\"article:modified_time\" content=\"2022-06-07T07:18:39+00:00\" \/>\n<meta property=\"og:image\" content=\"https:\/\/www.gebrvermeertransport.nl\/wp-content\/uploads\/2021\/01\/Opslagcontainers-uitgelicht.jpg\" \/>\n\t<meta property=\"og:image:width\" content=\"800\" \/>\n\t<meta property=\"og:image:height\" content=\"515\" \/>\n\t<meta property=\"og:image:type\" content=\"image\/jpeg\" \/>\n<meta name=\"twitter:card\" content=\"summary_large_image\" \/>\n<meta name=\"twitter:label1\" content=\"Tiempo de lectura\" \/>\n\t<meta name=\"twitter:data1\" content=\"3 minutos\" \/>\n<script type=\"application\/ld+json\" class=\"yoast-schema-graph\">{\"@context\":\"https:\/\/schema.org\",\"@graph\":[{\"@type\":\"WebPage\",\"@id\":\"https:\/\/www.gebrvermeertransport.nl\/opslagcontainers\/\",\"url\":\"https:\/\/www.gebrvermeertransport.nl\/opslagcontainers\/\",\"name\":\"Opslagcontainers - Gebr. Vermeer\",\"isPartOf\":{\"@id\":\"https:\/\/www.gebrvermeertransport.nl\/#website\"},\"primaryImageOfPage\":{\"@id\":\"https:\/\/www.gebrvermeertransport.nl\/opslagcontainers\/#primaryimage\"},\"image\":{\"@id\":\"https:\/\/www.gebrvermeertransport.nl\/opslagcontainers\/#primaryimage\"},\"thumbnailUrl\":\"https:\/\/www.gebrvermeertransport.nl\/wp-content\/uploads\/2021\/01\/Opslagcontainers-uitgelicht.jpg\",\"datePublished\":\"2021-01-22T14:26:16+00:00\",\"dateModified\":\"2022-06-07T07:18:39+00:00\",\"description\":\"Bij Gebr. Vermeer Containers kunt u kwalitatief hoogwaardige opslagcontainers van 8ft, 10ft, 20ft en 40ft huren of kopen.\",\"breadcrumb\":{\"@id\":\"https:\/\/www.gebrvermeertransport.nl\/opslagcontainers\/#breadcrumb\"},\"inLanguage\":\"es\",\"potentialAction\":[{\"@type\":\"ReadAction\",\"target\":[\"https:\/\/www.gebrvermeertransport.nl\/opslagcontainers\/\"]}]},{\"@type\":\"ImageObject\",\"inLanguage\":\"es\",\"@id\":\"https:\/\/www.gebrvermeertransport.nl\/opslagcontainers\/#primaryimage\",\"url\":\"https:\/\/www.gebrvermeertransport.nl\/wp-content\/uploads\/2021\/01\/Opslagcontainers-uitgelicht.jpg\",\"contentUrl\":\"https:\/\/www.gebrvermeertransport.nl\/wp-content\/uploads\/2021\/01\/Opslagcontainers-uitgelicht.jpg\",\"width\":800,\"height\":515},{\"@type\":\"BreadcrumbList\",\"@id\":\"https:\/\/www.gebrvermeertransport.nl\/opslagcontainers\/#breadcrumb\",\"itemListElement\":[{\"@type\":\"ListItem\",\"position\":1,\"name\":\"Home\",\"item\":\"https:\/\/www.gebrvermeertransport.nl\/\"},{\"@type\":\"ListItem\",\"position\":2,\"name\":\"Opslagcontainers\"}]},{\"@type\":\"WebSite\",\"@id\":\"https:\/\/www.gebrvermeertransport.nl\/#website\",\"url\":\"https:\/\/www.gebrvermeertransport.nl\/\",\"name\":\"Gebr. Vermeer\",\"description\":\"\",\"publisher\":{\"@id\":\"https:\/\/www.gebrvermeertransport.nl\/#organization\"},\"potentialAction\":[{\"@type\":\"SearchAction\",\"target\":{\"@type\":\"EntryPoint\",\"urlTemplate\":\"https:\/\/www.gebrvermeertransport.nl\/?s={search_term_string}\"},\"query-input\":{\"@type\":\"PropertyValueSpecification\",\"valueRequired\":true,\"valueName\":\"search_term_string\"}}],\"inLanguage\":\"es\"},{\"@type\":\"Organization\",\"@id\":\"https:\/\/www.gebrvermeertransport.nl\/#organization\",\"name\":\"Gebr. Vermeer\",\"url\":\"https:\/\/www.gebrvermeertransport.nl\/\",\"logo\":{\"@type\":\"ImageObject\",\"inLanguage\":\"es\",\"@id\":\"https:\/\/www.gebrvermeertransport.nl\/#\/schema\/logo\/image\/\",\"url\":\"https:\/\/www.gebrvermeertransport.nl\/wp-content\/uploads\/2020\/12\/Logo-web-GV.svg\",\"contentUrl\":\"https:\/\/www.gebrvermeertransport.nl\/wp-content\/uploads\/2020\/12\/Logo-web-GV.svg\",\"caption\":\"Gebr. Vermeer\"},\"image\":{\"@id\":\"https:\/\/www.gebrvermeertransport.nl\/#\/schema\/logo\/image\/\"}}]}<\/script>\n<!-- \/ Yoast SEO plugin. -->","yoast_head_json":{"title":"Contenedores de almacenamiento - Gebr. Vermeer","description":"En Gebr. Vermeer Containers, puede alquilar o comprar contenedores de almacenamiento de alta calidad de 8, 10, 20 y 40 pies.","robots":{"index":"index","follow":"follow","max-snippet":"max-snippet:-1","max-image-preview":"max-image-preview:large","max-video-preview":"max-video-preview:-1"},"canonical":"https:\/\/www.gebrvermeertransport.nl\/es\/contenedores-de-almacenamiento\/","og_locale":"es_ES","og_type":"article","og_title":"Opslagcontainers - Gebr. Vermeer","og_description":"Bij Gebr. Vermeer Containers kunt u kwalitatief hoogwaardige opslagcontainers van 8ft, 10ft, 20ft en 40ft huren of kopen.","og_url":"https:\/\/www.gebrvermeertransport.nl\/es\/contenedores-de-almacenamiento\/","og_site_name":"Gebr. Vermeer","article_modified_time":"2022-06-07T07:18:39+00:00","og_image":[{"width":800,"height":515,"url":"https:\/\/www.gebrvermeertransport.nl\/wp-content\/uploads\/2021\/01\/Opslagcontainers-uitgelicht.jpg","type":"image\/jpeg"}],"twitter_card":"summary_large_image","twitter_misc":{"Tiempo de lectura":"3 minutos"},"schema":{"@context":"https:\/\/schema.org","@graph":[{"@type":"WebPage","@id":"https:\/\/www.gebrvermeertransport.nl\/opslagcontainers\/","url":"https:\/\/www.gebrvermeertransport.nl\/opslagcontainers\/","name":"Contenedores de almacenamiento - Gebr. Vermeer","isPartOf":{"@id":"https:\/\/www.gebrvermeertransport.nl\/#website"},"primaryImageOfPage":{"@id":"https:\/\/www.gebrvermeertransport.nl\/opslagcontainers\/#primaryimage"},"image":{"@id":"https:\/\/www.gebrvermeertransport.nl\/opslagcontainers\/#primaryimage"},"thumbnailUrl":"https:\/\/www.gebrvermeertransport.nl\/wp-content\/uploads\/2021\/01\/Opslagcontainers-uitgelicht.jpg","datePublished":"2021-01-22T14:26:16+00:00","dateModified":"2022-06-07T07:18:39+00:00","description":"En Gebr. Vermeer Containers, puede alquilar o comprar contenedores de almacenamiento de alta calidad de 8, 10, 20 y 40 pies.","breadcrumb":{"@id":"https:\/\/www.gebrvermeertransport.nl\/opslagcontainers\/#breadcrumb"},"inLanguage":"es","potentialAction":[{"@type":"ReadAction","target":["https:\/\/www.gebrvermeertransport.nl\/opslagcontainers\/"]}]},{"@type":"ImageObject","inLanguage":"es","@id":"https:\/\/www.gebrvermeertransport.nl\/opslagcontainers\/#primaryimage","url":"https:\/\/www.gebrvermeertransport.nl\/wp-content\/uploads\/2021\/01\/Opslagcontainers-uitgelicht.jpg","contentUrl":"https:\/\/www.gebrvermeertransport.nl\/wp-content\/uploads\/2021\/01\/Opslagcontainers-uitgelicht.jpg","width":800,"height":515},{"@type":"BreadcrumbList","@id":"https:\/\/www.gebrvermeertransport.nl\/opslagcontainers\/#breadcrumb","itemListElement":[{"@type":"ListItem","position":1,"name":"Home","item":"https:\/\/www.gebrvermeertransport.nl\/"},{"@type":"ListItem","position":2,"name":"Opslagcontainers"}]},{"@type":"WebSite","@id":"https:\/\/www.gebrvermeertransport.nl\/#website","url":"https:\/\/www.gebrvermeertransport.nl\/","name":"Gebr. Vermeer","description":"","publisher":{"@id":"https:\/\/www.gebrvermeertransport.nl\/#organization"},"potentialAction":[{"@type":"SearchAction","target":{"@type":"EntryPoint","urlTemplate":"https:\/\/www.gebrvermeertransport.nl\/?s={search_term_string}"},"query-input":{"@type":"PropertyValueSpecification","valueRequired":true,"valueName":"search_term_string"}}],"inLanguage":"es"},{"@type":"Organization","@id":"https:\/\/www.gebrvermeertransport.nl\/#organization","name":"Gebr. Vermeer","url":"https:\/\/www.gebrvermeertransport.nl\/","logo":{"@type":"ImageObject","inLanguage":"es","@id":"https:\/\/www.gebrvermeertransport.nl\/#\/schema\/logo\/image\/","url":"https:\/\/www.gebrvermeertransport.nl\/wp-content\/uploads\/2020\/12\/Logo-web-GV.svg","contentUrl":"https:\/\/www.gebrvermeertransport.nl\/wp-content\/uploads\/2020\/12\/Logo-web-GV.svg","caption":"Gebr. Vermeer"},"image":{"@id":"https:\/\/www.gebrvermeertransport.nl\/#\/schema\/logo\/image\/"}}]}},"_links":{"self":[{"href":"https:\/\/www.gebrvermeertransport.nl\/es\/wp-json\/wp\/v2\/pages\/1971","targetHints":{"allow":["GET"]}}],"collection":[{"href":"https:\/\/www.gebrvermeertransport.nl\/es\/wp-json\/wp\/v2\/pages"}],"about":[{"href":"https:\/\/www.gebrvermeertransport.nl\/es\/wp-json\/wp\/v2\/types\/page"}],"author":[{"embeddable":true,"href":"https:\/\/www.gebrvermeertransport.nl\/es\/wp-json\/wp\/v2\/users\/1"}],"replies":[{"embeddable":true,"href":"https:\/\/www.gebrvermeertransport.nl\/es\/wp-json\/wp\/v2\/comments?post=1971"}],"version-history":[{"count":12,"href":"https:\/\/www.gebrvermeertransport.nl\/es\/wp-json\/wp\/v2\/pages\/1971\/revisions"}],"predecessor-version":[{"id":3212,"href":"https:\/\/www.gebrvermeertransport.nl\/es\/wp-json\/wp\/v2\/pages\/1971\/revisions\/3212"}],"wp:featuredmedia":[{"embeddable":true,"href":"https:\/\/www.gebrvermeertransport.nl\/es\/wp-json\/wp\/v2\/media\/2015"}],"wp:attachment":[{"href":"https:\/\/www.gebrvermeertransport.nl\/es\/wp-json\/wp\/v2\/media?parent=1971"}],"curies":[{"name":"wp","href":"https:\/\/api.w.org\/{rel}","templated":true}]}}