{"id":197,"date":"2020-12-15T07:43:17","date_gmt":"2020-12-15T07:43:17","guid":{"rendered":"https:\/\/www.gebrvermeertransport.nl\/?page_id=197"},"modified":"2022-04-11T10:30:48","modified_gmt":"2022-04-11T10:30:48","slug":"transporte-plano","status":"publish","type":"page","link":"https:\/\/www.gebrvermeertransport.nl\/es\/transporte-plano\/","title":{"rendered":"Transporte con g\u00f3ndola semirrebajada"},"content":{"rendered":"<div data-vc-full-width=\"true\" data-vc-full-width-init=\"false\" class=\"vc_row wpb_row vc_row-fluid sub-cat-intro-row wpex-vc-row-stretched\"><div class=\"wpb_column vc_column_container vc_col-sm-6\"><div class=\"vc_column-inner\"><div class=\"wpb_wrapper\">\n\t<div class=\"wpb_text_column wpb_content_element  intro-blok diapositief\" >\n\t\t<div class=\"wpb_wrapper\">\n\t\t\t<h1>Transporte con pala semirrebajada y pala baja<\/h1>\n<p>Disponemos de palas semirrebajadas extensibles a partir de 82 cm de altura del suelo y palas bajas a partir de 38 cm de altura del suelo. Est\u00e1n disponibles en versi\u00f3n abierta o equipados con lonas deslizantes y portales traseros extensibles para transportar cargas de gran tama\u00f1o bajo lona. Tambi\u00e9n puede solicitarnos remolques de plataforma baja con cuellos desmontables y remolques de plataforma semirrebajada drive-up. Aqu\u00ed nos encargamos de todo el proceso de transporte (si lo desea), incluida la orientaci\u00f3n y los permisos de transporte. Su carga llega r\u00e1pidamente al lugar deseado, al tiempo que minimizamos las molestias a los dem\u00e1s usuarios de la carretera y al entorno residencial.<\/p>\n\n\t\t<\/div>\n\t<\/div>\n<\/div><\/div><\/div><div class=\"wpb_column vc_column_container vc_col-sm-6\"><div class=\"vc_column-inner\"><div class=\"wpb_wrapper\">\n\t<div  class=\"wpb_single_image wpb_content_element vc_align_   sub-cat-header-afb\">\n\t\t\n\t\t<figure class=\"wpb_wrapper vc_figure\">\n\t\t\t<div class=\"vc_single_image-wrapper   vc_box_border_grey\"><img loading=\"lazy\" decoding=\"async\" width=\"800\" height=\"515\" src=\"https:\/\/www.gebrvermeertransport.nl\/wp-content\/uploads\/2020\/12\/Dieplader-transport-uitgelicht.jpg\" class=\"vc_single_image-img attachment-full\" alt=\"\" srcset=\"https:\/\/www.gebrvermeertransport.nl\/wp-content\/uploads\/2020\/12\/Dieplader-transport-uitgelicht.jpg 800w, https:\/\/www.gebrvermeertransport.nl\/wp-content\/uploads\/2020\/12\/Dieplader-transport-uitgelicht-300x193.jpg 300w, https:\/\/www.gebrvermeertransport.nl\/wp-content\/uploads\/2020\/12\/Dieplader-transport-uitgelicht-768x494.jpg 768w\" sizes=\"auto, (max-width: 800px) 100vw, 800px\" \/><\/div>\n\t\t<\/figure>\n\t<\/div>\n<\/div><\/div><\/div><\/div><div class=\"vc_row-full-width vc_clearfix\"><\/div><div class=\"vc_row wpb_row vc_row-fluid content-sidebar-row wpex-vc-has-custom-column-spacing wpex-vc-column-spacing-40 tablet-fullwidth-columns\"><div class=\"wpb_column tekst-kolom vc_column_container vc_col-sm-8\"><div class=\"vc_column-inner\"><div class=\"wpb_wrapper\">\n\t<div class=\"wpb_text_column wpb_content_element  first\" >\n\t\t<div class=\"wpb_wrapper\">\n\t\t\t<h2>El transporte con g\u00f3ndola baja funciona como un reloj con Gebr. Vermeer<\/h2>\n<p>Con nuestro transporte de g\u00f3ndola de cama rebajada, Gebr. Vermeer Industrial Movements es capaz de manejar cualquier carga, por pesada o irregular que sea. Trabajamos con personal especializado que no deja nada al azar. Si se necesitan permisos especiales para este transporte, lo m\u00e1s probable es que nuestra empresa ya disponga de ellos. De no ser as\u00ed, sabemos qu\u00e9 camino seguir para obtenerlos r\u00e1pidamente. \u00bfTiene requisitos especiales? Por ejemplo, \u00bfdesea transportar una embarcaci\u00f3n? Entonces es bueno saber que Gebr. Vermeer dispone de g\u00f3ndolas de cama rebajada para transporte de barcos y yates para este fin.<\/p>\n\n\t\t<\/div>\n\t<\/div>\n<div class=\"wpex-slider-preloaderimg\"><img loading=\"lazy\" decoding=\"async\" data-no-lazy=\"1\" class=\"skip-lazy\" src=\"https:\/\/www.gebrvermeertransport.nl\/wp-content\/uploads\/2021\/01\/Dieplader-transport-1.jpg\" alt=\"\" width=\"980\" height=\"400\" \/><\/div><div class=\"vcex-module wpex-slider slider-pro vcex-image-slider wpex-clr\" data-auto-play=\"false\" data-auto-play-delay=\"5000\" data-buttons=\"false\" data-fade-arrows=\"false\" data-animation-speed=\"600\" data-height-animation-duration=\"500\" data-thumbnail-height=\"70\" data-thumbnail-width=\"70\"><div class=\"wpex-slider-slides sp-slides\"><div class=\"wpex-slider-slide sp-slide\"><div class=\"wpex-slider-media\"><img loading=\"lazy\" decoding=\"async\" data-no-lazy=\"1\" class=\"skip-lazy\" src=\"https:\/\/www.gebrvermeertransport.nl\/wp-content\/uploads\/2021\/01\/Dieplader-transport-1.jpg\" alt=\"\" width=\"980\" height=\"400\" \/><\/div><\/div><div class=\"wpex-slider-slide sp-slide\"><div class=\"wpex-slider-media\"><img loading=\"lazy\" decoding=\"async\" data-no-lazy=\"1\" class=\"skip-lazy\" src=\"https:\/\/www.gebrvermeertransport.nl\/wp-content\/uploads\/2021\/03\/Dieplader-transport-2.jpg\" alt=\"\" width=\"980\" height=\"400\" \/><\/div><\/div><div class=\"wpex-slider-slide sp-slide\"><div class=\"wpex-slider-media\"><img loading=\"lazy\" decoding=\"async\" data-no-lazy=\"1\" class=\"skip-lazy\" src=\"https:\/\/www.gebrvermeertransport.nl\/wp-content\/uploads\/2021\/03\/Dieplader-transport-3.jpg\" alt=\"\" width=\"980\" height=\"400\" \/><\/div><\/div><div class=\"wpex-slider-slide sp-slide\"><div class=\"wpex-slider-media\"><img loading=\"lazy\" decoding=\"async\" data-no-lazy=\"1\" class=\"skip-lazy\" src=\"https:\/\/www.gebrvermeertransport.nl\/wp-content\/uploads\/2022\/03\/IMG_8133.jpg\" alt=\"\" width=\"1600\" height=\"1200\" \/><\/div><\/div><\/div><\/div>\n\t<div class=\"wpb_text_column wpb_content_element\" >\n\t\t<div class=\"wpb_wrapper\">\n\t\t\t<h3>Transporte sofisticado con g\u00f3ndola de cama rebajada a cualquier lugar<\/h3>\n<p>Con una sofisticada flota de veh\u00edculos especiales, hacemos posible que un transporte con g\u00f3ndola de cama rebajada se realice de forma eficiente y sin problemas. Una g\u00f3ndola de cama rebajada es ideal para transportar una carga m\u00e1s elevada, por ejemplo. En un remolque normal, podr\u00edan surgir problemas al pasar por debajo de viaductos y puentes. Si la carga es menos elevada y tampoco hay que tener en cuenta la distancia al suelo -el espacio entre el veh\u00edculo y la superficie de la carretera-, los semirremolques de plataforma semirrebajada son la soluci\u00f3n. Nuestros remolques de plataforma baja Euro se utilizan para transportes a gran escala con la gran ventaja de que son muy maniobrables a pesar de su considerable tama\u00f1o.<\/p>\n<p>Rellene nuestro <a href=\"https:\/\/www.gebrvermeertransport.nl\/es\/pongase-en-contacto-con\/\">formulario de contacto<\/a> en si usted tambi\u00e9n quiere beneficiarse de estas ventajas. Si tiene alguna pregunta sobre el transporte con pala baja, tambi\u00e9n estaremos encantados de escucharla. Nuestro personal las responder\u00e1 con toda su experiencia y le informar\u00e1 sobre las amplias posibilidades que ofrece Gebr. Vermeer Industrial Movements.<\/p>\n\n\t\t<\/div>\n\t<\/div>\n<\/div><\/div><\/div><div class=\"wpb_column sidebar-kolom vc_column_container vc_col-sm-4\"><div class=\"vc_column-inner\"><div class=\"wpb_wrapper\"><div class=\"templatera_shortcode\"><div class=\"vc_row wpb_row vc_row-fluid\"><div class=\"wpb_column vc_column_container vc_col-sm-12\"><div class=\"vc_column-inner vc_custom_1608038486316\"><div class=\"wpb_wrapper\">\n\t<div class=\"wpb_text_column wpb_content_element  sidebar-blok-grijs diapositief\" >\n\t\t<div class=\"wpb_wrapper\">\n\t\t\t<h3>P\u00f3ngase en contacto<\/h3>\n<p>\u00bfTiene alguna pregunta? Si es as\u00ed, no dude en ponerse en contacto con nosotros. Puede rellenar nuestro formulario de contacto en l\u00ednea o llamarnos directamente al: 013 - 4670272. \u00a1Gebr. Vermeer le ayudar\u00e1!<\/p>\n<p><a class=\"button wit\" href=\"\/es\/pongase-en-contacto-con\/\">P\u00f3ngase en contacto<\/a><\/p>\n\n\t\t<\/div>\n\t<\/div>\n<\/div><\/div><\/div><\/div><\/div><div class=\"templatera_shortcode\"><div class=\"vc_row wpb_row vc_row-fluid\"><div class=\"wpb_column vc_column_container vc_col-sm-12\"><div class=\"vc_column-inner vc_custom_1608038486316\"><div class=\"wpb_wrapper\">\n\t<div class=\"wpb_text_column wpb_content_element  sidebar-blok-offerte diapositief\" >\n\t\t<div class=\"wpb_wrapper\">\n\t\t\t<h3>Solicitar un presupuesto<\/h3>\n<p>\u00bfDesea recibir un presupuesto? Entonces puede rellenar un formulario de solicitud de presupuesto directamente en l\u00ednea, de forma f\u00e1cil y r\u00e1pida. Nos pondremos en contacto con usted. Gebr. Vermeer Special Transport le ayudar\u00e1.<\/p>\n<p><a class=\"button wit\" href=\"\/es\/solicitar-presupuesto\/\">Solicitar un presupuesto<\/a><\/p>\n\n\t\t<\/div>\n\t<\/div>\n<\/div><\/div><\/div><\/div><\/div><\/div><\/div><\/div><\/div><div data-vc-full-width=\"true\" data-vc-full-width-init=\"false\" class=\"vc_row wpb_row vc_row-fluid skewed-bg-row sub-cat wpex-vc-row-stretched\"><div class=\"wpb_column vc_column_container vc_col-sm-12\"><div class=\"vc_column-inner\"><div class=\"wpb_wrapper\"><div class=\"vc_row wpb_row vc_inner vc_row-fluid sub-cat-projecten-row\"><div class=\"wpb_column vc_column_container vc_col-sm-12\"><div class=\"vc_column-inner\"><div class=\"wpb_wrapper\">\n\t<div class=\"wpb_text_column wpb_content_element\" >\n\t\t<div class=\"wpb_wrapper\">\n\t\t\t<h3>Proyectos<\/h3>\n<p><span class=\"grijs ondertitel\">Transporte con g\u00f3ndola semirrebajada<\/span><\/p>\n\n\t\t<\/div>\n\t<\/div>\nPronto en l\u00ednea.<\/div><\/div><\/div><\/div><\/div><\/div><\/div><\/div><div class=\"vc_row-full-width vc_clearfix\"><\/div>","protected":false},"excerpt":{"rendered":"Transporte con g\u00f3ndolas semirrebajadas y g\u00f3ndolas bajas Disponemos de g\u00f3ndolas semirrebajadas extensibles a partir de 82 cm de altura del suelo y g\u00f3ndolas bajas a partir de 38 cm de altura del suelo. Ambas est\u00e1n disponibles en versi\u00f3n abierta o equipadas con lonas correderas y portales traseros ensanchables para el transporte de...","protected":false},"author":1,"featured_media":203,"parent":0,"menu_order":0,"comment_status":"closed","ping_status":"closed","template":"","meta":{"inline_featured_image":false,"footnotes":""},"class_list":["post-197","page","type-page","status-publish","has-post-thumbnail","hentry","entry","has-media"],"yoast_head":"<!-- This site is optimized with the Yoast SEO plugin v26.4 - https:\/\/yoast.com\/wordpress\/plugins\/seo\/ -->\n<title>Dieplader transport verloopt op rolletjes met Gebr. Vermeer<\/title>\n<meta name=\"description\" content=\"Met ons dieplader transport zijn wij in staat om iedere lading, ongeacht het gewicht of de vorm, tot een goed einde te brengen.\" \/>\n<meta name=\"robots\" content=\"index, follow, max-snippet:-1, max-image-preview:large, max-video-preview:-1\" \/>\n<link rel=\"canonical\" href=\"https:\/\/www.gebrvermeertransport.nl\/es\/transporte-plano\/\" \/>\n<meta property=\"og:locale\" content=\"es_ES\" \/>\n<meta property=\"og:type\" content=\"article\" \/>\n<meta property=\"og:title\" content=\"Dieplader transport verloopt op rolletjes met Gebr. Vermeer\" \/>\n<meta property=\"og:description\" content=\"Met ons dieplader transport zijn wij in staat om iedere lading, ongeacht het gewicht of de vorm, tot een goed einde te brengen.\" \/>\n<meta property=\"og:url\" content=\"https:\/\/www.gebrvermeertransport.nl\/es\/transporte-plano\/\" \/>\n<meta property=\"og:site_name\" content=\"Gebr. Vermeer\" \/>\n<meta property=\"article:modified_time\" content=\"2022-04-11T10:30:48+00:00\" \/>\n<meta property=\"og:image\" content=\"https:\/\/www.gebrvermeertransport.nl\/wp-content\/uploads\/2020\/12\/Dieplader-transport-uitgelicht.jpg\" \/>\n\t<meta property=\"og:image:width\" content=\"800\" \/>\n\t<meta property=\"og:image:height\" content=\"515\" \/>\n\t<meta property=\"og:image:type\" content=\"image\/jpeg\" \/>\n<meta name=\"twitter:card\" content=\"summary_large_image\" \/>\n<meta name=\"twitter:label1\" content=\"Tiempo de lectura\" \/>\n\t<meta name=\"twitter:data1\" content=\"2 minutos\" \/>\n<script type=\"application\/ld+json\" class=\"yoast-schema-graph\">{\"@context\":\"https:\/\/schema.org\",\"@graph\":[{\"@type\":\"WebPage\",\"@id\":\"https:\/\/www.gebrvermeertransport.nl\/dieplader-transport\/\",\"url\":\"https:\/\/www.gebrvermeertransport.nl\/dieplader-transport\/\",\"name\":\"Dieplader transport verloopt op rolletjes met Gebr. Vermeer\",\"isPartOf\":{\"@id\":\"https:\/\/www.gebrvermeertransport.nl\/#website\"},\"primaryImageOfPage\":{\"@id\":\"https:\/\/www.gebrvermeertransport.nl\/dieplader-transport\/#primaryimage\"},\"image\":{\"@id\":\"https:\/\/www.gebrvermeertransport.nl\/dieplader-transport\/#primaryimage\"},\"thumbnailUrl\":\"https:\/\/www.gebrvermeertransport.nl\/wp-content\/uploads\/2020\/12\/Dieplader-transport-uitgelicht.jpg\",\"datePublished\":\"2020-12-15T07:43:17+00:00\",\"dateModified\":\"2022-04-11T10:30:48+00:00\",\"description\":\"Met ons dieplader transport zijn wij in staat om iedere lading, ongeacht het gewicht of de vorm, tot een goed einde te brengen.\",\"breadcrumb\":{\"@id\":\"https:\/\/www.gebrvermeertransport.nl\/dieplader-transport\/#breadcrumb\"},\"inLanguage\":\"es\",\"potentialAction\":[{\"@type\":\"ReadAction\",\"target\":[\"https:\/\/www.gebrvermeertransport.nl\/dieplader-transport\/\"]}]},{\"@type\":\"ImageObject\",\"inLanguage\":\"es\",\"@id\":\"https:\/\/www.gebrvermeertransport.nl\/dieplader-transport\/#primaryimage\",\"url\":\"https:\/\/www.gebrvermeertransport.nl\/wp-content\/uploads\/2020\/12\/Dieplader-transport-uitgelicht.jpg\",\"contentUrl\":\"https:\/\/www.gebrvermeertransport.nl\/wp-content\/uploads\/2020\/12\/Dieplader-transport-uitgelicht.jpg\",\"width\":800,\"height\":515},{\"@type\":\"BreadcrumbList\",\"@id\":\"https:\/\/www.gebrvermeertransport.nl\/dieplader-transport\/#breadcrumb\",\"itemListElement\":[{\"@type\":\"ListItem\",\"position\":1,\"name\":\"Home\",\"item\":\"https:\/\/www.gebrvermeertransport.nl\/\"},{\"@type\":\"ListItem\",\"position\":2,\"name\":\"Semi dieplader transport\"}]},{\"@type\":\"WebSite\",\"@id\":\"https:\/\/www.gebrvermeertransport.nl\/#website\",\"url\":\"https:\/\/www.gebrvermeertransport.nl\/\",\"name\":\"Gebr. Vermeer\",\"description\":\"\",\"publisher\":{\"@id\":\"https:\/\/www.gebrvermeertransport.nl\/#organization\"},\"potentialAction\":[{\"@type\":\"SearchAction\",\"target\":{\"@type\":\"EntryPoint\",\"urlTemplate\":\"https:\/\/www.gebrvermeertransport.nl\/?s={search_term_string}\"},\"query-input\":{\"@type\":\"PropertyValueSpecification\",\"valueRequired\":true,\"valueName\":\"search_term_string\"}}],\"inLanguage\":\"es\"},{\"@type\":\"Organization\",\"@id\":\"https:\/\/www.gebrvermeertransport.nl\/#organization\",\"name\":\"Gebr. Vermeer\",\"url\":\"https:\/\/www.gebrvermeertransport.nl\/\",\"logo\":{\"@type\":\"ImageObject\",\"inLanguage\":\"es\",\"@id\":\"https:\/\/www.gebrvermeertransport.nl\/#\/schema\/logo\/image\/\",\"url\":\"https:\/\/www.gebrvermeertransport.nl\/wp-content\/uploads\/2020\/12\/Logo-web-GV.svg\",\"contentUrl\":\"https:\/\/www.gebrvermeertransport.nl\/wp-content\/uploads\/2020\/12\/Logo-web-GV.svg\",\"caption\":\"Gebr. Vermeer\"},\"image\":{\"@id\":\"https:\/\/www.gebrvermeertransport.nl\/#\/schema\/logo\/image\/\"}}]}<\/script>\n<!-- \/ Yoast SEO plugin. -->","yoast_head_json":{"title":"El transporte con g\u00f3ndola baja funciona como un reloj con Gebr. Vermeer","description":"Con nuestro transporte de g\u00f3ndola rebajada, somos capaces de manejar cualquier carga, independientemente de su peso o forma, hasta su finalizaci\u00f3n.","robots":{"index":"index","follow":"follow","max-snippet":"max-snippet:-1","max-image-preview":"max-image-preview:large","max-video-preview":"max-video-preview:-1"},"canonical":"https:\/\/www.gebrvermeertransport.nl\/es\/transporte-plano\/","og_locale":"es_ES","og_type":"article","og_title":"Dieplader transport verloopt op rolletjes met Gebr. Vermeer","og_description":"Met ons dieplader transport zijn wij in staat om iedere lading, ongeacht het gewicht of de vorm, tot een goed einde te brengen.","og_url":"https:\/\/www.gebrvermeertransport.nl\/es\/transporte-plano\/","og_site_name":"Gebr. Vermeer","article_modified_time":"2022-04-11T10:30:48+00:00","og_image":[{"width":800,"height":515,"url":"https:\/\/www.gebrvermeertransport.nl\/wp-content\/uploads\/2020\/12\/Dieplader-transport-uitgelicht.jpg","type":"image\/jpeg"}],"twitter_card":"summary_large_image","twitter_misc":{"Tiempo de lectura":"2 minutos"},"schema":{"@context":"https:\/\/schema.org","@graph":[{"@type":"WebPage","@id":"https:\/\/www.gebrvermeertransport.nl\/dieplader-transport\/","url":"https:\/\/www.gebrvermeertransport.nl\/dieplader-transport\/","name":"El transporte con g\u00f3ndola baja funciona como un reloj con Gebr. Vermeer","isPartOf":{"@id":"https:\/\/www.gebrvermeertransport.nl\/#website"},"primaryImageOfPage":{"@id":"https:\/\/www.gebrvermeertransport.nl\/dieplader-transport\/#primaryimage"},"image":{"@id":"https:\/\/www.gebrvermeertransport.nl\/dieplader-transport\/#primaryimage"},"thumbnailUrl":"https:\/\/www.gebrvermeertransport.nl\/wp-content\/uploads\/2020\/12\/Dieplader-transport-uitgelicht.jpg","datePublished":"2020-12-15T07:43:17+00:00","dateModified":"2022-04-11T10:30:48+00:00","description":"Con nuestro transporte de g\u00f3ndola rebajada, somos capaces de manejar cualquier carga, independientemente de su peso o forma, hasta su finalizaci\u00f3n.","breadcrumb":{"@id":"https:\/\/www.gebrvermeertransport.nl\/dieplader-transport\/#breadcrumb"},"inLanguage":"es","potentialAction":[{"@type":"ReadAction","target":["https:\/\/www.gebrvermeertransport.nl\/dieplader-transport\/"]}]},{"@type":"ImageObject","inLanguage":"es","@id":"https:\/\/www.gebrvermeertransport.nl\/dieplader-transport\/#primaryimage","url":"https:\/\/www.gebrvermeertransport.nl\/wp-content\/uploads\/2020\/12\/Dieplader-transport-uitgelicht.jpg","contentUrl":"https:\/\/www.gebrvermeertransport.nl\/wp-content\/uploads\/2020\/12\/Dieplader-transport-uitgelicht.jpg","width":800,"height":515},{"@type":"BreadcrumbList","@id":"https:\/\/www.gebrvermeertransport.nl\/dieplader-transport\/#breadcrumb","itemListElement":[{"@type":"ListItem","position":1,"name":"Home","item":"https:\/\/www.gebrvermeertransport.nl\/"},{"@type":"ListItem","position":2,"name":"Semi dieplader transport"}]},{"@type":"WebSite","@id":"https:\/\/www.gebrvermeertransport.nl\/#website","url":"https:\/\/www.gebrvermeertransport.nl\/","name":"Gebr. Vermeer","description":"","publisher":{"@id":"https:\/\/www.gebrvermeertransport.nl\/#organization"},"potentialAction":[{"@type":"SearchAction","target":{"@type":"EntryPoint","urlTemplate":"https:\/\/www.gebrvermeertransport.nl\/?s={search_term_string}"},"query-input":{"@type":"PropertyValueSpecification","valueRequired":true,"valueName":"search_term_string"}}],"inLanguage":"es"},{"@type":"Organization","@id":"https:\/\/www.gebrvermeertransport.nl\/#organization","name":"Gebr. Vermeer","url":"https:\/\/www.gebrvermeertransport.nl\/","logo":{"@type":"ImageObject","inLanguage":"es","@id":"https:\/\/www.gebrvermeertransport.nl\/#\/schema\/logo\/image\/","url":"https:\/\/www.gebrvermeertransport.nl\/wp-content\/uploads\/2020\/12\/Logo-web-GV.svg","contentUrl":"https:\/\/www.gebrvermeertransport.nl\/wp-content\/uploads\/2020\/12\/Logo-web-GV.svg","caption":"Gebr. Vermeer"},"image":{"@id":"https:\/\/www.gebrvermeertransport.nl\/#\/schema\/logo\/image\/"}}]}},"_links":{"self":[{"href":"https:\/\/www.gebrvermeertransport.nl\/es\/wp-json\/wp\/v2\/pages\/197","targetHints":{"allow":["GET"]}}],"collection":[{"href":"https:\/\/www.gebrvermeertransport.nl\/es\/wp-json\/wp\/v2\/pages"}],"about":[{"href":"https:\/\/www.gebrvermeertransport.nl\/es\/wp-json\/wp\/v2\/types\/page"}],"author":[{"embeddable":true,"href":"https:\/\/www.gebrvermeertransport.nl\/es\/wp-json\/wp\/v2\/users\/1"}],"replies":[{"embeddable":true,"href":"https:\/\/www.gebrvermeertransport.nl\/es\/wp-json\/wp\/v2\/comments?post=197"}],"version-history":[{"count":13,"href":"https:\/\/www.gebrvermeertransport.nl\/es\/wp-json\/wp\/v2\/pages\/197\/revisions"}],"predecessor-version":[{"id":3181,"href":"https:\/\/www.gebrvermeertransport.nl\/es\/wp-json\/wp\/v2\/pages\/197\/revisions\/3181"}],"wp:featuredmedia":[{"embeddable":true,"href":"https:\/\/www.gebrvermeertransport.nl\/es\/wp-json\/wp\/v2\/media\/203"}],"wp:attachment":[{"href":"https:\/\/www.gebrvermeertransport.nl\/es\/wp-json\/wp\/v2\/media?parent=197"}],"curies":[{"name":"wp","href":"https:\/\/api.w.org\/{rel}","templated":true}]}}