{"id":186,"date":"2020-12-15T07:41:50","date_gmt":"2020-12-15T07:41:50","guid":{"rendered":"https:\/\/www.gebrvermeertransport.nl\/?page_id=186"},"modified":"2022-07-01T08:51:06","modified_gmt":"2022-07-01T08:51:06","slug":"gruas-sobre-camion","status":"publish","type":"page","link":"https:\/\/www.gebrvermeertransport.nl\/es\/gruas-sobre-camion\/","title":{"rendered":"Gr\u00faas sobre cami\u00f3n"},"content":{"rendered":"<div data-vc-full-width=\"true\" data-vc-full-width-init=\"false\" class=\"vc_row wpb_row vc_row-fluid sub-cat-intro-row wpex-vc-row-stretched\"><div class=\"wpb_column vc_column_container vc_col-sm-6\"><div class=\"vc_column-inner\"><div class=\"wpb_wrapper\">\n\t<div class=\"wpb_text_column wpb_content_element  intro-blok diapositief\" >\n\t\t<div class=\"wpb_wrapper\">\n\t\t\t<h1>Gr\u00faas sobre cami\u00f3n<\/h1>\n<p>Dentro de la flota de Gebr. Vermeer Industrial Movements, tenemos camiones equipados con gr\u00faas montadas en camiones. Utilizamos estas gr\u00faas sobre cami\u00f3n para cargar y descargar una amplia variedad de mercanc\u00edas: Contenedores y unidades, maquinaria, obras de arte, barcos y yates, andamios y materiales de construcci\u00f3n, etc. Las gr\u00faas sobre cami\u00f3n tambi\u00e9n se pueden utilizar para realizar trabajos con una sola gr\u00faa, como la instalaci\u00f3n de cristales, la construcci\u00f3n de edificios o la instalaci\u00f3n de maquinaria. Nuestros conductores de gr\u00faas sobre cami\u00f3n tienen los certificados necesarios y, sobre todo, mucha experiencia en elevaci\u00f3n.<\/p>\n\n\t\t<\/div>\n\t<\/div>\n<\/div><\/div><\/div><div class=\"wpb_column vc_column_container vc_col-sm-6\"><div class=\"vc_column-inner\"><div class=\"wpb_wrapper\">\n\t<div  class=\"wpb_single_image wpb_content_element vc_align_   sub-cat-header-afb\">\n\t\t\n\t\t<figure class=\"wpb_wrapper vc_figure\">\n\t\t\t<div class=\"vc_single_image-wrapper   vc_box_border_grey\"><img loading=\"lazy\" decoding=\"async\" width=\"800\" height=\"515\" src=\"https:\/\/www.gebrvermeertransport.nl\/wp-content\/uploads\/2021\/03\/Autolaadkranen-uitgelicht.jpg\" class=\"vc_single_image-img attachment-full\" alt=\"\" srcset=\"https:\/\/www.gebrvermeertransport.nl\/wp-content\/uploads\/2021\/03\/Autolaadkranen-uitgelicht.jpg 800w, https:\/\/www.gebrvermeertransport.nl\/wp-content\/uploads\/2021\/03\/Autolaadkranen-uitgelicht-300x193.jpg 300w, https:\/\/www.gebrvermeertransport.nl\/wp-content\/uploads\/2021\/03\/Autolaadkranen-uitgelicht-768x494.jpg 768w\" sizes=\"auto, (max-width: 800px) 100vw, 800px\" \/><\/div>\n\t\t<\/figure>\n\t<\/div>\n<\/div><\/div><\/div><\/div><div class=\"vc_row-full-width vc_clearfix\"><\/div><div class=\"vc_row wpb_row vc_row-fluid content-sidebar-row wpex-vc-has-custom-column-spacing wpex-vc-column-spacing-40 tablet-fullwidth-columns\"><div class=\"wpb_column tekst-kolom vc_column_container vc_col-sm-8\"><div class=\"vc_column-inner\"><div class=\"wpb_wrapper\">\n\t<div class=\"wpb_text_column wpb_content_element  first\" >\n\t\t<div class=\"wpb_wrapper\">\n\t\t\t<h2>Trabajar con eficacia y seguridad<\/h2>\n<p>Para un despliegue eficaz y seguro, estos veh\u00edculos est\u00e1n equipados con una amplia variedad de equipos de elevaci\u00f3n, travesa\u00f1os de elevaci\u00f3n, cabrestante de pluma volante y otros equipos auxiliares. Los camiones gr\u00faa pueden combinarse con diversos tipos de remolques de direcci\u00f3n, semirremolques y semirremolques bajos Euro. Adem\u00e1s, los vagones motor gr\u00faa pueden combinarse con remolques (bajos).<\/p>\n\n\t\t<\/div>\n\t<\/div>\n<div class=\"wpex-slider-preloaderimg\"><img loading=\"lazy\" decoding=\"async\" data-no-lazy=\"1\" class=\"skip-lazy\" src=\"https:\/\/www.gebrvermeertransport.nl\/wp-content\/uploads\/2022\/03\/Autolaadkranen-4.jpg\" alt=\"\" width=\"980\" height=\"400\" \/><\/div><div class=\"vcex-module wpex-slider slider-pro vcex-image-slider wpex-clr\" data-auto-play=\"false\" data-auto-play-delay=\"5000\" data-buttons=\"false\" data-fade-arrows=\"false\" data-animation-speed=\"600\" data-height-animation-duration=\"500\" data-thumbnail-height=\"70\" data-thumbnail-width=\"70\"><div class=\"wpex-slider-slides sp-slides\"><div class=\"wpex-slider-slide sp-slide\"><div class=\"wpex-slider-media\"><img loading=\"lazy\" decoding=\"async\" data-no-lazy=\"1\" class=\"skip-lazy\" src=\"https:\/\/www.gebrvermeertransport.nl\/wp-content\/uploads\/2022\/03\/Autolaadkranen-4.jpg\" alt=\"\" width=\"980\" height=\"400\" \/><\/div><\/div><div class=\"wpex-slider-slide sp-slide\"><div class=\"wpex-slider-media\"><img loading=\"lazy\" decoding=\"async\" data-no-lazy=\"1\" class=\"skip-lazy\" src=\"https:\/\/www.gebrvermeertransport.nl\/wp-content\/uploads\/2021\/03\/Autolaadkranen-3.jpg\" alt=\"\" width=\"980\" height=\"400\" \/><\/div><\/div><div class=\"wpex-slider-slide sp-slide\"><div class=\"wpex-slider-media\"><img loading=\"lazy\" decoding=\"async\" data-no-lazy=\"1\" class=\"skip-lazy\" src=\"https:\/\/www.gebrvermeertransport.nl\/wp-content\/uploads\/2021\/01\/Autolaadkranen-1.jpg\" alt=\"\" width=\"980\" height=\"400\" \/><\/div><\/div><div class=\"wpex-slider-slide sp-slide\"><div class=\"wpex-slider-media\"><img loading=\"lazy\" decoding=\"async\" data-no-lazy=\"1\" class=\"skip-lazy\" src=\"https:\/\/www.gebrvermeertransport.nl\/wp-content\/uploads\/2021\/01\/Autolaadkranen-2.jpg\" alt=\"\" width=\"980\" height=\"400\" \/><\/div><\/div><\/div><\/div>\n\t<div class=\"wpb_text_column wpb_content_element\" >\n\t\t<div class=\"wpb_wrapper\">\n\t\t\t<h3>Gebr. Vermeer; un nombre familiar en gr\u00faas sobre cami\u00f3n<\/h3>\n<p>Este paquete completo hace de Gebr. Vermeer un nombre muy conocido en el campo de la mudanza industrial desde los a\u00f1os 80. Tambi\u00e9n es bueno saberlo: Para el transporte especial, incluidos los trabajos de elevaci\u00f3n con gr\u00faas montadas en camiones, contamos con la certificaci\u00f3n VCA seg\u00fan las normas VCA* 2017\/6.0 de Aboma Certification.<\/p>\n<p>\u00bfPedir un presupuesto sin compromiso o concertar una cita ahora mismo? Con nosotros todo es posible. En cualquier caso, tome <a href=\"https:\/\/www.gebrvermeertransport.nl\/es\/pongase-en-contacto-con\/\">p\u00f3ngase en contacto con<\/a> on, \u00a1estaremos encantados de estar pronto con usted!<\/p>\n\n\t\t<\/div>\n\t<\/div>\n\n\t<div class=\"wpb_video_widget wpb_content_element vc_clearfix   vc_custom_1649076344984 vc_video-aspect-ratio-169 vc_video-el-width-100 vc_video-align-left\" >\n\t\t<div class=\"wpb_wrapper\">\n\t\t\t\n\t\t\t<div class=\"wpb_video_wrapper\"><div class=\"wpex-responsive-media\"><iframe loading=\"lazy\" title=\"Instalaci\u00f3n de una piscina\" width=\"980\" height=\"551\" src=\"https:\/\/www.youtube.com\/embed\/QctnY0xn4uU?feature=oembed\"  allow=\"accelerometer; autoplay; clipboard-write; encrypted-media; gyroscope; picture-in-picture\" allowfullscreen><\/iframe><\/div><\/div>\n\t\t<\/div>\n\t<\/div>\n<\/div><\/div><\/div><div class=\"wpb_column sidebar-kolom vc_column_container vc_col-sm-4\"><div class=\"vc_column-inner\"><div class=\"wpb_wrapper\"><div class=\"templatera_shortcode\"><div class=\"vc_row wpb_row vc_row-fluid\"><div class=\"wpb_column vc_column_container vc_col-sm-12\"><div class=\"vc_column-inner vc_custom_1608038486316\"><div class=\"wpb_wrapper\">\n\t<div class=\"wpb_text_column wpb_content_element  sidebar-blok-grijs diapositief\" >\n\t\t<div class=\"wpb_wrapper\">\n\t\t\t<h3>P\u00f3ngase en contacto<\/h3>\n<p>\u00bfTiene alguna pregunta? Si es as\u00ed, no dude en ponerse en contacto con nosotros. Puede rellenar nuestro formulario de contacto en l\u00ednea o llamarnos directamente al: 013 - 4670272. \u00a1Gebr. Vermeer le ayudar\u00e1!<\/p>\n<p><a class=\"button wit\" href=\"\/es\/pongase-en-contacto-con\/\">P\u00f3ngase en contacto<\/a><\/p>\n\n\t\t<\/div>\n\t<\/div>\n<\/div><\/div><\/div><\/div><\/div><div class=\"templatera_shortcode\"><div class=\"vc_row wpb_row vc_row-fluid\"><div class=\"wpb_column vc_column_container vc_col-sm-12\"><div class=\"vc_column-inner vc_custom_1608038486316\"><div class=\"wpb_wrapper\">\n\t<div class=\"wpb_text_column wpb_content_element  sidebar-blok-offerte diapositief\" >\n\t\t<div class=\"wpb_wrapper\">\n\t\t\t<h3>Solicitar un presupuesto<\/h3>\n<p>\u00bfDesea recibir un presupuesto? Entonces puede rellenar un formulario de solicitud de presupuesto directamente en l\u00ednea, de forma f\u00e1cil y r\u00e1pida. Nos pondremos en contacto con usted. Gebr. Vermeer Special Transport le ayudar\u00e1.<\/p>\n<p><a class=\"button wit\" href=\"\/es\/solicitar-presupuesto\/\">Solicitar un presupuesto<\/a><\/p>\n\n\t\t<\/div>\n\t<\/div>\n<\/div><\/div><\/div><\/div><\/div><\/div><\/div><\/div><\/div><div data-vc-full-width=\"true\" data-vc-full-width-init=\"false\" class=\"vc_row wpb_row vc_row-fluid skewed-bg-row sub-cat wpex-vc-row-stretched\"><div class=\"wpb_column vc_column_container vc_col-sm-12\"><div class=\"vc_column-inner\"><div class=\"wpb_wrapper\"><div class=\"vc_row wpb_row vc_inner vc_row-fluid sub-cat-projecten-row\"><div class=\"wpb_column vc_column_container vc_col-sm-12\"><div class=\"vc_column-inner\"><div class=\"wpb_wrapper\">\n\t<div class=\"wpb_text_column wpb_content_element\" >\n\t\t<div class=\"wpb_wrapper\">\n\t\t\t<h3>Proyectos<\/h3>\n<p><span class=\"grijs ondertitel\">Gr\u00faas sobre cami\u00f3n<\/span><\/p>\n\n\t\t<\/div>\n\t<\/div>\n<div class=\"vcex-module vcex-portfolio-grid-wrap wpex-clr\"><div class=\"wpex-row vcex-portfolio-grid wpex-clr entries gap-40\" data-show_title=\"false\"><div class=\"portfolio-entry vcex-grid-item span_1_of_3 col col-1 post-760 entry type-portfolio has-media cat-4\"><div class=\"portfolio-entry-inner entry-inner wpex-first-mt-0 wpex-last-mb-0 wpex-clr\"><div class=\"portfolio-entry-media entry-media overlay-parent overlay-parent-title-center wpex-overflow-hidden\"><a href=\"https:\/\/www.gebrvermeertransport.nl\/wp-content\/uploads\/2017\/04\/Opbouw-industriele-constructie-mbv-Telekraan.jpg\" title=\"Montaje de construcciones industriales con gr\u00faa telesc\u00f3pica\" class=\"portfolio-entry-media-link wpex-lightbox-gallery\" data-gallery=\"[{&quot;src&quot;:&quot;https:\\\/\\\/www.gebrvermeertransport.nl\\\/wp-content\\\/uploads\\\/2017\\\/04\\\/Opbouw-industriele-constructie-mbv-Telekraan.jpg&quot;},{&quot;src&quot;:&quot;https:\\\/\\\/www.gebrvermeertransport.nl\\\/wp-content\\\/uploads\\\/2017\\\/04\\\/Opbouw-industriele-constructie-mbv-Telekraan-2.jpg&quot;},{&quot;src&quot;:&quot;https:\\\/\\\/www.gebrvermeertransport.nl\\\/wp-content\\\/uploads\\\/2017\\\/04\\\/Opbouw-industriele-constructie-mbv-Telekraan-3.jpg&quot;}]\"><img decoding=\"async\" loading=\"lazy\" class=\"portfolio-entry-img wpex-align-middle\" src=\"https:\/\/www.gebrvermeertransport.nl\/wp-content\/uploads\/2017\/04\/Opbouw-industriele-constructie-mbv-Telekraan.jpg\" alt=\"\" width=\"421\" height=\"315\" \/>\n<div class=\"overlay-title-center theme-overlay wpex-absolute wpex-inset-0 wpex-transition-all wpex-duration-300 wpex-flex wpex-justify-center wpex-items-center wpex-text-center\">\n\t<span class=\"overlay-bg wpex-bg-black wpex-block wpex-absolute wpex-inset-0 wpex-opacity-50\"><\/span>\n\t<div class=\"overlay-content wpex-relative wpex-text-white wpex-uppercase wpex-font-semibold wpex-p-15 wpex-tracking-widest\">\n\t\t<span class=\"title\">Montaje de construcciones industriales con gr\u00faa telesc\u00f3pica<\/span>\t<\/div>\n<\/div><\/a><\/div><\/div><\/div><div class=\"portfolio-entry vcex-grid-item span_1_of_3 col col-2 post-774 entry type-portfolio has-media cat-4\"><div class=\"portfolio-entry-inner entry-inner wpex-first-mt-0 wpex-last-mb-0 wpex-clr\"><div class=\"portfolio-entry-media entry-media overlay-parent overlay-parent-title-center wpex-overflow-hidden\"><a href=\"https:\/\/www.gebrvermeertransport.nl\/wp-content\/uploads\/2017\/04\/Laden-en-speciaal-transport-locomotief-30-ton.jpg\" title=\"Locomotora de carga y transporte especial 30 toneladas\" class=\"portfolio-entry-media-link wpex-lightbox-gallery\" data-gallery=\"[{&quot;src&quot;:&quot;https:\\\/\\\/www.gebrvermeertransport.nl\\\/wp-content\\\/uploads\\\/2017\\\/04\\\/Laden-en-speciaal-transport-locomotief-30-ton.jpg&quot;},{&quot;src&quot;:&quot;https:\\\/\\\/www.gebrvermeertransport.nl\\\/wp-content\\\/uploads\\\/2017\\\/04\\\/Laden-en-speciaal-transport-locomotief-30-ton-2.jpg&quot;},{&quot;src&quot;:&quot;https:\\\/\\\/www.gebrvermeertransport.nl\\\/wp-content\\\/uploads\\\/2017\\\/04\\\/Laden-en-speciaal-transport-locomotief-30-ton-3.jpg&quot;},{&quot;src&quot;:&quot;https:\\\/\\\/www.gebrvermeertransport.nl\\\/wp-content\\\/uploads\\\/2017\\\/04\\\/Laden-en-speciaal-transport-locomotief-30-ton-4.jpg&quot;}]\"><img decoding=\"async\" loading=\"lazy\" class=\"portfolio-entry-img wpex-align-middle\" src=\"https:\/\/www.gebrvermeertransport.nl\/wp-content\/uploads\/2017\/04\/Laden-en-speciaal-transport-locomotief-30-ton.jpg\" alt=\"\" width=\"421\" height=\"315\" \/>\n<div class=\"overlay-title-center theme-overlay wpex-absolute wpex-inset-0 wpex-transition-all wpex-duration-300 wpex-flex wpex-justify-center wpex-items-center wpex-text-center\">\n\t<span class=\"overlay-bg wpex-bg-black wpex-block wpex-absolute wpex-inset-0 wpex-opacity-50\"><\/span>\n\t<div class=\"overlay-content wpex-relative wpex-text-white wpex-uppercase wpex-font-semibold wpex-p-15 wpex-tracking-widest\">\n\t\t<span class=\"title\">Locomotora de carga y transporte especial 30 toneladas<\/span>\t<\/div>\n<\/div><\/a><\/div><\/div><\/div><div class=\"portfolio-entry vcex-grid-item span_1_of_3 col col-3 post-265 entry type-portfolio has-media cat-4\"><div class=\"portfolio-entry-inner entry-inner wpex-first-mt-0 wpex-last-mb-0 wpex-clr\"><div class=\"portfolio-entry-media entry-media overlay-parent overlay-parent-title-center wpex-overflow-hidden\"><a href=\"https:\/\/www.gebrvermeertransport.nl\/wp-content\/uploads\/2017\/03\/Laden-zware-buitenmaatse-machines-in-kisten.jpg\" title=\"Carga de m\u00e1quinas pesadas de gran tama\u00f1o en cajas\" class=\"portfolio-entry-media-link wpex-lightbox-gallery\" data-gallery=\"[{&quot;src&quot;:&quot;https:\\\/\\\/www.gebrvermeertransport.nl\\\/wp-content\\\/uploads\\\/2017\\\/03\\\/Laden-zware-buitenmaatse-machines-in-kisten.jpg&quot;},{&quot;src&quot;:&quot;https:\\\/\\\/www.gebrvermeertransport.nl\\\/wp-content\\\/uploads\\\/2017\\\/03\\\/Laden-zware-buitenmaatse-machines-in-kisten-2.jpg&quot;},{&quot;src&quot;:&quot;https:\\\/\\\/www.gebrvermeertransport.nl\\\/wp-content\\\/uploads\\\/2017\\\/03\\\/Laden-zware-buitenmaatse-machines-in-kisten-3.jpg&quot;},{&quot;src&quot;:&quot;https:\\\/\\\/www.gebrvermeertransport.nl\\\/wp-content\\\/uploads\\\/2017\\\/03\\\/Laden-zware-buitenmaatse-machines-in-kisten-4.jpg&quot;}]\"><img decoding=\"async\" loading=\"lazy\" class=\"portfolio-entry-img wpex-align-middle\" src=\"https:\/\/www.gebrvermeertransport.nl\/wp-content\/uploads\/2017\/03\/Laden-zware-buitenmaatse-machines-in-kisten.jpg\" alt=\"\" width=\"450\" height=\"337\" \/>\n<div class=\"overlay-title-center theme-overlay wpex-absolute wpex-inset-0 wpex-transition-all wpex-duration-300 wpex-flex wpex-justify-center wpex-items-center wpex-text-center\">\n\t<span class=\"overlay-bg wpex-bg-black wpex-block wpex-absolute wpex-inset-0 wpex-opacity-50\"><\/span>\n\t<div class=\"overlay-content wpex-relative wpex-text-white wpex-uppercase wpex-font-semibold wpex-p-15 wpex-tracking-widest\">\n\t\t<span class=\"title\">Carga de m\u00e1quinas pesadas de gran tama\u00f1o en cajas<\/span>\t<\/div>\n<\/div><\/a><\/div><\/div><\/div><\/div><\/div><\/div><\/div><\/div><\/div><\/div><\/div><\/div><\/div><div class=\"vc_row-full-width vc_clearfix\"><\/div>","protected":false},"excerpt":{"rendered":"","protected":false},"author":1,"featured_media":2146,"parent":0,"menu_order":0,"comment_status":"closed","ping_status":"closed","template":"","meta":{"inline_featured_image":false,"footnotes":""},"class_list":["post-186","page","type-page","status-publish","has-post-thumbnail","hentry","entry","has-media"],"yoast_head":"<!-- This site is optimized with the Yoast SEO plugin v26.4 - https:\/\/yoast.com\/wordpress\/plugins\/seo\/ -->\n<title>Gemakkelijk en snel een autolaadkraan, Gebr.Vermeer.<\/title>\n<meta name=\"description\" content=\"Met onze autolaadkranen laden en lossen wij de meest uiteenlopende goederen, denk aan containers, machines, boten, bouwmaterialen etc.\" \/>\n<meta name=\"robots\" content=\"index, follow, max-snippet:-1, max-image-preview:large, max-video-preview:-1\" \/>\n<link rel=\"canonical\" href=\"https:\/\/www.gebrvermeertransport.nl\/es\/gruas-sobre-camion\/\" \/>\n<meta property=\"og:locale\" content=\"es_ES\" \/>\n<meta property=\"og:type\" content=\"article\" \/>\n<meta property=\"og:title\" content=\"Gemakkelijk en snel een autolaadkraan, Gebr.Vermeer.\" \/>\n<meta property=\"og:description\" content=\"Met onze autolaadkranen laden en lossen wij de meest uiteenlopende goederen, denk aan containers, machines, boten, bouwmaterialen etc.\" \/>\n<meta property=\"og:url\" content=\"https:\/\/www.gebrvermeertransport.nl\/es\/gruas-sobre-camion\/\" \/>\n<meta property=\"og:site_name\" content=\"Gebr. Vermeer\" \/>\n<meta property=\"article:modified_time\" content=\"2022-07-01T08:51:06+00:00\" \/>\n<meta property=\"og:image\" content=\"https:\/\/www.gebrvermeertransport.nl\/wp-content\/uploads\/2021\/03\/Autolaadkranen-uitgelicht.jpg\" \/>\n\t<meta property=\"og:image:width\" content=\"800\" \/>\n\t<meta property=\"og:image:height\" content=\"515\" \/>\n\t<meta property=\"og:image:type\" content=\"image\/jpeg\" \/>\n<meta name=\"twitter:card\" content=\"summary_large_image\" \/>\n<meta name=\"twitter:label1\" content=\"Tiempo de lectura\" \/>\n\t<meta name=\"twitter:data1\" content=\"2 minutos\" \/>\n<script type=\"application\/ld+json\" class=\"yoast-schema-graph\">{\"@context\":\"https:\/\/schema.org\",\"@graph\":[{\"@type\":\"WebPage\",\"@id\":\"https:\/\/www.gebrvermeertransport.nl\/autolaadkranen\/\",\"url\":\"https:\/\/www.gebrvermeertransport.nl\/autolaadkranen\/\",\"name\":\"Gemakkelijk en snel een autolaadkraan, Gebr.Vermeer.\",\"isPartOf\":{\"@id\":\"https:\/\/www.gebrvermeertransport.nl\/#website\"},\"primaryImageOfPage\":{\"@id\":\"https:\/\/www.gebrvermeertransport.nl\/autolaadkranen\/#primaryimage\"},\"image\":{\"@id\":\"https:\/\/www.gebrvermeertransport.nl\/autolaadkranen\/#primaryimage\"},\"thumbnailUrl\":\"https:\/\/www.gebrvermeertransport.nl\/wp-content\/uploads\/2021\/03\/Autolaadkranen-uitgelicht.jpg\",\"datePublished\":\"2020-12-15T07:41:50+00:00\",\"dateModified\":\"2022-07-01T08:51:06+00:00\",\"description\":\"Met onze autolaadkranen laden en lossen wij de meest uiteenlopende goederen, denk aan containers, machines, boten, bouwmaterialen etc.\",\"breadcrumb\":{\"@id\":\"https:\/\/www.gebrvermeertransport.nl\/autolaadkranen\/#breadcrumb\"},\"inLanguage\":\"es\",\"potentialAction\":[{\"@type\":\"ReadAction\",\"target\":[\"https:\/\/www.gebrvermeertransport.nl\/autolaadkranen\/\"]}]},{\"@type\":\"ImageObject\",\"inLanguage\":\"es\",\"@id\":\"https:\/\/www.gebrvermeertransport.nl\/autolaadkranen\/#primaryimage\",\"url\":\"https:\/\/www.gebrvermeertransport.nl\/wp-content\/uploads\/2021\/03\/Autolaadkranen-uitgelicht.jpg\",\"contentUrl\":\"https:\/\/www.gebrvermeertransport.nl\/wp-content\/uploads\/2021\/03\/Autolaadkranen-uitgelicht.jpg\",\"width\":800,\"height\":515},{\"@type\":\"BreadcrumbList\",\"@id\":\"https:\/\/www.gebrvermeertransport.nl\/autolaadkranen\/#breadcrumb\",\"itemListElement\":[{\"@type\":\"ListItem\",\"position\":1,\"name\":\"Home\",\"item\":\"https:\/\/www.gebrvermeertransport.nl\/\"},{\"@type\":\"ListItem\",\"position\":2,\"name\":\"Autolaadkranen\"}]},{\"@type\":\"WebSite\",\"@id\":\"https:\/\/www.gebrvermeertransport.nl\/#website\",\"url\":\"https:\/\/www.gebrvermeertransport.nl\/\",\"name\":\"Gebr. Vermeer\",\"description\":\"\",\"publisher\":{\"@id\":\"https:\/\/www.gebrvermeertransport.nl\/#organization\"},\"potentialAction\":[{\"@type\":\"SearchAction\",\"target\":{\"@type\":\"EntryPoint\",\"urlTemplate\":\"https:\/\/www.gebrvermeertransport.nl\/?s={search_term_string}\"},\"query-input\":{\"@type\":\"PropertyValueSpecification\",\"valueRequired\":true,\"valueName\":\"search_term_string\"}}],\"inLanguage\":\"es\"},{\"@type\":\"Organization\",\"@id\":\"https:\/\/www.gebrvermeertransport.nl\/#organization\",\"name\":\"Gebr. Vermeer\",\"url\":\"https:\/\/www.gebrvermeertransport.nl\/\",\"logo\":{\"@type\":\"ImageObject\",\"inLanguage\":\"es\",\"@id\":\"https:\/\/www.gebrvermeertransport.nl\/#\/schema\/logo\/image\/\",\"url\":\"https:\/\/www.gebrvermeertransport.nl\/wp-content\/uploads\/2020\/12\/Logo-web-GV.svg\",\"contentUrl\":\"https:\/\/www.gebrvermeertransport.nl\/wp-content\/uploads\/2020\/12\/Logo-web-GV.svg\",\"caption\":\"Gebr. Vermeer\"},\"image\":{\"@id\":\"https:\/\/www.gebrvermeertransport.nl\/#\/schema\/logo\/image\/\"}}]}<\/script>\n<!-- \/ Yoast SEO plugin. -->","yoast_head_json":{"title":"Gr\u00faa sobre cami\u00f3n f\u00e1cil y r\u00e1pida, Gebr.Vermeer.","description":"Con nuestras gr\u00faas sobre cami\u00f3n, cargamos y descargamos una gran variedad de mercanc\u00edas, como contenedores, maquinaria, barcos, materiales de construcci\u00f3n, etc.","robots":{"index":"index","follow":"follow","max-snippet":"max-snippet:-1","max-image-preview":"max-image-preview:large","max-video-preview":"max-video-preview:-1"},"canonical":"https:\/\/www.gebrvermeertransport.nl\/es\/gruas-sobre-camion\/","og_locale":"es_ES","og_type":"article","og_title":"Gemakkelijk en snel een autolaadkraan, Gebr.Vermeer.","og_description":"Met onze autolaadkranen laden en lossen wij de meest uiteenlopende goederen, denk aan containers, machines, boten, bouwmaterialen etc.","og_url":"https:\/\/www.gebrvermeertransport.nl\/es\/gruas-sobre-camion\/","og_site_name":"Gebr. Vermeer","article_modified_time":"2022-07-01T08:51:06+00:00","og_image":[{"width":800,"height":515,"url":"https:\/\/www.gebrvermeertransport.nl\/wp-content\/uploads\/2021\/03\/Autolaadkranen-uitgelicht.jpg","type":"image\/jpeg"}],"twitter_card":"summary_large_image","twitter_misc":{"Tiempo de lectura":"2 minutos"},"schema":{"@context":"https:\/\/schema.org","@graph":[{"@type":"WebPage","@id":"https:\/\/www.gebrvermeertransport.nl\/autolaadkranen\/","url":"https:\/\/www.gebrvermeertransport.nl\/autolaadkranen\/","name":"Gr\u00faa sobre cami\u00f3n f\u00e1cil y r\u00e1pida, Gebr.Vermeer.","isPartOf":{"@id":"https:\/\/www.gebrvermeertransport.nl\/#website"},"primaryImageOfPage":{"@id":"https:\/\/www.gebrvermeertransport.nl\/autolaadkranen\/#primaryimage"},"image":{"@id":"https:\/\/www.gebrvermeertransport.nl\/autolaadkranen\/#primaryimage"},"thumbnailUrl":"https:\/\/www.gebrvermeertransport.nl\/wp-content\/uploads\/2021\/03\/Autolaadkranen-uitgelicht.jpg","datePublished":"2020-12-15T07:41:50+00:00","dateModified":"2022-07-01T08:51:06+00:00","description":"Con nuestras gr\u00faas sobre cami\u00f3n, cargamos y descargamos una gran variedad de mercanc\u00edas, como contenedores, maquinaria, barcos, materiales de construcci\u00f3n, etc.","breadcrumb":{"@id":"https:\/\/www.gebrvermeertransport.nl\/autolaadkranen\/#breadcrumb"},"inLanguage":"es","potentialAction":[{"@type":"ReadAction","target":["https:\/\/www.gebrvermeertransport.nl\/autolaadkranen\/"]}]},{"@type":"ImageObject","inLanguage":"es","@id":"https:\/\/www.gebrvermeertransport.nl\/autolaadkranen\/#primaryimage","url":"https:\/\/www.gebrvermeertransport.nl\/wp-content\/uploads\/2021\/03\/Autolaadkranen-uitgelicht.jpg","contentUrl":"https:\/\/www.gebrvermeertransport.nl\/wp-content\/uploads\/2021\/03\/Autolaadkranen-uitgelicht.jpg","width":800,"height":515},{"@type":"BreadcrumbList","@id":"https:\/\/www.gebrvermeertransport.nl\/autolaadkranen\/#breadcrumb","itemListElement":[{"@type":"ListItem","position":1,"name":"Home","item":"https:\/\/www.gebrvermeertransport.nl\/"},{"@type":"ListItem","position":2,"name":"Autolaadkranen"}]},{"@type":"WebSite","@id":"https:\/\/www.gebrvermeertransport.nl\/#website","url":"https:\/\/www.gebrvermeertransport.nl\/","name":"Gebr. Vermeer","description":"","publisher":{"@id":"https:\/\/www.gebrvermeertransport.nl\/#organization"},"potentialAction":[{"@type":"SearchAction","target":{"@type":"EntryPoint","urlTemplate":"https:\/\/www.gebrvermeertransport.nl\/?s={search_term_string}"},"query-input":{"@type":"PropertyValueSpecification","valueRequired":true,"valueName":"search_term_string"}}],"inLanguage":"es"},{"@type":"Organization","@id":"https:\/\/www.gebrvermeertransport.nl\/#organization","name":"Gebr. Vermeer","url":"https:\/\/www.gebrvermeertransport.nl\/","logo":{"@type":"ImageObject","inLanguage":"es","@id":"https:\/\/www.gebrvermeertransport.nl\/#\/schema\/logo\/image\/","url":"https:\/\/www.gebrvermeertransport.nl\/wp-content\/uploads\/2020\/12\/Logo-web-GV.svg","contentUrl":"https:\/\/www.gebrvermeertransport.nl\/wp-content\/uploads\/2020\/12\/Logo-web-GV.svg","caption":"Gebr. Vermeer"},"image":{"@id":"https:\/\/www.gebrvermeertransport.nl\/#\/schema\/logo\/image\/"}}]}},"_links":{"self":[{"href":"https:\/\/www.gebrvermeertransport.nl\/es\/wp-json\/wp\/v2\/pages\/186","targetHints":{"allow":["GET"]}}],"collection":[{"href":"https:\/\/www.gebrvermeertransport.nl\/es\/wp-json\/wp\/v2\/pages"}],"about":[{"href":"https:\/\/www.gebrvermeertransport.nl\/es\/wp-json\/wp\/v2\/types\/page"}],"author":[{"embeddable":true,"href":"https:\/\/www.gebrvermeertransport.nl\/es\/wp-json\/wp\/v2\/users\/1"}],"replies":[{"embeddable":true,"href":"https:\/\/www.gebrvermeertransport.nl\/es\/wp-json\/wp\/v2\/comments?post=186"}],"version-history":[{"count":20,"href":"https:\/\/www.gebrvermeertransport.nl\/es\/wp-json\/wp\/v2\/pages\/186\/revisions"}],"predecessor-version":[{"id":3223,"href":"https:\/\/www.gebrvermeertransport.nl\/es\/wp-json\/wp\/v2\/pages\/186\/revisions\/3223"}],"wp:featuredmedia":[{"embeddable":true,"href":"https:\/\/www.gebrvermeertransport.nl\/es\/wp-json\/wp\/v2\/media\/2146"}],"wp:attachment":[{"href":"https:\/\/www.gebrvermeertransport.nl\/es\/wp-json\/wp\/v2\/media?parent=186"}],"curies":[{"name":"wp","href":"https:\/\/api.w.org\/{rel}","templated":true}]}}