{"id":40,"date":"2020-12-09T10:03:23","date_gmt":"2020-12-09T10:03:23","guid":{"rendered":"https:\/\/www.gebrvermeertransport.nl\/?page_id=40"},"modified":"2022-04-11T10:03:45","modified_gmt":"2022-04-11T10:03:45","slug":"uber-uns","status":"publish","type":"page","link":"https:\/\/www.gebrvermeertransport.nl\/de\/uber-uns\/","title":{"rendered":"\u00dcber uns"},"content":{"rendered":"<div data-vc-full-width=\"true\" data-vc-full-width-init=\"false\" class=\"vc_row wpb_row vc_row-fluid home-header-row extrapadding wpex-vc-row-stretched\"><div class=\"wpb_column vc_column_container vc_col-sm-4\"><div class=\"vc_column-inner\"><div class=\"wpb_wrapper\">\n\t<div class=\"wpb_text_column wpb_content_element  tekst-blok diapositief\" >\n\t\t<div class=\"wpb_wrapper\">\n\t\t\t<h1>\u00dcber Gebr. Vermeer <span class=\"grijs\">Industrielle Bewegungen<\/span><\/h1>\n<p>Gebr. Vermeer Industrial Movements B.V. ist ein Logistikdienstleister, der sich auf den Bereich des technischen Transports und der Vermietung spezialisiert hat. Der technische Transport umfasst eine Vielzahl von Dienstleistungen, wie z.B. Maschinenverschiebungen, Betriebsverlagerungen und den Transport von \u00fcbergro\u00dfen und\/oder schweren Lasten. Die Vermietungsdienste umfassen die Vermietung von Containern, Gabelstaplern und Pr\u00fcfgewichten.<\/p>\n\n\t\t<\/div>\n\t<\/div>\n<\/div><\/div><\/div><div class=\"wpb_column vc_column_container vc_col-sm-8\"><div class=\"vc_column-inner\"><div class=\"wpb_wrapper\">\n\t<div  class=\"wpb_single_image wpb_content_element vc_align_   home-header-afb\">\n\t\t\n\t\t<figure class=\"wpb_wrapper vc_figure\">\n\t\t\t<div class=\"vc_single_image-wrapper   vc_box_border_grey\"><img loading=\"lazy\" decoding=\"async\" width=\"890\" height=\"440\" src=\"https:\/\/www.gebrvermeertransport.nl\/wp-content\/uploads\/2022\/03\/Over-ons.jpg\" class=\"vc_single_image-img attachment-full\" alt=\"\" srcset=\"https:\/\/www.gebrvermeertransport.nl\/wp-content\/uploads\/2022\/03\/Over-ons.jpg 890w, https:\/\/www.gebrvermeertransport.nl\/wp-content\/uploads\/2022\/03\/Over-ons-300x148.jpg 300w, https:\/\/www.gebrvermeertransport.nl\/wp-content\/uploads\/2022\/03\/Over-ons-768x380.jpg 768w\" sizes=\"auto, (max-width: 890px) 100vw, 890px\" \/><\/div>\n\t\t<\/figure>\n\t<\/div>\n<\/div><\/div><\/div><\/div><div class=\"vc_row-full-width vc_clearfix\"><\/div><div class=\"vc_row wpb_row vc_row-fluid extrapadding voordelen-flex wpex-vc-has-custom-column-spacing wpex-vc-column-spacing-60\"><div class=\"wpb_column vc_column_container vc_col-sm-6\"><div class=\"vc_column-inner\"><div class=\"wpb_wrapper\">\n\t<div class=\"wpb_text_column wpb_content_element\" >\n\t\t<div class=\"wpb_wrapper\">\n\t\t\t<p><span style=\"font-size: 18px;\">Im Laufe der Jahre hat sich Gebr. Vermeer zu einem professionellen und fortschrittlichen Unternehmen entwickelt. Seit Mitte der 1980er Jahre sind wir in den Bereichen Maschinenaufstellung, industrielle Demontage von Maschinen, Anlagen und Strukturen t\u00e4tig.<\/span><\/p>\n<h2>Vision von Gebr. Vermeer Industrielle Bewegungen<\/h2>\n<p>Die Vision von Gebr. Vermeer stellt die Normen und Werte des Unternehmens dar. Die damit verbundenen Kernwerte sind:<\/p>\n<ul class=\"voordelen\">\n<li>Kurze Zeilen<\/li>\n<li>Fachwissen<\/li>\n<li>Flexibilit\u00e4t<\/li>\n<li>Sicherheit<\/li>\n<li>Qualit\u00e4t<\/li>\n<li>Stabilit\u00e4t<\/li>\n<\/ul>\n\n\t\t<\/div>\n\t<\/div>\n<\/div><\/div><\/div><div class=\"wpb_column vc_column_container vc_col-sm-6\"><div class=\"vc_column-inner\"><div class=\"wpb_wrapper\">\n\t<div class=\"wpb_text_column wpb_content_element\" >\n\t\t<div class=\"wpb_wrapper\">\n\t\t\t<p><span style=\"font-size: 18px;\">\"In unserer Branche sollte der Schwerpunkt auf kurzen Wegen, Kompetenz, Flexibilit\u00e4t, Qualit\u00e4t und Stabilit\u00e4t der Organisation liegen, um als Unternehmen erfolgreich zu bleiben.\"<\/span><\/p>\n<h2>Auftrag von Gebr. Vermeer Industrielle Bewegungen<\/h2>\n<p>\"Wir nutzen kurze Kommunikationswege und internes Fachwissen, um eine qualitativ hochwertige Dienstleistung auf flexible Weise zu erbringen, die die Stabilit\u00e4t des Unternehmens gew\u00e4hrleistet.\"<\/p>\n\n\t\t<\/div>\n\t<\/div>\n<\/div><\/div><\/div><\/div><div data-vc-full-width=\"true\" data-vc-full-width-init=\"false\" class=\"vc_row wpb_row vc_row-fluid skewed-bg-row vc_custom_1611574213723 wpex-vc-row-stretched\"><div class=\"wpb_column vc_column_container vc_col-sm-12\"><div class=\"vc_column-inner\"><div class=\"wpb_wrapper\"><div class=\"vc_row wpb_row vc_inner vc_row-fluid cat-extra-tekst-row\"><div class=\"wpb_column vc_column_container vc_col-sm-12\"><div class=\"vc_column-inner\"><div class=\"wpb_wrapper\">\n\t<div class=\"wpb_text_column wpb_content_element\" >\n\t\t<div class=\"wpb_wrapper\">\n\t\t\t<h2>Sie k\u00f6nnen auf uns z\u00e4hlen:<\/h2>\n<ul class=\"voordelen\">\n<li>P\u00fcnktliche Erf\u00fcllung Ihrer Auftr\u00e4ge<\/li>\n<li>Engagierte und motivierte Mitarbeiter<\/li>\n<li>Feste Ber\u00fchrungspunkte und kurze Linien<\/li>\n<li>Gro\u00dfe Flexibilit\u00e4t bei der Terminplanung und 24\/7-Dienste<\/li>\n<li>VCA-zertifiziert<\/li>\n<li>VVT Anerkannt<\/li>\n<li>Soziale Verantwortung der Unternehmen<\/li>\n<li>Umweltbewusstes CO2-reduzierendes Verfahren<\/li>\n<\/ul>\n<p>Wir bieten auch damit zusammenh\u00e4ngende Dienstleistungen an, die Sie auf unserer Website einsehen k\u00f6nnen. <a href=\"https:\/\/www.gebrvermeertransport.nl\/de\/dienstleistungen\/\">Dienstleistungsseite<\/a>. Unser Motto lautet: Wir k\u00fcmmern uns um Ihre Maschinen. Unser Team von professionellen Mitarbeitern freut sich daher, dies in die Tat umzusetzen.<\/p>\n<p><a class=\"button outline rood\" href=\"\/de\/kontakt\/\">Kontakt aufnehmen<\/a><\/p>\n\n\t\t<\/div>\n\t<\/div>\n<\/div><\/div><\/div><\/div><\/div><\/div><\/div><\/div><div class=\"vc_row-full-width vc_clearfix\"><\/div>","protected":false},"excerpt":{"rendered":"\u00dcber Gebr. Vermeer Industrial Movements Gebr. Vermeer Industrial Movements B.V. ist ein Logistikdienstleister, der sich auf den Bereich des technischen Transports und der Vermietung spezialisiert hat. Der technische Transport umfasst eine Vielzahl von Dienstleistungen wie Maschinenbewegungen, Firmenumz\u00fcge und...","protected":false},"author":1,"featured_media":0,"parent":0,"menu_order":0,"comment_status":"closed","ping_status":"closed","template":"","meta":{"inline_featured_image":false,"footnotes":""},"class_list":["post-40","page","type-page","status-publish","hentry","entry","no-media"],"yoast_head":"<!-- This site is optimized with the Yoast SEO plugin v26.4 - https:\/\/yoast.com\/wordpress\/plugins\/seo\/ -->\n<title>Alles over Gebr. Vermeer Industrial Movements<\/title>\n<meta name=\"description\" content=\"Gebr. Vermeer is sinds midden jaren \u201980 actief in de machine plaatsingen, industri\u00eble demontage van machines, installaties en constructies.\" \/>\n<meta name=\"robots\" content=\"index, follow, max-snippet:-1, max-image-preview:large, max-video-preview:-1\" \/>\n<link rel=\"canonical\" href=\"https:\/\/www.gebrvermeertransport.nl\/de\/uber-uns\/\" \/>\n<meta property=\"og:locale\" content=\"de_DE\" \/>\n<meta property=\"og:type\" content=\"article\" \/>\n<meta property=\"og:title\" content=\"Alles over Gebr. Vermeer Industrial Movements\" \/>\n<meta property=\"og:description\" content=\"Gebr. Vermeer is sinds midden jaren \u201980 actief in de machine plaatsingen, industri\u00eble demontage van machines, installaties en constructies.\" \/>\n<meta property=\"og:url\" content=\"https:\/\/www.gebrvermeertransport.nl\/de\/uber-uns\/\" \/>\n<meta property=\"og:site_name\" content=\"Gebr. Vermeer\" \/>\n<meta property=\"article:modified_time\" content=\"2022-04-11T10:03:45+00:00\" \/>\n<meta name=\"twitter:card\" content=\"summary_large_image\" \/>\n<meta name=\"twitter:label1\" content=\"Gesch\u00e4tzte Lesezeit\" \/>\n\t<meta name=\"twitter:data1\" content=\"2\u00a0Minuten\" \/>\n<script type=\"application\/ld+json\" class=\"yoast-schema-graph\">{\"@context\":\"https:\/\/schema.org\",\"@graph\":[{\"@type\":\"WebPage\",\"@id\":\"https:\/\/www.gebrvermeertransport.nl\/over-ons\/\",\"url\":\"https:\/\/www.gebrvermeertransport.nl\/over-ons\/\",\"name\":\"Alles over Gebr. Vermeer Industrial Movements\",\"isPartOf\":{\"@id\":\"https:\/\/www.gebrvermeertransport.nl\/#website\"},\"datePublished\":\"2020-12-09T10:03:23+00:00\",\"dateModified\":\"2022-04-11T10:03:45+00:00\",\"description\":\"Gebr. Vermeer is sinds midden jaren \u201980 actief in de machine plaatsingen, industri\u00eble demontage van machines, installaties en constructies.\",\"breadcrumb\":{\"@id\":\"https:\/\/www.gebrvermeertransport.nl\/over-ons\/#breadcrumb\"},\"inLanguage\":\"de\",\"potentialAction\":[{\"@type\":\"ReadAction\",\"target\":[\"https:\/\/www.gebrvermeertransport.nl\/over-ons\/\"]}]},{\"@type\":\"BreadcrumbList\",\"@id\":\"https:\/\/www.gebrvermeertransport.nl\/over-ons\/#breadcrumb\",\"itemListElement\":[{\"@type\":\"ListItem\",\"position\":1,\"name\":\"Home\",\"item\":\"https:\/\/www.gebrvermeertransport.nl\/\"},{\"@type\":\"ListItem\",\"position\":2,\"name\":\"Over ons\"}]},{\"@type\":\"WebSite\",\"@id\":\"https:\/\/www.gebrvermeertransport.nl\/#website\",\"url\":\"https:\/\/www.gebrvermeertransport.nl\/\",\"name\":\"Gebr. Vermeer\",\"description\":\"\",\"publisher\":{\"@id\":\"https:\/\/www.gebrvermeertransport.nl\/#organization\"},\"potentialAction\":[{\"@type\":\"SearchAction\",\"target\":{\"@type\":\"EntryPoint\",\"urlTemplate\":\"https:\/\/www.gebrvermeertransport.nl\/?s={search_term_string}\"},\"query-input\":{\"@type\":\"PropertyValueSpecification\",\"valueRequired\":true,\"valueName\":\"search_term_string\"}}],\"inLanguage\":\"de\"},{\"@type\":\"Organization\",\"@id\":\"https:\/\/www.gebrvermeertransport.nl\/#organization\",\"name\":\"Gebr. Vermeer\",\"url\":\"https:\/\/www.gebrvermeertransport.nl\/\",\"logo\":{\"@type\":\"ImageObject\",\"inLanguage\":\"de\",\"@id\":\"https:\/\/www.gebrvermeertransport.nl\/#\/schema\/logo\/image\/\",\"url\":\"https:\/\/www.gebrvermeertransport.nl\/wp-content\/uploads\/2020\/12\/Logo-web-GV.svg\",\"contentUrl\":\"https:\/\/www.gebrvermeertransport.nl\/wp-content\/uploads\/2020\/12\/Logo-web-GV.svg\",\"caption\":\"Gebr. Vermeer\"},\"image\":{\"@id\":\"https:\/\/www.gebrvermeertransport.nl\/#\/schema\/logo\/image\/\"}}]}<\/script>\n<!-- \/ Yoast SEO plugin. -->","yoast_head_json":{"title":"Alles \u00fcber Gebr. Vermeer Industrial Movements","description":"Gebr. Vermeer ist seit Mitte der 1980er Jahre im Bereich der Maschinenaufstellung und der industriellen Demontage von Maschinen, Anlagen und Bauwerken t\u00e4tig.","robots":{"index":"index","follow":"follow","max-snippet":"max-snippet:-1","max-image-preview":"max-image-preview:large","max-video-preview":"max-video-preview:-1"},"canonical":"https:\/\/www.gebrvermeertransport.nl\/de\/uber-uns\/","og_locale":"de_DE","og_type":"article","og_title":"Alles over Gebr. Vermeer Industrial Movements","og_description":"Gebr. Vermeer is sinds midden jaren \u201980 actief in de machine plaatsingen, industri\u00eble demontage van machines, installaties en constructies.","og_url":"https:\/\/www.gebrvermeertransport.nl\/de\/uber-uns\/","og_site_name":"Gebr. Vermeer","article_modified_time":"2022-04-11T10:03:45+00:00","twitter_card":"summary_large_image","twitter_misc":{"Gesch\u00e4tzte Lesezeit":"2\u00a0Minuten"},"schema":{"@context":"https:\/\/schema.org","@graph":[{"@type":"WebPage","@id":"https:\/\/www.gebrvermeertransport.nl\/over-ons\/","url":"https:\/\/www.gebrvermeertransport.nl\/over-ons\/","name":"Alles \u00fcber Gebr. Vermeer Industrial Movements","isPartOf":{"@id":"https:\/\/www.gebrvermeertransport.nl\/#website"},"datePublished":"2020-12-09T10:03:23+00:00","dateModified":"2022-04-11T10:03:45+00:00","description":"Gebr. Vermeer ist seit Mitte der 1980er Jahre im Bereich der Maschinenaufstellung und der industriellen Demontage von Maschinen, Anlagen und Bauwerken t\u00e4tig.","breadcrumb":{"@id":"https:\/\/www.gebrvermeertransport.nl\/over-ons\/#breadcrumb"},"inLanguage":"de","potentialAction":[{"@type":"ReadAction","target":["https:\/\/www.gebrvermeertransport.nl\/over-ons\/"]}]},{"@type":"BreadcrumbList","@id":"https:\/\/www.gebrvermeertransport.nl\/over-ons\/#breadcrumb","itemListElement":[{"@type":"ListItem","position":1,"name":"Home","item":"https:\/\/www.gebrvermeertransport.nl\/"},{"@type":"ListItem","position":2,"name":"Over ons"}]},{"@type":"WebSite","@id":"https:\/\/www.gebrvermeertransport.nl\/#website","url":"https:\/\/www.gebrvermeertransport.nl\/","name":"Gebr. Vermeer","description":"","publisher":{"@id":"https:\/\/www.gebrvermeertransport.nl\/#organization"},"potentialAction":[{"@type":"SearchAction","target":{"@type":"EntryPoint","urlTemplate":"https:\/\/www.gebrvermeertransport.nl\/?s={search_term_string}"},"query-input":{"@type":"PropertyValueSpecification","valueRequired":true,"valueName":"search_term_string"}}],"inLanguage":"de"},{"@type":"Organization","@id":"https:\/\/www.gebrvermeertransport.nl\/#organization","name":"Gebr. Vermeer","url":"https:\/\/www.gebrvermeertransport.nl\/","logo":{"@type":"ImageObject","inLanguage":"de","@id":"https:\/\/www.gebrvermeertransport.nl\/#\/schema\/logo\/image\/","url":"https:\/\/www.gebrvermeertransport.nl\/wp-content\/uploads\/2020\/12\/Logo-web-GV.svg","contentUrl":"https:\/\/www.gebrvermeertransport.nl\/wp-content\/uploads\/2020\/12\/Logo-web-GV.svg","caption":"Gebr. Vermeer"},"image":{"@id":"https:\/\/www.gebrvermeertransport.nl\/#\/schema\/logo\/image\/"}}]}},"_links":{"self":[{"href":"https:\/\/www.gebrvermeertransport.nl\/de\/wp-json\/wp\/v2\/pages\/40","targetHints":{"allow":["GET"]}}],"collection":[{"href":"https:\/\/www.gebrvermeertransport.nl\/de\/wp-json\/wp\/v2\/pages"}],"about":[{"href":"https:\/\/www.gebrvermeertransport.nl\/de\/wp-json\/wp\/v2\/types\/page"}],"author":[{"embeddable":true,"href":"https:\/\/www.gebrvermeertransport.nl\/de\/wp-json\/wp\/v2\/users\/1"}],"replies":[{"embeddable":true,"href":"https:\/\/www.gebrvermeertransport.nl\/de\/wp-json\/wp\/v2\/comments?post=40"}],"version-history":[{"count":23,"href":"https:\/\/www.gebrvermeertransport.nl\/de\/wp-json\/wp\/v2\/pages\/40\/revisions"}],"predecessor-version":[{"id":3177,"href":"https:\/\/www.gebrvermeertransport.nl\/de\/wp-json\/wp\/v2\/pages\/40\/revisions\/3177"}],"wp:attachment":[{"href":"https:\/\/www.gebrvermeertransport.nl\/de\/wp-json\/wp\/v2\/media?parent=40"}],"curies":[{"name":"wp","href":"https:\/\/api.w.org\/{rel}","templated":true}]}}