{"id":2765,"date":"2022-03-28T12:15:12","date_gmt":"2022-03-28T12:15:12","guid":{"rendered":"https:\/\/www.gebrvermeertransport.nl\/?page_id=2765"},"modified":"2022-04-06T07:13:04","modified_gmt":"2022-04-06T07:13:04","slug":"modulare-einheiten","status":"publish","type":"page","link":"https:\/\/www.gebrvermeertransport.nl\/de\/modulare-einheiten\/","title":{"rendered":"Modulare Einheiten"},"content":{"rendered":"<div data-vc-full-width=\"true\" data-vc-full-width-init=\"false\" class=\"vc_row wpb_row vc_row-fluid sub-cat-intro-row wpex-vc-row-stretched\"><div class=\"wpb_column vc_column_container vc_col-sm-6\"><div class=\"vc_column-inner\"><div class=\"wpb_wrapper\">\n\t<div class=\"wpb_text_column wpb_content_element  intro-blok diapositief\" >\n\t\t<div class=\"wpb_wrapper\">\n\t\t\t<h1>Modulare Einheiten<\/h1>\n<p>Sind Sie auf der Suche nach einer schnellen, flexiblen und praktischen mobilen Rauml\u00f6sung? Gebr. Vermeer vermietet und verkauft hochwertige Einheiten, die wir mit unseren Autokr\u00e4nen liefern k\u00f6nnen. Die Einheiten k\u00f6nnen auf vielf\u00e4ltige Weise genutzt werden, z. B. als Baucontainer, B\u00fcro, Verkaufsraum, Klassenzimmer, Ruhebereich, Kantine usw. <\/p>\n\n\t\t<\/div>\n\t<\/div>\n<\/div><\/div><\/div><div class=\"wpb_column vc_column_container vc_col-sm-6\"><div class=\"vc_column-inner\"><div class=\"wpb_wrapper\">\n\t<div  class=\"wpb_single_image wpb_content_element vc_align_   sub-cat-header-afb\">\n\t\t\n\t\t<figure class=\"wpb_wrapper vc_figure\">\n\t\t\t<div class=\"vc_single_image-wrapper   vc_box_border_grey\"><img loading=\"lazy\" decoding=\"async\" width=\"800\" height=\"515\" src=\"https:\/\/www.gebrvermeertransport.nl\/wp-content\/uploads\/2022\/04\/modulaire-units-uitgelicht2.jpg\" class=\"vc_single_image-img attachment-full\" alt=\"\" srcset=\"https:\/\/www.gebrvermeertransport.nl\/wp-content\/uploads\/2022\/04\/modulaire-units-uitgelicht2.jpg 800w, https:\/\/www.gebrvermeertransport.nl\/wp-content\/uploads\/2022\/04\/modulaire-units-uitgelicht2-300x193.jpg 300w, https:\/\/www.gebrvermeertransport.nl\/wp-content\/uploads\/2022\/04\/modulaire-units-uitgelicht2-768x494.jpg 768w\" sizes=\"auto, (max-width: 800px) 100vw, 800px\" \/><\/div>\n\t\t<\/figure>\n\t<\/div>\n<\/div><\/div><\/div><\/div><div class=\"vc_row-full-width vc_clearfix\"><\/div><div class=\"vc_row wpb_row vc_row-fluid content-sidebar-row wpex-vc-has-custom-column-spacing wpex-vc-column-spacing-40 tablet-fullwidth-columns\"><div class=\"wpb_column tekst-kolom vc_column_container vc_col-sm-8\"><div class=\"vc_column-inner\"><div class=\"wpb_wrapper\">\n\t<div class=\"wpb_text_column wpb_content_element  first\" >\n\t\t<div class=\"wpb_wrapper\">\n\t\t\t<h2>Die modularen Einheiten von Gebr. Vermeer<\/h2>\n<p>Dank der flexiblen Paneelkonstruktion k\u00f6nnen die Einheiten an Ihre Bed\u00fcrfnisse angepasst werden und sind schnell geliefert und aufgebaut. Die Einheiten sind standardm\u00e4\u00dfig isoliert und mit zwei Drehkippfenstern mit Rollladen, Beleuchtung, Stromanschl\u00fcssen und einer elektrischen Heizung ausgestattet.<\/p>\n<p>Auf Wunsch k\u00f6nnen wir die Einheiten mit St\u00fchlen, Tischen, Schr\u00e4nken, Schlie\u00dff\u00e4chern und Klimaanlagen ausstatten, falls es zus\u00e4tzliche spezielle Anforderungen gibt, die wir unseren Kunden ebenfalls anbieten k\u00f6nnen.<\/p>\n<p>Die Einheiten sind stapelbar und umschaltbar, so dass sie f\u00fcr jede Situation geeignet sind. Bei den stapelbaren Einheiten k\u00f6nnen wir eine Plattform mit Treppe liefern, die bei Lieferung von einem unserer Monteure montiert wird. <\/p>\n\n\t\t<\/div>\n\t<\/div>\n<div class=\"wpex-slider-preloaderimg\"><img loading=\"lazy\" decoding=\"async\" data-no-lazy=\"1\" class=\"skip-lazy\" src=\"https:\/\/www.gebrvermeertransport.nl\/wp-content\/uploads\/2021\/03\/Kantoorcontainers-1.jpg\" alt=\"\" width=\"980\" height=\"400\" \/><\/div><div class=\"vcex-module wpex-slider slider-pro vcex-image-slider wpex-clr\" data-auto-play=\"false\" data-auto-play-delay=\"5000\" data-buttons=\"false\" data-fade-arrows=\"false\" data-animation-speed=\"600\" data-height-animation-duration=\"500\" data-thumbnail-height=\"70\" data-thumbnail-width=\"70\"><div class=\"wpex-slider-slides sp-slides\"><div class=\"wpex-slider-slide sp-slide\"><div class=\"wpex-slider-media\"><img loading=\"lazy\" decoding=\"async\" data-no-lazy=\"1\" class=\"skip-lazy\" src=\"https:\/\/www.gebrvermeertransport.nl\/wp-content\/uploads\/2021\/03\/Kantoorcontainers-1.jpg\" alt=\"\" width=\"980\" height=\"400\" \/><\/div><\/div><div class=\"wpex-slider-slide sp-slide\"><div class=\"wpex-slider-media\"><img loading=\"lazy\" decoding=\"async\" data-no-lazy=\"1\" class=\"skip-lazy\" src=\"https:\/\/www.gebrvermeertransport.nl\/wp-content\/uploads\/2022\/04\/modulaire-units-2.jpg\" alt=\"\" width=\"980\" height=\"400\" \/><\/div><\/div><\/div><\/div>\n\t<div class=\"wpb_text_column wpb_content_element\" >\n\t\t<div class=\"wpb_wrapper\">\n\t\t\t<p>Entdecken Sie die vielen Vorteile der modernen, qualitativ hochwertigen Vermeer-Ger\u00e4te; wir finden f\u00fcr jedes Projekt die richtige L\u00f6sung.<\/p>\n<p>F\u00fcr modulare L\u00f6sungen nehmen Sie bitte Kontakt mit uns auf. Wir freuen uns auf die Zusammenarbeit!<\/p>\n\n\t\t<\/div>\n\t<\/div>\n<\/div><\/div><\/div><div class=\"wpb_column sidebar-kolom vc_column_container vc_col-sm-4\"><div class=\"vc_column-inner\"><div class=\"wpb_wrapper\"><div class=\"templatera_shortcode\"><div class=\"vc_row wpb_row vc_row-fluid\"><div class=\"wpb_column vc_column_container vc_col-sm-12\"><div class=\"vc_column-inner vc_custom_1608038486316\"><div class=\"wpb_wrapper\">\n\t<div class=\"wpb_text_column wpb_content_element  sidebar-blok-grijs diapositief\" >\n\t\t<div class=\"wpb_wrapper\">\n\t\t\t<h3>Kontakt aufnehmen<\/h3>\n<p>Haben Sie eine Frage? Dann z\u00f6gern Sie nicht, uns zu kontaktieren. Sie k\u00f6nnen unser Online-Kontaktformular ausf\u00fcllen oder uns direkt anrufen unter: 013 - 4670272. Gebr. Vermeer wird Ihnen helfen!<\/p>\n<p><a class=\"button wit\" href=\"\/de\/kontakt\/\">Kontakt aufnehmen<\/a><\/p>\n\n\t\t<\/div>\n\t<\/div>\n<\/div><\/div><\/div><\/div><\/div><div class=\"templatera_shortcode\"><div class=\"vc_row wpb_row vc_row-fluid\"><div class=\"wpb_column vc_column_container vc_col-sm-12\"><div class=\"vc_column-inner vc_custom_1608038486316\"><div class=\"wpb_wrapper\">\n\t<div class=\"wpb_text_column wpb_content_element  sidebar-blok-offerte diapositief\" >\n\t\t<div class=\"wpb_wrapper\">\n\t\t\t<h3>Angebot anfordern<\/h3>\n<p>M\u00f6chten Sie ein Angebot erhalten? Dann k\u00f6nnen Sie einfach und schnell direkt online ein Formular zur Angebotsanfrage ausf\u00fcllen. Wir werden uns dann mit Ihnen in Verbindung setzen. Gebr. Vermeer Spezialtransporte wird Ihnen helfen!<\/p>\n<p><a class=\"button wit\" href=\"\/de\/ein-angebot-anfordern\/\">Angebot anfordern<\/a><\/p>\n\n\t\t<\/div>\n\t<\/div>\n<\/div><\/div><\/div><\/div><\/div><\/div><\/div><\/div><\/div><div data-vc-full-width=\"true\" data-vc-full-width-init=\"false\" class=\"vc_row wpb_row vc_row-fluid skewed-bg-row sub-cat wpex-vc-row-stretched\"><div class=\"wpb_column vc_column_container vc_col-sm-12\"><div class=\"vc_column-inner\"><div class=\"wpb_wrapper\"><div class=\"vc_row wpb_row vc_inner vc_row-fluid sub-cat-projecten-row\"><div class=\"wpb_column vc_column_container vc_col-sm-12\"><div class=\"vc_column-inner\"><div class=\"wpb_wrapper\">\n\t<div class=\"wpb_text_column wpb_content_element\" >\n\t\t<div class=\"wpb_wrapper\">\n\t\t\t<h3>Projekte<\/h3>\n<p><span class=\"grijs ondertitel\">Modulare Einheiten<\/span><\/p>\n\n\t\t<\/div>\n\t<\/div>\nBald online.<\/div><\/div><\/div><\/div><\/div><\/div><\/div><\/div><div class=\"vc_row-full-width vc_clearfix\"><\/div>","protected":false},"excerpt":{"rendered":"Modulare Einheiten Sind Sie auf der Suche nach einer schnellen, flexiblen und praktischen mobilen Rauml\u00f6sung? Gebr. Vermeer vermietet und verkauft hochwertige Einheiten, die wir mit unseren Autokr\u00e4nen liefern k\u00f6nnen. Die Einheiten k\u00f6nnen auf verschiedene Weise genutzt werden, zum Beispiel als Baucontainer, B\u00fcro, Verkaufsraum,...","protected":false},"author":1,"featured_media":2837,"parent":0,"menu_order":0,"comment_status":"closed","ping_status":"closed","template":"","meta":{"inline_featured_image":false,"footnotes":""},"class_list":["post-2765","page","type-page","status-publish","has-post-thumbnail","hentry","entry","has-media"],"yoast_head":"<!-- This site is optimized with the Yoast SEO plugin v26.4 - https:\/\/yoast.com\/wordpress\/plugins\/seo\/ -->\n<title>Modulaire units - Gebr. Vermeer<\/title>\n<meta name=\"robots\" content=\"index, follow, max-snippet:-1, max-image-preview:large, max-video-preview:-1\" \/>\n<link rel=\"canonical\" href=\"https:\/\/www.gebrvermeertransport.nl\/de\/modulare-einheiten\/\" \/>\n<meta property=\"og:locale\" content=\"de_DE\" \/>\n<meta property=\"og:type\" content=\"article\" \/>\n<meta property=\"og:title\" content=\"Modulaire units - Gebr. Vermeer\" \/>\n<meta property=\"og:url\" content=\"https:\/\/www.gebrvermeertransport.nl\/de\/modulare-einheiten\/\" \/>\n<meta property=\"og:site_name\" content=\"Gebr. Vermeer\" \/>\n<meta property=\"article:modified_time\" content=\"2022-04-06T07:13:04+00:00\" \/>\n<meta property=\"og:image\" content=\"https:\/\/www.gebrvermeertransport.nl\/wp-content\/uploads\/2022\/04\/modulaire-units-uitgelicht2.jpg\" \/>\n\t<meta property=\"og:image:width\" content=\"800\" \/>\n\t<meta property=\"og:image:height\" content=\"515\" \/>\n\t<meta property=\"og:image:type\" content=\"image\/jpeg\" \/>\n<meta name=\"twitter:card\" content=\"summary_large_image\" \/>\n<meta name=\"twitter:label1\" content=\"Gesch\u00e4tzte Lesezeit\" \/>\n\t<meta name=\"twitter:data1\" content=\"2\u00a0Minuten\" \/>\n<script type=\"application\/ld+json\" class=\"yoast-schema-graph\">{\"@context\":\"https:\/\/schema.org\",\"@graph\":[{\"@type\":\"WebPage\",\"@id\":\"https:\/\/www.gebrvermeertransport.nl\/modulaire-units\/\",\"url\":\"https:\/\/www.gebrvermeertransport.nl\/modulaire-units\/\",\"name\":\"Modulaire units - Gebr. Vermeer\",\"isPartOf\":{\"@id\":\"https:\/\/www.gebrvermeertransport.nl\/#website\"},\"primaryImageOfPage\":{\"@id\":\"https:\/\/www.gebrvermeertransport.nl\/modulaire-units\/#primaryimage\"},\"image\":{\"@id\":\"https:\/\/www.gebrvermeertransport.nl\/modulaire-units\/#primaryimage\"},\"thumbnailUrl\":\"https:\/\/www.gebrvermeertransport.nl\/wp-content\/uploads\/2022\/04\/modulaire-units-uitgelicht2.jpg\",\"datePublished\":\"2022-03-28T12:15:12+00:00\",\"dateModified\":\"2022-04-06T07:13:04+00:00\",\"breadcrumb\":{\"@id\":\"https:\/\/www.gebrvermeertransport.nl\/modulaire-units\/#breadcrumb\"},\"inLanguage\":\"de\",\"potentialAction\":[{\"@type\":\"ReadAction\",\"target\":[\"https:\/\/www.gebrvermeertransport.nl\/modulaire-units\/\"]}]},{\"@type\":\"ImageObject\",\"inLanguage\":\"de\",\"@id\":\"https:\/\/www.gebrvermeertransport.nl\/modulaire-units\/#primaryimage\",\"url\":\"https:\/\/www.gebrvermeertransport.nl\/wp-content\/uploads\/2022\/04\/modulaire-units-uitgelicht2.jpg\",\"contentUrl\":\"https:\/\/www.gebrvermeertransport.nl\/wp-content\/uploads\/2022\/04\/modulaire-units-uitgelicht2.jpg\",\"width\":800,\"height\":515},{\"@type\":\"BreadcrumbList\",\"@id\":\"https:\/\/www.gebrvermeertransport.nl\/modulaire-units\/#breadcrumb\",\"itemListElement\":[{\"@type\":\"ListItem\",\"position\":1,\"name\":\"Home\",\"item\":\"https:\/\/www.gebrvermeertransport.nl\/\"},{\"@type\":\"ListItem\",\"position\":2,\"name\":\"Modulaire units\"}]},{\"@type\":\"WebSite\",\"@id\":\"https:\/\/www.gebrvermeertransport.nl\/#website\",\"url\":\"https:\/\/www.gebrvermeertransport.nl\/\",\"name\":\"Gebr. Vermeer\",\"description\":\"\",\"publisher\":{\"@id\":\"https:\/\/www.gebrvermeertransport.nl\/#organization\"},\"potentialAction\":[{\"@type\":\"SearchAction\",\"target\":{\"@type\":\"EntryPoint\",\"urlTemplate\":\"https:\/\/www.gebrvermeertransport.nl\/?s={search_term_string}\"},\"query-input\":{\"@type\":\"PropertyValueSpecification\",\"valueRequired\":true,\"valueName\":\"search_term_string\"}}],\"inLanguage\":\"de\"},{\"@type\":\"Organization\",\"@id\":\"https:\/\/www.gebrvermeertransport.nl\/#organization\",\"name\":\"Gebr. Vermeer\",\"url\":\"https:\/\/www.gebrvermeertransport.nl\/\",\"logo\":{\"@type\":\"ImageObject\",\"inLanguage\":\"de\",\"@id\":\"https:\/\/www.gebrvermeertransport.nl\/#\/schema\/logo\/image\/\",\"url\":\"https:\/\/www.gebrvermeertransport.nl\/wp-content\/uploads\/2020\/12\/Logo-web-GV.svg\",\"contentUrl\":\"https:\/\/www.gebrvermeertransport.nl\/wp-content\/uploads\/2020\/12\/Logo-web-GV.svg\",\"caption\":\"Gebr. Vermeer\"},\"image\":{\"@id\":\"https:\/\/www.gebrvermeertransport.nl\/#\/schema\/logo\/image\/\"}}]}<\/script>\n<!-- \/ Yoast SEO plugin. -->","yoast_head_json":{"title":"Modulare Einheiten - Gebr. Vermeer","robots":{"index":"index","follow":"follow","max-snippet":"max-snippet:-1","max-image-preview":"max-image-preview:large","max-video-preview":"max-video-preview:-1"},"canonical":"https:\/\/www.gebrvermeertransport.nl\/de\/modulare-einheiten\/","og_locale":"de_DE","og_type":"article","og_title":"Modulaire units - Gebr. Vermeer","og_url":"https:\/\/www.gebrvermeertransport.nl\/de\/modulare-einheiten\/","og_site_name":"Gebr. Vermeer","article_modified_time":"2022-04-06T07:13:04+00:00","og_image":[{"width":800,"height":515,"url":"https:\/\/www.gebrvermeertransport.nl\/wp-content\/uploads\/2022\/04\/modulaire-units-uitgelicht2.jpg","type":"image\/jpeg"}],"twitter_card":"summary_large_image","twitter_misc":{"Gesch\u00e4tzte Lesezeit":"2\u00a0Minuten"},"schema":{"@context":"https:\/\/schema.org","@graph":[{"@type":"WebPage","@id":"https:\/\/www.gebrvermeertransport.nl\/modulaire-units\/","url":"https:\/\/www.gebrvermeertransport.nl\/modulaire-units\/","name":"Modulare Einheiten - Gebr. Vermeer","isPartOf":{"@id":"https:\/\/www.gebrvermeertransport.nl\/#website"},"primaryImageOfPage":{"@id":"https:\/\/www.gebrvermeertransport.nl\/modulaire-units\/#primaryimage"},"image":{"@id":"https:\/\/www.gebrvermeertransport.nl\/modulaire-units\/#primaryimage"},"thumbnailUrl":"https:\/\/www.gebrvermeertransport.nl\/wp-content\/uploads\/2022\/04\/modulaire-units-uitgelicht2.jpg","datePublished":"2022-03-28T12:15:12+00:00","dateModified":"2022-04-06T07:13:04+00:00","breadcrumb":{"@id":"https:\/\/www.gebrvermeertransport.nl\/modulaire-units\/#breadcrumb"},"inLanguage":"de","potentialAction":[{"@type":"ReadAction","target":["https:\/\/www.gebrvermeertransport.nl\/modulaire-units\/"]}]},{"@type":"ImageObject","inLanguage":"de","@id":"https:\/\/www.gebrvermeertransport.nl\/modulaire-units\/#primaryimage","url":"https:\/\/www.gebrvermeertransport.nl\/wp-content\/uploads\/2022\/04\/modulaire-units-uitgelicht2.jpg","contentUrl":"https:\/\/www.gebrvermeertransport.nl\/wp-content\/uploads\/2022\/04\/modulaire-units-uitgelicht2.jpg","width":800,"height":515},{"@type":"BreadcrumbList","@id":"https:\/\/www.gebrvermeertransport.nl\/modulaire-units\/#breadcrumb","itemListElement":[{"@type":"ListItem","position":1,"name":"Home","item":"https:\/\/www.gebrvermeertransport.nl\/"},{"@type":"ListItem","position":2,"name":"Modulaire units"}]},{"@type":"WebSite","@id":"https:\/\/www.gebrvermeertransport.nl\/#website","url":"https:\/\/www.gebrvermeertransport.nl\/","name":"Gebr. Vermeer","description":"","publisher":{"@id":"https:\/\/www.gebrvermeertransport.nl\/#organization"},"potentialAction":[{"@type":"SearchAction","target":{"@type":"EntryPoint","urlTemplate":"https:\/\/www.gebrvermeertransport.nl\/?s={search_term_string}"},"query-input":{"@type":"PropertyValueSpecification","valueRequired":true,"valueName":"search_term_string"}}],"inLanguage":"de"},{"@type":"Organization","@id":"https:\/\/www.gebrvermeertransport.nl\/#organization","name":"Gebr. Vermeer","url":"https:\/\/www.gebrvermeertransport.nl\/","logo":{"@type":"ImageObject","inLanguage":"de","@id":"https:\/\/www.gebrvermeertransport.nl\/#\/schema\/logo\/image\/","url":"https:\/\/www.gebrvermeertransport.nl\/wp-content\/uploads\/2020\/12\/Logo-web-GV.svg","contentUrl":"https:\/\/www.gebrvermeertransport.nl\/wp-content\/uploads\/2020\/12\/Logo-web-GV.svg","caption":"Gebr. Vermeer"},"image":{"@id":"https:\/\/www.gebrvermeertransport.nl\/#\/schema\/logo\/image\/"}}]}},"_links":{"self":[{"href":"https:\/\/www.gebrvermeertransport.nl\/de\/wp-json\/wp\/v2\/pages\/2765","targetHints":{"allow":["GET"]}}],"collection":[{"href":"https:\/\/www.gebrvermeertransport.nl\/de\/wp-json\/wp\/v2\/pages"}],"about":[{"href":"https:\/\/www.gebrvermeertransport.nl\/de\/wp-json\/wp\/v2\/types\/page"}],"author":[{"embeddable":true,"href":"https:\/\/www.gebrvermeertransport.nl\/de\/wp-json\/wp\/v2\/users\/1"}],"replies":[{"embeddable":true,"href":"https:\/\/www.gebrvermeertransport.nl\/de\/wp-json\/wp\/v2\/comments?post=2765"}],"version-history":[{"count":7,"href":"https:\/\/www.gebrvermeertransport.nl\/de\/wp-json\/wp\/v2\/pages\/2765\/revisions"}],"predecessor-version":[{"id":2923,"href":"https:\/\/www.gebrvermeertransport.nl\/de\/wp-json\/wp\/v2\/pages\/2765\/revisions\/2923"}],"wp:featuredmedia":[{"embeddable":true,"href":"https:\/\/www.gebrvermeertransport.nl\/de\/wp-json\/wp\/v2\/media\/2837"}],"wp:attachment":[{"href":"https:\/\/www.gebrvermeertransport.nl\/de\/wp-json\/wp\/v2\/media?parent=2765"}],"curies":[{"name":"wp","href":"https:\/\/api.w.org\/{rel}","templated":true}]}}