{"id":1983,"date":"2021-01-22T14:28:03","date_gmt":"2021-01-22T14:28:03","guid":{"rendered":"https:\/\/www.gebrvermeertransport.nl\/?page_id=1983"},"modified":"2022-04-11T10:33:46","modified_gmt":"2022-04-11T10:33:46","slug":"seitenlader-container","status":"publish","type":"page","link":"https:\/\/www.gebrvermeertransport.nl\/de\/seitenlader-container\/","title":{"rendered":"Container-Seitenlader"},"content":{"rendered":"<div data-vc-full-width=\"true\" data-vc-full-width-init=\"false\" class=\"vc_row wpb_row vc_row-fluid sub-cat-intro-row wpex-vc-row-stretched\"><div class=\"wpb_column vc_column_container vc_col-sm-6\"><div class=\"vc_column-inner\"><div class=\"wpb_wrapper\">\n\t<div class=\"wpb_text_column wpb_content_element  intro-blok diapositief\" >\n\t\t<div class=\"wpb_wrapper\">\n\t\t\t<h1>Container-Seitenlader<\/h1>\n<p>Kosteng\u00fcnstiges Be- und\/oder Entladen von Containern, ohne fremde Hilfe, an jedem gew\u00fcnschten Ort. Mit unserem Container-Seitenlader sind wir in der Lage, sowohl 8ft-, 10ft-, 20ft-, 30ft-, 40ft- und 45ft-Container mit einem Gewicht von bis zu ca. 28 Tonnen selbsttragend zu be- und entladen. Nat\u00fcrlich auf sichere und effiziente Weise. Ein Container-Seitenlader ist auch f\u00fcr High-Cube-Container geeignet. Der speziell konstruierte Anh\u00e4nger ist mit zwei Be- und Entladekr\u00e4nen ausgestattet, die mit speziellen Twist-Lock-Haken versehen sind, um die Container sicher zu heben. Es besteht auch die M\u00f6glichkeit, die Container \u00fcbereinander zu stapeln. Zum Be- und Entladen der Container verf\u00fcgen wir \u00fcber Rampen, speziell abgesenkte Gabelstapler mit Freeliftmast sowie Roll- und Hebeger\u00e4te.<\/p>\n\n\t\t<\/div>\n\t<\/div>\n<\/div><\/div><\/div><div class=\"wpb_column vc_column_container vc_col-sm-6\"><div class=\"vc_column-inner\"><div class=\"wpb_wrapper\">\n\t<div  class=\"wpb_single_image wpb_content_element vc_align_   sub-cat-header-afb\">\n\t\t\n\t\t<figure class=\"wpb_wrapper vc_figure\">\n\t\t\t<div class=\"vc_single_image-wrapper   vc_box_border_grey\"><img loading=\"lazy\" decoding=\"async\" width=\"1080\" height=\"720\" src=\"https:\/\/www.gebrvermeertransport.nl\/wp-content\/uploads\/2022\/03\/foto-jan.jpg\" class=\"vc_single_image-img attachment-full\" alt=\"\" srcset=\"https:\/\/www.gebrvermeertransport.nl\/wp-content\/uploads\/2022\/03\/foto-jan.jpg 1080w, https:\/\/www.gebrvermeertransport.nl\/wp-content\/uploads\/2022\/03\/foto-jan-300x200.jpg 300w, https:\/\/www.gebrvermeertransport.nl\/wp-content\/uploads\/2022\/03\/foto-jan-1024x683.jpg 1024w, https:\/\/www.gebrvermeertransport.nl\/wp-content\/uploads\/2022\/03\/foto-jan-768x512.jpg 768w\" sizes=\"auto, (max-width: 1080px) 100vw, 1080px\" \/><\/div>\n\t\t<\/figure>\n\t<\/div>\n<\/div><\/div><\/div><\/div><div class=\"vc_row-full-width vc_clearfix\"><\/div><div class=\"vc_row wpb_row vc_row-fluid content-sidebar-row wpex-vc-has-custom-column-spacing wpex-vc-column-spacing-40 tablet-fullwidth-columns\"><div class=\"wpb_column tekst-kolom vc_column_container vc_col-sm-8\"><div class=\"vc_column-inner\"><div class=\"wpb_wrapper\">\n\t<div class=\"wpb_text_column wpb_content_element  first\" >\n\t\t<div class=\"wpb_wrapper\">\n\t\t\t<h2>Aufstellen von Containern mit unserem Container-Seitenlader<\/h2>\n<p>Der speziell konstruierte Anh\u00e4nger ist mit zwei Be- und Entladekr\u00e4nen ausgestattet, die mit speziellen Twist-Lock-Haken versehen sind, um die Container sicher zu heben. Es ist auch m\u00f6glich, die Container \u00fcbereinander zu stapeln. F\u00fcr das Be- und Entladen der Container verf\u00fcgen wir \u00fcber Rampen, speziell abgesenkte Gabelstapler mit Freeliftmast sowie Roll- und Hebeger\u00e4te.<\/p>\n<p>F\u00fcr diese Art von Transport k\u00f6nnen wir auch Lastwagen mit Autokran einsetzen. Dazu geh\u00f6ren sowohl Kraftfahrzeuge mit Anh\u00e4ngern als auch Zugmaschinen mit gelenkten Sattelaufliegern. Wenn Sie einen Container weiter weg als direkt neben dem Lkw transportieren m\u00f6chten, stehen uns schwerere Autokr\u00e4ne mit einer gr\u00f6\u00dferen Reichweite zur Verf\u00fcgung.<\/p>\n\n\t\t<\/div>\n\t<\/div>\n<div class=\"wpex-slider-preloaderimg\"><img loading=\"lazy\" decoding=\"async\" data-no-lazy=\"1\" class=\"skip-lazy\" src=\"https:\/\/www.gebrvermeertransport.nl\/wp-content\/uploads\/2022\/03\/20160922_141954-scaled.jpg\" alt=\"\" width=\"2560\" height=\"1920\" \/><\/div><div class=\"vcex-module wpex-slider slider-pro vcex-image-slider wpex-clr\" data-auto-play=\"false\" data-auto-play-delay=\"5000\" data-buttons=\"false\" data-fade-arrows=\"false\" data-animation-speed=\"600\" data-height-animation-duration=\"500\" data-thumbnail-height=\"70\" data-thumbnail-width=\"70\"><div class=\"wpex-slider-slides sp-slides\"><div class=\"wpex-slider-slide sp-slide\"><div class=\"wpex-slider-media\"><img loading=\"lazy\" decoding=\"async\" data-no-lazy=\"1\" class=\"skip-lazy\" src=\"https:\/\/www.gebrvermeertransport.nl\/wp-content\/uploads\/2022\/03\/20160922_141954-scaled.jpg\" alt=\"\" width=\"2560\" height=\"1920\" \/><\/div><\/div><\/div><\/div>\n\t<div class=\"wpb_text_column wpb_content_element\" >\n\t\t<div class=\"wpb_wrapper\">\n\t\t\t<h3>Sie k\u00f6nnen bei uns auch Container mieten oder kaufen<\/h3>\n<p>Nat\u00fcrlich k\u00f6nnen wir Ihnen den bestm\u00f6glichen Service bieten, wenn es um den Containertransport mit einem Containerseitenlader oder einem Autokran geht. Wir transportieren nicht nur Container und Einheiten, sondern vermieten und verkaufen auch eine breite Palette von (See-)Containern. All dies bieten wir zu \u00e4u\u00dferst wettbewerbsf\u00e4higen Preisen an.<\/p>\n<p>Ein angenehmer Gedanke: Gebr. Vermeer ist seit vielen Jahren VCA-zertifiziert nach dem Standard VCA* 2017\/6.0 im Bereich des Transports von Containern, Maschinen und Anlagen. Das bedeutet, dass unsere Mitarbeiter f\u00fcr eine optimale und sichere Abwicklung Ihrer Auftr\u00e4ge, Transporte und Umz\u00fcge sorgen.<\/p>\n<h3>Sie ben\u00f6tigen einen Container-Seitenlader? Kontakt Gebr. Vermeer<\/h3>\n<p>Sind Sie an unseren Dienstleistungen interessiert? Fragen Sie uns nach den umfangreichen M\u00f6glichkeiten. Sie k\u00f6nnen <a href=\"https:\/\/www.gebrvermeertransport.nl\/de\/kontakt\/\">hier<\/a> kontaktieren Sie uns. <\/p>\n\n\t\t<\/div>\n\t<\/div>\n<\/div><\/div><\/div><div class=\"wpb_column sidebar-kolom vc_column_container vc_col-sm-4\"><div class=\"vc_column-inner\"><div class=\"wpb_wrapper\"><div class=\"templatera_shortcode\"><div class=\"vc_row wpb_row vc_row-fluid\"><div class=\"wpb_column vc_column_container vc_col-sm-12\"><div class=\"vc_column-inner vc_custom_1608038486316\"><div class=\"wpb_wrapper\">\n\t<div class=\"wpb_text_column wpb_content_element  sidebar-blok-grijs diapositief\" >\n\t\t<div class=\"wpb_wrapper\">\n\t\t\t<h3>Kontakt aufnehmen<\/h3>\n<p>Haben Sie eine Frage? Dann z\u00f6gern Sie nicht, uns zu kontaktieren. Sie k\u00f6nnen unser Online-Kontaktformular ausf\u00fcllen oder uns direkt anrufen unter: 013 - 4670272. Gebr. Vermeer wird Ihnen helfen!<\/p>\n<p><a class=\"button wit\" href=\"\/de\/kontakt\/\">Kontakt aufnehmen<\/a><\/p>\n\n\t\t<\/div>\n\t<\/div>\n<\/div><\/div><\/div><\/div><\/div><div class=\"templatera_shortcode\"><div class=\"vc_row wpb_row vc_row-fluid\"><div class=\"wpb_column vc_column_container vc_col-sm-12\"><div class=\"vc_column-inner vc_custom_1608038486316\"><div class=\"wpb_wrapper\">\n\t<div class=\"wpb_text_column wpb_content_element  sidebar-blok-offerte diapositief\" >\n\t\t<div class=\"wpb_wrapper\">\n\t\t\t<h3>Angebot anfordern<\/h3>\n<p>M\u00f6chten Sie ein Angebot erhalten? Dann k\u00f6nnen Sie einfach und schnell direkt online ein Formular zur Angebotsanfrage ausf\u00fcllen. Wir werden uns dann mit Ihnen in Verbindung setzen. Gebr. Vermeer Spezialtransporte wird Ihnen helfen!<\/p>\n<p><a class=\"button wit\" href=\"\/de\/ein-angebot-anfordern\/\">Angebot anfordern<\/a><\/p>\n\n\t\t<\/div>\n\t<\/div>\n<\/div><\/div><\/div><\/div><\/div><\/div><\/div><\/div><\/div><div data-vc-full-width=\"true\" data-vc-full-width-init=\"false\" class=\"vc_row wpb_row vc_row-fluid skewed-bg-row sub-cat wpex-vc-row-stretched\"><div class=\"wpb_column vc_column_container vc_col-sm-12\"><div class=\"vc_column-inner\"><div class=\"wpb_wrapper\"><div class=\"vc_row wpb_row vc_inner vc_row-fluid sub-cat-projecten-row\"><div class=\"wpb_column vc_column_container vc_col-sm-12\"><div class=\"vc_column-inner\"><div class=\"wpb_wrapper\">\n\t<div style=\"text-align:right;\" class=\"wpb_text_column wpb_content_element\" >\n\t\t<div class=\"wpb_wrapper\">\n\t\t\t<h3>Projekte<\/h3>\n<p>&nbsp;<\/p>\n<p>&nbsp;<\/p>\n<p>&nbsp;<\/p>\n<p><span class=\"grijs ondertitel\">\u00a0\u00a0<\/span><\/p>\n\n\t\t<\/div>\n\t<\/div>\n<div class=\"vcex-module vcex-portfolio-grid-wrap wpex-clr\"><div class=\"wpex-row vcex-portfolio-grid wpex-clr entries gap-40\" data-show_title=\"false\"><div class=\"portfolio-entry vcex-grid-item span_1_of_3 col col-1 post-2833 entry type-portfolio has-media cat-29\"><div class=\"portfolio-entry-inner entry-inner wpex-first-mt-0 wpex-last-mb-0 wpex-clr\"><div class=\"portfolio-entry-media entry-media overlay-parent overlay-parent-title-center wpex-overflow-hidden\"><a href=\"https:\/\/www.gebrvermeertransport.nl\/wp-content\/uploads\/2022\/04\/plaatsen-van-18-tons-container.jpg\" title=\"Beladen eines 18-Tonnen-Containers\" class=\"portfolio-entry-media-link wpex-lightbox\"><img decoding=\"async\" loading=\"lazy\" class=\"portfolio-entry-img wpex-align-middle\" src=\"https:\/\/www.gebrvermeertransport.nl\/wp-content\/uploads\/2022\/04\/plaatsen-van-18-tons-container.jpg\" alt=\"\" width=\"1600\" height=\"1200\" \/>\n<div class=\"overlay-title-center theme-overlay wpex-absolute wpex-inset-0 wpex-transition-all wpex-duration-300 wpex-flex wpex-justify-center wpex-items-center wpex-text-center\">\n\t<span class=\"overlay-bg wpex-bg-black wpex-block wpex-absolute wpex-inset-0 wpex-opacity-50\"><\/span>\n\t<div class=\"overlay-content wpex-relative wpex-text-white wpex-uppercase wpex-font-semibold wpex-p-15 wpex-tracking-widest\">\n\t\t<span class=\"title\">Beladen eines 18-Tonnen-Containers<\/span>\t<\/div>\n<\/div><\/a><\/div><\/div><\/div><div class=\"portfolio-entry vcex-grid-item span_1_of_3 col col-2 post-2831 entry type-portfolio has-media cat-29\"><div class=\"portfolio-entry-inner entry-inner wpex-first-mt-0 wpex-last-mb-0 wpex-clr\"><div class=\"portfolio-entry-media entry-media overlay-parent overlay-parent-title-center wpex-overflow-hidden\"><a href=\"https:\/\/www.gebrvermeertransport.nl\/wp-content\/uploads\/2022\/03\/PHOTO-2021-03-16-11-17-39.jpg\" title=\"Platzierung von zwei Beh\u00e4ltern auf engem Raum\" class=\"portfolio-entry-media-link wpex-lightbox\"><img decoding=\"async\" loading=\"lazy\" class=\"portfolio-entry-img wpex-align-middle\" src=\"https:\/\/www.gebrvermeertransport.nl\/wp-content\/uploads\/2022\/03\/PHOTO-2021-03-16-11-17-39.jpg\" alt=\"\" width=\"1200\" height=\"1599\" \/>\n<div class=\"overlay-title-center theme-overlay wpex-absolute wpex-inset-0 wpex-transition-all wpex-duration-300 wpex-flex wpex-justify-center wpex-items-center wpex-text-center\">\n\t<span class=\"overlay-bg wpex-bg-black wpex-block wpex-absolute wpex-inset-0 wpex-opacity-50\"><\/span>\n\t<div class=\"overlay-content wpex-relative wpex-text-white wpex-uppercase wpex-font-semibold wpex-p-15 wpex-tracking-widest\">\n\t\t<span class=\"title\">Platzierung von zwei Beh\u00e4ltern auf engem Raum<\/span>\t<\/div>\n<\/div><\/a><\/div><\/div><\/div><div class=\"portfolio-entry vcex-grid-item span_1_of_3 col col-3 post-2829 entry type-portfolio has-media cat-29\"><div class=\"portfolio-entry-inner entry-inner wpex-first-mt-0 wpex-last-mb-0 wpex-clr\"><div class=\"portfolio-entry-media entry-media overlay-parent overlay-parent-title-center wpex-overflow-hidden\"><a href=\"https:\/\/www.gebrvermeertransport.nl\/wp-content\/uploads\/2022\/03\/20181024_100159-scaled.jpg\" title=\"Aufstellung von zwei 40-Fu\u00df-Containern\" class=\"portfolio-entry-media-link wpex-lightbox-gallery\" data-gallery=\"[{&quot;src&quot;:&quot;https:\\\/\\\/www.gebrvermeertransport.nl\\\/wp-content\\\/uploads\\\/2022\\\/03\\\/20181024_100159-scaled.jpg&quot;},{&quot;src&quot;:&quot;https:\\\/\\\/www.gebrvermeertransport.nl\\\/wp-content\\\/uploads\\\/2022\\\/03\\\/20181024_100214-scaled.jpg&quot;}]\"><img decoding=\"async\" loading=\"lazy\" class=\"portfolio-entry-img wpex-align-middle\" src=\"https:\/\/www.gebrvermeertransport.nl\/wp-content\/uploads\/2022\/03\/20181024_100159-scaled.jpg\" alt=\"\" width=\"2560\" height=\"1920\" \/>\n<div class=\"overlay-title-center theme-overlay wpex-absolute wpex-inset-0 wpex-transition-all wpex-duration-300 wpex-flex wpex-justify-center wpex-items-center wpex-text-center\">\n\t<span class=\"overlay-bg wpex-bg-black wpex-block wpex-absolute wpex-inset-0 wpex-opacity-50\"><\/span>\n\t<div class=\"overlay-content wpex-relative wpex-text-white wpex-uppercase wpex-font-semibold wpex-p-15 wpex-tracking-widest\">\n\t\t<span class=\"title\">Aufstellung von zwei 40-Fu\u00df-Containern<\/span>\t<\/div>\n<\/div><\/a><\/div><\/div><\/div><\/div><\/div><\/div><\/div><\/div><\/div><\/div><\/div><\/div><\/div><div class=\"vc_row-full-width vc_clearfix\"><\/div>","protected":false},"excerpt":{"rendered":"","protected":false},"author":1,"featured_media":2801,"parent":0,"menu_order":0,"comment_status":"closed","ping_status":"closed","template":"","meta":{"inline_featured_image":false,"footnotes":""},"class_list":["post-1983","page","type-page","status-publish","has-post-thumbnail","hentry","entry","has-media"],"yoast_head":"<!-- This site is optimized with the Yoast SEO plugin v26.4 - https:\/\/yoast.com\/wordpress\/plugins\/seo\/ -->\n<title>Container zijlader nodig? Neemt contact op met Gebr. Vermeer!<\/title>\n<meta name=\"description\" content=\"Met onze container zijlader zijn wij in staat om 8ft tot 45ft containers met een gewicht tot ca. 28 ton selfsupporting te laden en lossen.\" \/>\n<meta name=\"robots\" content=\"index, follow, max-snippet:-1, max-image-preview:large, max-video-preview:-1\" \/>\n<link rel=\"canonical\" href=\"https:\/\/www.gebrvermeertransport.nl\/de\/seitenlader-container\/\" \/>\n<meta property=\"og:locale\" content=\"de_DE\" \/>\n<meta property=\"og:type\" content=\"article\" \/>\n<meta property=\"og:title\" content=\"Container zijlader nodig? Neemt contact op met Gebr. Vermeer!\" \/>\n<meta property=\"og:description\" content=\"Met onze container zijlader zijn wij in staat om 8ft tot 45ft containers met een gewicht tot ca. 28 ton selfsupporting te laden en lossen.\" \/>\n<meta property=\"og:url\" content=\"https:\/\/www.gebrvermeertransport.nl\/de\/seitenlader-container\/\" \/>\n<meta property=\"og:site_name\" content=\"Gebr. Vermeer\" \/>\n<meta property=\"article:modified_time\" content=\"2022-04-11T10:33:46+00:00\" \/>\n<meta property=\"og:image\" content=\"https:\/\/www.gebrvermeertransport.nl\/wp-content\/uploads\/2022\/03\/foto-jan.jpg\" \/>\n\t<meta property=\"og:image:width\" content=\"1080\" \/>\n\t<meta property=\"og:image:height\" content=\"720\" \/>\n\t<meta property=\"og:image:type\" content=\"image\/jpeg\" \/>\n<meta name=\"twitter:card\" content=\"summary_large_image\" \/>\n<meta name=\"twitter:label1\" content=\"Gesch\u00e4tzte Lesezeit\" \/>\n\t<meta name=\"twitter:data1\" content=\"3\u00a0Minuten\" \/>\n<script type=\"application\/ld+json\" class=\"yoast-schema-graph\">{\"@context\":\"https:\/\/schema.org\",\"@graph\":[{\"@type\":\"WebPage\",\"@id\":\"https:\/\/www.gebrvermeertransport.nl\/container-zijlader\/\",\"url\":\"https:\/\/www.gebrvermeertransport.nl\/container-zijlader\/\",\"name\":\"Container zijlader nodig? Neemt contact op met Gebr. Vermeer!\",\"isPartOf\":{\"@id\":\"https:\/\/www.gebrvermeertransport.nl\/#website\"},\"primaryImageOfPage\":{\"@id\":\"https:\/\/www.gebrvermeertransport.nl\/container-zijlader\/#primaryimage\"},\"image\":{\"@id\":\"https:\/\/www.gebrvermeertransport.nl\/container-zijlader\/#primaryimage\"},\"thumbnailUrl\":\"https:\/\/www.gebrvermeertransport.nl\/wp-content\/uploads\/2022\/03\/foto-jan.jpg\",\"datePublished\":\"2021-01-22T14:28:03+00:00\",\"dateModified\":\"2022-04-11T10:33:46+00:00\",\"description\":\"Met onze container zijlader zijn wij in staat om 8ft tot 45ft containers met een gewicht tot ca. 28 ton selfsupporting te laden en lossen.\",\"breadcrumb\":{\"@id\":\"https:\/\/www.gebrvermeertransport.nl\/container-zijlader\/#breadcrumb\"},\"inLanguage\":\"de\",\"potentialAction\":[{\"@type\":\"ReadAction\",\"target\":[\"https:\/\/www.gebrvermeertransport.nl\/container-zijlader\/\"]}]},{\"@type\":\"ImageObject\",\"inLanguage\":\"de\",\"@id\":\"https:\/\/www.gebrvermeertransport.nl\/container-zijlader\/#primaryimage\",\"url\":\"https:\/\/www.gebrvermeertransport.nl\/wp-content\/uploads\/2022\/03\/foto-jan.jpg\",\"contentUrl\":\"https:\/\/www.gebrvermeertransport.nl\/wp-content\/uploads\/2022\/03\/foto-jan.jpg\",\"width\":1080,\"height\":720},{\"@type\":\"BreadcrumbList\",\"@id\":\"https:\/\/www.gebrvermeertransport.nl\/container-zijlader\/#breadcrumb\",\"itemListElement\":[{\"@type\":\"ListItem\",\"position\":1,\"name\":\"Home\",\"item\":\"https:\/\/www.gebrvermeertransport.nl\/\"},{\"@type\":\"ListItem\",\"position\":2,\"name\":\"Container zijlader\"}]},{\"@type\":\"WebSite\",\"@id\":\"https:\/\/www.gebrvermeertransport.nl\/#website\",\"url\":\"https:\/\/www.gebrvermeertransport.nl\/\",\"name\":\"Gebr. Vermeer\",\"description\":\"\",\"publisher\":{\"@id\":\"https:\/\/www.gebrvermeertransport.nl\/#organization\"},\"potentialAction\":[{\"@type\":\"SearchAction\",\"target\":{\"@type\":\"EntryPoint\",\"urlTemplate\":\"https:\/\/www.gebrvermeertransport.nl\/?s={search_term_string}\"},\"query-input\":{\"@type\":\"PropertyValueSpecification\",\"valueRequired\":true,\"valueName\":\"search_term_string\"}}],\"inLanguage\":\"de\"},{\"@type\":\"Organization\",\"@id\":\"https:\/\/www.gebrvermeertransport.nl\/#organization\",\"name\":\"Gebr. Vermeer\",\"url\":\"https:\/\/www.gebrvermeertransport.nl\/\",\"logo\":{\"@type\":\"ImageObject\",\"inLanguage\":\"de\",\"@id\":\"https:\/\/www.gebrvermeertransport.nl\/#\/schema\/logo\/image\/\",\"url\":\"https:\/\/www.gebrvermeertransport.nl\/wp-content\/uploads\/2020\/12\/Logo-web-GV.svg\",\"contentUrl\":\"https:\/\/www.gebrvermeertransport.nl\/wp-content\/uploads\/2020\/12\/Logo-web-GV.svg\",\"caption\":\"Gebr. Vermeer\"},\"image\":{\"@id\":\"https:\/\/www.gebrvermeertransport.nl\/#\/schema\/logo\/image\/\"}}]}<\/script>\n<!-- \/ Yoast SEO plugin. -->","yoast_head_json":{"title":"Sie ben\u00f6tigen einen Container-Seitenlader? Kontaktieren Sie Gebr. Vermeer!","description":"Mit unserem Container-Seitenlader sind wir in der Lage, 8-Fu\u00df- bis 45-Fu\u00df-Container mit einem Gewicht von bis zu ca. 28 Tonnen selbsttragend zu be- und entladen.","robots":{"index":"index","follow":"follow","max-snippet":"max-snippet:-1","max-image-preview":"max-image-preview:large","max-video-preview":"max-video-preview:-1"},"canonical":"https:\/\/www.gebrvermeertransport.nl\/de\/seitenlader-container\/","og_locale":"de_DE","og_type":"article","og_title":"Container zijlader nodig? Neemt contact op met Gebr. Vermeer!","og_description":"Met onze container zijlader zijn wij in staat om 8ft tot 45ft containers met een gewicht tot ca. 28 ton selfsupporting te laden en lossen.","og_url":"https:\/\/www.gebrvermeertransport.nl\/de\/seitenlader-container\/","og_site_name":"Gebr. Vermeer","article_modified_time":"2022-04-11T10:33:46+00:00","og_image":[{"width":1080,"height":720,"url":"https:\/\/www.gebrvermeertransport.nl\/wp-content\/uploads\/2022\/03\/foto-jan.jpg","type":"image\/jpeg"}],"twitter_card":"summary_large_image","twitter_misc":{"Gesch\u00e4tzte Lesezeit":"3\u00a0Minuten"},"schema":{"@context":"https:\/\/schema.org","@graph":[{"@type":"WebPage","@id":"https:\/\/www.gebrvermeertransport.nl\/container-zijlader\/","url":"https:\/\/www.gebrvermeertransport.nl\/container-zijlader\/","name":"Sie ben\u00f6tigen einen Container-Seitenlader? Kontaktieren Sie Gebr. Vermeer!","isPartOf":{"@id":"https:\/\/www.gebrvermeertransport.nl\/#website"},"primaryImageOfPage":{"@id":"https:\/\/www.gebrvermeertransport.nl\/container-zijlader\/#primaryimage"},"image":{"@id":"https:\/\/www.gebrvermeertransport.nl\/container-zijlader\/#primaryimage"},"thumbnailUrl":"https:\/\/www.gebrvermeertransport.nl\/wp-content\/uploads\/2022\/03\/foto-jan.jpg","datePublished":"2021-01-22T14:28:03+00:00","dateModified":"2022-04-11T10:33:46+00:00","description":"Mit unserem Container-Seitenlader sind wir in der Lage, 8-Fu\u00df- bis 45-Fu\u00df-Container mit einem Gewicht von bis zu ca. 28 Tonnen selbsttragend zu be- und entladen.","breadcrumb":{"@id":"https:\/\/www.gebrvermeertransport.nl\/container-zijlader\/#breadcrumb"},"inLanguage":"de","potentialAction":[{"@type":"ReadAction","target":["https:\/\/www.gebrvermeertransport.nl\/container-zijlader\/"]}]},{"@type":"ImageObject","inLanguage":"de","@id":"https:\/\/www.gebrvermeertransport.nl\/container-zijlader\/#primaryimage","url":"https:\/\/www.gebrvermeertransport.nl\/wp-content\/uploads\/2022\/03\/foto-jan.jpg","contentUrl":"https:\/\/www.gebrvermeertransport.nl\/wp-content\/uploads\/2022\/03\/foto-jan.jpg","width":1080,"height":720},{"@type":"BreadcrumbList","@id":"https:\/\/www.gebrvermeertransport.nl\/container-zijlader\/#breadcrumb","itemListElement":[{"@type":"ListItem","position":1,"name":"Home","item":"https:\/\/www.gebrvermeertransport.nl\/"},{"@type":"ListItem","position":2,"name":"Container zijlader"}]},{"@type":"WebSite","@id":"https:\/\/www.gebrvermeertransport.nl\/#website","url":"https:\/\/www.gebrvermeertransport.nl\/","name":"Gebr. Vermeer","description":"","publisher":{"@id":"https:\/\/www.gebrvermeertransport.nl\/#organization"},"potentialAction":[{"@type":"SearchAction","target":{"@type":"EntryPoint","urlTemplate":"https:\/\/www.gebrvermeertransport.nl\/?s={search_term_string}"},"query-input":{"@type":"PropertyValueSpecification","valueRequired":true,"valueName":"search_term_string"}}],"inLanguage":"de"},{"@type":"Organization","@id":"https:\/\/www.gebrvermeertransport.nl\/#organization","name":"Gebr. Vermeer","url":"https:\/\/www.gebrvermeertransport.nl\/","logo":{"@type":"ImageObject","inLanguage":"de","@id":"https:\/\/www.gebrvermeertransport.nl\/#\/schema\/logo\/image\/","url":"https:\/\/www.gebrvermeertransport.nl\/wp-content\/uploads\/2020\/12\/Logo-web-GV.svg","contentUrl":"https:\/\/www.gebrvermeertransport.nl\/wp-content\/uploads\/2020\/12\/Logo-web-GV.svg","caption":"Gebr. Vermeer"},"image":{"@id":"https:\/\/www.gebrvermeertransport.nl\/#\/schema\/logo\/image\/"}}]}},"_links":{"self":[{"href":"https:\/\/www.gebrvermeertransport.nl\/de\/wp-json\/wp\/v2\/pages\/1983","targetHints":{"allow":["GET"]}}],"collection":[{"href":"https:\/\/www.gebrvermeertransport.nl\/de\/wp-json\/wp\/v2\/pages"}],"about":[{"href":"https:\/\/www.gebrvermeertransport.nl\/de\/wp-json\/wp\/v2\/types\/page"}],"author":[{"embeddable":true,"href":"https:\/\/www.gebrvermeertransport.nl\/de\/wp-json\/wp\/v2\/users\/1"}],"replies":[{"embeddable":true,"href":"https:\/\/www.gebrvermeertransport.nl\/de\/wp-json\/wp\/v2\/comments?post=1983"}],"version-history":[{"count":18,"href":"https:\/\/www.gebrvermeertransport.nl\/de\/wp-json\/wp\/v2\/pages\/1983\/revisions"}],"predecessor-version":[{"id":2390,"href":"https:\/\/www.gebrvermeertransport.nl\/de\/wp-json\/wp\/v2\/pages\/1983\/revisions\/2390"}],"wp:featuredmedia":[{"embeddable":true,"href":"https:\/\/www.gebrvermeertransport.nl\/de\/wp-json\/wp\/v2\/media\/2801"}],"wp:attachment":[{"href":"https:\/\/www.gebrvermeertransport.nl\/de\/wp-json\/wp\/v2\/media?parent=1983"}],"curies":[{"name":"wp","href":"https:\/\/api.w.org\/{rel}","templated":true}]}}