{"id":1971,"date":"2021-01-22T14:26:16","date_gmt":"2021-01-22T14:26:16","guid":{"rendered":"https:\/\/www.gebrvermeertransport.nl\/?page_id=1971"},"modified":"2022-06-07T07:18:39","modified_gmt":"2022-06-07T07:18:39","slug":"lagerbehalter","status":"publish","type":"page","link":"https:\/\/www.gebrvermeertransport.nl\/de\/lagerbehalter\/","title":{"rendered":"Lagerbeh\u00e4lter"},"content":{"rendered":"<div data-vc-full-width=\"true\" data-vc-full-width-init=\"false\" class=\"vc_row wpb_row vc_row-fluid sub-cat-intro-row wpex-vc-row-stretched\"><div class=\"wpb_column vc_column_container vc_col-sm-6\"><div class=\"vc_column-inner\"><div class=\"wpb_wrapper\">\n\t<div class=\"wpb_text_column wpb_content_element  intro-blok diapositief\" >\n\t\t<div class=\"wpb_wrapper\">\n\t\t\t<h1>Lagerbeh\u00e4lter<\/h1>\n<p>Bei Gebr. Vermeer Containers k\u00f6nnen Sie auch Lagercontainer von 8ft, 10ft, 20ft und 40ft mieten und kaufen. Alle Gegenst\u00e4nde, f\u00fcr die Sie in Ihren eigenen R\u00e4umlichkeiten (vor\u00fcbergehend) keinen Platz haben, k\u00f6nnen sicher gelagert werden. Es fallen keine Kosten f\u00fcr die Anmietung kompletter Nebengeb\u00e4ude oder (Garagen-)Boxen an. Wenn Sie den Lagercontainer auf Ihrem eigenen Grundst\u00fcck aufstellen k\u00f6nnen, haben Sie das Lagergut immer in der N\u00e4he.<\/p>\n\n\t\t<\/div>\n\t<\/div>\n<\/div><\/div><\/div><div class=\"wpb_column vc_column_container vc_col-sm-6\"><div class=\"vc_column-inner\"><div class=\"wpb_wrapper\">\n\t<div  class=\"wpb_single_image wpb_content_element vc_align_   sub-cat-header-afb\">\n\t\t\n\t\t<figure class=\"wpb_wrapper vc_figure\">\n\t\t\t<div class=\"vc_single_image-wrapper   vc_box_border_grey\"><img loading=\"lazy\" decoding=\"async\" width=\"800\" height=\"515\" src=\"https:\/\/www.gebrvermeertransport.nl\/wp-content\/uploads\/2021\/01\/Opslagcontainers-uitgelicht.jpg\" class=\"vc_single_image-img attachment-full\" alt=\"\" srcset=\"https:\/\/www.gebrvermeertransport.nl\/wp-content\/uploads\/2021\/01\/Opslagcontainers-uitgelicht.jpg 800w, https:\/\/www.gebrvermeertransport.nl\/wp-content\/uploads\/2021\/01\/Opslagcontainers-uitgelicht-300x193.jpg 300w, https:\/\/www.gebrvermeertransport.nl\/wp-content\/uploads\/2021\/01\/Opslagcontainers-uitgelicht-768x494.jpg 768w\" sizes=\"auto, (max-width: 800px) 100vw, 800px\" \/><\/div>\n\t\t<\/figure>\n\t<\/div>\n<\/div><\/div><\/div><\/div><div class=\"vc_row-full-width vc_clearfix\"><\/div><div class=\"vc_row wpb_row vc_row-fluid content-sidebar-row wpex-vc-has-custom-column-spacing wpex-vc-column-spacing-40 tablet-fullwidth-columns\"><div class=\"wpb_column tekst-kolom vc_column_container vc_col-sm-8\"><div class=\"vc_column-inner\"><div class=\"wpb_wrapper\">\n\t<div class=\"wpb_text_column wpb_content_element  first\" >\n\t\t<div class=\"wpb_wrapper\">\n\t\t\t<h2>Lagercontainer nach Bedarf (um)gebaut und eingerichtet<\/h2>\n<p>Bei Gebr. Vermeer Containers finden Sie Lagercontainer und Lagercontainer von 8 Fu\u00df, 10 Fu\u00df, 20 Fu\u00df und 40 Fu\u00df. Neben der Lagerung k\u00f6nnen Sie diese auch z.B. f\u00fcr die Lagerverwaltung oder als Werkstatt nutzen. Wir bieten Ihnen auch die M\u00f6glichkeit, einen Container nach Ihren eigenen W\u00fcnschen, Ihrem Geschmack und Ihren Bed\u00fcrfnissen umzubauen und auszustatten. Dazu geh\u00f6ren Heizung, Beleuchtung, Regale und benutzerfreundliche\/einbruchsichere Schl\u00f6sser. Auch das Aufstellen von B\u00fcrom\u00f6beln geh\u00f6rt zu den vielen M\u00f6glichkeiten.<\/p>\n<p>Wir k\u00f6nnen Werkstattcontainer umstellen. So entsteht ein zus\u00e4tzlicher Arbeitsbereich von 30 m2, komplett mit Strom und Beleuchtung. Sehr praktisch ist die M\u00f6glichkeit, einen Rauchercontainer f\u00fcr das rauchende Personal anfertigen zu lassen; dieser ist mit einer offenen Seite und einem festen Tisch ausgestattet. Weitere 'Specials' von Gebr. Vermeer Industrial Movements sind isolierte Lagercontainer, offene Flat Racks und Open Top Container. Der von Ihnen gesuchte ist sicher dabei.<\/p>\n\n\t\t<\/div>\n\t<\/div>\n<div class=\"wpex-slider-preloaderimg\"><img loading=\"lazy\" decoding=\"async\" data-no-lazy=\"1\" class=\"skip-lazy\" src=\"https:\/\/www.gebrvermeertransport.nl\/wp-content\/uploads\/2021\/03\/Opslagcontainers-1.jpg\" alt=\"\" width=\"980\" height=\"400\" \/><\/div><div class=\"vcex-module wpex-slider slider-pro vcex-image-slider wpex-clr\" data-auto-play=\"false\" data-auto-play-delay=\"5000\" data-buttons=\"false\" data-fade-arrows=\"false\" data-animation-speed=\"600\" data-height-animation-duration=\"500\" data-thumbnail-height=\"70\" data-thumbnail-width=\"70\"><div class=\"wpex-slider-slides sp-slides\"><div class=\"wpex-slider-slide sp-slide\"><div class=\"wpex-slider-media\"><img loading=\"lazy\" decoding=\"async\" data-no-lazy=\"1\" class=\"skip-lazy\" src=\"https:\/\/www.gebrvermeertransport.nl\/wp-content\/uploads\/2021\/03\/Opslagcontainers-1.jpg\" alt=\"\" width=\"980\" height=\"400\" \/><\/div><\/div><\/div><\/div>\n\t<div class=\"wpb_text_column wpb_content_element\" >\n\t\t<div class=\"wpb_wrapper\">\n\t\t\t<h2>Verschiedene Beh\u00e4lter<\/h2>\n<p>Gebr. Vermeer Containers vermietet und verkauft eine breite Palette von Containern \/ Schiffscontainern. Alle W\u00fcnsche sind m\u00f6glich, wenn es um unsere Kunden geht. Unsere M\u00f6glichkeiten sind endlos.<\/p>\n<p>Neben den Lagercontainern kann Gebr. Vermeer Industrial Movements auch verschiedene andere Container liefern. Zum Beispiel Kombi-Container. Diese Container sind in 20 Fu\u00df erh\u00e4ltlich und sind in zwei separate R\u00e4ume unterteilt. Bei einem Kombicontainer wird ein Raum als B\u00fcro-\/Geb\u00e4udecontainer und der andere Raum als Lager-\/Lagercontainer eingerichtet. Diese Container verf\u00fcgen \u00fcber einen Kantinen- und Lagerbereich, 1 oder 2 Regale und Langgutversorgung, Beleuchtung, L\u00fcftung, Herd und Stromanschluss. Diese Kombicontainer sind stapelbar und mit einem Laufgang mit Treppe ausgestattet.<\/p>\n<p>Sind Sie auf der Suche nach einem Container f\u00fcr Ihre Werkstatt? Dann k\u00f6nnen Sie bei Gevr. Vermeer auch einen Werkstattcontainer mieten. Diese sind standardm\u00e4\u00dfig von 6 x 2,5 Metern bis zu 6 x 10 Metern erh\u00e4ltlich. Bei Bedarf sind auch gr\u00f6\u00dfere Gr\u00f6\u00dfen erh\u00e4ltlich. Diese Container werden vor allem als mobile Werkstatt, z. B. auf einer Baustelle, eingesetzt. Alle unsere Container sind mit benutzerfreundlichen Verschl\u00fcssen und einem einbruchsicheren Schloss ausgestattet.<\/p>\n<p>Neben diesen Containern k\u00f6nnen Sie bei Gebr. Vermeer viele weitere verschiedene Container kaufen oder mieten. Hier finden Sie eine \u00dcbersicht \u00fcber die angebotenen Container <a href=\"https:\/\/www.gebrvermeertransport.nl\/de\/container\/\">hier<\/a>.<\/p>\n<h3>Kontakt<\/h3>\n<p>Sind Sie daran interessiert, einen unserer zahlreichen Container zu mieten? Dann nehmen Sie bitte Kontakt mit Gebr. Vermeer Industrial Movements auf. Wir informieren Sie gerne \u00fcber die M\u00f6glichkeiten und beantworten alle Ihre Fragen. Bitte kontaktieren Sie uns \u00fcber die <a href=\"https:\/\/www.gebrvermeertransport.nl\/de\/kontakt\/\">Kontakt-Formular<\/a> oder senden Sie eine E-Mail an <a href=\"mailto:info@gebrvermeertransport.nl\">info@gebrvermeertransport.nl<\/a>. Ziehen Sie es vor, uns per Telefon zu kontaktieren? Dann k\u00f6nnen Sie uns unter 013-4670272 anrufen.<\/p>\n\n\t\t<\/div>\n\t<\/div>\n<\/div><\/div><\/div><div class=\"wpb_column sidebar-kolom vc_column_container vc_col-sm-4\"><div class=\"vc_column-inner\"><div class=\"wpb_wrapper\"><div class=\"templatera_shortcode\"><div class=\"vc_row wpb_row vc_row-fluid\"><div class=\"wpb_column vc_column_container vc_col-sm-12\"><div class=\"vc_column-inner vc_custom_1608038486316\"><div class=\"wpb_wrapper\">\n\t<div class=\"wpb_text_column wpb_content_element  sidebar-blok-grijs diapositief\" >\n\t\t<div class=\"wpb_wrapper\">\n\t\t\t<h3>Kontakt aufnehmen<\/h3>\n<p>Haben Sie eine Frage? Dann z\u00f6gern Sie nicht, uns zu kontaktieren. Sie k\u00f6nnen unser Online-Kontaktformular ausf\u00fcllen oder uns direkt anrufen unter: 013 - 4670272. Gebr. Vermeer wird Ihnen helfen!<\/p>\n<p><a class=\"button wit\" href=\"\/de\/kontakt\/\">Kontakt aufnehmen<\/a><\/p>\n\n\t\t<\/div>\n\t<\/div>\n<\/div><\/div><\/div><\/div><\/div><div class=\"templatera_shortcode\"><div class=\"vc_row wpb_row vc_row-fluid\"><div class=\"wpb_column vc_column_container vc_col-sm-12\"><div class=\"vc_column-inner vc_custom_1608038486316\"><div class=\"wpb_wrapper\">\n\t<div class=\"wpb_text_column wpb_content_element  sidebar-blok-offerte diapositief\" >\n\t\t<div class=\"wpb_wrapper\">\n\t\t\t<h3>Angebot anfordern<\/h3>\n<p>M\u00f6chten Sie ein Angebot erhalten? Dann k\u00f6nnen Sie einfach und schnell direkt online ein Formular zur Angebotsanfrage ausf\u00fcllen. Wir werden uns dann mit Ihnen in Verbindung setzen. Gebr. Vermeer Spezialtransporte wird Ihnen helfen!<\/p>\n<p><a class=\"button wit\" href=\"\/de\/ein-angebot-anfordern\/\">Angebot anfordern<\/a><\/p>\n\n\t\t<\/div>\n\t<\/div>\n<\/div><\/div><\/div><\/div><\/div><\/div><\/div><\/div><\/div><div data-vc-full-width=\"true\" data-vc-full-width-init=\"false\" class=\"vc_row wpb_row vc_row-fluid skewed-bg-row sub-cat wpex-vc-row-stretched\"><div class=\"wpb_column vc_column_container vc_col-sm-12\"><div class=\"vc_column-inner\"><div class=\"wpb_wrapper\"><div class=\"vc_row wpb_row vc_inner vc_row-fluid sub-cat-projecten-row\"><div class=\"wpb_column vc_column_container vc_col-sm-12\"><div class=\"vc_column-inner\"><div class=\"wpb_wrapper\">\n\t<div class=\"wpb_text_column wpb_content_element\" >\n\t\t<div class=\"wpb_wrapper\">\n\t\t\t<h3>Projekte<\/h3>\n<p><span class=\"grijs ondertitel\">Lagerbeh\u00e4lter<\/span><\/p>\n\n\t\t<\/div>\n\t<\/div>\n<div class=\"vcex-module vcex-portfolio-grid-wrap wpex-clr\"><div class=\"wpex-row vcex-portfolio-grid wpex-clr entries gap-40\" data-show_title=\"false\"><div class=\"portfolio-entry vcex-grid-item span_1_of_3 col col-1 post-2858 entry type-portfolio has-media cat-34\"><div class=\"portfolio-entry-inner entry-inner wpex-first-mt-0 wpex-last-mb-0 wpex-clr\"><div class=\"portfolio-entry-media entry-media overlay-parent overlay-parent-title-center wpex-overflow-hidden\"><a href=\"https:\/\/www.gebrvermeertransport.nl\/wp-content\/uploads\/2022\/04\/PHOTO-2020-06-12-13-29-34.jpg\" title=\"Lagercontainer mit aufgebauter Konstruktion zur Kontrolle der Ladung\" class=\"portfolio-entry-media-link wpex-lightbox-gallery\" data-gallery=\"[{&quot;src&quot;:&quot;https:\\\/\\\/www.gebrvermeertransport.nl\\\/wp-content\\\/uploads\\\/2022\\\/04\\\/PHOTO-2020-06-12-13-29-34.jpg&quot;},{&quot;src&quot;:&quot;https:\\\/\\\/www.gebrvermeertransport.nl\\\/wp-content\\\/uploads\\\/2022\\\/04\\\/PHOTO-2020-06-12-13-29-351.jpg&quot;},{&quot;src&quot;:&quot;https:\\\/\\\/www.gebrvermeertransport.nl\\\/wp-content\\\/uploads\\\/2022\\\/04\\\/PHOTO-2020-06-12-13-29-35.jpg&quot;}]\"><img decoding=\"async\" loading=\"lazy\" class=\"portfolio-entry-img wpex-align-middle\" src=\"https:\/\/www.gebrvermeertransport.nl\/wp-content\/uploads\/2022\/04\/PHOTO-2020-06-12-13-29-34.jpg\" alt=\"\" width=\"1600\" height=\"1200\" \/>\n<div class=\"overlay-title-center theme-overlay wpex-absolute wpex-inset-0 wpex-transition-all wpex-duration-300 wpex-flex wpex-justify-center wpex-items-center wpex-text-center\">\n\t<span class=\"overlay-bg wpex-bg-black wpex-block wpex-absolute wpex-inset-0 wpex-opacity-50\"><\/span>\n\t<div class=\"overlay-content wpex-relative wpex-text-white wpex-uppercase wpex-font-semibold wpex-p-15 wpex-tracking-widest\">\n\t\t<span class=\"title\">Lagercontainer mit aufgebauter Konstruktion zur Kontrolle der Ladung<\/span>\t<\/div>\n<\/div><\/a><\/div><\/div><\/div><\/div><\/div><\/div><\/div><\/div><\/div><\/div><\/div><\/div><\/div><div class=\"vc_row-full-width vc_clearfix\"><\/div>","protected":false},"excerpt":{"rendered":"","protected":false},"author":1,"featured_media":2015,"parent":0,"menu_order":0,"comment_status":"closed","ping_status":"closed","template":"","meta":{"inline_featured_image":false,"footnotes":""},"class_list":["post-1971","page","type-page","status-publish","has-post-thumbnail","hentry","entry","has-media"],"yoast_head":"<!-- This site is optimized with the Yoast SEO plugin v26.4 - https:\/\/yoast.com\/wordpress\/plugins\/seo\/ -->\n<title>Opslagcontainers - Gebr. Vermeer<\/title>\n<meta name=\"description\" content=\"Bij Gebr. Vermeer Containers kunt u kwalitatief hoogwaardige opslagcontainers van 8ft, 10ft, 20ft en 40ft huren of kopen.\" \/>\n<meta name=\"robots\" content=\"index, follow, max-snippet:-1, max-image-preview:large, max-video-preview:-1\" \/>\n<link rel=\"canonical\" href=\"https:\/\/www.gebrvermeertransport.nl\/de\/lagerbehalter\/\" \/>\n<meta property=\"og:locale\" content=\"de_DE\" \/>\n<meta property=\"og:type\" content=\"article\" \/>\n<meta property=\"og:title\" content=\"Opslagcontainers - Gebr. Vermeer\" \/>\n<meta property=\"og:description\" content=\"Bij Gebr. Vermeer Containers kunt u kwalitatief hoogwaardige opslagcontainers van 8ft, 10ft, 20ft en 40ft huren of kopen.\" \/>\n<meta property=\"og:url\" content=\"https:\/\/www.gebrvermeertransport.nl\/de\/lagerbehalter\/\" \/>\n<meta property=\"og:site_name\" content=\"Gebr. Vermeer\" \/>\n<meta property=\"article:modified_time\" content=\"2022-06-07T07:18:39+00:00\" \/>\n<meta property=\"og:image\" content=\"https:\/\/www.gebrvermeertransport.nl\/wp-content\/uploads\/2021\/01\/Opslagcontainers-uitgelicht.jpg\" \/>\n\t<meta property=\"og:image:width\" content=\"800\" \/>\n\t<meta property=\"og:image:height\" content=\"515\" \/>\n\t<meta property=\"og:image:type\" content=\"image\/jpeg\" \/>\n<meta name=\"twitter:card\" content=\"summary_large_image\" \/>\n<meta name=\"twitter:label1\" content=\"Gesch\u00e4tzte Lesezeit\" \/>\n\t<meta name=\"twitter:data1\" content=\"3\u00a0Minuten\" \/>\n<script type=\"application\/ld+json\" class=\"yoast-schema-graph\">{\"@context\":\"https:\/\/schema.org\",\"@graph\":[{\"@type\":\"WebPage\",\"@id\":\"https:\/\/www.gebrvermeertransport.nl\/opslagcontainers\/\",\"url\":\"https:\/\/www.gebrvermeertransport.nl\/opslagcontainers\/\",\"name\":\"Opslagcontainers - Gebr. Vermeer\",\"isPartOf\":{\"@id\":\"https:\/\/www.gebrvermeertransport.nl\/#website\"},\"primaryImageOfPage\":{\"@id\":\"https:\/\/www.gebrvermeertransport.nl\/opslagcontainers\/#primaryimage\"},\"image\":{\"@id\":\"https:\/\/www.gebrvermeertransport.nl\/opslagcontainers\/#primaryimage\"},\"thumbnailUrl\":\"https:\/\/www.gebrvermeertransport.nl\/wp-content\/uploads\/2021\/01\/Opslagcontainers-uitgelicht.jpg\",\"datePublished\":\"2021-01-22T14:26:16+00:00\",\"dateModified\":\"2022-06-07T07:18:39+00:00\",\"description\":\"Bij Gebr. Vermeer Containers kunt u kwalitatief hoogwaardige opslagcontainers van 8ft, 10ft, 20ft en 40ft huren of kopen.\",\"breadcrumb\":{\"@id\":\"https:\/\/www.gebrvermeertransport.nl\/opslagcontainers\/#breadcrumb\"},\"inLanguage\":\"de\",\"potentialAction\":[{\"@type\":\"ReadAction\",\"target\":[\"https:\/\/www.gebrvermeertransport.nl\/opslagcontainers\/\"]}]},{\"@type\":\"ImageObject\",\"inLanguage\":\"de\",\"@id\":\"https:\/\/www.gebrvermeertransport.nl\/opslagcontainers\/#primaryimage\",\"url\":\"https:\/\/www.gebrvermeertransport.nl\/wp-content\/uploads\/2021\/01\/Opslagcontainers-uitgelicht.jpg\",\"contentUrl\":\"https:\/\/www.gebrvermeertransport.nl\/wp-content\/uploads\/2021\/01\/Opslagcontainers-uitgelicht.jpg\",\"width\":800,\"height\":515},{\"@type\":\"BreadcrumbList\",\"@id\":\"https:\/\/www.gebrvermeertransport.nl\/opslagcontainers\/#breadcrumb\",\"itemListElement\":[{\"@type\":\"ListItem\",\"position\":1,\"name\":\"Home\",\"item\":\"https:\/\/www.gebrvermeertransport.nl\/\"},{\"@type\":\"ListItem\",\"position\":2,\"name\":\"Opslagcontainers\"}]},{\"@type\":\"WebSite\",\"@id\":\"https:\/\/www.gebrvermeertransport.nl\/#website\",\"url\":\"https:\/\/www.gebrvermeertransport.nl\/\",\"name\":\"Gebr. Vermeer\",\"description\":\"\",\"publisher\":{\"@id\":\"https:\/\/www.gebrvermeertransport.nl\/#organization\"},\"potentialAction\":[{\"@type\":\"SearchAction\",\"target\":{\"@type\":\"EntryPoint\",\"urlTemplate\":\"https:\/\/www.gebrvermeertransport.nl\/?s={search_term_string}\"},\"query-input\":{\"@type\":\"PropertyValueSpecification\",\"valueRequired\":true,\"valueName\":\"search_term_string\"}}],\"inLanguage\":\"de\"},{\"@type\":\"Organization\",\"@id\":\"https:\/\/www.gebrvermeertransport.nl\/#organization\",\"name\":\"Gebr. Vermeer\",\"url\":\"https:\/\/www.gebrvermeertransport.nl\/\",\"logo\":{\"@type\":\"ImageObject\",\"inLanguage\":\"de\",\"@id\":\"https:\/\/www.gebrvermeertransport.nl\/#\/schema\/logo\/image\/\",\"url\":\"https:\/\/www.gebrvermeertransport.nl\/wp-content\/uploads\/2020\/12\/Logo-web-GV.svg\",\"contentUrl\":\"https:\/\/www.gebrvermeertransport.nl\/wp-content\/uploads\/2020\/12\/Logo-web-GV.svg\",\"caption\":\"Gebr. Vermeer\"},\"image\":{\"@id\":\"https:\/\/www.gebrvermeertransport.nl\/#\/schema\/logo\/image\/\"}}]}<\/script>\n<!-- \/ Yoast SEO plugin. -->","yoast_head_json":{"title":"Lagerbeh\u00e4lter - Gebr. Vermeer","description":"Bei Gebr. Vermeer Containers k\u00f6nnen Sie hochwertige Lagercontainer von 8ft, 10ft, 20ft und 40ft mieten oder kaufen.","robots":{"index":"index","follow":"follow","max-snippet":"max-snippet:-1","max-image-preview":"max-image-preview:large","max-video-preview":"max-video-preview:-1"},"canonical":"https:\/\/www.gebrvermeertransport.nl\/de\/lagerbehalter\/","og_locale":"de_DE","og_type":"article","og_title":"Opslagcontainers - Gebr. Vermeer","og_description":"Bij Gebr. Vermeer Containers kunt u kwalitatief hoogwaardige opslagcontainers van 8ft, 10ft, 20ft en 40ft huren of kopen.","og_url":"https:\/\/www.gebrvermeertransport.nl\/de\/lagerbehalter\/","og_site_name":"Gebr. Vermeer","article_modified_time":"2022-06-07T07:18:39+00:00","og_image":[{"width":800,"height":515,"url":"https:\/\/www.gebrvermeertransport.nl\/wp-content\/uploads\/2021\/01\/Opslagcontainers-uitgelicht.jpg","type":"image\/jpeg"}],"twitter_card":"summary_large_image","twitter_misc":{"Gesch\u00e4tzte Lesezeit":"3\u00a0Minuten"},"schema":{"@context":"https:\/\/schema.org","@graph":[{"@type":"WebPage","@id":"https:\/\/www.gebrvermeertransport.nl\/opslagcontainers\/","url":"https:\/\/www.gebrvermeertransport.nl\/opslagcontainers\/","name":"Lagerbeh\u00e4lter - Gebr. Vermeer","isPartOf":{"@id":"https:\/\/www.gebrvermeertransport.nl\/#website"},"primaryImageOfPage":{"@id":"https:\/\/www.gebrvermeertransport.nl\/opslagcontainers\/#primaryimage"},"image":{"@id":"https:\/\/www.gebrvermeertransport.nl\/opslagcontainers\/#primaryimage"},"thumbnailUrl":"https:\/\/www.gebrvermeertransport.nl\/wp-content\/uploads\/2021\/01\/Opslagcontainers-uitgelicht.jpg","datePublished":"2021-01-22T14:26:16+00:00","dateModified":"2022-06-07T07:18:39+00:00","description":"Bei Gebr. Vermeer Containers k\u00f6nnen Sie hochwertige Lagercontainer von 8ft, 10ft, 20ft und 40ft mieten oder kaufen.","breadcrumb":{"@id":"https:\/\/www.gebrvermeertransport.nl\/opslagcontainers\/#breadcrumb"},"inLanguage":"de","potentialAction":[{"@type":"ReadAction","target":["https:\/\/www.gebrvermeertransport.nl\/opslagcontainers\/"]}]},{"@type":"ImageObject","inLanguage":"de","@id":"https:\/\/www.gebrvermeertransport.nl\/opslagcontainers\/#primaryimage","url":"https:\/\/www.gebrvermeertransport.nl\/wp-content\/uploads\/2021\/01\/Opslagcontainers-uitgelicht.jpg","contentUrl":"https:\/\/www.gebrvermeertransport.nl\/wp-content\/uploads\/2021\/01\/Opslagcontainers-uitgelicht.jpg","width":800,"height":515},{"@type":"BreadcrumbList","@id":"https:\/\/www.gebrvermeertransport.nl\/opslagcontainers\/#breadcrumb","itemListElement":[{"@type":"ListItem","position":1,"name":"Home","item":"https:\/\/www.gebrvermeertransport.nl\/"},{"@type":"ListItem","position":2,"name":"Opslagcontainers"}]},{"@type":"WebSite","@id":"https:\/\/www.gebrvermeertransport.nl\/#website","url":"https:\/\/www.gebrvermeertransport.nl\/","name":"Gebr. Vermeer","description":"","publisher":{"@id":"https:\/\/www.gebrvermeertransport.nl\/#organization"},"potentialAction":[{"@type":"SearchAction","target":{"@type":"EntryPoint","urlTemplate":"https:\/\/www.gebrvermeertransport.nl\/?s={search_term_string}"},"query-input":{"@type":"PropertyValueSpecification","valueRequired":true,"valueName":"search_term_string"}}],"inLanguage":"de"},{"@type":"Organization","@id":"https:\/\/www.gebrvermeertransport.nl\/#organization","name":"Gebr. Vermeer","url":"https:\/\/www.gebrvermeertransport.nl\/","logo":{"@type":"ImageObject","inLanguage":"de","@id":"https:\/\/www.gebrvermeertransport.nl\/#\/schema\/logo\/image\/","url":"https:\/\/www.gebrvermeertransport.nl\/wp-content\/uploads\/2020\/12\/Logo-web-GV.svg","contentUrl":"https:\/\/www.gebrvermeertransport.nl\/wp-content\/uploads\/2020\/12\/Logo-web-GV.svg","caption":"Gebr. Vermeer"},"image":{"@id":"https:\/\/www.gebrvermeertransport.nl\/#\/schema\/logo\/image\/"}}]}},"_links":{"self":[{"href":"https:\/\/www.gebrvermeertransport.nl\/de\/wp-json\/wp\/v2\/pages\/1971","targetHints":{"allow":["GET"]}}],"collection":[{"href":"https:\/\/www.gebrvermeertransport.nl\/de\/wp-json\/wp\/v2\/pages"}],"about":[{"href":"https:\/\/www.gebrvermeertransport.nl\/de\/wp-json\/wp\/v2\/types\/page"}],"author":[{"embeddable":true,"href":"https:\/\/www.gebrvermeertransport.nl\/de\/wp-json\/wp\/v2\/users\/1"}],"replies":[{"embeddable":true,"href":"https:\/\/www.gebrvermeertransport.nl\/de\/wp-json\/wp\/v2\/comments?post=1971"}],"version-history":[{"count":12,"href":"https:\/\/www.gebrvermeertransport.nl\/de\/wp-json\/wp\/v2\/pages\/1971\/revisions"}],"predecessor-version":[{"id":3212,"href":"https:\/\/www.gebrvermeertransport.nl\/de\/wp-json\/wp\/v2\/pages\/1971\/revisions\/3212"}],"wp:featuredmedia":[{"embeddable":true,"href":"https:\/\/www.gebrvermeertransport.nl\/de\/wp-json\/wp\/v2\/media\/2015"}],"wp:attachment":[{"href":"https:\/\/www.gebrvermeertransport.nl\/de\/wp-json\/wp\/v2\/media?parent=1971"}],"curies":[{"name":"wp","href":"https:\/\/api.w.org\/{rel}","templated":true}]}}