{"id":1943,"date":"2021-01-22T14:08:06","date_gmt":"2021-01-22T14:08:06","guid":{"rendered":"https:\/\/www.gebrvermeertransport.nl\/?page_id=1943"},"modified":"2025-11-25T07:51:08","modified_gmt":"2025-11-25T07:51:08","slug":"hebebuhnen","status":"publish","type":"page","link":"https:\/\/www.gebrvermeertransport.nl\/de\/hebebuhnen\/","title":{"rendered":"Hubstangen"},"content":{"rendered":"<div data-vc-full-width=\"true\" data-vc-full-width-init=\"false\" class=\"vc_row wpb_row vc_row-fluid sub-cat-intro-row wpex-vc-row-stretched\"><div class=\"wpb_column vc_column_container vc_col-sm-6\"><div class=\"vc_column-inner\"><div class=\"wpb_wrapper\">\n\t<div class=\"wpb_text_column wpb_content_element  intro-blok diapositief\" >\n\t\t<div class=\"wpb_wrapper\">\n\t\t\t<h1>Hubstangen<\/h1>\n<p>Hydraulische Portalkr\u00e4ne sind eine sichere und effiziente M\u00f6glichkeit, schwere Lasten dort zu bewegen, wo kein Hallenkran zur Verf\u00fcgung steht oder wo ein herk\u00f6mmlicher Mobilkran einfach nicht passt.<\/p>\n<p>Normale Kr\u00e4ne heben von der Mitte des Krans zum Hebepunkt des Objekts, aber bei einem Hubportal erfolgt das Heben zwischen den Beinen. Dadurch eignet sich diese Methode sehr gut zum Positionieren und Heben von Lasten in engen R\u00e4umen. Dies kann sowohl in Innenr\u00e4umen als auch im Freien geschehen. Wir haben verschiedene Optionen mit unterschiedlichen Hebekapazit\u00e4ten, so dass wir immer die richtige Ausr\u00fcstung f\u00fcr Ihre Herausforderung haben<\/p>\n\n\t\t<\/div>\n\t<\/div>\n<\/div><\/div><\/div><div class=\"wpb_column vc_column_container vc_col-sm-6\"><div class=\"vc_column-inner\"><div class=\"wpb_wrapper\">\n\t<div  class=\"wpb_single_image wpb_content_element vc_align_   sub-cat-header-afb\">\n\t\t\n\t\t<figure class=\"wpb_wrapper vc_figure\">\n\t\t\t<div class=\"vc_single_image-wrapper   vc_box_border_grey\"><img loading=\"lazy\" decoding=\"async\" width=\"800\" height=\"515\" src=\"https:\/\/www.gebrvermeertransport.nl\/wp-content\/uploads\/2021\/01\/Hijsportalen-uitgelicht.jpg\" class=\"vc_single_image-img attachment-full\" alt=\"\" srcset=\"https:\/\/www.gebrvermeertransport.nl\/wp-content\/uploads\/2021\/01\/Hijsportalen-uitgelicht.jpg 800w, https:\/\/www.gebrvermeertransport.nl\/wp-content\/uploads\/2021\/01\/Hijsportalen-uitgelicht-300x193.jpg 300w, https:\/\/www.gebrvermeertransport.nl\/wp-content\/uploads\/2021\/01\/Hijsportalen-uitgelicht-768x494.jpg 768w\" sizes=\"auto, (max-width: 800px) 100vw, 800px\" \/><\/div>\n\t\t<\/figure>\n\t<\/div>\n<\/div><\/div><\/div><\/div><div class=\"vc_row-full-width vc_clearfix\"><\/div><div class=\"vc_row wpb_row vc_row-fluid content-sidebar-row wpex-vc-has-custom-column-spacing wpex-vc-column-spacing-40 tablet-fullwidth-columns\"><div class=\"wpb_column tekst-kolom vc_column_container vc_col-sm-8\"><div class=\"vc_column-inner\"><div class=\"wpb_wrapper\">\n\t<div class=\"wpb_text_column wpb_content_element  first\" >\n\t\t<div class=\"wpb_wrapper\">\n\t\t\t<h2>Eine Auswahl an Ger\u00e4ten f\u00fcr jede Aufgabe<\/h2>\n<p>F\u00fcr Arbeiten, bei denen es auf Millimetergenauigkeit ankommt, aber dennoch eine maximale Hubkraft erforderlich ist, steht bei Gebr. Vermeer eine Vielzahl von Ger\u00e4ten zur Verf\u00fcgung. Wir verf\u00fcgen \u00fcber hydraulische Hebeportale und k\u00f6nnen dar\u00fcber hinaus zerlegbare Aluminium-Hebeportale bis zu 5 Tonnen sowie hydraulische Hebeportale f\u00fcr das Heben leichterer Lasten einsetzen. Je nach den erforderlichen Arbeiten stehen uns dabei verschiedene Hilfsmittel wie Hebetraversen, Hebematerial und Unterfangbalken zur Verf\u00fcgung.<\/p>\n\n\t\t<\/div>\n\t<\/div>\n<div class=\"wpex-slider-preloaderimg\"><img loading=\"lazy\" decoding=\"async\" data-no-lazy=\"1\" class=\"skip-lazy\" src=\"https:\/\/www.gebrvermeertransport.nl\/wp-content\/uploads\/2022\/04\/Hijsportalen-2.jpg\" alt=\"\" width=\"980\" height=\"400\" \/><\/div><div class=\"vcex-module wpex-slider slider-pro vcex-image-slider wpex-clr\" data-auto-play=\"false\" data-auto-play-delay=\"5000\" data-buttons=\"false\" data-fade-arrows=\"false\" data-animation-speed=\"600\" data-height-animation-duration=\"500\" data-thumbnail-height=\"70\" data-thumbnail-width=\"70\"><div class=\"wpex-slider-slides sp-slides\"><div class=\"wpex-slider-slide sp-slide\"><div class=\"wpex-slider-media\"><img loading=\"lazy\" decoding=\"async\" data-no-lazy=\"1\" class=\"skip-lazy\" src=\"https:\/\/www.gebrvermeertransport.nl\/wp-content\/uploads\/2022\/04\/Hijsportalen-2.jpg\" alt=\"\" width=\"980\" height=\"400\" \/><\/div><\/div><div class=\"wpex-slider-slide sp-slide\"><div class=\"wpex-slider-media\"><img loading=\"lazy\" decoding=\"async\" data-no-lazy=\"1\" class=\"skip-lazy\" src=\"https:\/\/www.gebrvermeertransport.nl\/wp-content\/uploads\/2022\/04\/Hijsportalen-3.jpg\" alt=\"\" width=\"980\" height=\"400\" \/><\/div><\/div><div class=\"wpex-slider-slide sp-slide\"><div class=\"wpex-slider-media\"><img loading=\"lazy\" decoding=\"async\" data-no-lazy=\"1\" class=\"skip-lazy\" src=\"https:\/\/www.gebrvermeertransport.nl\/wp-content\/uploads\/2021\/04\/Hijsportalen-1.jpg\" alt=\"\" width=\"980\" height=\"400\" \/><\/div><\/div><\/div><\/div>\n\t<div class=\"wpb_text_column wpb_content_element\" >\n\t\t<div class=\"wpb_wrapper\">\n\t\t\t<h3>Geschultes Personal, das die Hebeb\u00fchnen wie seine Westentasche kennt<\/h3>\n<p>Dar\u00fcber hinaus wird die Arbeit von engagierten und geschulten Maschinentransporteuren ausgef\u00fchrt, die das Heben und Transportieren von Portalen wie ihre Westentasche kennen. Mit \u00fcber 30 Jahren Erfahrung ist Gebr. Vermeer Industrial Movements jeder Aufgabe gewachsen. Mit unserem modernen Fuhrpark und einem umfangreichen Ger\u00e4teservice sind wir schnell und flexibel in der Planung und im 24\/7-Service. Die Kunden haben einen festen Ansprechpartner in unserem Unternehmen, der jederzeit f\u00fcr kurze Wege sorgt.<\/p>\n<p>Sie k\u00f6nnen sich auch an uns wenden, wenn es um die Aufstellung von Maschinen und die industrielle Demontage von Maschinen, Anlagen und Strukturen geht. Dieses komplette Dienstleistungspaket macht Gebr. Vermeer zu einem Begriff auf dem Gebiet der industriellen Verlagerung.<\/p>\n<p>Interessiert? Lassen Sie es uns wissen! Vielleicht haben Sie noch Fragen, zum Beispiel zu unseren Hebeportalen? Fragen Sie ruhig! Bei Gebr. Vermeer Industrial Movements steht Ihnen ein Team zur Seite, das Sie gerne weiterbringt. Bitte kontaktieren Sie <a href=\"https:\/\/www.gebrvermeertransport.nl\/de\/kontakt\/\">Kontakt<\/a> f\u00fcr einen genaueren Blick. Sie werden es bestimmt nicht bereuen.<\/p>\n\n\t\t<\/div>\n\t<\/div>\n<\/div><\/div><\/div><div class=\"wpb_column sidebar-kolom vc_column_container vc_col-sm-4\"><div class=\"vc_column-inner\"><div class=\"wpb_wrapper\"><div class=\"templatera_shortcode\"><div class=\"vc_row wpb_row vc_row-fluid\"><div class=\"wpb_column vc_column_container vc_col-sm-12\"><div class=\"vc_column-inner vc_custom_1608038486316\"><div class=\"wpb_wrapper\">\n\t<div class=\"wpb_text_column wpb_content_element  sidebar-blok-grijs diapositief\" >\n\t\t<div class=\"wpb_wrapper\">\n\t\t\t<h3>Kontakt aufnehmen<\/h3>\n<p>Haben Sie eine Frage? Dann z\u00f6gern Sie nicht, uns zu kontaktieren. Sie k\u00f6nnen unser Online-Kontaktformular ausf\u00fcllen oder uns direkt anrufen unter: 013 - 4670272. Gebr. Vermeer wird Ihnen helfen!<\/p>\n<p><a class=\"button wit\" href=\"\/de\/kontakt\/\">Kontakt aufnehmen<\/a><\/p>\n\n\t\t<\/div>\n\t<\/div>\n<\/div><\/div><\/div><\/div><\/div><div class=\"templatera_shortcode\"><div class=\"vc_row wpb_row vc_row-fluid\"><div class=\"wpb_column vc_column_container vc_col-sm-12\"><div class=\"vc_column-inner vc_custom_1608038486316\"><div class=\"wpb_wrapper\">\n\t<div class=\"wpb_text_column wpb_content_element  sidebar-blok-offerte diapositief\" >\n\t\t<div class=\"wpb_wrapper\">\n\t\t\t<h3>Angebot anfordern<\/h3>\n<p>M\u00f6chten Sie ein Angebot erhalten? Dann k\u00f6nnen Sie einfach und schnell direkt online ein Formular zur Angebotsanfrage ausf\u00fcllen. Wir werden uns dann mit Ihnen in Verbindung setzen. Gebr. Vermeer Spezialtransporte wird Ihnen helfen!<\/p>\n<p><a class=\"button wit\" href=\"\/de\/ein-angebot-anfordern\/\">Angebot anfordern<\/a><\/p>\n\n\t\t<\/div>\n\t<\/div>\n<\/div><\/div><\/div><\/div><\/div><\/div><\/div><\/div><\/div><div data-vc-full-width=\"true\" data-vc-full-width-init=\"false\" class=\"vc_row wpb_row vc_row-fluid skewed-bg-row sub-cat wpex-vc-row-stretched\"><div class=\"wpb_column vc_column_container vc_col-sm-12\"><div class=\"vc_column-inner\"><div class=\"wpb_wrapper\"><div class=\"vc_row wpb_row vc_inner vc_row-fluid sub-cat-projecten-row\"><div class=\"wpb_column vc_column_container vc_col-sm-12\"><div class=\"vc_column-inner\"><div class=\"wpb_wrapper\">\n\t<div class=\"wpb_text_column wpb_content_element\" >\n\t\t<div class=\"wpb_wrapper\">\n\t\t\t<h3>Projekte<\/h3>\n<p><span class=\"grijs ondertitel\">Hubstangen<\/span><\/p>\n\n\t\t<\/div>\n\t<\/div>\nBald online.<\/div><\/div><\/div><\/div><\/div><\/div><\/div><\/div><div class=\"vc_row-full-width vc_clearfix\"><\/div>","protected":false},"excerpt":{"rendered":"Hebeportale Hydraulische Portale sind eine sichere und effiziente M\u00f6glichkeit, schwere Lasten in Bereichen zu bewegen, in denen kein Hallenkran zur Verf\u00fcgung steht oder ein herk\u00f6mmlicher Mobilkran einfach nicht hineinpasst. Normale Kr\u00e4ne heben vom Herzst\u00fcck des Krans bis zum...","protected":false},"author":1,"featured_media":2005,"parent":0,"menu_order":0,"comment_status":"closed","ping_status":"closed","template":"","meta":{"inline_featured_image":false,"footnotes":""},"class_list":["post-1943","page","type-page","status-publish","has-post-thumbnail","hentry","entry","has-media"],"yoast_head":"<!-- This site is optimized with the Yoast SEO plugin v26.4 - https:\/\/yoast.com\/wordpress\/plugins\/seo\/ -->\n<title>Hijsportalen tot 160 ton, uw machine onze zorg! Gebr. Vermeer.<\/title>\n<meta name=\"description\" content=\"Wij leveren maatwerk op het gebied van hijsportalen, het veilig en effici\u00ebnt hijsen van zware objecten dat is waar we goed in zijn!\" \/>\n<meta name=\"robots\" content=\"index, follow, max-snippet:-1, max-image-preview:large, max-video-preview:-1\" \/>\n<link rel=\"canonical\" href=\"https:\/\/www.gebrvermeertransport.nl\/de\/hebebuhnen\/\" \/>\n<meta property=\"og:locale\" content=\"de_DE\" \/>\n<meta property=\"og:type\" content=\"article\" \/>\n<meta property=\"og:title\" content=\"Hijsportalen tot 160 ton, uw machine onze zorg! Gebr. Vermeer.\" \/>\n<meta property=\"og:description\" content=\"Wij leveren maatwerk op het gebied van hijsportalen, het veilig en effici\u00ebnt hijsen van zware objecten dat is waar we goed in zijn!\" \/>\n<meta property=\"og:url\" content=\"https:\/\/www.gebrvermeertransport.nl\/de\/hebebuhnen\/\" \/>\n<meta property=\"og:site_name\" content=\"Gebr. Vermeer\" \/>\n<meta property=\"article:modified_time\" content=\"2025-11-25T07:51:08+00:00\" \/>\n<meta property=\"og:image\" content=\"https:\/\/www.gebrvermeertransport.nl\/wp-content\/uploads\/2021\/01\/Hijsportalen-uitgelicht.jpg\" \/>\n\t<meta property=\"og:image:width\" content=\"800\" \/>\n\t<meta property=\"og:image:height\" content=\"515\" \/>\n\t<meta property=\"og:image:type\" content=\"image\/jpeg\" \/>\n<meta name=\"twitter:card\" content=\"summary_large_image\" \/>\n<meta name=\"twitter:label1\" content=\"Gesch\u00e4tzte Lesezeit\" \/>\n\t<meta name=\"twitter:data1\" content=\"3\u00a0Minuten\" \/>\n<script type=\"application\/ld+json\" class=\"yoast-schema-graph\">{\"@context\":\"https:\/\/schema.org\",\"@graph\":[{\"@type\":\"WebPage\",\"@id\":\"https:\/\/www.gebrvermeertransport.nl\/hijsportalen\/\",\"url\":\"https:\/\/www.gebrvermeertransport.nl\/hijsportalen\/\",\"name\":\"Hijsportalen tot 160 ton, uw machine onze zorg! Gebr. Vermeer.\",\"isPartOf\":{\"@id\":\"https:\/\/www.gebrvermeertransport.nl\/#website\"},\"primaryImageOfPage\":{\"@id\":\"https:\/\/www.gebrvermeertransport.nl\/hijsportalen\/#primaryimage\"},\"image\":{\"@id\":\"https:\/\/www.gebrvermeertransport.nl\/hijsportalen\/#primaryimage\"},\"thumbnailUrl\":\"https:\/\/www.gebrvermeertransport.nl\/wp-content\/uploads\/2021\/01\/Hijsportalen-uitgelicht.jpg\",\"datePublished\":\"2021-01-22T14:08:06+00:00\",\"dateModified\":\"2025-11-25T07:51:08+00:00\",\"description\":\"Wij leveren maatwerk op het gebied van hijsportalen, het veilig en effici\u00ebnt hijsen van zware objecten dat is waar we goed in zijn!\",\"breadcrumb\":{\"@id\":\"https:\/\/www.gebrvermeertransport.nl\/hijsportalen\/#breadcrumb\"},\"inLanguage\":\"de\",\"potentialAction\":[{\"@type\":\"ReadAction\",\"target\":[\"https:\/\/www.gebrvermeertransport.nl\/hijsportalen\/\"]}]},{\"@type\":\"ImageObject\",\"inLanguage\":\"de\",\"@id\":\"https:\/\/www.gebrvermeertransport.nl\/hijsportalen\/#primaryimage\",\"url\":\"https:\/\/www.gebrvermeertransport.nl\/wp-content\/uploads\/2021\/01\/Hijsportalen-uitgelicht.jpg\",\"contentUrl\":\"https:\/\/www.gebrvermeertransport.nl\/wp-content\/uploads\/2021\/01\/Hijsportalen-uitgelicht.jpg\",\"width\":800,\"height\":515},{\"@type\":\"BreadcrumbList\",\"@id\":\"https:\/\/www.gebrvermeertransport.nl\/hijsportalen\/#breadcrumb\",\"itemListElement\":[{\"@type\":\"ListItem\",\"position\":1,\"name\":\"Home\",\"item\":\"https:\/\/www.gebrvermeertransport.nl\/\"},{\"@type\":\"ListItem\",\"position\":2,\"name\":\"Hijsportalen\"}]},{\"@type\":\"WebSite\",\"@id\":\"https:\/\/www.gebrvermeertransport.nl\/#website\",\"url\":\"https:\/\/www.gebrvermeertransport.nl\/\",\"name\":\"Gebr. Vermeer\",\"description\":\"\",\"publisher\":{\"@id\":\"https:\/\/www.gebrvermeertransport.nl\/#organization\"},\"potentialAction\":[{\"@type\":\"SearchAction\",\"target\":{\"@type\":\"EntryPoint\",\"urlTemplate\":\"https:\/\/www.gebrvermeertransport.nl\/?s={search_term_string}\"},\"query-input\":{\"@type\":\"PropertyValueSpecification\",\"valueRequired\":true,\"valueName\":\"search_term_string\"}}],\"inLanguage\":\"de\"},{\"@type\":\"Organization\",\"@id\":\"https:\/\/www.gebrvermeertransport.nl\/#organization\",\"name\":\"Gebr. Vermeer\",\"url\":\"https:\/\/www.gebrvermeertransport.nl\/\",\"logo\":{\"@type\":\"ImageObject\",\"inLanguage\":\"de\",\"@id\":\"https:\/\/www.gebrvermeertransport.nl\/#\/schema\/logo\/image\/\",\"url\":\"https:\/\/www.gebrvermeertransport.nl\/wp-content\/uploads\/2020\/12\/Logo-web-GV.svg\",\"contentUrl\":\"https:\/\/www.gebrvermeertransport.nl\/wp-content\/uploads\/2020\/12\/Logo-web-GV.svg\",\"caption\":\"Gebr. Vermeer\"},\"image\":{\"@id\":\"https:\/\/www.gebrvermeertransport.nl\/#\/schema\/logo\/image\/\"}}]}<\/script>\n<!-- \/ Yoast SEO plugin. -->","yoast_head_json":{"title":"Hebeb\u00fchnen bis zu 160 Tonnen, Ihre Maschine unser Anliegen! Gebr. Vermeer.","description":"Wir bieten ma\u00dfgeschneiderte Hebeb\u00fchnen an, denn schwere Gegenst\u00e4nde sicher und effizient zu heben, ist unsere St\u00e4rke!","robots":{"index":"index","follow":"follow","max-snippet":"max-snippet:-1","max-image-preview":"max-image-preview:large","max-video-preview":"max-video-preview:-1"},"canonical":"https:\/\/www.gebrvermeertransport.nl\/de\/hebebuhnen\/","og_locale":"de_DE","og_type":"article","og_title":"Hijsportalen tot 160 ton, uw machine onze zorg! Gebr. Vermeer.","og_description":"Wij leveren maatwerk op het gebied van hijsportalen, het veilig en effici\u00ebnt hijsen van zware objecten dat is waar we goed in zijn!","og_url":"https:\/\/www.gebrvermeertransport.nl\/de\/hebebuhnen\/","og_site_name":"Gebr. Vermeer","article_modified_time":"2025-11-25T07:51:08+00:00","og_image":[{"width":800,"height":515,"url":"https:\/\/www.gebrvermeertransport.nl\/wp-content\/uploads\/2021\/01\/Hijsportalen-uitgelicht.jpg","type":"image\/jpeg"}],"twitter_card":"summary_large_image","twitter_misc":{"Gesch\u00e4tzte Lesezeit":"3\u00a0Minuten"},"schema":{"@context":"https:\/\/schema.org","@graph":[{"@type":"WebPage","@id":"https:\/\/www.gebrvermeertransport.nl\/hijsportalen\/","url":"https:\/\/www.gebrvermeertransport.nl\/hijsportalen\/","name":"Hebeb\u00fchnen bis zu 160 Tonnen, Ihre Maschine unser Anliegen! Gebr. Vermeer.","isPartOf":{"@id":"https:\/\/www.gebrvermeertransport.nl\/#website"},"primaryImageOfPage":{"@id":"https:\/\/www.gebrvermeertransport.nl\/hijsportalen\/#primaryimage"},"image":{"@id":"https:\/\/www.gebrvermeertransport.nl\/hijsportalen\/#primaryimage"},"thumbnailUrl":"https:\/\/www.gebrvermeertransport.nl\/wp-content\/uploads\/2021\/01\/Hijsportalen-uitgelicht.jpg","datePublished":"2021-01-22T14:08:06+00:00","dateModified":"2025-11-25T07:51:08+00:00","description":"Wir bieten ma\u00dfgeschneiderte Hebeb\u00fchnen an, denn schwere Gegenst\u00e4nde sicher und effizient zu heben, ist unsere St\u00e4rke!","breadcrumb":{"@id":"https:\/\/www.gebrvermeertransport.nl\/hijsportalen\/#breadcrumb"},"inLanguage":"de","potentialAction":[{"@type":"ReadAction","target":["https:\/\/www.gebrvermeertransport.nl\/hijsportalen\/"]}]},{"@type":"ImageObject","inLanguage":"de","@id":"https:\/\/www.gebrvermeertransport.nl\/hijsportalen\/#primaryimage","url":"https:\/\/www.gebrvermeertransport.nl\/wp-content\/uploads\/2021\/01\/Hijsportalen-uitgelicht.jpg","contentUrl":"https:\/\/www.gebrvermeertransport.nl\/wp-content\/uploads\/2021\/01\/Hijsportalen-uitgelicht.jpg","width":800,"height":515},{"@type":"BreadcrumbList","@id":"https:\/\/www.gebrvermeertransport.nl\/hijsportalen\/#breadcrumb","itemListElement":[{"@type":"ListItem","position":1,"name":"Home","item":"https:\/\/www.gebrvermeertransport.nl\/"},{"@type":"ListItem","position":2,"name":"Hijsportalen"}]},{"@type":"WebSite","@id":"https:\/\/www.gebrvermeertransport.nl\/#website","url":"https:\/\/www.gebrvermeertransport.nl\/","name":"Gebr. Vermeer","description":"","publisher":{"@id":"https:\/\/www.gebrvermeertransport.nl\/#organization"},"potentialAction":[{"@type":"SearchAction","target":{"@type":"EntryPoint","urlTemplate":"https:\/\/www.gebrvermeertransport.nl\/?s={search_term_string}"},"query-input":{"@type":"PropertyValueSpecification","valueRequired":true,"valueName":"search_term_string"}}],"inLanguage":"de"},{"@type":"Organization","@id":"https:\/\/www.gebrvermeertransport.nl\/#organization","name":"Gebr. Vermeer","url":"https:\/\/www.gebrvermeertransport.nl\/","logo":{"@type":"ImageObject","inLanguage":"de","@id":"https:\/\/www.gebrvermeertransport.nl\/#\/schema\/logo\/image\/","url":"https:\/\/www.gebrvermeertransport.nl\/wp-content\/uploads\/2020\/12\/Logo-web-GV.svg","contentUrl":"https:\/\/www.gebrvermeertransport.nl\/wp-content\/uploads\/2020\/12\/Logo-web-GV.svg","caption":"Gebr. Vermeer"},"image":{"@id":"https:\/\/www.gebrvermeertransport.nl\/#\/schema\/logo\/image\/"}}]}},"_links":{"self":[{"href":"https:\/\/www.gebrvermeertransport.nl\/de\/wp-json\/wp\/v2\/pages\/1943","targetHints":{"allow":["GET"]}}],"collection":[{"href":"https:\/\/www.gebrvermeertransport.nl\/de\/wp-json\/wp\/v2\/pages"}],"about":[{"href":"https:\/\/www.gebrvermeertransport.nl\/de\/wp-json\/wp\/v2\/types\/page"}],"author":[{"embeddable":true,"href":"https:\/\/www.gebrvermeertransport.nl\/de\/wp-json\/wp\/v2\/users\/1"}],"replies":[{"embeddable":true,"href":"https:\/\/www.gebrvermeertransport.nl\/de\/wp-json\/wp\/v2\/comments?post=1943"}],"version-history":[{"count":12,"href":"https:\/\/www.gebrvermeertransport.nl\/de\/wp-json\/wp\/v2\/pages\/1943\/revisions"}],"predecessor-version":[{"id":3430,"href":"https:\/\/www.gebrvermeertransport.nl\/de\/wp-json\/wp\/v2\/pages\/1943\/revisions\/3430"}],"wp:featuredmedia":[{"embeddable":true,"href":"https:\/\/www.gebrvermeertransport.nl\/de\/wp-json\/wp\/v2\/media\/2005"}],"wp:attachment":[{"href":"https:\/\/www.gebrvermeertransport.nl\/de\/wp-json\/wp\/v2\/media?parent=1943"}],"curies":[{"name":"wp","href":"https:\/\/api.w.org\/{rel}","templated":true}]}}