{"id":1886,"date":"2021-01-21T14:10:59","date_gmt":"2021-01-21T14:10:59","guid":{"rendered":"https:\/\/www.gebrvermeertransport.nl\/?page_id=1886"},"modified":"2022-04-11T12:44:54","modified_gmt":"2022-04-11T12:44:54","slug":"ein-angebot-anfordern","status":"publish","type":"page","link":"https:\/\/www.gebrvermeertransport.nl\/de\/ein-angebot-anfordern\/","title":{"rendered":"Angebot anfordern"},"content":{"rendered":"<div class=\"vc_row wpb_row vc_row-fluid vc_custom_1649664621655\"><div class=\"wpb_column vc_column_container vc_col-sm-12\"><div class=\"vc_column-inner\"><div class=\"wpb_wrapper\">\n\t<div class=\"wpb_text_column wpb_content_element\" >\n\t\t<div class=\"wpb_wrapper\">\n\t\t\t<h2>F\u00fcllen Sie das untenstehende Formular aus<\/h2>\n\n\t\t<\/div>\n\t<\/div>\n<script>\nvar gform;gform||(document.addEventListener(\"gform_main_scripts_loaded\",function(){gform.scriptsLoaded=!0}),document.addEventListener(\"gform\/theme\/scripts_loaded\",function(){gform.themeScriptsLoaded=!0}),window.addEventListener(\"DOMContentLoaded\",function(){gform.domLoaded=!0}),gform={domLoaded:!1,scriptsLoaded:!1,themeScriptsLoaded:!1,isFormEditor:()=>\"function\"==typeof InitializeEditor,callIfLoaded:function(o){return!(!gform.domLoaded||!gform.scriptsLoaded||!gform.themeScriptsLoaded&&!gform.isFormEditor()||(gform.isFormEditor()&&console.warn(\"The use of gform.initializeOnLoaded() is deprecated in the form editor context and will be removed in Gravity Forms 3.1.\"),o(),0))},initializeOnLoaded:function(o){gform.callIfLoaded(o)||(document.addEventListener(\"gform_main_scripts_loaded\",()=>{gform.scriptsLoaded=!0,gform.callIfLoaded(o)}),document.addEventListener(\"gform\/theme\/scripts_loaded\",()=>{gform.themeScriptsLoaded=!0,gform.callIfLoaded(o)}),window.addEventListener(\"DOMContentLoaded\",()=>{gform.domLoaded=!0,gform.callIfLoaded(o)}))},hooks:{action:{},filter:{}},addAction:function(o,r,e,t){gform.addHook(\"action\",o,r,e,t)},addFilter:function(o,r,e,t){gform.addHook(\"filter\",o,r,e,t)},doAction:function(o){gform.doHook(\"action\",o,arguments)},applyFilters:function(o){return gform.doHook(\"filter\",o,arguments)},removeAction:function(o,r){gform.removeHook(\"action\",o,r)},removeFilter:function(o,r,e){gform.removeHook(\"filter\",o,r,e)},addHook:function(o,r,e,t,n){null==gform.hooks[o][r]&&(gform.hooks[o][r]=[]);var d=gform.hooks[o][r];null==n&&(n=r+\"_\"+d.length),gform.hooks[o][r].push({tag:n,callable:e,priority:t=null==t?10:t})},doHook:function(r,o,e){var t;if(e=Array.prototype.slice.call(e,1),null!=gform.hooks[r][o]&&((o=gform.hooks[r][o]).sort(function(o,r){return o.priority-r.priority}),o.forEach(function(o){\"function\"!=typeof(t=o.callable)&&(t=window[t]),\"action\"==r?t.apply(null,e):e[0]=t.apply(null,e)})),\"filter\"==r)return e[0]},removeHook:function(o,r,t,n){var e;null!=gform.hooks[o][r]&&(e=(e=gform.hooks[o][r]).filter(function(o,r,e){return!!(null!=n&&n!=o.tag||null!=t&&t!=o.priority)}),gform.hooks[o][r]=e)}});\n<\/script>\n\n                <div class='gf_browser_gecko gform_wrapper gform_legacy_markup_wrapper gform-theme--no-framework' data-form-theme='legacy' data-form-index='0' id='gform_wrapper_3' ><form method='post' enctype='multipart\/form-data'  id='gform_3'  action='\/de\/wp-json\/wp\/v2\/pages\/1886' data-formid='3' novalidate data-trp-original-action=\"\/de\/wp-json\/wp\/v2\/pages\/1886\">\n                        <div class='gform-body gform_body'><ul id='gform_fields_3' class='gform_fields top_label form_sublabel_below description_below validation_below'><li id=\"field_3_9\" class=\"gfield gfield--type-honeypot gform_validation_container field_sublabel_below gfield--has-description field_description_below field_validation_below gfield_visibility_visible\"  ><label class='gfield_label gform-field-label' for='input_3_9'>Instagram<\/label><div class='ginput_container'><input name='input_9' id='input_3_9' type='text' value='' autocomplete='new-password'\/><\/div><div class='gfield_description' id='gfield_description_3_9'>Dieses Feld dient zur Validierung und sollte nicht ver\u00e4ndert werden.<\/div><\/li><li id=\"field_3_2\" class=\"gfield gfield--type-checkbox gfield--type-choice gf_list_5col gfield_contains_required field_sublabel_below gfield--no-description field_description_below field_validation_below gfield_visibility_visible\"  ><label class='gfield_label gform-field-label gfield_label_before_complex' >F\u00fcr welche(s) Thema(s) m\u00f6chten Sie ein Angebot einholen?<span class=\"gfield_required\"><span class=\"gfield_required gfield_required_asterisk\">*<\/span><\/span><\/label><div class='ginput_container ginput_container_checkbox'><ul class='gfield_checkbox' id='input_3_2'><li class='gchoice gchoice_3_2_1'>\n\t\t\t\t\t\t\t\t<input class='gfield-choice-input' name='input_2.1' type='checkbox'  value='Transport'  id='choice_3_2_1'   \/>\n\t\t\t\t\t\t\t\t<label for='choice_3_2_1' id='label_3_2_1' class='gform-field-label gform-field-label--type-inline'>Transport<\/label>\n\t\t\t\t\t\t\t<\/li><li class='gchoice gchoice_3_2_2'>\n\t\t\t\t\t\t\t\t<input class='gfield-choice-input' name='input_2.2' type='checkbox'  value='Machinetransport'  id='choice_3_2_2'   \/>\n\t\t\t\t\t\t\t\t<label for='choice_3_2_2' id='label_3_2_2' class='gform-field-label gform-field-label--type-inline'>Transport der Maschine<\/label>\n\t\t\t\t\t\t\t<\/li><li class='gchoice gchoice_3_2_3'>\n\t\t\t\t\t\t\t\t<input class='gfield-choice-input' name='input_2.3' type='checkbox'  value='Bedrijfsverhuizing'  id='choice_3_2_3'   \/>\n\t\t\t\t\t\t\t\t<label for='choice_3_2_3' id='label_3_2_3' class='gform-field-label gform-field-label--type-inline'>Betriebsverlagerung<\/label>\n\t\t\t\t\t\t\t<\/li><li class='gchoice gchoice_3_2_4'>\n\t\t\t\t\t\t\t\t<input class='gfield-choice-input' name='input_2.4' type='checkbox'  value='Industri\u00eble (de)montage'  id='choice_3_2_4'   \/>\n\t\t\t\t\t\t\t\t<label for='choice_3_2_4' id='label_3_2_4' class='gform-field-label gform-field-label--type-inline'>Industrielle (De-)Montage<\/label>\n\t\t\t\t\t\t\t<\/li><li class='gchoice gchoice_3_2_5'>\n\t\t\t\t\t\t\t\t<input class='gfield-choice-input' name='input_2.5' type='checkbox'  value='Verpakken &amp; Export'  id='choice_3_2_5'   \/>\n\t\t\t\t\t\t\t\t<label for='choice_3_2_5' id='label_3_2_5' class='gform-field-label gform-field-label--type-inline'>Verpackung &amp; Export<\/label>\n\t\t\t\t\t\t\t<\/li><li class='gchoice gchoice_3_2_6'>\n\t\t\t\t\t\t\t\t<input class='gfield-choice-input' name='input_2.6' type='checkbox'  value='Opslag \/ Overslag'  id='choice_3_2_6'   \/>\n\t\t\t\t\t\t\t\t<label for='choice_3_2_6' id='label_3_2_6' class='gform-field-label gform-field-label--type-inline'>Lagerung\/Umschlag<\/label>\n\t\t\t\t\t\t\t<\/li><li class='gchoice gchoice_3_2_7'>\n\t\t\t\t\t\t\t\t<input class='gfield-choice-input' name='input_2.7' type='checkbox'  value='Autolaadkranen'  id='choice_3_2_7'   \/>\n\t\t\t\t\t\t\t\t<label for='choice_3_2_7' id='label_3_2_7' class='gform-field-label gform-field-label--type-inline'>Autokr\u00e4ne<\/label>\n\t\t\t\t\t\t\t<\/li><li class='gchoice gchoice_3_2_8'>\n\t\t\t\t\t\t\t\t<input class='gfield-choice-input' name='input_2.8' type='checkbox'  value='Hijsportalen'  id='choice_3_2_8'   \/>\n\t\t\t\t\t\t\t\t<label for='choice_3_2_8' id='label_3_2_8' class='gform-field-label gform-field-label--type-inline'>Hubstangen<\/label>\n\t\t\t\t\t\t\t<\/li><li class='gchoice gchoice_3_2_9'>\n\t\t\t\t\t\t\t\t<input class='gfield-choice-input' name='input_2.9' type='checkbox'  value='Containers'  id='choice_3_2_9'   \/>\n\t\t\t\t\t\t\t\t<label for='choice_3_2_9' id='label_3_2_9' class='gform-field-label gform-field-label--type-inline'>Beh\u00e4ltnisse<\/label>\n\t\t\t\t\t\t\t<\/li><li class='gchoice gchoice_3_2_11'>\n\t\t\t\t\t\t\t\t<input class='gfield-choice-input' name='input_2.11' type='checkbox'  value='Testgewichten'  id='choice_3_2_11'   \/>\n\t\t\t\t\t\t\t\t<label for='choice_3_2_11' id='label_3_2_11' class='gform-field-label gform-field-label--type-inline'>Testgewichte<\/label>\n\t\t\t\t\t\t\t<\/li><li class='gchoice gchoice_3_2_12'>\n\t\t\t\t\t\t\t\t<input class='gfield-choice-input' name='input_2.12' type='checkbox'  value='Heftrucks'  id='choice_3_2_12'   \/>\n\t\t\t\t\t\t\t\t<label for='choice_3_2_12' id='label_3_2_12' class='gform-field-label gform-field-label--type-inline'>Gabelstapler<\/label>\n\t\t\t\t\t\t\t<\/li><li class='gchoice gchoice_3_2_13'>\n\t\t\t\t\t\t\t\t<input class='gfield-choice-input' name='input_2.13' type='checkbox'  value='Minikranen'  id='choice_3_2_13'   \/>\n\t\t\t\t\t\t\t\t<label for='choice_3_2_13' id='label_3_2_13' class='gform-field-label gform-field-label--type-inline'>Mini-Kr\u00e4ne<\/label>\n\t\t\t\t\t\t\t<\/li><li class='gchoice gchoice_3_2_14'>\n\t\t\t\t\t\t\t\t<input class='gfield-choice-input' name='input_2.14' type='checkbox'  value='Modulaire units'  id='choice_3_2_14'   \/>\n\t\t\t\t\t\t\t\t<label for='choice_3_2_14' id='label_3_2_14' class='gform-field-label gform-field-label--type-inline'>Modulare Einheiten<\/label>\n\t\t\t\t\t\t\t<\/li><\/ul><\/div><\/li><li id=\"field_3_3\" class=\"gfield gfield--type-textarea gfield_contains_required field_sublabel_below gfield--no-description field_description_below field_validation_below gfield_visibility_visible\"  ><label class='gfield_label gform-field-label' for='input_3_3'>Beschreibung der gew\u00fcnschten Dienstleistung(en)<span class=\"gfield_required\"><span class=\"gfield_required gfield_required_asterisk\">*<\/span><\/span><\/label><div class='ginput_container ginput_container_textarea'><textarea name='input_3' id='input_3_3' class='textarea large'     aria-required=\"true\" aria-invalid=\"false\"   rows='10' cols='50'><\/textarea><\/div><\/li><li id=\"field_3_4\" class=\"gfield gfield--type-text gf_left_half gfield_contains_required field_sublabel_below gfield--no-description field_description_below field_validation_below gfield_visibility_visible\"  ><label class='gfield_label gform-field-label' for='input_3_4'>Ihr Name<span class=\"gfield_required\"><span class=\"gfield_required gfield_required_asterisk\">*<\/span><\/span><\/label><div class='ginput_container ginput_container_text'><input name='input_4' id='input_3_4' type='text' value='' class='large'     aria-required=\"true\" aria-invalid=\"false\"   \/><\/div><\/li><li id=\"field_3_5\" class=\"gfield gfield--type-text gf_right_half gfield_contains_required field_sublabel_below gfield--no-description field_description_below field_validation_below gfield_visibility_visible\"  ><label class='gfield_label gform-field-label' for='input_3_5'>Ihr Firmenname<span class=\"gfield_required\"><span class=\"gfield_required gfield_required_asterisk\">*<\/span><\/span><\/label><div class='ginput_container ginput_container_text'><input name='input_5' id='input_3_5' type='text' value='' class='large'     aria-required=\"true\" aria-invalid=\"false\"   \/><\/div><\/li><li id=\"field_3_6\" class=\"gfield gfield--type-email gf_left_half gfield_contains_required field_sublabel_below gfield--no-description field_description_below field_validation_below gfield_visibility_visible\"  ><label class='gfield_label gform-field-label' for='input_3_6'>E-Mail Adresse<span class=\"gfield_required\"><span class=\"gfield_required gfield_required_asterisk\">*<\/span><\/span><\/label><div class='ginput_container ginput_container_email'>\n                            <input name='input_6' id='input_3_6' type='email' value='' class='large'    aria-required=\"true\" aria-invalid=\"false\"  \/>\n                        <\/div><\/li><li id=\"field_3_7\" class=\"gfield gfield--type-phone gf_right_half gfield_contains_required field_sublabel_below gfield--no-description field_description_below field_validation_below gfield_visibility_visible\"  ><label class='gfield_label gform-field-label' for='input_3_7'>Rufnummer<span class=\"gfield_required\"><span class=\"gfield_required gfield_required_asterisk\">*<\/span><\/span><\/label><div class='ginput_container ginput_container_phone'><input name='input_7' id='input_3_7' type='tel' value='' class='large'   aria-required=\"true\" aria-invalid=\"false\"   \/><\/div><\/li><li id=\"field_3_8\" class=\"gfield gfield--type-captcha gfield--width-full field_sublabel_below gfield--no-description field_description_below hidden_label field_validation_below gfield_visibility_visible\"  ><label class='gfield_label gform-field-label' for='input_3_8'>CAPTCHA<\/label><div id='input_3_8' class='ginput_container ginput_recaptcha' data-sitekey='6LeZe2UfAAAAADPBqsyL40-kut5-Awoz9T_4AxWc'  data-theme='light' data-tabindex='-1' data-size='invisible' data-badge='inline'><\/div><\/li><\/ul><\/div>\n        <div class='gform-footer gform_footer top_label'> <input type='submit' id='gform_submit_button_3' class='gform_button button' onclick='gform.submission.handleButtonClick(this);' data-submission-type='submit' value='Absenden'  \/> \n            <input type='hidden' class='gform_hidden' name='gform_submission_method' data-js='gform_submission_method_3' value='postback' \/>\n            <input type='hidden' class='gform_hidden' name='gform_theme' data-js='gform_theme_3' id='gform_theme_3' value='legacy' \/>\n            <input type='hidden' class='gform_hidden' name='gform_style_settings' data-js='gform_style_settings_3' id='gform_style_settings_3' value='[]' \/>\n            <input type='hidden' class='gform_hidden' name='is_submit_3' value='1' \/>\n            <input type='hidden' class='gform_hidden' name='gform_submit' value='3' \/>\n            \n            <input type='hidden' class='gform_hidden' name='gform_currency' data-currency='EUR' value='OITekMRlvHRuZPGhYjRCr2CplEsPKcfiCJsyaJIlEGXbYZrGVVJLx9CdW68TPCyJgyuUhBau\/Q4ER8OBXj2ESJ4tMSA8GM7FkbrpofAS0Rur9iM=' \/>\n            <input type='hidden' class='gform_hidden' name='gform_unique_id' value='' \/>\n            <input type='hidden' class='gform_hidden' name='state_3' value='WyJbXSIsIjQ5NjcwYWQxOTc4Njc2ZTIwM2NkZmQ4ZTU3N2JiYTI1Il0=' \/>\n            <input type='hidden' autocomplete='off' class='gform_hidden' name='gform_target_page_number_3' id='gform_target_page_number_3' value='0' \/>\n            <input type='hidden' autocomplete='off' class='gform_hidden' name='gform_source_page_number_3' id='gform_source_page_number_3' value='1' \/>\n            <input type='hidden' name='gform_field_values' value='' \/>\n            \n        <\/div>\n                        <input type=\"hidden\" name=\"trp-form-language\" value=\"de\"\/><\/form>\n                        <\/div><script>\ngform.initializeOnLoaded( function() {gformInitSpinner( 3, 'https:\/\/www.gebrvermeertransport.nl\/wp-content\/plugins\/gravityforms\/images\/spinner.svg', true );jQuery('#gform_ajax_frame_3').on('load',function(){var contents = jQuery(this).contents().find('*').html();var is_postback = contents.indexOf('GF_AJAX_POSTBACK') >= 0;if(!is_postback){return;}var form_content = jQuery(this).contents().find('#gform_wrapper_3');var is_confirmation = jQuery(this).contents().find('#gform_confirmation_wrapper_3').length > 0;var is_redirect = contents.indexOf('gformRedirect(){') >= 0;var is_form = form_content.length > 0 && ! is_redirect && ! is_confirmation;var mt = parseInt(jQuery('html').css('margin-top'), 10) + parseInt(jQuery('body').css('margin-top'), 10) + 100;if(is_form){jQuery('#gform_wrapper_3').html(form_content.html());if(form_content.hasClass('gform_validation_error')){jQuery('#gform_wrapper_3').addClass('gform_validation_error');} else {jQuery('#gform_wrapper_3').removeClass('gform_validation_error');}setTimeout( function() { \/* delay the scroll by 50 milliseconds to fix a bug in chrome *\/  }, 50 );if(window['gformInitDatepicker']) {gformInitDatepicker();}if(window['gformInitPriceFields']) {gformInitPriceFields();}var current_page = jQuery('#gform_source_page_number_3').val();gformInitSpinner( 3, 'https:\/\/www.gebrvermeertransport.nl\/wp-content\/plugins\/gravityforms\/images\/spinner.svg', true );jQuery(document).trigger('gform_page_loaded', [3, current_page]);window['gf_submitting_3'] = false;}else if(!is_redirect){var confirmation_content = jQuery(this).contents().find('.GF_AJAX_POSTBACK').html();if(!confirmation_content){confirmation_content = contents;}jQuery('#gform_wrapper_3').replaceWith(confirmation_content);jQuery(document).trigger('gform_confirmation_loaded', [3]);window['gf_submitting_3'] = false;wp.a11y.speak(jQuery('#gform_confirmation_message_3').text());}else{jQuery('#gform_3').append(contents);if(window['gformRedirect']) {gformRedirect();}}jQuery(document).trigger(\"gform_pre_post_render\", [{ formId: \"3\", currentPage: \"current_page\", abort: function() { this.preventDefault(); } }]);        if (event && event.defaultPrevented) {                return;        }        const gformWrapperDiv = document.getElementById( \"gform_wrapper_3\" );        if ( gformWrapperDiv ) {            const visibilitySpan = document.createElement( \"span\" );            visibilitySpan.id = \"gform_visibility_test_3\";            gformWrapperDiv.insertAdjacentElement( \"afterend\", visibilitySpan );        }        const visibilityTestDiv = document.getElementById( \"gform_visibility_test_3\" );        let postRenderFired = false;        function triggerPostRender() {            if ( postRenderFired ) {                return;            }            postRenderFired = true;            gform.core.triggerPostRenderEvents( 3, current_page );            if ( visibilityTestDiv ) {                visibilityTestDiv.parentNode.removeChild( visibilityTestDiv );            }        }        function debounce( func, wait, immediate ) {            var timeout;            return function() {                var context = this, args = arguments;                var later = function() {                    timeout = null;                    if ( !immediate ) func.apply( context, args );                };                var callNow = immediate && !timeout;                clearTimeout( timeout );                timeout = setTimeout( later, wait );                if ( callNow ) func.apply( context, args );            };        }        const debouncedTriggerPostRender = debounce( function() {            triggerPostRender();        }, 200 );        if ( visibilityTestDiv && visibilityTestDiv.offsetParent === null ) {            const observer = new MutationObserver( ( mutations ) => {                mutations.forEach( ( mutation ) => {                    if ( mutation.type === 'attributes' && visibilityTestDiv.offsetParent !== null ) {                        debouncedTriggerPostRender();                        observer.disconnect();                    }                });            });            observer.observe( document.body, {                attributes: true,                childList: false,                subtree: true,                attributeFilter: [ 'style', 'class' ],            });        } else {            triggerPostRender();        }    } );} );\n<\/script>\n<\/div><\/div><\/div><\/div>","protected":false},"excerpt":{"rendered":"Bitte f\u00fcllen Sie das untenstehende Formular aus UnternehmenDieses Feld dient zur Validierung und sollte nicht ver\u00e4ndert werden.F\u00fcr welche(s) Thema(e) m\u00f6chten Sie ein Angebot anfordern?* Transport Maschinentransport Betriebsverlagerung Industrie(de)montage Verpackung &amp; Export Lagerung \/ Umschlag LKW-Kr\u00e4ne Hebeb\u00fchnen Container Pr\u00fcfgewichte Gabelstapler Minikr\u00e4ne Modulare Einheiten...","protected":false},"author":1,"featured_media":0,"parent":0,"menu_order":0,"comment_status":"closed","ping_status":"closed","template":"","meta":{"inline_featured_image":false,"footnotes":""},"class_list":["post-1886","page","type-page","status-publish","hentry","entry","no-media"],"yoast_head":"<!-- This site is optimized with the Yoast SEO plugin v26.4 - https:\/\/yoast.com\/wordpress\/plugins\/seo\/ -->\n<title>Offerte aanvragen - Gebr. Vermeer<\/title>\n<meta name=\"robots\" content=\"index, follow, max-snippet:-1, max-image-preview:large, max-video-preview:-1\" \/>\n<link rel=\"canonical\" href=\"https:\/\/www.gebrvermeertransport.nl\/de\/ein-angebot-anfordern\/\" \/>\n<meta property=\"og:locale\" content=\"de_DE\" \/>\n<meta property=\"og:type\" content=\"article\" \/>\n<meta property=\"og:title\" content=\"Offerte aanvragen - Gebr. Vermeer\" \/>\n<meta property=\"og:url\" content=\"https:\/\/www.gebrvermeertransport.nl\/de\/ein-angebot-anfordern\/\" \/>\n<meta property=\"og:site_name\" content=\"Gebr. Vermeer\" \/>\n<meta property=\"article:modified_time\" content=\"2022-04-11T12:44:54+00:00\" \/>\n<meta name=\"twitter:card\" content=\"summary_large_image\" \/>\n<meta name=\"twitter:label1\" content=\"Gesch\u00e4tzte Lesezeit\" \/>\n\t<meta name=\"twitter:data1\" content=\"1\u00a0Minute\" \/>\n<script type=\"application\/ld+json\" class=\"yoast-schema-graph\">{\"@context\":\"https:\/\/schema.org\",\"@graph\":[{\"@type\":\"WebPage\",\"@id\":\"https:\/\/www.gebrvermeertransport.nl\/offerte-aanvragen\/\",\"url\":\"https:\/\/www.gebrvermeertransport.nl\/offerte-aanvragen\/\",\"name\":\"Offerte aanvragen - Gebr. Vermeer\",\"isPartOf\":{\"@id\":\"https:\/\/www.gebrvermeertransport.nl\/#website\"},\"datePublished\":\"2021-01-21T14:10:59+00:00\",\"dateModified\":\"2022-04-11T12:44:54+00:00\",\"breadcrumb\":{\"@id\":\"https:\/\/www.gebrvermeertransport.nl\/offerte-aanvragen\/#breadcrumb\"},\"inLanguage\":\"de\",\"potentialAction\":[{\"@type\":\"ReadAction\",\"target\":[\"https:\/\/www.gebrvermeertransport.nl\/offerte-aanvragen\/\"]}]},{\"@type\":\"BreadcrumbList\",\"@id\":\"https:\/\/www.gebrvermeertransport.nl\/offerte-aanvragen\/#breadcrumb\",\"itemListElement\":[{\"@type\":\"ListItem\",\"position\":1,\"name\":\"Home\",\"item\":\"https:\/\/www.gebrvermeertransport.nl\/\"},{\"@type\":\"ListItem\",\"position\":2,\"name\":\"Offerte aanvragen\"}]},{\"@type\":\"WebSite\",\"@id\":\"https:\/\/www.gebrvermeertransport.nl\/#website\",\"url\":\"https:\/\/www.gebrvermeertransport.nl\/\",\"name\":\"Gebr. Vermeer\",\"description\":\"\",\"publisher\":{\"@id\":\"https:\/\/www.gebrvermeertransport.nl\/#organization\"},\"potentialAction\":[{\"@type\":\"SearchAction\",\"target\":{\"@type\":\"EntryPoint\",\"urlTemplate\":\"https:\/\/www.gebrvermeertransport.nl\/?s={search_term_string}\"},\"query-input\":{\"@type\":\"PropertyValueSpecification\",\"valueRequired\":true,\"valueName\":\"search_term_string\"}}],\"inLanguage\":\"de\"},{\"@type\":\"Organization\",\"@id\":\"https:\/\/www.gebrvermeertransport.nl\/#organization\",\"name\":\"Gebr. Vermeer\",\"url\":\"https:\/\/www.gebrvermeertransport.nl\/\",\"logo\":{\"@type\":\"ImageObject\",\"inLanguage\":\"de\",\"@id\":\"https:\/\/www.gebrvermeertransport.nl\/#\/schema\/logo\/image\/\",\"url\":\"https:\/\/www.gebrvermeertransport.nl\/wp-content\/uploads\/2020\/12\/Logo-web-GV.svg\",\"contentUrl\":\"https:\/\/www.gebrvermeertransport.nl\/wp-content\/uploads\/2020\/12\/Logo-web-GV.svg\",\"caption\":\"Gebr. Vermeer\"},\"image\":{\"@id\":\"https:\/\/www.gebrvermeertransport.nl\/#\/schema\/logo\/image\/\"}}]}<\/script>\n<!-- \/ Yoast SEO plugin. -->","yoast_head_json":{"title":"Ein Angebot anfordern - Gebr. Vermeer","robots":{"index":"index","follow":"follow","max-snippet":"max-snippet:-1","max-image-preview":"max-image-preview:large","max-video-preview":"max-video-preview:-1"},"canonical":"https:\/\/www.gebrvermeertransport.nl\/de\/ein-angebot-anfordern\/","og_locale":"de_DE","og_type":"article","og_title":"Offerte aanvragen - Gebr. Vermeer","og_url":"https:\/\/www.gebrvermeertransport.nl\/de\/ein-angebot-anfordern\/","og_site_name":"Gebr. Vermeer","article_modified_time":"2022-04-11T12:44:54+00:00","twitter_card":"summary_large_image","twitter_misc":{"Gesch\u00e4tzte Lesezeit":"1\u00a0Minute"},"schema":{"@context":"https:\/\/schema.org","@graph":[{"@type":"WebPage","@id":"https:\/\/www.gebrvermeertransport.nl\/offerte-aanvragen\/","url":"https:\/\/www.gebrvermeertransport.nl\/offerte-aanvragen\/","name":"Ein Angebot anfordern - Gebr. Vermeer","isPartOf":{"@id":"https:\/\/www.gebrvermeertransport.nl\/#website"},"datePublished":"2021-01-21T14:10:59+00:00","dateModified":"2022-04-11T12:44:54+00:00","breadcrumb":{"@id":"https:\/\/www.gebrvermeertransport.nl\/offerte-aanvragen\/#breadcrumb"},"inLanguage":"de","potentialAction":[{"@type":"ReadAction","target":["https:\/\/www.gebrvermeertransport.nl\/offerte-aanvragen\/"]}]},{"@type":"BreadcrumbList","@id":"https:\/\/www.gebrvermeertransport.nl\/offerte-aanvragen\/#breadcrumb","itemListElement":[{"@type":"ListItem","position":1,"name":"Home","item":"https:\/\/www.gebrvermeertransport.nl\/"},{"@type":"ListItem","position":2,"name":"Offerte aanvragen"}]},{"@type":"WebSite","@id":"https:\/\/www.gebrvermeertransport.nl\/#website","url":"https:\/\/www.gebrvermeertransport.nl\/","name":"Gebr. Vermeer","description":"","publisher":{"@id":"https:\/\/www.gebrvermeertransport.nl\/#organization"},"potentialAction":[{"@type":"SearchAction","target":{"@type":"EntryPoint","urlTemplate":"https:\/\/www.gebrvermeertransport.nl\/?s={search_term_string}"},"query-input":{"@type":"PropertyValueSpecification","valueRequired":true,"valueName":"search_term_string"}}],"inLanguage":"de"},{"@type":"Organization","@id":"https:\/\/www.gebrvermeertransport.nl\/#organization","name":"Gebr. Vermeer","url":"https:\/\/www.gebrvermeertransport.nl\/","logo":{"@type":"ImageObject","inLanguage":"de","@id":"https:\/\/www.gebrvermeertransport.nl\/#\/schema\/logo\/image\/","url":"https:\/\/www.gebrvermeertransport.nl\/wp-content\/uploads\/2020\/12\/Logo-web-GV.svg","contentUrl":"https:\/\/www.gebrvermeertransport.nl\/wp-content\/uploads\/2020\/12\/Logo-web-GV.svg","caption":"Gebr. Vermeer"},"image":{"@id":"https:\/\/www.gebrvermeertransport.nl\/#\/schema\/logo\/image\/"}}]}},"_links":{"self":[{"href":"https:\/\/www.gebrvermeertransport.nl\/de\/wp-json\/wp\/v2\/pages\/1886","targetHints":{"allow":["GET"]}}],"collection":[{"href":"https:\/\/www.gebrvermeertransport.nl\/de\/wp-json\/wp\/v2\/pages"}],"about":[{"href":"https:\/\/www.gebrvermeertransport.nl\/de\/wp-json\/wp\/v2\/types\/page"}],"author":[{"embeddable":true,"href":"https:\/\/www.gebrvermeertransport.nl\/de\/wp-json\/wp\/v2\/users\/1"}],"replies":[{"embeddable":true,"href":"https:\/\/www.gebrvermeertransport.nl\/de\/wp-json\/wp\/v2\/comments?post=1886"}],"version-history":[{"count":4,"href":"https:\/\/www.gebrvermeertransport.nl\/de\/wp-json\/wp\/v2\/pages\/1886\/revisions"}],"predecessor-version":[{"id":3193,"href":"https:\/\/www.gebrvermeertransport.nl\/de\/wp-json\/wp\/v2\/pages\/1886\/revisions\/3193"}],"wp:attachment":[{"href":"https:\/\/www.gebrvermeertransport.nl\/de\/wp-json\/wp\/v2\/media?parent=1886"}],"curies":[{"name":"wp","href":"https:\/\/api.w.org\/{rel}","templated":true}]}}