{"id":188,"date":"2020-12-15T07:42:00","date_gmt":"2020-12-15T07:42:00","guid":{"rendered":"https:\/\/www.gebrvermeertransport.nl\/?page_id=188"},"modified":"2022-04-11T10:32:20","modified_gmt":"2022-04-11T10:32:20","slug":"ausziehbare-und-flache-anhanger","status":"publish","type":"page","link":"https:\/\/www.gebrvermeertransport.nl\/de\/ausziehbare-und-flache-anhanger\/","title":{"rendered":"Ausziehbare und flache Anh\u00e4nger"},"content":{"rendered":"<div data-vc-full-width=\"true\" data-vc-full-width-init=\"false\" class=\"vc_row wpb_row vc_row-fluid sub-cat-intro-row wpex-vc-row-stretched\"><div class=\"wpb_column vc_column_container vc_col-sm-6\"><div class=\"vc_column-inner\"><div class=\"wpb_wrapper\">\n\t<div class=\"wpb_text_column wpb_content_element  intro-blok diapositief\" >\n\t\t<div class=\"wpb_wrapper\">\n\t\t\t<h1>Ausziehbare und flache Anh\u00e4nger<\/h1>\n<p>Gebr. Vermeer Industrial Movements verf\u00fcgt \u00fcber verschiedene Anh\u00e4nger, die sich f\u00fcr den Transport einer Vielzahl von Lasten eignen. Fast alle Anh\u00e4nger sind lenkbar und k\u00f6nnen ausgezogen werden (einfach oder doppelt). In Kombination mit LKWs mit Ladekran k\u00f6nnen wir selbsttragend be- und entladen. Es ist auch m\u00f6glich, einen <a href=\"https:\/\/www.gebrvermeertransport.nl\/de\/schrag\/\">hydraulischer Rampenabgleich<\/a>.<\/p>\n\n\t\t<\/div>\n\t<\/div>\n<\/div><\/div><\/div><div class=\"wpb_column vc_column_container vc_col-sm-6\"><div class=\"vc_column-inner\"><div class=\"wpb_wrapper\">\n\t<div  class=\"wpb_single_image wpb_content_element vc_align_   sub-cat-header-afb\">\n\t\t\n\t\t<figure class=\"wpb_wrapper vc_figure\">\n\t\t\t<div class=\"vc_single_image-wrapper   vc_box_border_grey\"><img loading=\"lazy\" decoding=\"async\" width=\"800\" height=\"515\" src=\"https:\/\/www.gebrvermeertransport.nl\/wp-content\/uploads\/2022\/03\/Uitschuifbare-oplegger-uitgelicht.jpg\" class=\"vc_single_image-img attachment-full\" alt=\"\" srcset=\"https:\/\/www.gebrvermeertransport.nl\/wp-content\/uploads\/2022\/03\/Uitschuifbare-oplegger-uitgelicht.jpg 800w, https:\/\/www.gebrvermeertransport.nl\/wp-content\/uploads\/2022\/03\/Uitschuifbare-oplegger-uitgelicht-300x193.jpg 300w, https:\/\/www.gebrvermeertransport.nl\/wp-content\/uploads\/2022\/03\/Uitschuifbare-oplegger-uitgelicht-768x494.jpg 768w\" sizes=\"auto, (max-width: 800px) 100vw, 800px\" \/><\/div>\n\t\t<\/figure>\n\t<\/div>\n<\/div><\/div><\/div><\/div><div class=\"vc_row-full-width vc_clearfix\"><\/div><div class=\"vc_row wpb_row vc_row-fluid content-sidebar-row wpex-vc-has-custom-column-spacing wpex-vc-column-spacing-40 tablet-fullwidth-columns\"><div class=\"wpb_column tekst-kolom vc_column_container vc_col-sm-8\"><div class=\"vc_column-inner\"><div class=\"wpb_wrapper\">\n\t<div class=\"wpb_text_column wpb_content_element  first\" >\n\t\t<div class=\"wpb_wrapper\">\n\t\t\t<h2>Sattelanh\u00e4nger eignen sich u. a. f\u00fcr den Transport mit Hilfe von:<\/h2>\n<ul>\n<li>Nur ausziehbare Anh\u00e4nger.<\/li>\n<li>Doppelt ausziehbare Anh\u00e4nger.<\/li>\n<li>Sattelauflieger mit Schiebeplanen, Schiebedach und verbreiterbaren Heckportalen f\u00fcr optimalen Schutz von Au\u00dfenprofilen unter der Plane.<\/li>\n<li>Gesteuerte offene Anh\u00e4nger, die mit hochbelastbaren Seitenrungen und Twistlocks ausgestattet sind.<\/li>\n<li>Container-Anh\u00e4nger geeignet f\u00fcr 8', 10', 20', 30', 40' und 45' Container.<\/li>\n<li>Aufbau einer hydraulischen Scherenanordnung.<\/li>\n<\/ul>\n\n\t\t<\/div>\n\t<\/div>\n<div class=\"wpex-slider-preloaderimg\"><img loading=\"lazy\" decoding=\"async\" data-no-lazy=\"1\" class=\"skip-lazy\" src=\"https:\/\/www.gebrvermeertransport.nl\/wp-content\/uploads\/2022\/03\/Lange-lading-2.jpg\" alt=\"\" width=\"1328\" height=\"747\" \/><\/div><div class=\"vcex-module wpex-slider slider-pro vcex-image-slider wpex-clr\" data-auto-play=\"false\" data-auto-play-delay=\"5000\" data-buttons=\"false\" data-fade-arrows=\"false\" data-animation-speed=\"600\" data-height-animation-duration=\"500\" data-thumbnail-height=\"70\" data-thumbnail-width=\"70\"><div class=\"wpex-slider-slides sp-slides\"><div class=\"wpex-slider-slide sp-slide\"><div class=\"wpex-slider-media\"><img loading=\"lazy\" decoding=\"async\" data-no-lazy=\"1\" class=\"skip-lazy\" src=\"https:\/\/www.gebrvermeertransport.nl\/wp-content\/uploads\/2022\/03\/Lange-lading-2.jpg\" alt=\"\" width=\"1328\" height=\"747\" \/><\/div><\/div><\/div><\/div><\/div><\/div><\/div><div class=\"wpb_column sidebar-kolom vc_column_container vc_col-sm-4\"><div class=\"vc_column-inner\"><div class=\"wpb_wrapper\"><div class=\"templatera_shortcode\"><div class=\"vc_row wpb_row vc_row-fluid\"><div class=\"wpb_column vc_column_container vc_col-sm-12\"><div class=\"vc_column-inner vc_custom_1608038486316\"><div class=\"wpb_wrapper\">\n\t<div class=\"wpb_text_column wpb_content_element  sidebar-blok-grijs diapositief\" >\n\t\t<div class=\"wpb_wrapper\">\n\t\t\t<h3>Kontakt aufnehmen<\/h3>\n<p>Haben Sie eine Frage? Dann z\u00f6gern Sie nicht, uns zu kontaktieren. Sie k\u00f6nnen unser Online-Kontaktformular ausf\u00fcllen oder uns direkt anrufen unter: 013 - 4670272. Gebr. Vermeer wird Ihnen helfen!<\/p>\n<p><a class=\"button wit\" href=\"\/de\/kontakt\/\">Kontakt aufnehmen<\/a><\/p>\n\n\t\t<\/div>\n\t<\/div>\n<\/div><\/div><\/div><\/div><\/div><div class=\"templatera_shortcode\"><div class=\"vc_row wpb_row vc_row-fluid\"><div class=\"wpb_column vc_column_container vc_col-sm-12\"><div class=\"vc_column-inner vc_custom_1608038486316\"><div class=\"wpb_wrapper\">\n\t<div class=\"wpb_text_column wpb_content_element  sidebar-blok-offerte diapositief\" >\n\t\t<div class=\"wpb_wrapper\">\n\t\t\t<h3>Angebot anfordern<\/h3>\n<p>M\u00f6chten Sie ein Angebot erhalten? Dann k\u00f6nnen Sie einfach und schnell direkt online ein Formular zur Angebotsanfrage ausf\u00fcllen. Wir werden uns dann mit Ihnen in Verbindung setzen. Gebr. Vermeer Spezialtransporte wird Ihnen helfen!<\/p>\n<p><a class=\"button wit\" href=\"\/de\/ein-angebot-anfordern\/\">Angebot anfordern<\/a><\/p>\n\n\t\t<\/div>\n\t<\/div>\n<\/div><\/div><\/div><\/div><\/div><\/div><\/div><\/div><\/div><div data-vc-full-width=\"true\" data-vc-full-width-init=\"false\" class=\"vc_row wpb_row vc_row-fluid skewed-bg-row sub-cat wpex-vc-row-stretched\"><div class=\"wpb_column vc_column_container vc_col-sm-12\"><div class=\"vc_column-inner\"><div class=\"wpb_wrapper\"><div class=\"vc_row wpb_row vc_inner vc_row-fluid sub-cat-projecten-row\"><div class=\"wpb_column vc_column_container vc_col-sm-12\"><div class=\"vc_column-inner\"><div class=\"wpb_wrapper\">\n\t<div class=\"wpb_text_column wpb_content_element\" >\n\t\t<div class=\"wpb_wrapper\">\n\t\t\t<h3>Projekte<\/h3>\n<p><span class=\"grijs ondertitel\">Ausziehbare und flache Anh\u00e4nger<\/span><\/p>\n\n\t\t<\/div>\n\t<\/div>\n<div class=\"vcex-module vcex-portfolio-grid-wrap wpex-clr\"><div class=\"wpex-row vcex-portfolio-grid wpex-clr entries gap-40\" data-show_title=\"false\"><div class=\"portfolio-entry vcex-grid-item span_1_of_3 col col-1 post-2887 entry type-portfolio has-media cat-33\"><div class=\"portfolio-entry-inner entry-inner wpex-first-mt-0 wpex-last-mb-0 wpex-clr\"><div class=\"portfolio-entry-media entry-media overlay-parent overlay-parent-title-center wpex-overflow-hidden\"><a href=\"https:\/\/www.gebrvermeertransport.nl\/wp-content\/uploads\/2022\/04\/transport-van-een-silo.jpg\" title=\"Transport eines Silos\" class=\"portfolio-entry-media-link wpex-lightbox-gallery\" data-gallery=\"[{&quot;src&quot;:&quot;https:\\\/\\\/www.gebrvermeertransport.nl\\\/wp-content\\\/uploads\\\/2022\\\/04\\\/transport-van-een-silo.jpg&quot;},{&quot;src&quot;:&quot;https:\\\/\\\/www.gebrvermeertransport.nl\\\/wp-content\\\/uploads\\\/2022\\\/04\\\/transport-van-een-silo-2.jpg&quot;},{&quot;src&quot;:&quot;https:\\\/\\\/www.gebrvermeertransport.nl\\\/wp-content\\\/uploads\\\/2022\\\/04\\\/transport-van-een-silo-3.jpg&quot;},{&quot;src&quot;:&quot;https:\\\/\\\/www.gebrvermeertransport.nl\\\/wp-content\\\/uploads\\\/2022\\\/04\\\/transport-van-een-silo-4.jpg&quot;}]\"><img decoding=\"async\" loading=\"lazy\" class=\"portfolio-entry-img wpex-align-middle\" src=\"https:\/\/www.gebrvermeertransport.nl\/wp-content\/uploads\/2022\/04\/transport-van-een-silo.jpg\" alt=\"\" width=\"1200\" height=\"800\" \/>\n<div class=\"overlay-title-center theme-overlay wpex-absolute wpex-inset-0 wpex-transition-all wpex-duration-300 wpex-flex wpex-justify-center wpex-items-center wpex-text-center\">\n\t<span class=\"overlay-bg wpex-bg-black wpex-block wpex-absolute wpex-inset-0 wpex-opacity-50\"><\/span>\n\t<div class=\"overlay-content wpex-relative wpex-text-white wpex-uppercase wpex-font-semibold wpex-p-15 wpex-tracking-widest\">\n\t\t<span class=\"title\">Transport eines Silos<\/span>\t<\/div>\n<\/div><\/a><\/div><\/div><\/div><\/div><\/div><\/div><\/div><\/div><\/div><\/div><\/div><\/div><\/div><div class=\"vc_row-full-width vc_clearfix\"><\/div>","protected":false},"excerpt":{"rendered":"","protected":false},"author":1,"featured_media":2748,"parent":0,"menu_order":0,"comment_status":"closed","ping_status":"closed","template":"","meta":{"inline_featured_image":false,"footnotes":""},"class_list":["post-188","page","type-page","status-publish","has-post-thumbnail","hentry","entry","has-media"],"yoast_head":"<!-- This site is optimized with the Yoast SEO plugin v26.4 - https:\/\/yoast.com\/wordpress\/plugins\/seo\/ -->\n<title>Uitschuifbare en vlakke opleggers - Gebr. Vermeer<\/title>\n<meta name=\"description\" content=\"Gebr. Vermeer Industrial Movements heeft diverse opleggers die geschikt zijn om de meest uiteenlopende ladingen te transporteren.\" \/>\n<meta name=\"robots\" content=\"index, follow, max-snippet:-1, max-image-preview:large, max-video-preview:-1\" \/>\n<link rel=\"canonical\" href=\"https:\/\/www.gebrvermeertransport.nl\/de\/ausziehbare-und-flache-anhanger\/\" \/>\n<meta property=\"og:locale\" content=\"de_DE\" \/>\n<meta property=\"og:type\" content=\"article\" \/>\n<meta property=\"og:title\" content=\"Uitschuifbare en vlakke opleggers - Gebr. Vermeer\" \/>\n<meta property=\"og:description\" content=\"Gebr. Vermeer Industrial Movements heeft diverse opleggers die geschikt zijn om de meest uiteenlopende ladingen te transporteren.\" \/>\n<meta property=\"og:url\" content=\"https:\/\/www.gebrvermeertransport.nl\/de\/ausziehbare-und-flache-anhanger\/\" \/>\n<meta property=\"og:site_name\" content=\"Gebr. Vermeer\" \/>\n<meta property=\"article:modified_time\" content=\"2022-04-11T10:32:20+00:00\" \/>\n<meta property=\"og:image\" content=\"https:\/\/www.gebrvermeertransport.nl\/wp-content\/uploads\/2022\/03\/Uitschuifbare-oplegger-uitgelicht.jpg\" \/>\n\t<meta property=\"og:image:width\" content=\"800\" \/>\n\t<meta property=\"og:image:height\" content=\"515\" \/>\n\t<meta property=\"og:image:type\" content=\"image\/jpeg\" \/>\n<meta name=\"twitter:card\" content=\"summary_large_image\" \/>\n<meta name=\"twitter:label1\" content=\"Gesch\u00e4tzte Lesezeit\" \/>\n\t<meta name=\"twitter:data1\" content=\"1\u00a0Minute\" \/>\n<script type=\"application\/ld+json\" class=\"yoast-schema-graph\">{\"@context\":\"https:\/\/schema.org\",\"@graph\":[{\"@type\":\"WebPage\",\"@id\":\"https:\/\/www.gebrvermeertransport.nl\/uitschuifbare-en-vlakke-opleggers\/\",\"url\":\"https:\/\/www.gebrvermeertransport.nl\/uitschuifbare-en-vlakke-opleggers\/\",\"name\":\"Uitschuifbare en vlakke opleggers - Gebr. Vermeer\",\"isPartOf\":{\"@id\":\"https:\/\/www.gebrvermeertransport.nl\/#website\"},\"primaryImageOfPage\":{\"@id\":\"https:\/\/www.gebrvermeertransport.nl\/uitschuifbare-en-vlakke-opleggers\/#primaryimage\"},\"image\":{\"@id\":\"https:\/\/www.gebrvermeertransport.nl\/uitschuifbare-en-vlakke-opleggers\/#primaryimage\"},\"thumbnailUrl\":\"https:\/\/www.gebrvermeertransport.nl\/wp-content\/uploads\/2022\/03\/Uitschuifbare-oplegger-uitgelicht.jpg\",\"datePublished\":\"2020-12-15T07:42:00+00:00\",\"dateModified\":\"2022-04-11T10:32:20+00:00\",\"description\":\"Gebr. Vermeer Industrial Movements heeft diverse opleggers die geschikt zijn om de meest uiteenlopende ladingen te transporteren.\",\"breadcrumb\":{\"@id\":\"https:\/\/www.gebrvermeertransport.nl\/uitschuifbare-en-vlakke-opleggers\/#breadcrumb\"},\"inLanguage\":\"de\",\"potentialAction\":[{\"@type\":\"ReadAction\",\"target\":[\"https:\/\/www.gebrvermeertransport.nl\/uitschuifbare-en-vlakke-opleggers\/\"]}]},{\"@type\":\"ImageObject\",\"inLanguage\":\"de\",\"@id\":\"https:\/\/www.gebrvermeertransport.nl\/uitschuifbare-en-vlakke-opleggers\/#primaryimage\",\"url\":\"https:\/\/www.gebrvermeertransport.nl\/wp-content\/uploads\/2022\/03\/Uitschuifbare-oplegger-uitgelicht.jpg\",\"contentUrl\":\"https:\/\/www.gebrvermeertransport.nl\/wp-content\/uploads\/2022\/03\/Uitschuifbare-oplegger-uitgelicht.jpg\",\"width\":800,\"height\":515},{\"@type\":\"BreadcrumbList\",\"@id\":\"https:\/\/www.gebrvermeertransport.nl\/uitschuifbare-en-vlakke-opleggers\/#breadcrumb\",\"itemListElement\":[{\"@type\":\"ListItem\",\"position\":1,\"name\":\"Home\",\"item\":\"https:\/\/www.gebrvermeertransport.nl\/\"},{\"@type\":\"ListItem\",\"position\":2,\"name\":\"Uitschuifbare en vlakke opleggers\"}]},{\"@type\":\"WebSite\",\"@id\":\"https:\/\/www.gebrvermeertransport.nl\/#website\",\"url\":\"https:\/\/www.gebrvermeertransport.nl\/\",\"name\":\"Gebr. Vermeer\",\"description\":\"\",\"publisher\":{\"@id\":\"https:\/\/www.gebrvermeertransport.nl\/#organization\"},\"potentialAction\":[{\"@type\":\"SearchAction\",\"target\":{\"@type\":\"EntryPoint\",\"urlTemplate\":\"https:\/\/www.gebrvermeertransport.nl\/?s={search_term_string}\"},\"query-input\":{\"@type\":\"PropertyValueSpecification\",\"valueRequired\":true,\"valueName\":\"search_term_string\"}}],\"inLanguage\":\"de\"},{\"@type\":\"Organization\",\"@id\":\"https:\/\/www.gebrvermeertransport.nl\/#organization\",\"name\":\"Gebr. Vermeer\",\"url\":\"https:\/\/www.gebrvermeertransport.nl\/\",\"logo\":{\"@type\":\"ImageObject\",\"inLanguage\":\"de\",\"@id\":\"https:\/\/www.gebrvermeertransport.nl\/#\/schema\/logo\/image\/\",\"url\":\"https:\/\/www.gebrvermeertransport.nl\/wp-content\/uploads\/2020\/12\/Logo-web-GV.svg\",\"contentUrl\":\"https:\/\/www.gebrvermeertransport.nl\/wp-content\/uploads\/2020\/12\/Logo-web-GV.svg\",\"caption\":\"Gebr. Vermeer\"},\"image\":{\"@id\":\"https:\/\/www.gebrvermeertransport.nl\/#\/schema\/logo\/image\/\"}}]}<\/script>\n<!-- \/ Yoast SEO plugin. -->","yoast_head_json":{"title":"Ausziehbare und flache Anh\u00e4nger - Gebr. Vermeer","description":"Gebr. Vermeer Industrial Movements verf\u00fcgt \u00fcber verschiedene Anh\u00e4nger, die f\u00fcr den Transport einer Vielzahl von Lasten geeignet sind.","robots":{"index":"index","follow":"follow","max-snippet":"max-snippet:-1","max-image-preview":"max-image-preview:large","max-video-preview":"max-video-preview:-1"},"canonical":"https:\/\/www.gebrvermeertransport.nl\/de\/ausziehbare-und-flache-anhanger\/","og_locale":"de_DE","og_type":"article","og_title":"Uitschuifbare en vlakke opleggers - Gebr. Vermeer","og_description":"Gebr. Vermeer Industrial Movements heeft diverse opleggers die geschikt zijn om de meest uiteenlopende ladingen te transporteren.","og_url":"https:\/\/www.gebrvermeertransport.nl\/de\/ausziehbare-und-flache-anhanger\/","og_site_name":"Gebr. Vermeer","article_modified_time":"2022-04-11T10:32:20+00:00","og_image":[{"width":800,"height":515,"url":"https:\/\/www.gebrvermeertransport.nl\/wp-content\/uploads\/2022\/03\/Uitschuifbare-oplegger-uitgelicht.jpg","type":"image\/jpeg"}],"twitter_card":"summary_large_image","twitter_misc":{"Gesch\u00e4tzte Lesezeit":"1\u00a0Minute"},"schema":{"@context":"https:\/\/schema.org","@graph":[{"@type":"WebPage","@id":"https:\/\/www.gebrvermeertransport.nl\/uitschuifbare-en-vlakke-opleggers\/","url":"https:\/\/www.gebrvermeertransport.nl\/uitschuifbare-en-vlakke-opleggers\/","name":"Ausziehbare und flache Anh\u00e4nger - Gebr. Vermeer","isPartOf":{"@id":"https:\/\/www.gebrvermeertransport.nl\/#website"},"primaryImageOfPage":{"@id":"https:\/\/www.gebrvermeertransport.nl\/uitschuifbare-en-vlakke-opleggers\/#primaryimage"},"image":{"@id":"https:\/\/www.gebrvermeertransport.nl\/uitschuifbare-en-vlakke-opleggers\/#primaryimage"},"thumbnailUrl":"https:\/\/www.gebrvermeertransport.nl\/wp-content\/uploads\/2022\/03\/Uitschuifbare-oplegger-uitgelicht.jpg","datePublished":"2020-12-15T07:42:00+00:00","dateModified":"2022-04-11T10:32:20+00:00","description":"Gebr. Vermeer Industrial Movements verf\u00fcgt \u00fcber verschiedene Anh\u00e4nger, die f\u00fcr den Transport einer Vielzahl von Lasten geeignet sind.","breadcrumb":{"@id":"https:\/\/www.gebrvermeertransport.nl\/uitschuifbare-en-vlakke-opleggers\/#breadcrumb"},"inLanguage":"de","potentialAction":[{"@type":"ReadAction","target":["https:\/\/www.gebrvermeertransport.nl\/uitschuifbare-en-vlakke-opleggers\/"]}]},{"@type":"ImageObject","inLanguage":"de","@id":"https:\/\/www.gebrvermeertransport.nl\/uitschuifbare-en-vlakke-opleggers\/#primaryimage","url":"https:\/\/www.gebrvermeertransport.nl\/wp-content\/uploads\/2022\/03\/Uitschuifbare-oplegger-uitgelicht.jpg","contentUrl":"https:\/\/www.gebrvermeertransport.nl\/wp-content\/uploads\/2022\/03\/Uitschuifbare-oplegger-uitgelicht.jpg","width":800,"height":515},{"@type":"BreadcrumbList","@id":"https:\/\/www.gebrvermeertransport.nl\/uitschuifbare-en-vlakke-opleggers\/#breadcrumb","itemListElement":[{"@type":"ListItem","position":1,"name":"Home","item":"https:\/\/www.gebrvermeertransport.nl\/"},{"@type":"ListItem","position":2,"name":"Uitschuifbare en vlakke opleggers"}]},{"@type":"WebSite","@id":"https:\/\/www.gebrvermeertransport.nl\/#website","url":"https:\/\/www.gebrvermeertransport.nl\/","name":"Gebr. Vermeer","description":"","publisher":{"@id":"https:\/\/www.gebrvermeertransport.nl\/#organization"},"potentialAction":[{"@type":"SearchAction","target":{"@type":"EntryPoint","urlTemplate":"https:\/\/www.gebrvermeertransport.nl\/?s={search_term_string}"},"query-input":{"@type":"PropertyValueSpecification","valueRequired":true,"valueName":"search_term_string"}}],"inLanguage":"de"},{"@type":"Organization","@id":"https:\/\/www.gebrvermeertransport.nl\/#organization","name":"Gebr. Vermeer","url":"https:\/\/www.gebrvermeertransport.nl\/","logo":{"@type":"ImageObject","inLanguage":"de","@id":"https:\/\/www.gebrvermeertransport.nl\/#\/schema\/logo\/image\/","url":"https:\/\/www.gebrvermeertransport.nl\/wp-content\/uploads\/2020\/12\/Logo-web-GV.svg","contentUrl":"https:\/\/www.gebrvermeertransport.nl\/wp-content\/uploads\/2020\/12\/Logo-web-GV.svg","caption":"Gebr. Vermeer"},"image":{"@id":"https:\/\/www.gebrvermeertransport.nl\/#\/schema\/logo\/image\/"}}]}},"_links":{"self":[{"href":"https:\/\/www.gebrvermeertransport.nl\/de\/wp-json\/wp\/v2\/pages\/188","targetHints":{"allow":["GET"]}}],"collection":[{"href":"https:\/\/www.gebrvermeertransport.nl\/de\/wp-json\/wp\/v2\/pages"}],"about":[{"href":"https:\/\/www.gebrvermeertransport.nl\/de\/wp-json\/wp\/v2\/types\/page"}],"author":[{"embeddable":true,"href":"https:\/\/www.gebrvermeertransport.nl\/de\/wp-json\/wp\/v2\/users\/1"}],"replies":[{"embeddable":true,"href":"https:\/\/www.gebrvermeertransport.nl\/de\/wp-json\/wp\/v2\/comments?post=188"}],"version-history":[{"count":13,"href":"https:\/\/www.gebrvermeertransport.nl\/de\/wp-json\/wp\/v2\/pages\/188\/revisions"}],"predecessor-version":[{"id":1911,"href":"https:\/\/www.gebrvermeertransport.nl\/de\/wp-json\/wp\/v2\/pages\/188\/revisions\/1911"}],"wp:featuredmedia":[{"embeddable":true,"href":"https:\/\/www.gebrvermeertransport.nl\/de\/wp-json\/wp\/v2\/media\/2748"}],"wp:attachment":[{"href":"https:\/\/www.gebrvermeertransport.nl\/de\/wp-json\/wp\/v2\/media?parent=188"}],"curies":[{"name":"wp","href":"https:\/\/api.w.org\/{rel}","templated":true}]}}